{"id":6040,"date":"2026-03-08T08:38:41","date_gmt":"2026-03-08T00:38:41","guid":{"rendered":"https:\/\/dlcpo.com\/celda-de-bateria-prismatica-calb-314ah-lifepo4\/"},"modified":"2026-04-11T10:51:39","modified_gmt":"2026-04-11T02:51:39","slug":"celda-de-bateria-prismatica-calb-314ah-lifepo4","status":"publish","type":"product","link":"https:\/\/dlcpo.com\/es\/celda-de-bateria-prismatica-calb-314ah-lifepo4\/","title":{"rendered":"CALB 3,2 V 314 Ah LiFePO4 prism\u00e1tica bater\u00eda celda (alta energ\u00eda densidad 180 Wh\/kg)"},"content":{"rendered":"<div class=\"product-description-container\">\n<p>La <strong>c\u00e9lula de bater\u00eda prism\u00e1tica LiFePO4 CALB de 314 Ah<\/strong> representa el nuevo referente mundial en tecnolog\u00eda de almacenamiento de energ\u00eda de alta capacidad para 2026. Como modelo insignia de 314 Ah de CALB, la <strong>C\u00e9lula de bater\u00eda prism\u00e1tica LiFePO4 CALB 314Ah<\/strong> ofrece exactamente <strong>1004,8 Wh (aprox. 1 kWh) <\/strong> de energ\u00eda en un formato prism\u00e1tico est\u00e1ndar, alcanzando una densidad energ\u00e9tica revolucionaria de <strong>180 Wh\/kg<\/strong>. Es la opci\u00f3n definitiva para sistemas de almacenamiento de energ\u00eda (ESS) a escala industrial y veh\u00edculos el\u00e9ctricos (EV) profesionales que buscan la m\u00e1xima potencia en un espacio tradicional.  <\/p>\n<h3>Superioridad t\u00e9cnica: el hito de los 12 000 ciclos de energ\u00eda<\/h3>\n<ul class=\"product-features-list\" style=\"list-style: none; padding-left: 0;\">\n<li style=\"margin-bottom: 15px;\">\u23f3 <strong>Durabilidad de m\u00e1s de 12 000 ciclos de \u00faltima generaci\u00f3n:<\/strong> Dise\u00f1ada para una resistencia industrial extrema, la <strong>celda de bater\u00eda prism\u00e1tica CALB de 314 Ah LiFePO4<\/strong> ofrece una incre\u00edble vida \u00fatil de <strong>\u2265 12 000 ciclos<\/strong> (a 0,5 C\/0,5 C). Esta longevidad reduce significativamente el costo nivelado de la energ\u00eda (LCOE), lo que la convierte en el activo m\u00e1s rentable para proyectos de energ\u00eda a largo plazo. <\/li>\n<li style=\"margin-bottom: 15px;\">\ud83d\udd0b <strong>Referencia energ\u00e9tica de 1 kWh por celda:<\/strong> Dado que cada celda proporciona m\u00e1s de 1 unidad de electricidad (1004,8 Wh), los c\u00e1lculos del sistema y la integraci\u00f3n modular se simplifican considerablemente. Esta alta capacidad permite obtener una mayor energ\u00eda total del sistema dentro del mismo volumen f\u00edsico del gabinete en comparaci\u00f3n con los modelos anteriores de 280 Ah. <\/li>\n<li style=\"margin-bottom: 15px;\">\ud83d\udcd0 <strong>Precisi\u00f3n Est\u00e1ndar Tama\u00f1o compacto para actualizaciones sin interrupciones:<\/strong> A pesar de su mayor capacidad, la serie 314Ah mantiene las dimensiones (<strong>173,9 \u00d7 71,7 \u00d7 207,1 mm<\/strong>). Esto la convierte en una opci\u00f3n perfecta de actualizaci\u00f3n para las cajas de bater\u00eda de 280 Ah existentes, lo que permite a los integradores aumentar la capacidad en m\u00e1s de un 12 % sin redise\u00f1ar el chasis. <\/li>\n<li style=\"margin-bottom: 15px;\">\u2744\ufe0f <strong>Resistencia interna ultrabaja (0,17 m\u03a9):<\/strong> Con una resistencia interna inicial de tan solo <strong>\u2264 0,17 m\u03a9<\/strong>, esta c\u00e9lula minimiza la generaci\u00f3n de calor durante el funcionamiento a alta potencia. Esta eficiencia t\u00e9rmica garantiza una estabilidad y seguridad superiores del sistema, incluso en ciclos de descarga exigentes. <\/li>\n<li style=\"margin-bottom: 15px;\">\ud83c\udfc5 <strong>Calidad de grado A verificada y trazabilidad:<\/strong> Cada celda insignia de 314 Ah suministrada por <strong>DLCPO<\/strong> procede directamente de la l\u00ednea de producci\u00f3n y cuenta con <strong>c\u00f3digos QR de f\u00e1brica originales e intactos<\/strong>. Garantizamos una tensi\u00f3n y una resistencia perfectamente coincidentes, lo que proporciona la transparencia de datos necesaria para proyectos de almacenamiento de energ\u00eda de primer nivel. <\/li>\n<\/ul>\n<\/div>\n","protected":false},"excerpt":{"rendered":"<p>Compre la <b data-path-to-node=\"4,2,0\" data-index-in-node=\"41\">celda de bater\u00eda prism\u00e1tica CALB de 314 Ah LiFePO4<\/b> en DLCPO. Con m\u00e1s de 12 000 ciclos, una densidad energ\u00e9tica de 180 Wh\/kg y una capacidad energ\u00e9tica de 1 kWh. La mejor opci\u00f3n de actualizaci\u00f3n directa para sistemas ESS de 280 Ah.  <\/p>\n","protected":false},"featured_media":1971,"template":"","meta":{"_acf_changed":false,"_joinchat":[]},"product_brand":[],"product_cat":[1384],"product_tag":[1579,1778,1780,1399,1779],"class_list":{"0":"post-6040","1":"product","2":"type-product","3":"status-publish","4":"has-post-thumbnail","6":"product_cat-calb","7":"product_tag-12-000-ciclos","8":"product_tag-calb-314ah","9":"product_tag-celula-de-bateria-de-1-kwh","10":"product_tag-dlcpo","11":"product_tag-l173f314-buque-insignia","12":"pa_capacity-314ah","14":"first","15":"instock","16":"shipping-taxable","17":"product-type-simple"},"acf":[],"_links":{"self":[{"href":"https:\/\/dlcpo.com\/es\/wp-json\/wp\/v2\/product\/6040","targetHints":{"allow":["GET"]}}],"collection":[{"href":"https:\/\/dlcpo.com\/es\/wp-json\/wp\/v2\/product"}],"about":[{"href":"https:\/\/dlcpo.com\/es\/wp-json\/wp\/v2\/types\/product"}],"version-history":[{"count":1,"href":"https:\/\/dlcpo.com\/es\/wp-json\/wp\/v2\/product\/6040\/revisions"}],"predecessor-version":[{"id":7380,"href":"https:\/\/dlcpo.com\/es\/wp-json\/wp\/v2\/product\/6040\/revisions\/7380"}],"wp:featuredmedia":[{"embeddable":true,"href":"https:\/\/dlcpo.com\/es\/wp-json\/wp\/v2\/media\/1971"}],"wp:attachment":[{"href":"https:\/\/dlcpo.com\/es\/wp-json\/wp\/v2\/media?parent=6040"}],"wp:term":[{"taxonomy":"product_brand","embeddable":true,"href":"https:\/\/dlcpo.com\/es\/wp-json\/wp\/v2\/product_brand?post=6040"},{"taxonomy":"product_cat","embeddable":true,"href":"https:\/\/dlcpo.com\/es\/wp-json\/wp\/v2\/product_cat?post=6040"},{"taxonomy":"product_tag","embeddable":true,"href":"https:\/\/dlcpo.com\/es\/wp-json\/wp\/v2\/product_tag?post=6040"}],"curies":[{"name":"wp","href":"https:\/\/api.w.org\/{rel}","templated":true}]}}