{"id":6038,"date":"2026-03-08T09:02:08","date_gmt":"2026-03-08T01:02:08","guid":{"rendered":"https:\/\/dlcpo.com\/calb-l148n58a-58ah-nmc-bateria-de-litio-ternaria\/"},"modified":"2026-04-11T10:51:33","modified_gmt":"2026-04-11T02:51:33","slug":"calb-l148n58a-58ah-nmc-bateria-de-litio-ternaria","status":"publish","type":"product","link":"https:\/\/dlcpo.com\/es\/calb-l148n58a-58ah-nmc-bateria-de-litio-ternaria\/","title":{"rendered":"CALB L148N58A 3,7 V 58 Ah NMC Prism\u00e1tica Bater\u00eda C\u00e9lula"},"content":{"rendered":"<div class=\"product-description-container\">\n<p>La <strong>bater\u00eda de litio ternario NMC CALB L148N58A de 58 Ah<\/strong> es una soluci\u00f3n energ\u00e9tica de alto rendimiento dise\u00f1ada con precisi\u00f3n para el mercado profesional de 2026, donde una densidad energ\u00e9tica extrema y un tama\u00f1o compacto son requisitos imprescindibles. A diferencia de las configuraciones est\u00e1ndar de LiFePO4 de 3,2 V, la <strong>Bater\u00eda de litio ternario NMC CALB L148N58A de 58 Ah<\/strong> funciona en una <strong>plataforma de mayor voltaje (3,7 V)<\/strong>, lo que permite un mayor almacenamiento de energ\u00eda en un paquete m\u00e1s ligero y eficiente. <\/p>\n<h3>Superioridad t\u00e9cnica: el l\u00edder en energ\u00eda ligera<\/h3>\n<ul class=\"product-features-list\" style=\"list-style: none; padding-left: 0;\">\n<li style=\"margin-bottom: 15px;\">\u26a1 <strong>Plataforma de alto voltaje Superior de 3,7 V: <\/strong> La <strong>bater\u00eda de litio ternario NMC CALB L148N58A de 58 Ah<\/strong> ofrece un voltaje nominal de 3,7 V, lo que significa que un paquete est\u00e1ndar de 48 V requiere un n\u00famero significativamente menor de celdas (13S o 14S) en comparaci\u00f3n con el LiFePO4 (16S). Esto simplifica la configuraci\u00f3n del BMS y reduce dr\u00e1sticamente la complejidad total del sistema y el peso del cableado. <\/li>\n<li style=\"margin-bottom: 15px;\">\u2696\ufe0f <strong>Dise\u00f1o extremadamente ligero (0,89 kg):<\/strong> Con un peso asombroso de <strong>0,89 kg por c\u00e9lula<\/strong>, este modelo es una de las c\u00e9lulas prism\u00e1ticas de 58 Ah m\u00e1s ligeras disponibles en su categor\u00eda. Es la opci\u00f3n ideal para conversiones de veh\u00edculos el\u00e9ctricos en las que el peso es un factor clave, drones aeroespaciales y estaciones de energ\u00eda port\u00e1tiles de alto rendimiento. <\/li>\n<li style=\"margin-bottom: 15px;\">\u2744\ufe0f <strong>Rendimiento avanzado en climas fr\u00edos:<\/strong> La composici\u00f3n qu\u00edmica de litio ternario (NMC) de la L148N58A suele ofrecer un mejor rendimiento que la de LFP en entornos con bajas temperaturas. Mantiene un suministro de energ\u00eda estable y una mayor eficiencia de descarga durante inviernos rigurosos y en estaciones de energ\u00eda e\u00f3lica situadas a gran altitud. <\/li>\n<li style=\"margin-bottom: 15px;\">\ud83d\udcd0 <strong>Formato ultracompacto de 26,66 mm:<\/strong> Con un grosor preciso de tan solo <strong>26,66 mm<\/strong>, estas celdas permiten una integraci\u00f3n de alta densidad en espacios reducidos o compartimentos de bater\u00eda de perfil bajo donde las celdas est\u00e1ndar simplemente no caben.<\/li>\n<li style=\"margin-bottom: 15px;\">\ud83c\udfc5 <strong>Calidad verificada de grado A y trazabilidad:<\/strong> Suministradas directamente como stock de grado A reci\u00e9n salido de f\u00e1brica, todas las celdas NMC de 58 Ah proporcionadas por <strong>DLCPO<\/strong> incluyen c\u00f3digos QR originales de f\u00e1brica. Garantizamos una tensi\u00f3n y una resistencia interna perfectamente compenetradas, lo que asegura la fiabilidad y la seguridad necesarias para proyectos energ\u00e9ticos B2B de misi\u00f3n cr\u00edtica. <\/li>\n<\/ul>\n<\/div>\n","protected":false},"excerpt":{"rendered":"<p>Compra la <b data-path-to-node=\"4,2,0\" data-index-in-node=\"37\">bater\u00eda de litio ternario NMC CALB L148N58A de 58 Ah<\/b> en DLCPO. Cuenta con una plataforma de alto voltaje de 3,7 V, un dise\u00f1o extremadamente ligero de 0,89 kg y un rendimiento superior en climas fr\u00edos para veh\u00edculos el\u00e9ctricos. <\/p>\n","protected":false},"featured_media":1976,"template":"","meta":{"_acf_changed":false,"_joinchat":[]},"product_brand":[],"product_cat":[1384],"product_tag":[1776,1775,1774,1399,1777],"class_list":{"0":"post-6038","1":"product","2":"type-product","3":"status-publish","4":"has-post-thumbnail","6":"product_cat-calb","7":"product_tag-37-v-bateria-de-litio-bateria","8":"product_tag-58-ah-nmc-celula","9":"product_tag-calb-l148n58a","10":"product_tag-dlcpo","11":"product_tag-portatil-alta-potencia","12":"pa_capacity-58ah","14":"first","15":"instock","16":"shipping-taxable","17":"product-type-simple"},"acf":[],"_links":{"self":[{"href":"https:\/\/dlcpo.com\/es\/wp-json\/wp\/v2\/product\/6038","targetHints":{"allow":["GET"]}}],"collection":[{"href":"https:\/\/dlcpo.com\/es\/wp-json\/wp\/v2\/product"}],"about":[{"href":"https:\/\/dlcpo.com\/es\/wp-json\/wp\/v2\/types\/product"}],"version-history":[{"count":1,"href":"https:\/\/dlcpo.com\/es\/wp-json\/wp\/v2\/product\/6038\/revisions"}],"predecessor-version":[{"id":7369,"href":"https:\/\/dlcpo.com\/es\/wp-json\/wp\/v2\/product\/6038\/revisions\/7369"}],"wp:featuredmedia":[{"embeddable":true,"href":"https:\/\/dlcpo.com\/es\/wp-json\/wp\/v2\/media\/1976"}],"wp:attachment":[{"href":"https:\/\/dlcpo.com\/es\/wp-json\/wp\/v2\/media?parent=6038"}],"wp:term":[{"taxonomy":"product_brand","embeddable":true,"href":"https:\/\/dlcpo.com\/es\/wp-json\/wp\/v2\/product_brand?post=6038"},{"taxonomy":"product_cat","embeddable":true,"href":"https:\/\/dlcpo.com\/es\/wp-json\/wp\/v2\/product_cat?post=6038"},{"taxonomy":"product_tag","embeddable":true,"href":"https:\/\/dlcpo.com\/es\/wp-json\/wp\/v2\/product_tag?post=6038"}],"curies":[{"name":"wp","href":"https:\/\/api.w.org\/{rel}","templated":true}]}}