{"id":6023,"date":"2026-03-08T14:25:20","date_gmt":"2026-03-08T06:25:20","guid":{"rendered":"https:\/\/dlcpo.com\/calb-l135f72-72ah-lifepo4-bateria-de-alta-potencia\/"},"modified":"2026-04-11T10:51:34","modified_gmt":"2026-04-11T02:51:34","slug":"calb-l135f72-72ah-lifepo4-bateria-de-alta-potencia","status":"publish","type":"product","link":"https:\/\/dlcpo.com\/es\/calb-l135f72-72ah-lifepo4-bateria-de-alta-potencia\/","title":{"rendered":"C\u00e9lula de bater\u00eda prism\u00e1tica NMC CALB L173F72 de 3,7 V y 72 Ah, grado A: reci\u00e9n fabricada, perfil ultradelgado de 28,3 mm y soluciones DDP personalizadas"},"content":{"rendered":"<div class=\"product-description-container\">\n<p>La <strong>bater\u00eda de alta potencia CALB L135F72 de 72 Ah de LiFePO4<\/strong>, conocida popularmente como la \u00abSlim Beast\u00bb, ha sido dise\u00f1ada para el mercado profesional de 2026, que exige una potencia de picos extrema en un formato compacto. Mientras que las celdas de almacenamiento de energ\u00eda est\u00e1ndar priorizan la liberaci\u00f3n lenta, la <strong>Bater\u00eda de alta potencia CALB L135F72 de 72 Ah LiFePO4<\/strong> act\u00faa m\u00e1s como un supercondensador, proporcionando una corriente masiva para tareas de alta carga sin el volumen de las celdas m\u00e1s grandes de 100 Ah o 280 Ah. <\/p>\n<h3>Superioridad t\u00e9cnica: el 8C, especialista en alta potencia<\/h3>\n<ul class=\"product-features-list\" style=\"list-style: none; padding-left: 0;\">\n<li style=\"margin-bottom: 15px;\">\u26a1 <strong>Impresionante potencia de descarga por impulsos de 8 C (576 A):<\/strong> Esta c\u00e9lula de alto rendimiento puede suministrar unos extraordinarios <strong>576 amperios<\/strong> durante un r\u00e1faga de 10 segundos. La <strong>bater\u00eda de alta potencia CALB L135F72 de 72 Ah LiFePO4<\/strong> est\u00e1 dise\u00f1ada espec\u00edficamente para la aceleraci\u00f3n de alta resistencia y el arranque de motores de alto par, donde otras celdas de 72 Ah experimentar\u00edan una ca\u00edda de voltaje. <\/li>\n<li style=\"margin-bottom: 15px;\">\ud83d\udcd0 <strong>Perfil ultradelgado para una integraci\u00f3n perfecta:<\/strong> Con un grosor de tan solo <strong>30,0 mm<\/strong>, esta c\u00e9lula permite realizar instalaciones creativas y de alta densidad en espacios reducidos. Es una de las opciones preferidas para la fabricaci\u00f3n a medida de veh\u00edculos el\u00e9ctricos (EV), la rob\u00f3tica industrial con limitaciones de espacio y los elegantes veh\u00edculos guiados autom\u00e1ticamente (AGV). <\/li>\n<li style=\"margin-bottom: 15px;\">\ud83d\ude80 <strong>Precision Especificaciones industriales:<\/strong> Con un ancho est\u00e1ndar de <strong>135,0 mm<\/strong> y una altura de <strong>220,8 mm<\/strong>, esta celda proporciona un estable y estandarizado factor de forma. Esta precisi\u00f3n es fundamental para los integradores de sistemas que se enfocan en la integraci\u00f3n de paquetes modulares de alta densidad y a31&gt; integraci\u00f3n y fabricaci\u00f3n repetible. <\/li>\n<li style=\"margin-bottom: 15px;\">\ud83d\udfdb\ufe0f <strong>Fiabilidad y estabilidad de grado automotriz:<\/strong> Fabricada seg\u00fan los rigurosos est\u00e1ndares originales de grado automotriz de CALB, la L135F72 garantiza una seguridad y una estabilidad t\u00e9rmica excepcionales incluso bajo cargas elevadas constantes. Su robusta estructura prism\u00e1tica est\u00e1 dise\u00f1ada para ofrecer resistencia a las vibraciones a largo plazo en entornos m\u00f3viles exigentes. <\/li>\n<li style=\"margin-bottom: 15px;\">\ud83c\udfc5 <strong>Calidad de grado A verificada por DLCPO:<\/strong> Cada celda de alta potencia de 72 Ah se adquiere directamente como stock nuevo de grado A con los c\u00f3digos QR originales de f\u00e1brica intactos. <strong>DLCPO<\/strong> garantiza una resistencia interna y un voltaje perfectamente sincronizados, lo que proporciona la fiabilidad necesaria para proyectos de ingenier\u00eda B2B de \u00e9lite.<\/li>\n<\/ul>\n<\/div>\n","protected":false},"excerpt":{"rendered":"<p>Compre la bater\u00eda de alta potencia CALB L135F72 de 72 Ah LiFePO4 en DLCPO. Con descarga de pulso de 8C (576 A), perfil ultradelgado de 30 mm y fiabilidad de grado automotriz para rob\u00f3tica y motores de alto par. <\/p>\n","protected":false},"featured_media":2000,"template":"","meta":{"_acf_changed":false,"_joinchat":[]},"product_brand":[],"product_cat":[1384],"product_tag":[1763,1764,1762,1399,1765],"class_list":{"0":"post-6023","1":"product","2":"type-product","3":"status-publish","4":"has-post-thumbnail","6":"product_cat-calb","7":"product_tag-72-ah-lifepo","8":"product_tag-alta-potencia-bateria","9":"product_tag-becerro-l135f72","10":"product_tag-dlcpo","11":"product_tag-slim-beast-lfp","12":"pa_capacity-72ah","14":"first","15":"instock","16":"shipping-taxable","17":"product-type-simple"},"acf":[],"_links":{"self":[{"href":"https:\/\/dlcpo.com\/es\/wp-json\/wp\/v2\/product\/6023","targetHints":{"allow":["GET"]}}],"collection":[{"href":"https:\/\/dlcpo.com\/es\/wp-json\/wp\/v2\/product"}],"about":[{"href":"https:\/\/dlcpo.com\/es\/wp-json\/wp\/v2\/types\/product"}],"version-history":[{"count":1,"href":"https:\/\/dlcpo.com\/es\/wp-json\/wp\/v2\/product\/6023\/revisions"}],"predecessor-version":[{"id":7372,"href":"https:\/\/dlcpo.com\/es\/wp-json\/wp\/v2\/product\/6023\/revisions\/7372"}],"wp:featuredmedia":[{"embeddable":true,"href":"https:\/\/dlcpo.com\/es\/wp-json\/wp\/v2\/media\/2000"}],"wp:attachment":[{"href":"https:\/\/dlcpo.com\/es\/wp-json\/wp\/v2\/media?parent=6023"}],"wp:term":[{"taxonomy":"product_brand","embeddable":true,"href":"https:\/\/dlcpo.com\/es\/wp-json\/wp\/v2\/product_brand?post=6023"},{"taxonomy":"product_cat","embeddable":true,"href":"https:\/\/dlcpo.com\/es\/wp-json\/wp\/v2\/product_cat?post=6023"},{"taxonomy":"product_tag","embeddable":true,"href":"https:\/\/dlcpo.com\/es\/wp-json\/wp\/v2\/product_tag?post=6023"}],"curies":[{"name":"wp","href":"https:\/\/api.w.org\/{rel}","templated":true}]}}