{"id":5985,"date":"2026-03-09T08:21:19","date_gmt":"2026-03-09T00:21:19","guid":{"rendered":"https:\/\/dlcpo.com\/rept-cb62-65ah-celula-de-bateria-lifepo4-descarga-2c\/"},"modified":"2026-04-11T10:50:17","modified_gmt":"2026-04-11T02:50:17","slug":"rept-cb62-65ah-celula-de-bateria-lifepo4-descarga-2c","status":"publish","type":"product","link":"https:\/\/dlcpo.com\/es\/rept-cb62-65ah-celula-de-bateria-lifepo4-descarga-2c\/","title":{"rendered":"C\u00e9lula de bater\u00eda prism\u00e1tica REPT CB62 de 3,2 V y 65 Ah de LiFePO4 de grado A: dise\u00f1o ultradelgado tipo \u00abblade\u00bb para sistemas de almacenamiento de energ\u00eda de alta densidad"},"content":{"rendered":"<div class=\"product-description-container\">\n<p>La <strong>c\u00e9lula de bater\u00eda LiFePO4 REPT CB62-65Ah con descarga 2C<\/strong> destaca por su rendimiento en el mercado del litio de capacidad media de 2026. Fabricada por REPT BATTERO (Grupo Tsingshan), rompe con la tradicional disyuntiva entre un suministro de energ\u00eda masivo y una vida \u00fatil prolongada. Mediante el uso de qu\u00edmica LFP avanzada, esta celda de 65 Ah est\u00e1 dise\u00f1ada con precisi\u00f3n para ofrecer tanto una alta <strong>descarga continua 2C (130 A)<\/strong> como una impresionante <strong>vida \u00fatil de m\u00e1s de 5,500 ciclos<\/strong>, lo que la convierte en la opci\u00f3n principal para aplicaciones de energ\u00eda de misi\u00f3n cr\u00edtica.  <\/p>\n<h3>Superioridad t\u00e9cnica: El equilibrio entre potencia y durabilidad<\/h3>\n<ul class=\"product-features-list\" style=\"list-style: none; padding-left: 0;\">\n<li style=\"margin-bottom: 15px;\">\u26a1 <strong>Rendimiento de alta intensidad (2C) de 130 A: <\/strong> A diferencia de las celdas de almacenamiento est\u00e1ndar, limitadas a tasas de descarga m\u00e1s bajas, la <strong>celda de bater\u00eda LiFePO4 REPT CB62-65Ah con descarga 2C<\/strong> est\u00e1 clasificada para una <strong>salida continua de 130 A<\/strong>. Esto la hace excepcionalmente capaz de manejar cargas pesadas, como la aceleraci\u00f3n de motores el\u00e9ctricos o inversores de alta potencia, sin ca\u00eddas de voltaje significativas. <\/li>\n<li style=\"margin-bottom: 15px;\">\u23f3 <strong>M\u00e1s de 5.500 ciclos de durabilidad en ciclo profundo:<\/strong> Dise\u00f1ada para ofrecer una longevidad extrema, esta c\u00e9lula est\u00e1 fabricada para durar m\u00e1s de una d\u00e9cada en aplicaciones con ciclos diarios. Su avanzada estructura interna proporciona un retorno de la inversi\u00f3n (ROI) superior en comparaci\u00f3n con las c\u00e9lulas est\u00e1ndar de consumo, lo que garantiza la viabilidad financiera a largo plazo de su proyecto energ\u00e9tico. <\/li>\n<li style=\"margin-bottom: 15px;\">\u2744\ufe0f <strong>Eficiencia optimizada y funcionamiento sin sobrecalentamiento:<\/strong> Con una resistencia interna ultrabaja de <strong>\u2264 0,70 m\u03a9<\/strong>, la celda minimiza la p\u00e9rdida de energ\u00eda en forma de calor. Esta transferencia eficiente de energ\u00eda garantiza que la celda se mantenga dentro de los l\u00edmites de temperatura de funcionamiento seguros, incluso durante descargas de alta corriente de 130 A, lo que mejora directamente la seguridad del sistema. <\/li>\n<li style=\"margin-bottom: 15px;\">\ud83c\udc0f <strong>Respuesta din\u00e1mica para sistemas de propulsi\u00f3n:<\/strong> Su elevada capacidad de descarga permite una inyecci\u00f3n instant\u00e1nea de potencia, lo que la hace ideal para unidades de propulsi\u00f3n el\u00e9ctrica y sistemas solares aut\u00f3nomos que se enfrentan a picos repentinos de demanda. Su dise\u00f1o prism\u00e1tico compacto simplifica la configuraci\u00f3n de bancos de bater\u00edas de alta densidad. <\/li>\n<li style=\"margin-bottom: 15px;\">\ud83c\udfc5 <strong>Calidad de grado A verificada y trazabilidad:<\/strong> Cada celda de 65 Ah suministrada a trav\u00e9s de <strong>DLCPO<\/strong> es una unidad de grado A reci\u00e9n fabricada que conserva intactos los c\u00f3digos QR originales de f\u00e1brica. Garantizamos una tensi\u00f3n y una resistencia interna perfectamente calibradas, lo que proporciona la fiabilidad y la seguridad necesarias para instalaciones energ\u00e9ticas profesionales B2B. <\/li>\n<\/ul>\n<\/div>\n","protected":false},"excerpt":{"rendered":"<p>Descubre la c\u00e9lula de bater\u00eda REPT CB62-65Ah LiFePO4 con descarga 2C en DLCPO. Con una salida continua de 130 A, m\u00e1s de 5500 ciclos de carga profunda y una resistencia ultrabaja, ideal para motores el\u00e9ctricos e inversores de alta potencia. <\/p>\n","protected":false},"featured_media":2097,"template":"","meta":{"_acf_changed":false,"_joinchat":[]},"product_brand":[],"product_cat":[1394],"product_tag":[1723,1722,1724,1399,1721],"class_list":{"0":"post-5985","1":"product","2":"type-product","3":"status-publish","4":"has-post-thumbnail","6":"product_cat-rept","7":"product_tag-130-a-salida-continua-salida","8":"product_tag-2c-descarga-lfp","9":"product_tag-celula-prismatica-de-alta-densidad","10":"product_tag-dlcpo","11":"product_tag-rept-cb62-65ah","12":"pa_capacity-65ah","14":"first","15":"instock","16":"shipping-taxable","17":"product-type-simple"},"acf":[],"_links":{"self":[{"href":"https:\/\/dlcpo.com\/es\/wp-json\/wp\/v2\/product\/5985","targetHints":{"allow":["GET"]}}],"collection":[{"href":"https:\/\/dlcpo.com\/es\/wp-json\/wp\/v2\/product"}],"about":[{"href":"https:\/\/dlcpo.com\/es\/wp-json\/wp\/v2\/types\/product"}],"version-history":[{"count":1,"href":"https:\/\/dlcpo.com\/es\/wp-json\/wp\/v2\/product\/5985\/revisions"}],"predecessor-version":[{"id":7356,"href":"https:\/\/dlcpo.com\/es\/wp-json\/wp\/v2\/product\/5985\/revisions\/7356"}],"wp:featuredmedia":[{"embeddable":true,"href":"https:\/\/dlcpo.com\/es\/wp-json\/wp\/v2\/media\/2097"}],"wp:attachment":[{"href":"https:\/\/dlcpo.com\/es\/wp-json\/wp\/v2\/media?parent=5985"}],"wp:term":[{"taxonomy":"product_brand","embeddable":true,"href":"https:\/\/dlcpo.com\/es\/wp-json\/wp\/v2\/product_brand?post=5985"},{"taxonomy":"product_cat","embeddable":true,"href":"https:\/\/dlcpo.com\/es\/wp-json\/wp\/v2\/product_cat?post=5985"},{"taxonomy":"product_tag","embeddable":true,"href":"https:\/\/dlcpo.com\/es\/wp-json\/wp\/v2\/product_tag?post=5985"}],"curies":[{"name":"wp","href":"https:\/\/api.w.org\/{rel}","templated":true}]}}