{"id":5978,"date":"2026-03-09T09:16:01","date_gmt":"2026-03-09T01:16:01","guid":{"rendered":"https:\/\/dlcpo.com\/rept-cb71173200ea-280ah-celula-de-bateria-lifepo4-grado-a\/"},"modified":"2026-04-11T10:50:03","modified_gmt":"2026-04-11T02:50:03","slug":"rept-cb71173200ea-280ah-celula-de-bateria-lifepo4-grado-a","status":"publish","type":"product","link":"https:\/\/dlcpo.com\/es\/rept-cb71173200ea-280ah-celula-de-bateria-lifepo4-grado-a\/","title":{"rendered":"REPT CB71173200EA: c\u00e9lula de bater\u00eda prism\u00e1tica de LiFePO4 de 280 Ah y 3,2 V, grado A \u2013 LFP est\u00e1ndar del sector para sistemas de almacenamiento de energ\u00eda solar (ESS) y bater\u00edas externas para veh\u00edculos el\u00e9ctricos (EV)"},"content":{"rendered":"<div class=\"product-description-container\">\n<p>La <strong>c\u00e9lula de bater\u00eda REPT CB71173204EA-280Ah LiFePO4 de grado A<\/strong> es una soluci\u00f3n energ\u00e9tica de altas prestaciones que redefine la eficiencia en el competitivo mercado de las bater\u00edas prism\u00e1ticas de 280Ah. Dise\u00f1ada por REPT BATTERO para el sector energ\u00e9tico profesional de 2026, esta celda est\u00e1 optimizada para una retenci\u00f3n m\u00e1xima de energ\u00eda y un desperdicio t\u00e9rmico m\u00ednimo. Su arquitectura qu\u00edmica \u00fanica y su fabricaci\u00f3n de precisi\u00f3n le permiten destacarse como la opci\u00f3n principal para sistemas de almacenamiento de energ\u00eda solar (ESS) de alto rendimiento, sistemas UPS cr\u00edticos y almacenamiento de energ\u00eda a escala industrial.  <\/p>\n<h3 style=\"color: #2c3e50;\">Superioridad t\u00e9cnica: la eficiencia redefinida<\/h3>\n<ul class=\"product-features-list\" style=\"list-style: none; padding-left: 0;\">\n<li style=\"margin-bottom: 15px;\">\u2744\ufe0f <strong>Resistencia interna ultrabaja (0,1 ~ 0,3 m\u03a9): <\/strong> Con una impedancia de CA l\u00edder en la industria de tan solo <strong>0,1 m\u03a9<\/strong>, la <strong>celda de bater\u00eda LiFePO4 REPT CB71173200EA-280Ah de grado A<\/strong> es significativamente m\u00e1s eficiente que las celdas est\u00e1ndar (normalmente de 0,25 a 0,5 m\u03a9) . Esto minimiza la generaci\u00f3n de calor durante los ciclos r\u00e1pidos, lo que da como resultado un banco de bater\u00edas que funciona a menor temperatura y tiene una vida \u00fatil m\u00e1s larga. <\/li>\n<li style=\"margin-bottom: 15px;\">\u26a1 <strong>Alta capacidad de potencia de picos (560 A):<\/strong> Con una <strong>corriente m\u00e1xima de descarga por impulsos de 560 A<\/strong>, esta c\u00e9lula de 280 Ah proporciona la potencia instant\u00e1nea necesaria para arrancar cargas inductivas pesadas. Es ideal para motores de alto par, aires acondicionados y bombas de agua en configuraciones fuera de la red o de respaldo. <\/li>\n<li style=\"margin-bottom: 15px;\">\ud83c\udfc6 <strong>Consistencia verificada de grado A:<\/strong> Cada celda suministrada por <strong>DLCPO<\/strong> es una unidad aut\u00e9ntica de grado A procedente directamente de REPT BATTERO. Esto garantiza un rendimiento de capacidad y voltaje perfectamente armonizado, lo cual es esencial para construir bancos de bater\u00edas en serie y en paralelo a gran escala con una fiabilidad a largo plazo. <\/li>\n<li style=\"margin-bottom: 15px;\">\ud83c\udc1a <strong>Mayor vida \u00fatil y estabilidad t\u00e9rmica:<\/strong> La menor resistencia interna se traduce directamente en un menor envejecimiento qu\u00edmico. Al funcionar a temperaturas internas m\u00e1s bajas bajo carga, la <strong>C\u00e9lula de bater\u00eda LiFePO4 REPT CB71173200EA-280Ah Grado A<\/strong> garantiza una curva de SOC m\u00e1s estable y un mayor retorno de la inversi\u00f3n en energ\u00eda. <\/li>\n<li style=\"margin-bottom: 15px;\">\ud83e\udc62 <strong>Trazabilidad original certificada:<\/strong> DLCPO garantiza que cada celda de 280 Ah cuente con c\u00f3digos QR originales de f\u00e1brica intactos. Esto ofrece una transparencia total del historial y garantiza que recibas productos de grado A reci\u00e9n fabricados para tus proyectos energ\u00e9ticos B2B de importancia cr\u00edtica. <\/li>\n<\/ul>\n<\/div>\n","protected":false},"excerpt":{"rendered":"<p>Descubre la c\u00e9lula de bater\u00eda LiFePO4 REPT CB71173200EA-280Ah de grado A en DLCPO. Con una resistencia ultrabaja de 0,1 m\u03a9 y una descarga de pulso m\u00e1xima de 560 A, ideal para sistemas de almacenamiento de energ\u00eda solar (ESS) de alta gama y sistemas de alimentaci\u00f3n ininterrumpida (UPS) industriales.<\/p>\n","protected":false},"featured_media":2112,"template":"","meta":{"_acf_changed":false,"_joinchat":[]},"product_brand":[],"product_cat":[1394],"product_tag":[1696,1716,1399,1715,1714],"class_list":{"0":"post-5978","1":"product","2":"type-product","3":"status-publish","4":"has-post-thumbnail","6":"product_cat-rept","7":"product_tag-280-ah-lifepo","8":"product_tag-560-a-de-potencia-de-picos","9":"product_tag-dlcpo","10":"product_tag-grado-a-bateria-celula","11":"product_tag-lifepo4-para-grandes-bancos-de-baterias","12":"pa_capacity-280ah","14":"first","15":"instock","16":"shipping-taxable","17":"product-type-simple"},"acf":[],"_links":{"self":[{"href":"https:\/\/dlcpo.com\/es\/wp-json\/wp\/v2\/product\/5978","targetHints":{"allow":["GET"]}}],"collection":[{"href":"https:\/\/dlcpo.com\/es\/wp-json\/wp\/v2\/product"}],"about":[{"href":"https:\/\/dlcpo.com\/es\/wp-json\/wp\/v2\/types\/product"}],"version-history":[{"count":1,"href":"https:\/\/dlcpo.com\/es\/wp-json\/wp\/v2\/product\/5978\/revisions"}],"predecessor-version":[{"id":7339,"href":"https:\/\/dlcpo.com\/es\/wp-json\/wp\/v2\/product\/5978\/revisions\/7339"}],"wp:featuredmedia":[{"embeddable":true,"href":"https:\/\/dlcpo.com\/es\/wp-json\/wp\/v2\/media\/2112"}],"wp:attachment":[{"href":"https:\/\/dlcpo.com\/es\/wp-json\/wp\/v2\/media?parent=5978"}],"wp:term":[{"taxonomy":"product_brand","embeddable":true,"href":"https:\/\/dlcpo.com\/es\/wp-json\/wp\/v2\/product_brand?post=5978"},{"taxonomy":"product_cat","embeddable":true,"href":"https:\/\/dlcpo.com\/es\/wp-json\/wp\/v2\/product_cat?post=5978"},{"taxonomy":"product_tag","embeddable":true,"href":"https:\/\/dlcpo.com\/es\/wp-json\/wp\/v2\/product_tag?post=5978"}],"curies":[{"name":"wp","href":"https:\/\/api.w.org\/{rel}","templated":true}]}}