{"id":5972,"date":"2026-03-09T11:12:27","date_gmt":"2026-03-09T03:12:27","guid":{"rendered":"https:\/\/dlcpo.com\/rept-cc-0b1-54174l4-af-230ah-celula-de-bateria-lifepo4-descarga-2c\/"},"modified":"2026-04-11T10:50:06","modified_gmt":"2026-04-11T02:50:06","slug":"rept-cc-0b1-54174l4-af-230ah-celula-de-bateria-lifepo4-descarga-2c","status":"publish","type":"product","link":"https:\/\/dlcpo.com\/es\/rept-cc-0b1-54174l4-af-230ah-celula-de-bateria-lifepo4-descarga-2c\/","title":{"rendered":"REPT CC-0B1-54174L4-AF-230Ah 3,2 V, c\u00e9lula de bater\u00eda prism\u00e1tica LiFePO4 de grado A \u2013 LFP de alta eficiencia para sistemas de almacenamiento de energ\u00eda solar (ESS) y sistemas de alimentaci\u00f3n de veh\u00edculos el\u00e9ctricos (EV)"},"content":{"rendered":"<div class=\"product-description-container\">\n<p>La <strong>c\u00e9lula de bater\u00eda LiFePO4 REPT CC-0B1-54174L4-AF-230Ah con descarga de 2C<\/strong> constituye un logro t\u00e9cnico destacado en el mercado de las bater\u00edas prism\u00e1ticas de gran formato de 2026. Mientras que la mayor\u00eda de las celdas competitivas de m\u00e1s de 200 Ah est\u00e1n estrictamente limitadas al almacenamiento de baja tasa (0,5 C), este modelo ha sido dise\u00f1ado con precisi\u00f3n para ofrecer una robusta <strong>descarga continua de 2 C (460 A)<\/strong>. Esta capacidad \u00fanica cierra eficazmente la brecha entre el almacenamiento de energ\u00eda de alta capacidad y el suministro r\u00e1pido de potencia para aplicaciones industriales y de propulsi\u00f3n de servicio pesado.  <\/p>\n<h3>Superioridad t\u00e9cnica: donde la alta capacidad se une a la alta potencia<\/h3>\n<ul class=\"product-features-list\" style=\"list-style: none; padding-left: 0;\">\n<li style=\"margin-bottom: 15px;\">\u26a1 <strong>Excepcional salida continua de 460 A:<\/strong> Con una capacidad de descarga sostenida de <strong>460 A<\/strong>, una sola cadena en paralelo de la <strong>c\u00e9lula de bater\u00eda REPT CC-0B1-54174L4 -AF-230Ah LiFePO4, descarga 2C<\/strong> puede manejar cargas sustanciales que normalmente requieren m\u00faltiples cadenas de celdas est\u00e1ndar, lo que simplifica la arquitectura de su sistema.<\/li>\n<li style=\"margin-bottom: 15px;\">\u2744\ufe0f <strong>Resistencia ultrabaja y eficiencia t\u00e9rmica:<\/strong> Con una impedancia interna de <strong>\u2264 0,28 m\u03a9<\/strong>, esta c\u00e9lula minimiza la generaci\u00f3n de calor incluso durante picos de alta corriente. Esto garantiza que la c\u00e9lula funcione dentro de los rangos de temperatura \u00f3ptimos, lo que reduce significativamente la carga sobre sus sistemas de refrigeraci\u00f3n activa. <\/li>\n<li style=\"margin-bottom: 15px;\">\u23f3 <strong>Rentabilidad a largo plazo de la Elite con m\u00e1s de 6,000 ciclos:<\/strong> A pesar de su alta potencia de entrega, esta celda conserva una vida \u00fatil verificada de <strong>\u2265 6,000 ciclos<\/strong>. Esto la convierte en una opci\u00f3n incre\u00edblemente duradera y confiable para el ciclo profundo diario en sistemas solares profesionales fuera de la red, reducci\u00f3n de picos de demanda y energ\u00eda motriz industrial intensiva. <\/li>\n<li style=\"margin-bottom: 15px;\">\ud83c\udc0f <strong>Respuesta din\u00e1mica para redes modernas:<\/strong> La capacidad 2C permite una regulaci\u00f3n r\u00e1pida de la frecuencia y una inyecci\u00f3n instant\u00e1nea de potencia. Es la opci\u00f3n ideal para los integradores de sistemas que desarrollan sistemas de almacenamiento de energ\u00eda (ESS) con especificaciones para 2026, los cuales requieren tanto altas reservas de energ\u00eda como la capacidad de responder a fluctuaciones repentinas de la red. <\/li>\n<li style=\"margin-bottom: 15px;\">\ud83c\udfc5 <strong>Calidad de grado A verificada y trazabilidad:<\/strong> Todas las celdas de 230 Ah suministradas por <strong>DLCPO<\/strong> son de fabricaci\u00f3n reciente y conservan intactos los c\u00f3digos QR originales de f\u00e1brica. Garantizamos una perfecta correspondencia entre el voltaje y la resistencia interna, lo que asegura la fiabilidad de alto nivel que requieren los proyectos energ\u00e9ticos profesionales B2B. <\/li>\n<\/ul>\n<\/div>\n","protected":false},"excerpt":{"rendered":"<p>Compre la c\u00e9lula de bater\u00eda LiFePO4 REPT CC-0B1-54174L4-AF-230Ah con descarga 2C en DLCPO. Dise\u00f1ada para ofrecer una potencia continua robusta de 460 A, una resistencia ultrabaja y m\u00e1s de 6000 ciclos para proyectos de sistemas de almacenamiento de energ\u00eda (ESS) de \u00e9lite. <\/p>\n","protected":false},"featured_media":2121,"template":"","meta":{"_acf_changed":false,"_joinchat":[]},"product_brand":[],"product_cat":[1394],"product_tag":[1707,1708,1399,1709,1706],"class_list":{"0":"post-5972","1":"product","2":"type-product","3":"status-publish","4":"has-post-thumbnail","6":"product_cat-rept","7":"product_tag-2c-descarga-bateria","8":"product_tag-460a-potencia-celula","9":"product_tag-dlcpo","10":"product_tag-lifepo4-ess-de-grado","11":"product_tag-rept-230ah","12":"pa_capacity-230ah","14":"first","15":"instock","16":"shipping-taxable","17":"product-type-simple"},"acf":[],"_links":{"self":[{"href":"https:\/\/dlcpo.com\/es\/wp-json\/wp\/v2\/product\/5972","targetHints":{"allow":["GET"]}}],"collection":[{"href":"https:\/\/dlcpo.com\/es\/wp-json\/wp\/v2\/product"}],"about":[{"href":"https:\/\/dlcpo.com\/es\/wp-json\/wp\/v2\/types\/product"}],"version-history":[{"count":1,"href":"https:\/\/dlcpo.com\/es\/wp-json\/wp\/v2\/product\/5972\/revisions"}],"predecessor-version":[{"id":7343,"href":"https:\/\/dlcpo.com\/es\/wp-json\/wp\/v2\/product\/5972\/revisions\/7343"}],"wp:featuredmedia":[{"embeddable":true,"href":"https:\/\/dlcpo.com\/es\/wp-json\/wp\/v2\/media\/2121"}],"wp:attachment":[{"href":"https:\/\/dlcpo.com\/es\/wp-json\/wp\/v2\/media?parent=5972"}],"wp:term":[{"taxonomy":"product_brand","embeddable":true,"href":"https:\/\/dlcpo.com\/es\/wp-json\/wp\/v2\/product_brand?post=5972"},{"taxonomy":"product_cat","embeddable":true,"href":"https:\/\/dlcpo.com\/es\/wp-json\/wp\/v2\/product_cat?post=5972"},{"taxonomy":"product_tag","embeddable":true,"href":"https:\/\/dlcpo.com\/es\/wp-json\/wp\/v2\/product_tag?post=5972"}],"curies":[{"name":"wp","href":"https:\/\/api.w.org\/{rel}","templated":true}]}}