{"id":5963,"date":"2026-03-09T13:54:15","date_gmt":"2026-03-09T05:54:15","guid":{"rendered":"https:\/\/dlcpo.com\/rept-cb71173204eb-280ah-celula-de-bateria-lifepo4-descarga-1c\/"},"modified":"2026-04-11T10:50:15","modified_gmt":"2026-04-11T02:50:15","slug":"rept-cb71173204eb-280ah-celula-de-bateria-lifepo4-descarga-1c","status":"publish","type":"product","link":"https:\/\/dlcpo.com\/es\/rept-cb71173204eb-280ah-celula-de-bateria-lifepo4-descarga-1c\/","title":{"rendered":"REPT CB71173204EB-280Ah 3,2 V, c\u00e9lula de bater\u00eda prism\u00e1tica LiFePO4 de grado A \u2013 LFP de alta eficiencia para almacenamiento de energ\u00eda a escala industrial y de servicios p\u00fablicos"},"content":{"rendered":"<div class=\"product-description-container\">\n<p>La <strong>c\u00e9lula de bater\u00eda LiFePO4 REPT CB71173204EB-280Ah con descarga 1C<\/strong> es la evoluci\u00f3n perfeccionada de la plataforma est\u00e1ndar de 280Ah del sector, y ofrece un rendimiento qu\u00edmico optimizado dentro de un formato prism\u00e1tico reconocido a nivel mundial. Fabricada por REPT BATTERO para el mercado de energ\u00eda de alto rendimiento de 2026, esta celda ofrece una salida estable de 3,2 V con un \u00e9nfasis estrat\u00e9gico en la integridad estructural a largo plazo y una alta densidad energ\u00e9tica volum\u00e9trica. Es la elecci\u00f3n definitiva para los integradores de sistemas enfocados en el almacenamiento de energ\u00eda a escala de servicios p\u00fablicos y en soluciones de energ\u00eda industrial reforzadas.  <\/p>\n<ul class=\"product-technical-highlights\" style=\"list-style: none; padding-left: 0;\">\n<li style=\"margin-bottom: 15px;\">\ud83d\udccf <strong>Optimizaci\u00f3n del formato estandarizado:<\/strong> Con un ancho preciso de <strong>174,00 mm<\/strong> y una altura total de <strong>203,11 mm<\/strong>, la <strong>celda de bater\u00eda REPT CB71173204EB-280Ah LiFePO4 con descarga 1C<\/strong> est\u00e1 dise\u00f1ada para una integraci\u00f3n perfecta y sin herramientas en bastidores ESS y contenedores de bater\u00edas est\u00e1ndar de todo el mundo. Esto garantiza la m\u00e1xima compatibilidad tanto para nuevas construcciones como para ampliaciones de instalaciones. <\/li>\n<li style=\"margin-bottom: 15px;\">\ud83d\udee1\ufe0f <strong>Seguridad mec\u00e1nica superior de 3000 N:<\/strong> Dise\u00f1ada para soportar una presi\u00f3n de prueba estructural de <strong>3000 \u00b1 100 N<\/strong>, esta c\u00e9lula mantiene su integridad f\u00edsica y qu\u00edmica bajo condiciones de estr\u00e9s extremo. Este nivel de durabilidad es fundamental para mantener la seguridad en aplicaciones industriales con altas vibraciones y en entornos marinos exigentes. <\/li>\n<li style=\"margin-bottom: 15px;\">\u26a1 <strong>Suministro continuo y eficiente de energ\u00eda a 1C:<\/strong> Optimizada para el almacenamiento de energ\u00eda de alto rendimiento, la serie de 280 Ah admite una <strong>tasa de descarga constante de 1C<\/strong>. Esto proporciona la s\u00f3lida reposici\u00f3n de energ\u00eda necesaria para la estabilizaci\u00f3n de la red, la reducci\u00f3n de picos de demanda y transiciones fluidas en sistemas de respaldo industrial. <\/li>\n<li style=\"margin-bottom: 15px;\">\ud83c\udc1a <strong>Apilamiento avanzado y gesti\u00f3n t\u00e9rmica:<\/strong> Gracias a la tecnolog\u00eda avanzada de apilamiento de REPT, se minimiza la resistencia interna para evitar la acumulaci\u00f3n de calor. Esto garantiza una distribuci\u00f3n uniforme de la temperatura en toda la superficie de la celda, lo que prolonga directamente la vida \u00fatil y el retorno de la inversi\u00f3n de toda la cadena de bater\u00edas. <\/li>\n<li style=\"margin-bottom: 15px;\">\ud83c\udfc5 <strong>Calidad y consistencia de grado A verificadas:<\/strong> Todas las celdas de 280 Ah suministradas a trav\u00e9s de <strong>DLCPO<\/strong> son de grado A reci\u00e9n fabricadas y cuentan con los c\u00f3digos QR originales de f\u00e1brica. Esto garantiza una tensi\u00f3n y una resistencia interna perfectamente alineadas, lo que proporciona la fiabilidad y la vida \u00fatil a largo plazo necesarias para proyectos energ\u00e9ticos a gran escala. <\/li>\n<\/ul>\n<\/div>\n","protected":false},"excerpt":{"rendered":"<p>Descubra la c\u00e9lula de bater\u00eda LiFePO4 REPT CB71173204EB-280Ah con descarga 1C en DLCPO. Con una altura estandarizada de 203 mm, seguridad mec\u00e1nica de <span class=\"math-inline\" data-math=\"3000\\text&lt;wpml_curved wpml_value='N'&gt;&lt;\/wpml_curved&gt;\" data-index-in-node=\"148\">3000 N<\/span> y consistencia de grado A para sistemas de almacenamiento de energ\u00eda (ESS) a nivel mundial.<\/p>\n","protected":false},"featured_media":2135,"template":"","meta":{"_acf_changed":false,"_joinchat":[]},"product_brand":[],"product_cat":[1394],"product_tag":[1697,1696,1690,1399,1695],"class_list":{"0":"post-5963","1":"product","2":"type-product","3":"status-publish","4":"has-post-thumbnail","6":"product_cat-rept","7":"product_tag-1c-descarga-lfp","8":"product_tag-280-ah-lifepo","9":"product_tag-celula-ess-prismatica","10":"product_tag-dlcpo","11":"product_tag-rept-cb71173204eb","12":"pa_capacity-280ah","14":"first","15":"instock","16":"shipping-taxable","17":"product-type-simple"},"acf":[],"_links":{"self":[{"href":"https:\/\/dlcpo.com\/es\/wp-json\/wp\/v2\/product\/5963","targetHints":{"allow":["GET"]}}],"collection":[{"href":"https:\/\/dlcpo.com\/es\/wp-json\/wp\/v2\/product"}],"about":[{"href":"https:\/\/dlcpo.com\/es\/wp-json\/wp\/v2\/types\/product"}],"version-history":[{"count":1,"href":"https:\/\/dlcpo.com\/es\/wp-json\/wp\/v2\/product\/5963\/revisions"}],"predecessor-version":[{"id":7352,"href":"https:\/\/dlcpo.com\/es\/wp-json\/wp\/v2\/product\/5963\/revisions\/7352"}],"wp:featuredmedia":[{"embeddable":true,"href":"https:\/\/dlcpo.com\/es\/wp-json\/wp\/v2\/media\/2135"}],"wp:attachment":[{"href":"https:\/\/dlcpo.com\/es\/wp-json\/wp\/v2\/media?parent=5963"}],"wp:term":[{"taxonomy":"product_brand","embeddable":true,"href":"https:\/\/dlcpo.com\/es\/wp-json\/wp\/v2\/product_brand?post=5963"},{"taxonomy":"product_cat","embeddable":true,"href":"https:\/\/dlcpo.com\/es\/wp-json\/wp\/v2\/product_cat?post=5963"},{"taxonomy":"product_tag","embeddable":true,"href":"https:\/\/dlcpo.com\/es\/wp-json\/wp\/v2\/product_tag?post=5963"}],"curies":[{"name":"wp","href":"https:\/\/api.w.org\/{rel}","templated":true}]}}