{"id":5878,"date":"2026-03-09T15:41:01","date_gmt":"2026-03-09T07:41:01","guid":{"rendered":"https:\/\/dlcpo.com\/rept-cb67-306ah-celula-de-bateria-lifepo4-8000-ciclos\/"},"modified":"2026-04-11T10:50:07","modified_gmt":"2026-04-11T02:50:07","slug":"rept-cb67-306ah-celula-de-bateria-lifepo4-8000-ciclos","status":"publish","type":"product","link":"https:\/\/dlcpo.com\/es\/rept-cb67-306ah-celula-de-bateria-lifepo4-8000-ciclos\/","title":{"rendered":"REPT CB67-306Ah 3,2 V LiFePO4 de grado A prism\u00e1tica bater\u00eda celda \u2013 LFP de alta densidad Soluci\u00f3n para almacenamiento a escala de red y comercial almacenamiento"},"content":{"rendered":"<div class=\"product-description-container\">\n<p>La <strong>c\u00e9lula de bater\u00eda LiFePO4 REPT CB67-306Ah de 8000 ciclos<\/strong> representa una evoluci\u00f3n estrat\u00e9gica en materia de densidad energ\u00e9tica para el mercado profesional del almacenamiento estacionario. Fabricada por REPT BATTERO, esta celda ofrece una enorme capacidad de 306 Ah en un tama\u00f1o estandarizado, lo que permite a los integradores de sistemas maximizar el almacenamiento de energ\u00eda por metro cuadrado sin alterar los dise\u00f1os de bastidores existentes de 280 Ah. Es la opci\u00f3n definitiva para los sistemas de almacenamiento de energ\u00eda en bater\u00edas (BESS) de alta densidad que requieren una r\u00e1pida implementaci\u00f3n y viabilidad financiera a largo plazo.  <\/p>\n<h3>Superioridad t\u00e9cnica: el especialista en almacenamiento de 306 Ah<\/h3>\n<ul>\n<li>\ud83d\udccf <strong>Optimizaci\u00f3n del formato estandarizado:<\/strong> Con un ancho exacto de <strong>174,00 mm<\/strong> y una altura total de <strong>207,2 mm<\/strong>, la <strong>celda de bater\u00eda REPT CB67-306Ah LiFePO4 de 8000 ciclos<\/strong> se adapta perfectamente a los bastidores de bater\u00edas existentes basados en 280 Ah. Este logro de ingenier\u00eda proporciona un aumento inmediato de la capacidad al tiempo que mantiene la compatibilidad mec\u00e1nica total con las barras colectoras y los gabinetes est\u00e1ndar. <\/li>\n<li>\u23f3 <strong>Excepcional vida \u00fatil de m\u00e1s de 8.000 ciclos:<\/strong> Dise\u00f1ada espec\u00edficamente para el horizonte operativo de 20 a\u00f1os de los proyectos a escala de red, esta c\u00e9lula ofrece una vida \u00fatil verificada de <strong>8.000 ciclos<\/strong>. Esto reduce significativamente el costo nivelado de almacenamiento (LCOS), garantizando un rendimiento estable y confiable a lo largo de la vida \u00fatil del activo. <\/li>\n<li>\ud83e\udca2 <strong>Seguridad mec\u00e1nica y estructural superior:<\/strong> Dise\u00f1ada para soportar una presi\u00f3n de prueba estructural rigurosa de 3000 \u00b1 200 N, esta c\u00e9lula garantiza la m\u00e1xima integridad en GEO industriales y marinos sometidos a fuertes vibraciones. Su robusto dise\u00f1o prism\u00e1tico y su sensible v\u00e1lvula de ventilaci\u00f3n a prueba de explosiones ofrecen una protecci\u00f3n l\u00edder en el sector contra incidentes t\u00e9rmicos. <\/li>\n<li>\ud83c\udc26 <strong>Evoluci\u00f3n de la densidad energ\u00e9tica volum\u00e9trica:<\/strong> La incorporaci\u00f3n de 306 Ah en un formato convencional permite una mayor concentraci\u00f3n de energ\u00eda en contenedores est\u00e1ndar de 20 y 40 pies. Esto permite a los integradores alcanzar una mayor capacidad total del sistema (hasta m\u00e1s de 5 MWh) en un espacio f\u00edsico m\u00e1s reducido, lo que reduce los costos generales de desarrollo de la instalaci\u00f3n. <\/li>\n<li>\ud83d\udfcf\ud83c\udfc5 <strong>Calidad y uniformidad verificadas de grado A:<\/strong> Todas las celdas suministradas por DLCPO son de grado A, de fabricaci\u00f3n reciente y con los c\u00f3digos QR originales de f\u00e1brica intactos. Nuestro estricto control de uniformidad en cuanto a resistencia interna y voltaje garantiza que los sistemas modulares a gran escala funcionen con una uniformidad t\u00e9rmica perfecta y la m\u00e1xima seguridad. <\/li>\n<\/ul>\n<\/div>\n","protected":false},"excerpt":{"rendered":"<p>Descubre la c\u00e9lula de bater\u00eda LiFePO4 REPT CB67-306Ah con 8000 ciclos en DLCPO. Una enorme capacidad de 306 Ah en un formato est\u00e1ndar de 280 Ah, con m\u00e1s de 8000 ciclos y una seguridad <span class=\"math-inline\" data-math=\"3000\\text&lt;wpml_curved wpml_value='N'&gt;&lt;\/wpml_curved&gt;\" data-index-in-node=\"193\">mec\u00e1nica<\/span> superior de 3000 N. <\/p>\n","protected":false},"featured_media":2163,"template":"","meta":{"_acf_changed":false,"_joinchat":[]},"product_brand":[],"product_cat":[1394],"product_tag":[1680,1681,1399,1682,1679],"class_list":{"0":"post-5878","1":"product","2":"type-product","3":"status-publish","4":"has-post-thumbnail","6":"product_cat-rept","7":"product_tag-306ah-lfp","8":"product_tag-8000-ciclos","9":"product_tag-dlcpo","10":"product_tag-ess-bateria-celula","11":"product_tag-rept-cb67-306ah","12":"pa_capacity-306ah","14":"first","15":"instock","16":"shipping-taxable","17":"product-type-simple"},"acf":[],"_links":{"self":[{"href":"https:\/\/dlcpo.com\/es\/wp-json\/wp\/v2\/product\/5878","targetHints":{"allow":["GET"]}}],"collection":[{"href":"https:\/\/dlcpo.com\/es\/wp-json\/wp\/v2\/product"}],"about":[{"href":"https:\/\/dlcpo.com\/es\/wp-json\/wp\/v2\/types\/product"}],"version-history":[{"count":1,"href":"https:\/\/dlcpo.com\/es\/wp-json\/wp\/v2\/product\/5878\/revisions"}],"predecessor-version":[{"id":7345,"href":"https:\/\/dlcpo.com\/es\/wp-json\/wp\/v2\/product\/5878\/revisions\/7345"}],"wp:featuredmedia":[{"embeddable":true,"href":"https:\/\/dlcpo.com\/es\/wp-json\/wp\/v2\/media\/2163"}],"wp:attachment":[{"href":"https:\/\/dlcpo.com\/es\/wp-json\/wp\/v2\/media?parent=5878"}],"wp:term":[{"taxonomy":"product_brand","embeddable":true,"href":"https:\/\/dlcpo.com\/es\/wp-json\/wp\/v2\/product_brand?post=5878"},{"taxonomy":"product_cat","embeddable":true,"href":"https:\/\/dlcpo.com\/es\/wp-json\/wp\/v2\/product_cat?post=5878"},{"taxonomy":"product_tag","embeddable":true,"href":"https:\/\/dlcpo.com\/es\/wp-json\/wp\/v2\/product_tag?post=5878"}],"curies":[{"name":"wp","href":"https:\/\/api.w.org\/{rel}","templated":true}]}}