{"id":5865,"date":"2026-03-09T19:18:17","date_gmt":"2026-03-09T11:18:17","guid":{"rendered":"https:\/\/dlcpo.com\/svolt-l400-62ah-celula-de-bateria-blade-lifepo4-170wh-kg\/"},"modified":"2026-04-11T11:26:03","modified_gmt":"2026-04-11T03:26:03","slug":"svolt-l400-62ah-celula-de-bateria-blade-lifepo4-170wh-kg","status":"publish","type":"product","link":"https:\/\/dlcpo.com\/es\/svolt-l400-62ah-celula-de-bateria-blade-lifepo4-170wh-kg\/","title":{"rendered":"SVOLT L400-62Ah 3,2V Grado A LiFePO4 C\u00e9lula de bater\u00eda Blade &#8211; LFP apilada ultrafina de 14,9 mm para VE avanzados y ESS compactos"},"content":{"rendered":"<div class=\"product-description-container\">\n<p>La <strong>C\u00e9lula de bater\u00eda Blade SVOLT L400-62Ah LiFePO4 170Wh\/kg<\/strong> es una soluci\u00f3n energ\u00e9tica de vanguardia que redefine los l\u00edmites de la eficiencia espacial en el mercado 2026. Desarrollada por SVOLT Energy mediante la avanzada tecnolog\u00eda de apilamiento de alta velocidad, esta c\u00e9lula de 62 Ah est\u00e1 dise\u00f1ada con precisi\u00f3n para sistemas en los que cada mil\u00edmetro cuenta. Su exclusiva arquitectura <strong>de \u00abcuchilla corta\u00bb de 14,9 mm<\/strong> proporciona una rigidez estructural excepcional y un rendimiento t\u00e9rmico superior, lo que la convierte en la primera elecci\u00f3n para un almacenamiento de energ\u00eda elegante y de nueva generaci\u00f3n.  <\/p>\n<h3>Principales aspectos t\u00e9cnicos destacados: El Especialista Espacial de 14,9 mm<\/h3>\n<ul>\n<li>\ud83d\udccf <strong>Perfil ultrafino de 14,9 mm l\u00edder en el sector:<\/strong> La innovadora delgadez de la <strong>C\u00e9lula de bater\u00eda Blade SVOLT L400-62Ah LiFePO4 170Wh\/kg<\/strong> permite construir paquetes de bater\u00edas extremadamente elegantes. Es la primera opci\u00f3n para el almacenamiento de energ\u00eda dom\u00e9stico delgado montado en la pared (Powerwalls) y para armarios industriales con requisitos de alta densidad. <\/li>\n<li>\u26a1 <strong>Potencia 3C est\u00e1ndar y 5C personalizada mejorada:<\/strong> Evolucionada para un rendimiento moderno, esta c\u00e9lula admite ahora una <strong>velocidad de descarga continua de 3C<\/strong> en toda la l\u00ednea. Para la regulaci\u00f3n de frecuencia especializada de alto par o de respuesta r\u00e1pida, DLCPO ofrece opciones personalizadas de <strong>sobretensi\u00f3n pico de 4C y 5C<\/strong>, que garantizan una entrega de potencia fiable desde un factor de forma compacto. <\/li>\n<li>\ud83d\ude80 <strong>Alta densidad gravim\u00e9trica de energ\u00eda (170 Wh\/kg):<\/strong> Gracias a la qu\u00edmica avanzada de SVOLT, esta c\u00e9lula tiene una enorme capacidad de 62 Ah en una unidad estructural ligera. Esto permite a los dise\u00f1adores de sistemas maximizar la capacidad en un espacio limitado, mejorando directamente la eficiencia volum\u00e9trica del ESS global. <\/li>\n<li>\ud83c\udfd7\ufe0f <strong>Eficacia revolucionaria del apilamiento volante:<\/strong> A diferencia de las pilas enrolladas tradicionales, el proceso de apilamiento a alta velocidad garantiza una distribuci\u00f3n m\u00e1s uniforme de la temperatura interna y una mayor duraci\u00f3n de los ciclos. Esto minimiza la acumulaci\u00f3n de calor durante los eventos de carga r\u00e1pida, maximizando el rendimiento a largo plazo y el ROI de tu inversi\u00f3n en energ\u00eda. <\/li>\n<li>\ud83c\udfc5 C <strong>alidad y trazabilidad verificadas de Grado A:<\/strong> DLCPO garantiza que cada c\u00e9lula de 62 Ah est\u00e1 reci\u00e9n producida con los c\u00f3digos QR originales de f\u00e1brica intactos. Garantizamos un envejecimiento qu\u00edmico cero y un historial de trazabilidad completo, proporcionando la fiabilidad y bancabilidad necesarias para los proyectos energ\u00e9ticos B2B profesionales. <\/li>\n<\/ul>\n<\/div>\n","protected":false},"excerpt":{"rendered":"<p>Descubre la C\u00e9lula de bater\u00eda Blade SVOLT L400-62Ah LiFePO4 170Wh\/kg en DLCPO. Perfil ultrafino de 14,9 mm con rendimiento mejorado de 3C-5C de alta capacidad para ESS y almacenamiento dom\u00e9stico. <\/p>\n","protected":false},"featured_media":5862,"template":"","meta":{"_acf_changed":false,"_joinchat":[]},"product_brand":[],"product_cat":[1395],"product_tag":[1665,1660,1639,1399,1664],"class_list":{"0":"post-5865","1":"product","2":"type-product","3":"status-publish","4":"has-post-thumbnail","6":"product_cat-svolt","7":"product_tag-149-mm-ultrafino","8":"product_tag-celula-de-bateria-de-cuchilla","9":"product_tag-celula-de-potencia-3c","10":"product_tag-dlcpo","11":"product_tag-svolt-l400-62ah","12":"pa_capacity-62ah","14":"first","15":"instock","16":"featured","17":"shipping-taxable","18":"product-type-simple"},"acf":[],"_links":{"self":[{"href":"https:\/\/dlcpo.com\/es\/wp-json\/wp\/v2\/product\/5865","targetHints":{"allow":["GET"]}}],"collection":[{"href":"https:\/\/dlcpo.com\/es\/wp-json\/wp\/v2\/product"}],"about":[{"href":"https:\/\/dlcpo.com\/es\/wp-json\/wp\/v2\/types\/product"}],"version-history":[{"count":2,"href":"https:\/\/dlcpo.com\/es\/wp-json\/wp\/v2\/product\/5865\/revisions"}],"predecessor-version":[{"id":7545,"href":"https:\/\/dlcpo.com\/es\/wp-json\/wp\/v2\/product\/5865\/revisions\/7545"}],"wp:featuredmedia":[{"embeddable":true,"href":"https:\/\/dlcpo.com\/es\/wp-json\/wp\/v2\/media\/5862"}],"wp:attachment":[{"href":"https:\/\/dlcpo.com\/es\/wp-json\/wp\/v2\/media?parent=5865"}],"wp:term":[{"taxonomy":"product_brand","embeddable":true,"href":"https:\/\/dlcpo.com\/es\/wp-json\/wp\/v2\/product_brand?post=5865"},{"taxonomy":"product_cat","embeddable":true,"href":"https:\/\/dlcpo.com\/es\/wp-json\/wp\/v2\/product_cat?post=5865"},{"taxonomy":"product_tag","embeddable":true,"href":"https:\/\/dlcpo.com\/es\/wp-json\/wp\/v2\/product_tag?post=5865"}],"curies":[{"name":"wp","href":"https:\/\/api.w.org\/{rel}","templated":true}]}}