{"id":5856,"date":"2026-03-10T07:45:40","date_gmt":"2026-03-09T23:45:40","guid":{"rendered":"https:\/\/dlcpo.com\/bateria-svolt-l600-145ah-4c-con-carga-rapida-blade\/"},"modified":"2026-04-21T21:30:00","modified_gmt":"2026-04-21T13:30:00","slug":"bateria-svolt-l600-145ah-4c-con-carga-rapida-blade","status":"publish","type":"product","link":"https:\/\/dlcpo.com\/es\/bateria-svolt-l600-145ah-4c-con-carga-rapida-blade\/","title":{"rendered":"SVOLT L600-145Ah 3,2 V 145 Ah LiFePO4 de grado A Blade Bater\u00eda C\u00e9lula \u2013 Ultrafina de 16,4 mm apilada LFP para sistemas de alta densidad EV y ESS sistemas"},"content":{"rendered":"<div class=\"product-description-container\">\n<p>La <strong>bater\u00eda SVOLT L600-145Ah 4C Flash Charge Blade<\/strong> representa la vanguardia absoluta de la tecnolog\u00eda de fosfato de hierro y litio en 2026. Esta c\u00e9lula especializada en \u00abcarga r\u00e1pida\u00bb ha sido dise\u00f1ada para eliminar el principal obst\u00e1culo de la movilidad el\u00e9ctrica: el tiempo de carga. Con su innovadora capacidad de carga 4C y su arquitectura en forma de hoja caracter\u00edstica, redefine los l\u00edmites de eficiencia y rendimiento de las plataformas modernas de veh\u00edculos basadas en LFP.  <\/p>\n<h3>Superioridad t\u00e9cnica: la velocidad del litio<\/h3>\n<ul>\n<li>\ud83c\udc1a <strong>Carga revolucionaria en 10 minutos:<\/strong> Esta es la caracter\u00edstica m\u00e1s destacada de la <strong>bater\u00eda SVOLT L600-145Ah 4C Flash Charge Blade<\/strong>. La bater\u00eda puede cargarse del <strong>10 % al 80 % del estado de carga (SOC) en solo 10 minutos<\/strong>. Esta velocidad revolucionaria permite a los conductores recargar la bater\u00eda de manera significativa durante un breve descanso, lo que hace que los viajes de larga distancia en veh\u00edculos el\u00e9ctricos sean fluidos y sin preocupaciones.  <\/li>\n<li>\ud83d\udcca <strong>Densidad energ\u00e9tica excepcional (&gt;183 Wh\/kg):<\/strong> Por lo general, una potencia extremadamente alta implica sacrificar capacidad. No es el caso aqu\u00ed. SVOLT ha mantenido una impresionante densidad energ\u00e9tica de <strong>&gt;183 Wh\/kg<\/strong>, lo que garantiza que los veh\u00edculos de alto rendimiento sigan siendo ligeros y eficientes incluso con su enorme capacidad de entrega de potencia.  <\/li>\n<li>\ud83d\udccf <strong>Dise\u00f1o t\u00e9rmico ultradelgado de 16,4 mm:<\/strong> con un escritura de tan solo <strong>16,4 mm de grosor<\/strong>, esta celda es m\u00e1s delgada que las versiones est\u00e1ndar de 162 Ah. Esta reducci\u00f3n del grosor minimiza de manera significativa la ruta t\u00e9rmica, permitiendo que el calor se disipe r\u00e1pidamente durante los eventos de carga 4C de alta corriente \u2014una caracter\u00edstica de seguridad fundamental que garantiza la estabilidad electroqu\u00edmica a largo plazo. <\/li>\n<li>\ud83d\udca1 <strong>Compatibilidad con Supercharge de 800 V:<\/strong> Optimizada para las arquitecturas de alto voltaje de 800 V de pr\u00f3xima generaci\u00f3n, la c\u00e9lula de 145 Ah y 4C garantiza una ca\u00edda de voltaje m\u00ednima y una eficiencia m\u00e1xima. Es la opci\u00f3n definitiva para autom\u00f3viles de pasajeros de gama alta y veh\u00edculos comerciales de alta carga que requieren una recarga r\u00e1pida de energ\u00eda. <\/li>\n<li>\ud83e\udc86 <strong>Consistencia de grado A de DLCPO:<\/strong> Todas las celdas suministradas por DLCPO son de fabricaci\u00f3n reciente y cuentan con c\u00f3digos QR originales de f\u00e1brica. Nuestra uniformidad de grado automotriz en la resistencia interna garantiza que tus paquetes modulares se mantengan equilibrados, confiables y seguros a lo largo de miles de ciclos de carga ultrarr\u00e1pida. <\/li>\n<\/ul>\n<\/div>\n","protected":false},"excerpt":{"rendered":"<p>Compra la bater\u00eda SVOLT L600-145Ah 4C Flash Charge Blade en DLCPO. Ofrece una carga r\u00e1pida de 10 minutos (del 10 % al 80 % del estado de carga), una densidad de 183 Wh\/kg y un dise\u00f1o t\u00e9rmico ultradelgado de 16,4 mm. <\/p>\n","protected":false},"featured_media":2212,"template":"","meta":{"_acf_changed":false,"_joinchat":[]},"product_brand":[],"product_cat":[1395],"product_tag":[1655,1654,1656,1399,1653],"class_list":{"0":"post-5856","1":"product","2":"type-product","3":"status-publish","4":"has-post-thumbnail","6":"product_cat-svolt","7":"product_tag-10-minutos-de-carga","8":"product_tag-4c-flash-carga","9":"product_tag-carga-rapida-de-la","10":"product_tag-dlcpo","11":"product_tag-svolt-l600-145ah","12":"pa_capacity-145ah","14":"first","15":"instock","16":"shipping-taxable","17":"product-type-simple"},"acf":[],"_links":{"self":[{"href":"https:\/\/dlcpo.com\/es\/wp-json\/wp\/v2\/product\/5856","targetHints":{"allow":["GET"]}}],"collection":[{"href":"https:\/\/dlcpo.com\/es\/wp-json\/wp\/v2\/product"}],"about":[{"href":"https:\/\/dlcpo.com\/es\/wp-json\/wp\/v2\/types\/product"}],"version-history":[{"count":1,"href":"https:\/\/dlcpo.com\/es\/wp-json\/wp\/v2\/product\/5856\/revisions"}],"predecessor-version":[{"id":7330,"href":"https:\/\/dlcpo.com\/es\/wp-json\/wp\/v2\/product\/5856\/revisions\/7330"}],"wp:featuredmedia":[{"embeddable":true,"href":"https:\/\/dlcpo.com\/es\/wp-json\/wp\/v2\/media\/2212"}],"wp:attachment":[{"href":"https:\/\/dlcpo.com\/es\/wp-json\/wp\/v2\/media?parent=5856"}],"wp:term":[{"taxonomy":"product_brand","embeddable":true,"href":"https:\/\/dlcpo.com\/es\/wp-json\/wp\/v2\/product_brand?post=5856"},{"taxonomy":"product_cat","embeddable":true,"href":"https:\/\/dlcpo.com\/es\/wp-json\/wp\/v2\/product_cat?post=5856"},{"taxonomy":"product_tag","embeddable":true,"href":"https:\/\/dlcpo.com\/es\/wp-json\/wp\/v2\/product_tag?post=5856"}],"curies":[{"name":"wp","href":"https:\/\/api.w.org\/{rel}","templated":true}]}}