{"id":5852,"date":"2026-03-10T08:00:00","date_gmt":"2026-03-10T00:00:00","guid":{"rendered":"https:\/\/dlcpo.com\/svolt-l600-147ah-lifepo4-celula-de-bateria-blade-ultradelgada\/"},"modified":"2026-04-11T11:26:01","modified_gmt":"2026-04-11T03:26:01","slug":"svolt-l600-147ah-lifepo4-celula-de-bateria-blade-ultradelgada","status":"publish","type":"product","link":"https:\/\/dlcpo.com\/es\/svolt-l600-147ah-lifepo4-celula-de-bateria-blade-ultradelgada\/","title":{"rendered":"SVOLT L600-147Ah 3,2V 2,2C 147Ah C\u00e9lula de bater\u00eda Blade de LiFePO4 de Grado A &#8211; LFP apilada ultrafina de 16,4 mm y 2,2C de alta velocidad para VE de alto rendimiento y ESS elegantes"},"content":{"rendered":"<div class=\"product-description-container\">\n<p>La <strong>C\u00e9lula de bater\u00eda Blade ultrafina de LiFePO4 SVOLT L600-147Ah<\/strong> destaca como una obra maestra especializada de alto rendimiento en el mercado energ\u00e9tico de 2026. Fabricada por SVOLT Energy mediante una avanzada tecnolog\u00eda de apilamiento de alta velocidad, esta c\u00e9lula de 147 Ah est\u00e1 dise\u00f1ada para aplicaciones de \u00e9lite en las que un embalaje excepcionalmente fino y una alta densidad volum\u00e9trica de energ\u00eda son requisitos innegociables. <\/p>\n<h3>Ventajas t\u00e9cnicas clave: La cuchilla Power Blade ultradelgada<\/h3>\n<ul>\n<li><strong>\ud83d\udccf Perfil ultrafino de 16,4 mm:<\/strong> Al ser m\u00e1s delgada que las c\u00e9lulas blade est\u00e1ndar de 18 mm, la <strong>C\u00e9lula de bater\u00eda Blade ultrafina de LiFePO4 SVOLT L600-147Ah<\/strong> permite a los dise\u00f1adores de sistemas colocar m\u00e1s capas de c\u00e9lulas en una altura de chasis determinada. Es la elecci\u00f3n definitiva para crear paquetes de bater\u00edas de perfil ultrabajo para coches deportivos de alto rendimiento y berlinas elegantes y aerodin\u00e1micas. <\/li>\n<li><strong>Potencia mejorada de 3C est\u00e1ndar y 5C personalizada:<\/strong> La l\u00ednea 2026 SVOLT mantiene su capacidad de 2,2C, pero ahora admite una <strong>tasa de descarga continua de 3C (441A<\/strong>). Para las plataformas de sobrealimentaci\u00f3n de 800 V, DLCPO proporciona una personalizaci\u00f3n de <strong>picos de impulsos de 4C y 5C<\/strong> a medida, garantizando una aceleraci\u00f3n feroz y una r\u00e1pida reposici\u00f3n de energ\u00eda. <\/li>\n<li>\ud83c\udc1a <strong>Densidad energ\u00e9tica volum\u00e9trica superior:<\/strong> Gracias a su arquitectura de l\u00e1minas de formato alargado, esta celda de 147 Ah maximiza el espacio interno para el material activo sin renunciar a un dise\u00f1o ultraplano. Esto ayuda a los ingenieros a alcanzar una mayor densidad energ\u00e9tica a nivel de sistema sin sacrificar la seguridad de la qu\u00edmica LFP sin cobalto. <\/li>\n<li>\u23f3 <strong>Calidad comercial Longevidad (\u2265 2500 ciclos):<\/strong> Reconocida como una \u00abversi\u00f3n de larga duraci\u00f3n\u00bb, esta ofrece una s\u00f3lida vida \u00fatil de 2.500 ciclos completos o m\u00e1s. Esto garantiza un bajo costo total de propiedad (TCO) para flotas comerciales y veh\u00edculos de alto rendimiento veh\u00edculos donde el tiempo de actividad y el valor a largo plazo de los activos son fundamentales. <\/li>\n<li>\ud83c\udfc6 <strong>Calidad comprobada de clase A de nivel Tier-1:<\/strong> Cada bater\u00eda, suministrada por la empresa DLCPO, es de fabricaci\u00f3n reciente y cuenta con c\u00f3digos QR originales de f\u00e1brica en perfecto estado. Nuestra rigurosa automatizada verificaci\u00f3n de la conformidad de los par\u00e1metros de tensi\u00f3n y la resistencia interna (\u2264 0,6 m\u03a9) garantiza la ausencia de envejecimiento qu\u00edmico a31&gt; y una capacidad total para sus proyectos modulares de alto rendimiento. <\/li>\n<\/ul>\n<\/div>\n","protected":false},"excerpt":{"rendered":"<p>Descubre en DLCPO la c\u00e9lula de bater\u00eda ultrafina LiFePO4 SVOLT L600-147Ah. S\u00f3lo 16,4 mm de grosor con rendimiento 3C-5C mejorado para coches deportivos EV de perfil bajo. <\/p>\n","protected":false},"featured_media":5849,"template":"","meta":{"_acf_changed":false,"_joinchat":[]},"product_brand":[],"product_cat":[1395],"product_tag":[1650,1649,1651,1639,1399],"class_list":{"0":"post-5852","1":"product","2":"type-product","3":"status-publish","4":"has-post-thumbnail","6":"product_cat-svolt","7":"product_tag-164-mm-ultrafino","8":"product_tag-bateria-de-laminas-de-alta-densidad-para-autos-deportivos","9":"product_tag-bateria-de-laminas-para-vehiculos-electricos","10":"product_tag-celula-de-potencia-3c","11":"product_tag-dlcpo","12":"pa_capacity-147ah","14":"first","15":"instock","16":"featured","17":"shipping-taxable","18":"product-type-simple"},"acf":[],"_links":{"self":[{"href":"https:\/\/dlcpo.com\/es\/wp-json\/wp\/v2\/product\/5852","targetHints":{"allow":["GET"]}}],"collection":[{"href":"https:\/\/dlcpo.com\/es\/wp-json\/wp\/v2\/product"}],"about":[{"href":"https:\/\/dlcpo.com\/es\/wp-json\/wp\/v2\/types\/product"}],"version-history":[{"count":4,"href":"https:\/\/dlcpo.com\/es\/wp-json\/wp\/v2\/product\/5852\/revisions"}],"predecessor-version":[{"id":7544,"href":"https:\/\/dlcpo.com\/es\/wp-json\/wp\/v2\/product\/5852\/revisions\/7544"}],"wp:featuredmedia":[{"embeddable":true,"href":"https:\/\/dlcpo.com\/es\/wp-json\/wp\/v2\/media\/5849"}],"wp:attachment":[{"href":"https:\/\/dlcpo.com\/es\/wp-json\/wp\/v2\/media?parent=5852"}],"wp:term":[{"taxonomy":"product_brand","embeddable":true,"href":"https:\/\/dlcpo.com\/es\/wp-json\/wp\/v2\/product_brand?post=5852"},{"taxonomy":"product_cat","embeddable":true,"href":"https:\/\/dlcpo.com\/es\/wp-json\/wp\/v2\/product_cat?post=5852"},{"taxonomy":"product_tag","embeddable":true,"href":"https:\/\/dlcpo.com\/es\/wp-json\/wp\/v2\/product_tag?post=5852"}],"curies":[{"name":"wp","href":"https:\/\/api.w.org\/{rel}","templated":true}]}}