{"id":5850,"date":"2026-03-10T08:36:57","date_gmt":"2026-03-10T00:36:57","guid":{"rendered":"https:\/\/dlcpo.com\/svolt-l500-770ah-celula-de-bateria-lifepo4-6mwh-ess\/"},"modified":"2026-04-21T21:29:52","modified_gmt":"2026-04-21T13:29:52","slug":"svolt-l500-770ah-celula-de-bateria-lifepo4-6mwh-ess","status":"publish","type":"product","link":"https:\/\/dlcpo.com\/es\/svolt-l500-770ah-celula-de-bateria-lifepo4-6mwh-ess\/","title":{"rendered":"C\u00e9lula de bater\u00eda LiFePO4 ultragrande SVOLT L500 de 3,2 V y 770 Ah \u2013 15 000 ciclos \u2013 Tecnolog\u00eda Flying Stack para almacenamiento de energ\u00eda a escala de red y comercial"},"content":{"rendered":"<div class=\"product-description-container\">\n<p>El <strong>sistema de almacenamiento de energ\u00eda (ESS) de 6 MWh con celdas de bater\u00eda LiFePO4 SVOLT L500-770Ah<\/strong> representa un cambio de paradigma definitivo en el almacenamiento de energ\u00eda estacionario. M\u00e1s all\u00e1 de los formatos est\u00e1ndar de 280Ah\/314Ah, SVOLT ha utilizado su avanzado proceso <strong>\u00abFlying Stack + Short Knife\u00bb<\/strong> para crear un gigante monol\u00edtico de 770Ah. Esta unidad de capacidad ultragrande est\u00e1 dise\u00f1ada para maximizar la densidad y la vida \u00fatil de las centrales el\u00e9ctricas de pr\u00f3xima generaci\u00f3n, ofreciendo un nivel de integraci\u00f3n de sistemas que antes se cre\u00eda imposible.  <\/p>\n<h3>Superioridad t\u00e9cnica fundamental: el punto de referencia de la era de los 6 MWh+<\/h3>\n<ul>\n<li>\ud83c\udfd7\ufe0f <strong>Una sustituye a dos (reducci\u00f3n de la lista de materiales):<\/strong> Una sola <strong>c\u00e9lula de bater\u00eda SVOLT L500-770Ah LiFePO4 de 6 MWh para sistemas de almacenamiento de energ\u00eda (ESS)<\/strong> est\u00e1 dise\u00f1ada para sustituir a dos c\u00e9lulas est\u00e1ndar de 350 Ah o 314 Ah. Esto reduce dr\u00e1sticamente el n\u00famero de componentes estructurales (terminales, barras colectoras, puntos de detecci\u00f3n del BMS) en un 50 %, lo que disminuye de manera efectiva las tasas de falla y los costos de ensamblaje para los integradores a gran escala. <\/li>\n<li>\ud83d\udea2 <strong>Arquitectura lista para contenedores de m\u00e1s de 6 MWh:<\/strong> Al utilizar estas celdas monol\u00edticas de alta densidad (&gt;435 Wh\/L), los integradores de sistemas ahora pueden almacenar m\u00e1s de <strong>6 MWh de energ\u00eda en un contenedor est\u00e1ndar de 20 pies<\/strong>. Esto representa un gran avance respecto al promedio actual de la industria, que oscila entre 3,7 y 5 MWh, lo que reduce significativamente el espacio ocupado y los costos de env\u00edo por MWh. <\/li>\n<li>\u23f3 <strong>Vida \u00fatil sin concesiones de 15 000 ciclos:<\/strong> Dise\u00f1ada para ofrecer una longevidad extrema, la L500-770Ah cuenta con una vida \u00fatil de hasta <strong>15 000 ciclos<\/strong>. Para aplicaciones de servicios p\u00fablicos conectadas a la red, esto se traduce en m\u00e1s de 20-25 a\u00f1os de funcionamiento diario confiable, lo que ofrece el costo nivelado de almacenamiento (LCOS) m\u00e1s bajo del mercado actual. <\/li>\n<li>\u26a1 <strong>Nuevo est\u00e1ndar 3C y personalizaci\u00f3n 5C:<\/strong> Actualizado para 2026, este gigante de 770 Ah ahora admite <strong>una descarga continua de 3C<\/strong> como valor de referencia. Para necesidades especializadas de alto par o regulaci\u00f3n de frecuencia, DLCPO ofrece personalizaci\u00f3n a medida de 4C y <strong>picos de 5C<\/strong>, lo que proporciona un enorme rendimiento de potencia a pesar de su enorme capacidad. <\/li>\n<li>\ud83c\udfc5 <strong>Verificado Nivel 1, calidad de grado A:<\/strong> DLCPO garantiza que cada celda de 770 Ah a8&gt; sea de grado A reci\u00e9n fabricada con un c\u00f3digo QR original intacto. Nuestro estricto proceso de emparejamiento para la resistencia interna y tensi\u00f3n garantiza que estos gigantes funcionen con una perfecta uniformidad t\u00e9rmica en cadenas modulares de alta capacidad. <\/li>\n<\/ul>\n<\/div>\n","protected":false},"excerpt":{"rendered":"<p>Descubre en DLCPO el sistema de almacenamiento de energ\u00eda (ESS) SVOLT L500-770Ah con celdas de bater\u00eda LiFePO4 de 6 MWh. El gigante monol\u00edtico definitivo para contenedores de servicios p\u00fablicos de m\u00e1s de 6 MWh, con 15 000 ciclos y una potencia mejorada de 3C-5C. <\/p>\n","protected":false},"featured_media":2222,"template":"","meta":{"_acf_changed":false,"_joinchat":[]},"product_brand":[],"product_cat":[1395],"product_tag":[1646,1647,1399,1648,1645],"class_list":{"0":"post-5850","1":"product","2":"type-product","3":"status-publish","4":"has-post-thumbnail","6":"product_cat-svolt","7":"product_tag-6-mwh-ess-celula","8":"product_tag-bateria-de-15-000-ciclos","9":"product_tag-dlcpo","10":"product_tag-monolitico-gigante-lfp","11":"product_tag-svolt-l500-770ah","12":"pa_capacity-770ah","14":"first","15":"instock","16":"shipping-taxable","17":"product-type-simple"},"acf":[],"_links":{"self":[{"href":"https:\/\/dlcpo.com\/es\/wp-json\/wp\/v2\/product\/5850","targetHints":{"allow":["GET"]}}],"collection":[{"href":"https:\/\/dlcpo.com\/es\/wp-json\/wp\/v2\/product"}],"about":[{"href":"https:\/\/dlcpo.com\/es\/wp-json\/wp\/v2\/types\/product"}],"version-history":[{"count":1,"href":"https:\/\/dlcpo.com\/es\/wp-json\/wp\/v2\/product\/5850\/revisions"}],"predecessor-version":[{"id":7328,"href":"https:\/\/dlcpo.com\/es\/wp-json\/wp\/v2\/product\/5850\/revisions\/7328"}],"wp:featuredmedia":[{"embeddable":true,"href":"https:\/\/dlcpo.com\/es\/wp-json\/wp\/v2\/media\/2222"}],"wp:attachment":[{"href":"https:\/\/dlcpo.com\/es\/wp-json\/wp\/v2\/media?parent=5850"}],"wp:term":[{"taxonomy":"product_brand","embeddable":true,"href":"https:\/\/dlcpo.com\/es\/wp-json\/wp\/v2\/product_brand?post=5850"},{"taxonomy":"product_cat","embeddable":true,"href":"https:\/\/dlcpo.com\/es\/wp-json\/wp\/v2\/product_cat?post=5850"},{"taxonomy":"product_tag","embeddable":true,"href":"https:\/\/dlcpo.com\/es\/wp-json\/wp\/v2\/product_tag?post=5850"}],"curies":[{"name":"wp","href":"https:\/\/api.w.org\/{rel}","templated":true}]}}