{"id":5847,"date":"2026-03-10T08:59:42","date_gmt":"2026-03-10T00:59:42","guid":{"rendered":"https:\/\/dlcpo.com\/celula-de-bateria-svolt-l500-de-350-ah-de-lifepo%e2%82%84-con-15-000-ciclos\/"},"modified":"2026-04-21T21:29:50","modified_gmt":"2026-04-21T13:29:50","slug":"celula-de-bateria-svolt-l500-de-350-ah-de-lifepo%e2%82%84-con-15-000-ciclos","status":"publish","type":"product","link":"https:\/\/dlcpo.com\/es\/celula-de-bateria-svolt-l500-de-350-ah-de-lifepo%e2%82%84-con-15-000-ciclos\/","title":{"rendered":"C\u00e9lula de bater\u00eda LiFePO4 SVOLT L500-350Ah de 3,2 V y 350 Ah, grado A \u2013 15 000 ciclos \u2013 Flying Stack Short Blade para sistemas de almacenamiento de energ\u00eda (ESS) a gran escala y almacenamiento solar"},"content":{"rendered":"<div class=\"product-description-container\">\n<p>La <strong>c\u00e9lula de bater\u00eda SVOLT L500-325Ah LiFePO4 con potencia de 2,2 C<\/strong> es una maravilla tecnol\u00f3gica dise\u00f1ada espec\u00edficamente para el segmento de alto rendimiento del mercado del almacenamiento de energ\u00eda estacionario. Gracias al proceso de fabricaci\u00f3n patentado por SVOLT <strong>\u00abFlying Stack + Short Blade\u00bb<\/strong>, esta celda logra un equilibrio excepcional entre densidad energ\u00e9tica, seguridad y una vida \u00fatil garantizada que las celdas tradicionales enrolladas tipo \u00abjelly-roll\u00bb simplemente no pueden igualar. Es la opci\u00f3n definitiva para proyectos a escala de servicios p\u00fablicos que apuntan a un horizonte operativo de 20 a 25 a\u00f1os.  <\/p>\n<h3>Superioridad t\u00e9cnica: el especialista en almacenamiento con 20 a\u00f1os de experiencia<\/h3>\n<ul>\n<li>\u23f3 <strong>Una vida \u00fatil sin precedentes de 15 000 ciclos:<\/strong> Dise\u00f1ada para dominar el mercado de servicios p\u00fablicos, la <strong>c\u00e9lula de bater\u00eda SVOLT L500-350Ah LiFePO4 de 15 000 ciclos<\/strong> ofrece una vida \u00fatil verificada que oscila entre los 9 000 y los 15 000 ciclos. Esta durabilidad extrema reduce significativamente el costo total de propiedad (TCO) para proyectos comerciales de almacenamiento de energ\u00eda y estabilizaci\u00f3n de la red el\u00e9ctrica. <\/li>\n<li>\ud83d\udccf <strong>Dise\u00f1o t\u00e9rmico ultradelgado de 26 mm:<\/strong> Con un grosor de tan solo <strong>26 mm<\/strong>, este perfil delgado permite una disipaci\u00f3n del calor superior. Al eliminar la acumulaci\u00f3n de calor interno, habitual en las celdas prism\u00e1ticas gruesas, garantiza una distribuci\u00f3n t\u00e9rmica uniforme, lo que permite que el sistema electroqu\u00edmico envejezca de forma predecible incluso bajo ciclos diarios intensos. <\/li>\n<li>\ud83c\udc1a <strong>Alta densidad energ\u00e9tica gravim\u00e9trica (&gt;170 Wh\/kg):<\/strong> La incorporaci\u00f3n de una enorme capacidad de 350 Ah en un dise\u00f1o L500 optimizado permite una integraci\u00f3n de sistemas de alta densidad. Esto permite a los integradores alojar hasta <strong>m\u00e1s de 5 MWh de energ\u00eda en un contenedor est\u00e1ndar de 20 pies<\/strong>, maximizando la eficiencia en el uso del terreno y reduciendo los costos log\u00edsticos. <\/li>\n<li>\u26a1 <strong>Capacidad de alta potencia mejorada de 3C a 5C:<\/strong> Aunque est\u00e1 optimizada para el almacenamiento, la l\u00ednea SVOLT 2026 admite <strong>una descarga continua de 3C<\/strong> en todas las celdas. Esto permite una r\u00e1pida regulaci\u00f3n de frecuencia y respuestas de reducci\u00f3n de picos, con la posibilidad de personalizar picos de 4C\/5C para respaldos industriales de misi\u00f3n cr\u00edtica. <\/li>\n<li>\ud83d\udfcf\ufffd\ufe0f <strong>Tecnolog\u00eda revolucionaria Flying Stack:<\/strong> El proceso de apilamiento a alta velocidad reduce la tensi\u00f3n interna y la impedancia en comparaci\u00f3n con el bobinado. Esta experiencia en fabricaci\u00f3n de primer nivel da como resultado una celda m\u00e1s segura con mayor integridad estructural, ideal para las fuertes vibraciones y las diversas tensiones ambientales a las que se enfrentan las implementaciones de sistemas de almacenamiento de energ\u00eda (ESS) en todo el mundo. <\/li>\n<li>\ud83e\udc86 <strong>Calidad de grado A para el sector automotriz:<\/strong> Todas las celdas suministradas a trav\u00e9s de DLCPO son totalmente nuevas, de grado A y con los c\u00f3digos QR originales intactos. Garantizamos una correspondencia de primer nivel entre la capacidad y la resistencia interna, lo que simplifica el equilibrio del BMS y asegura la estabilidad a largo plazo de las cadenas. <\/li>\n<\/ul>\n<\/div>\n","protected":false},"excerpt":{"rendered":"<p>Compre la c\u00e9lula de bater\u00eda SVOLT L500-350Ah LiFePO4 de 15 000 ciclos en DLCPO. Incorpora la tecnolog\u00eda Flying Stack, un perfil de l\u00e1mina delgada de 26 mm y una densidad energ\u00e9tica de 170 Wh\/kg, ideal para sistemas de almacenamiento de energ\u00eda (ESS) a escala industrial con una vida \u00fatil de 20 a\u00f1os. <\/p>\n","protected":false},"featured_media":2227,"template":"","meta":{"_acf_changed":false,"_joinchat":[]},"product_brand":[],"product_cat":[1395],"product_tag":[1642,1399,1644,1641,1643],"class_list":{"0":"post-5847","1":"product","2":"type-product","3":"status-publish","4":"has-post-thumbnail","6":"product_cat-svolt","7":"product_tag-15-000-ciclos-lfp","8":"product_tag-dlcpo","9":"product_tag-red-escala-almacenamiento","10":"product_tag-svolt-l500-350ah","11":"product_tag-vuelo-pila-bateria","12":"pa_capacity-350ah","14":"first","15":"instock","16":"shipping-taxable","17":"product-type-simple"},"acf":[],"_links":{"self":[{"href":"https:\/\/dlcpo.com\/es\/wp-json\/wp\/v2\/product\/5847","targetHints":{"allow":["GET"]}}],"collection":[{"href":"https:\/\/dlcpo.com\/es\/wp-json\/wp\/v2\/product"}],"about":[{"href":"https:\/\/dlcpo.com\/es\/wp-json\/wp\/v2\/types\/product"}],"version-history":[{"count":1,"href":"https:\/\/dlcpo.com\/es\/wp-json\/wp\/v2\/product\/5847\/revisions"}],"predecessor-version":[{"id":7326,"href":"https:\/\/dlcpo.com\/es\/wp-json\/wp\/v2\/product\/5847\/revisions\/7326"}],"wp:featuredmedia":[{"embeddable":true,"href":"https:\/\/dlcpo.com\/es\/wp-json\/wp\/v2\/media\/2227"}],"wp:attachment":[{"href":"https:\/\/dlcpo.com\/es\/wp-json\/wp\/v2\/media?parent=5847"}],"wp:term":[{"taxonomy":"product_brand","embeddable":true,"href":"https:\/\/dlcpo.com\/es\/wp-json\/wp\/v2\/product_brand?post=5847"},{"taxonomy":"product_cat","embeddable":true,"href":"https:\/\/dlcpo.com\/es\/wp-json\/wp\/v2\/product_cat?post=5847"},{"taxonomy":"product_tag","embeddable":true,"href":"https:\/\/dlcpo.com\/es\/wp-json\/wp\/v2\/product_tag?post=5847"}],"curies":[{"name":"wp","href":"https:\/\/api.w.org\/{rel}","templated":true}]}}