{"id":5844,"date":"2026-03-10T09:22:18","date_gmt":"2026-03-10T01:22:18","guid":{"rendered":"https:\/\/dlcpo.com\/celula-de-bateria-ncm-svolt-vda-137ah-255-wh-kg\/"},"modified":"2026-04-11T10:47:26","modified_gmt":"2026-04-11T02:47:26","slug":"celula-de-bateria-ncm-svolt-vda-137ah-255-wh-kg","status":"publish","type":"product","link":"https:\/\/dlcpo.com\/es\/celula-de-bateria-ncm-svolt-vda-137ah-255-wh-kg\/","title":{"rendered":"C\u00e9lula de bater\u00eda prism\u00e1tica NCM de alta densidad SVOLT VDA-137Ah 3,7 V: est\u00e1ndar automotriz de grado A para veh\u00edculos el\u00e9ctricos de alto rendimiento y drones"},"content":{"rendered":"<div class=\"product-description-container\">\n<p>La <strong>c\u00e9lula de bater\u00eda NCM SVOLT VDA-137Ah de 255 Wh\/kg<\/strong> se destaca como una soluci\u00f3n de primera clase con alta densidad energ\u00e9tica en el mercado de litio de primer nivel de 2026. Dise\u00f1ada por SVOLT utilizando una avanzada qu\u00edmica ternaria de n\u00edquel-cobalto-manganeso (NCM), esta celda prism\u00e1tica de alto rendimiento opera a un voltaje nominal m\u00e1s alto de <strong>3,7 V<\/strong>. Es la opci\u00f3n preferida para plataformas de veh\u00edculos el\u00e9ctricos (EV) de gama alta y transporte p\u00fablico de alta ocupaci\u00f3n, donde minimizar el peso y maximizar la autonom\u00eda son requisitos fundamentales.  <\/p>\n<h3>Superioridad t\u00e9cnica: el rey de la densidad volum\u00e9trica<\/h3>\n<ul>\n<li>\ud83c\udc17 <strong>Densidad energ\u00e9tica superior (255 Wh\/kg):<\/strong> La <strong>celda de bater\u00eda NCM SVOLT VDA-137Ah de 255 Wh\/kg<\/strong> almacena casi un 50 % m\u00e1s de energ\u00eda por kilogramo que las celdas LFP est\u00e1ndar. Esto permite a los ingenieros fabricar paquetes de bater\u00edas significativamente m\u00e1s ligeros, lo que mejora directamente tanto la autonom\u00eda del veh\u00edculo como la capacidad de carga \u00fatil para proyectos automotrices de alta gama. <\/li>\n<li>\u26a1 <strong>Nueva potencia est\u00e1ndar de 3C y personalizada de 5C:<\/strong> la l\u00ednea NCM de SVOLT 2026 se ha actualizado para admitir una <strong>tasa de descarga continua de 3C<\/strong>. Para arquitecturas de supercarga de 800 V y aplicaciones de competici\u00f3n, DLCPO ofrece personalizaci\u00f3n profesional para <strong>picos de 4C y 5C<\/strong>, lo que proporciona un par feroz y una r\u00e1pida recuperaci\u00f3n de energ\u00eda. <\/li>\n<li>\ud83c\udffd <strong>Formato industrial est\u00e1ndar VDA (52 x 148 x 112 mm):<\/strong> Fabricada seg\u00fan las dimensiones est\u00e1ndar VDA de la industria automotriz alemana, esta c\u00e9lula de 137 Ah garantiza una compatibilidad perfecta con una amplia gama de m\u00f3dulos para veh\u00edculos el\u00e9ctricos y sistemas de gesti\u00f3n t\u00e9rmica con refrigeraci\u00f3n l\u00edquida ya existentes, lo que simplifica la compleja integraci\u00f3n de sistemas.<\/li>\n<li>\u2744\ufe0f <strong>Rendimiento de \u00e9lite en climas fr\u00edos:<\/strong> La composici\u00f3n qu\u00edmica del NCM ofrece, por naturaleza, una estabilidad superior en la carga y descarga en entornos de bajas temperaturas en comparaci\u00f3n con el LFP. Esta c\u00e9lula garantiza un suministro de energ\u00eda confiable y la conservaci\u00f3n de la autonom\u00eda incluso en condiciones clim\u00e1ticas extremas con temperaturas bajo cero, lo que la hace ideal para su uso en zonas de alta latitud. <\/li>\n<li>\ud83c\udfc6 <strong>Eficiencia a alta tensi\u00f3n (2,5 V &#8211; 4,4 V):<\/strong> Gracias a su amplio rango de tensi\u00f3n de funcionamiento, estas celdas NCM proporcionan una tensi\u00f3n media m\u00e1s alta bajo carga. Esto se traduce en un suministro de energ\u00eda m\u00e1s eficiente a los motores, lo que garantiza una din\u00e1mica de conducci\u00f3n de alto rendimiento constante y una menor p\u00e9rdida de energ\u00eda. <\/li>\n<\/ul>\n<\/div>\n","protected":false},"excerpt":{"rendered":"<p>Compre la c\u00e9lula de bater\u00eda SVOLT VDA-137Ah NCM de 255 Wh\/kg en DLCPO. C\u00e9lula ternaria de alta densidad de 3,7 V, con un est\u00e1ndar de potencia mejorado de 3C y opciones personalizadas de 5C para una ampliaci\u00f3n de autonom\u00eda de primera clase en veh\u00edculos el\u00e9ctricos. <\/p>\n","protected":false},"featured_media":2232,"template":"","meta":{"_acf_changed":false,"_joinchat":[]},"product_brand":[],"product_cat":[1395],"product_tag":[1638,1639,1399,1637,1640],"class_list":{"0":"post-5844","1":"product","2":"type-product","3":"status-publish","4":"has-post-thumbnail","6":"product_cat-svolt","7":"product_tag-255wh-kg-ncm","8":"product_tag-celula-de-potencia-3c","9":"product_tag-dlcpo","10":"product_tag-svolt-vda-137ah","11":"product_tag-vda-estandar-bateria","12":"pa_capacity-137ah","14":"first","15":"instock","16":"shipping-taxable","17":"product-type-simple"},"acf":[],"_links":{"self":[{"href":"https:\/\/dlcpo.com\/es\/wp-json\/wp\/v2\/product\/5844","targetHints":{"allow":["GET"]}}],"collection":[{"href":"https:\/\/dlcpo.com\/es\/wp-json\/wp\/v2\/product"}],"about":[{"href":"https:\/\/dlcpo.com\/es\/wp-json\/wp\/v2\/types\/product"}],"version-history":[{"count":1,"href":"https:\/\/dlcpo.com\/es\/wp-json\/wp\/v2\/product\/5844\/revisions"}],"predecessor-version":[{"id":7335,"href":"https:\/\/dlcpo.com\/es\/wp-json\/wp\/v2\/product\/5844\/revisions\/7335"}],"wp:featuredmedia":[{"embeddable":true,"href":"https:\/\/dlcpo.com\/es\/wp-json\/wp\/v2\/media\/2232"}],"wp:attachment":[{"href":"https:\/\/dlcpo.com\/es\/wp-json\/wp\/v2\/media?parent=5844"}],"wp:term":[{"taxonomy":"product_brand","embeddable":true,"href":"https:\/\/dlcpo.com\/es\/wp-json\/wp\/v2\/product_brand?post=5844"},{"taxonomy":"product_cat","embeddable":true,"href":"https:\/\/dlcpo.com\/es\/wp-json\/wp\/v2\/product_cat?post=5844"},{"taxonomy":"product_tag","embeddable":true,"href":"https:\/\/dlcpo.com\/es\/wp-json\/wp\/v2\/product_tag?post=5844"}],"curies":[{"name":"wp","href":"https:\/\/api.w.org\/{rel}","templated":true}]}}