{"id":5840,"date":"2026-03-10T09:48:21","date_gmt":"2026-03-10T01:48:21","guid":{"rendered":"https:\/\/dlcpo.com\/svolt-vda-117ah-ncm-celda-de-bateria-37-v-22-c\/"},"modified":"2026-04-11T10:47:24","modified_gmt":"2026-04-11T02:47:24","slug":"svolt-vda-117ah-ncm-celda-de-bateria-37-v-22-c","status":"publish","type":"product","link":"https:\/\/dlcpo.com\/es\/svolt-vda-117ah-ncm-celda-de-bateria-37-v-22-c\/","title":{"rendered":"C\u00e9lula de bater\u00eda prism\u00e1tica SVOLT VDA-117Ah de 3,7 V y 117 Ah con composici\u00f3n NCM \u2013 Bater\u00eda de iones de litio de grado A para automoci\u00f3n con 250 Wh\/kg, destinada a veh\u00edculos h\u00edbridos enchufados (PHEV) y paquetes de bater\u00edas de alto rendimiento"},"content":{"rendered":"<div class=\"product-description-container\">\n<p>La <strong>c\u00e9lula de bater\u00eda SVOLT VDA-117Ah NCM de 3,7 V y 2,2 C<\/strong> es una soluci\u00f3n prism\u00e1tica de alto rendimiento y calidad superior basada en la avanzada qu\u00edmica ternaria NCM (n\u00edquel-cobalto-manganeso). Dise\u00f1ada para aplicaciones en las que el peso y el volumen son limitantes, esta celda opera a un voltaje nominal m\u00e1s alto de <strong>3,7 V<\/strong> y ofrece una densidad energ\u00e9tica significativamente mayor (<strong>~250 Wh\/kg<\/strong>) que las celdas LFP est\u00e1ndar. Para 2026, la VDA-117Ah se ha optimizado por completo para cumplir con los requisitos de potencia y autonom\u00eda m\u00e1s exigentes de la movilidad el\u00e9ctrica moderna.  <\/p>\n<h3>Superioridad t\u00e9cnica: La ventaja del NCM de alta densidad<\/h3>\n<ul>\n<li>\ud83d\ude80 <strong>Densidad energ\u00e9tica gravim\u00e9trica superior (250 Wh\/kg): <\/strong> Con un peso pluma de solo <strong>1,73 kg<\/strong> para una capacidad de 117 Ah, la <strong>celda de bater\u00eda SVOLT VDA-117Ah NCM de 3,7 V y 2,2 C<\/strong> alcanza una concentraci\u00f3n de energ\u00eda aproximadamente un 50 % mayor que las celdas LFP comparables. Esto permite fabricar paquetes de bater\u00edas mucho m\u00e1s ligeros y aumentar dr\u00e1sticamente la autonom\u00eda del veh\u00edculo. <\/li>\n<li>\u26a1 <strong>Potencia mejorada de 3C est\u00e1ndar y 5C personalizada:<\/strong> la serie NCM de SVOLT 2026 ahora admite una <strong>tasa de descarga de 3C<\/strong> continua en toda la gama. Para arquitecturas especializadas de carreras o de sobrealimentaci\u00f3n de 800 V, DLCPO ofrece personalizaci\u00f3n profesional para <strong>picos de 4C y 5C<\/strong>, lo que garantiza la entrega de un par m\u00e1ximo y una r\u00e1pida recuperaci\u00f3n de energ\u00eda. <\/li>\n<li>\ud83c\udffd <strong>Precisi\u00f3n estandarizada seg\u00fan VDA (33 x 220 x 105 mm):<\/strong> Estas dimensiones cumplen con las estrictas normas VDA, lo que garantiza un ajuste perfecto \u00ablisto para usar\u00bb en muchos m\u00f3dulos de bater\u00eda y sistemas de gesti\u00f3n t\u00e9rmica de veh\u00edculos el\u00e9ctricos europeos ya existentes. El perfil prism\u00e1tico delgado simplifica la integraci\u00f3n de alta densidad en chasis con espacio limitado. <\/li>\n<li>\u2744\ufe0f <strong>Rendimiento de \u00e9lite en climas fr\u00edos:<\/strong> La qu\u00edmica NCM supera de forma inherente a la LFP en entornos con bajas temperaturas. La bater\u00eda VDA-117Ah garantiza un suministro de energ\u00eda confiable y una eficiencia de carga estable incluso en condiciones geogr\u00e1ficas adversas con temperaturas bajo cero, lo que la convierte en la opci\u00f3n ideal para implementaciones en latitudes y altitudes elevadas. <\/li>\n<li>\ud83e\udc86 <strong>Consistencia de primer nivel para el sector automotriz:<\/strong> Procedentes del inventario de grado A de DLCPO, todas las celdas se someten a rigurosas pruebas automatizadas de apilamiento y consistencia. Esto garantiza una coincidencia de primer nivel en cuanto a voltaje y resistencia interna, lo cual es fundamental para mantener el equilibrio en cadenas en serie de alto voltaje. <\/li>\n<\/ul>\n<\/div>\n","protected":false},"excerpt":{"rendered":"<p>Descubre la c\u00e9lula de bater\u00eda SVOLT VDA-117Ah NCM de 3,7 V y 2,2 C en DLCPO. Alta densidad energ\u00e9tica de 250 Wh\/kg, est\u00e1ndar de potencia mejorado de 3C y opciones personalizadas de 5C para la ampliaci\u00f3n de la autonom\u00eda de veh\u00edculos h\u00edbridos enchufados (PHEV) y el\u00e9ctricos (EV). <\/p>\n","protected":false},"featured_media":2237,"template":"","meta":{"_acf_changed":false,"_joinchat":[]},"product_brand":[],"product_cat":[1395],"product_tag":[1635,1634,1399,1636,1633],"class_list":{"0":"post-5840","1":"product","2":"type-product","3":"status-publish","4":"has-post-thumbnail","6":"product_cat-svolt","7":"product_tag-3c-alimentacion-bateria","8":"product_tag-celula-prismatica-no-capacitiva","9":"product_tag-dlcpo","10":"product_tag-phev-bateria-actualizacion","11":"product_tag-svolt-vda-117ah","12":"pa_capacity-117ah","14":"first","15":"instock","16":"shipping-taxable","17":"product-type-simple"},"acf":[],"_links":{"self":[{"href":"https:\/\/dlcpo.com\/es\/wp-json\/wp\/v2\/product\/5840","targetHints":{"allow":["GET"]}}],"collection":[{"href":"https:\/\/dlcpo.com\/es\/wp-json\/wp\/v2\/product"}],"about":[{"href":"https:\/\/dlcpo.com\/es\/wp-json\/wp\/v2\/types\/product"}],"version-history":[{"count":1,"href":"https:\/\/dlcpo.com\/es\/wp-json\/wp\/v2\/product\/5840\/revisions"}],"predecessor-version":[{"id":7333,"href":"https:\/\/dlcpo.com\/es\/wp-json\/wp\/v2\/product\/5840\/revisions\/7333"}],"wp:featuredmedia":[{"embeddable":true,"href":"https:\/\/dlcpo.com\/es\/wp-json\/wp\/v2\/media\/2237"}],"wp:attachment":[{"href":"https:\/\/dlcpo.com\/es\/wp-json\/wp\/v2\/media?parent=5840"}],"wp:term":[{"taxonomy":"product_brand","embeddable":true,"href":"https:\/\/dlcpo.com\/es\/wp-json\/wp\/v2\/product_brand?post=5840"},{"taxonomy":"product_cat","embeddable":true,"href":"https:\/\/dlcpo.com\/es\/wp-json\/wp\/v2\/product_cat?post=5840"},{"taxonomy":"product_tag","embeddable":true,"href":"https:\/\/dlcpo.com\/es\/wp-json\/wp\/v2\/product_tag?post=5840"}],"curies":[{"name":"wp","href":"https:\/\/api.w.org\/{rel}","templated":true}]}}