{"id":5834,"date":"2026-03-10T10:45:49","date_gmt":"2026-03-10T02:45:49","guid":{"rendered":"https:\/\/dlcpo.com\/svolt-ixr21700-4400mah-li-nmc-celula-de-bateria-cilindrica\/"},"modified":"2026-04-21T21:29:53","modified_gmt":"2026-04-21T13:29:53","slug":"svolt-ixr21700-4400mah-li-nmc-celula-de-bateria-cilindrica","status":"publish","type":"product","link":"https:\/\/dlcpo.com\/es\/svolt-ixr21700-4400mah-li-nmc-celula-de-bateria-cilindrica\/","title":{"rendered":"C\u00e9lula de bater\u00eda cil\u00edndrica SVOLT IXR21700-4400mAh 3,6 V Li-NMC: soluci\u00f3n de alta capacidad de grado A para bicicletas el\u00e9ctricas y herramientas el\u00e9ctricas"},"content":{"rendered":"<div class=\"product-description-container\">\n<p>La <strong>c\u00e9lula de bater\u00eda cil\u00edndrica SVOLT IXR21700-4400mAh Li-NMC<\/strong> es una soluci\u00f3n energ\u00e9tica de primera calidad dise\u00f1ada para superar los l\u00edmites de la densidad de potencia. Fabricada por SVOLT, una empresa pionera de primer nivel en tecnolog\u00eda de litio de alta velocidad, esta c\u00e9lula utiliza el avanzado <strong>formato 21700<\/strong> para ofrecer una mejora significativa en la capacidad con respecto a las c\u00e9lulas tradicionales. Es la opci\u00f3n preferida por los ingenieros que dise\u00f1an paquetes de bater\u00edas de alta densidad energ\u00e9tica para los mercados de movilidad el\u00e9ctrica de Europa y Norteam\u00e9rica.  <\/p>\n<h3>Ventajas t\u00e9cnicas clave: el est\u00e1ndar de alta capacidad<\/h3>\n<ul>\n<li>\u26a1 <strong>Enorme capacidad de 4400 mAh:<\/strong> Con casi el doble de densidad energ\u00e9tica que las celdas 18650 est\u00e1ndar de 2500 mAh, la <strong>celdas cil\u00edndricas de litio-NMC SVOLT IXR21700-4400mAh<\/strong> te permite alcanzar la capacidad deseada del paquete con menos unidades. Esto reduce la complejidad de la soldadura por puntos, minimiza los puntos de falla y reduce el peso total del paquete para aplicaciones port\u00e1tiles. <\/li>\n<li>\u26a1 <strong>Baja resistencia interna (\u2264 20 m\u03a9):<\/strong> Optimizada para la eficiencia, la baja impedancia de CA garantiza un suministro de energ\u00eda robusto con una generaci\u00f3n m\u00ednima de calor. Esta estabilidad t\u00e9rmica es crucial para un rendimiento sostenido en situaciones de alta exigencia, como las bicicletas el\u00e9ctricas de monta\u00f1a (e-MTB) de nivel profesional y las herramientas el\u00e9ctricas de uso intensivo. <\/li>\n<li>\u26a1 <strong>Dimensiones de precisi\u00f3n estandarizadas:<\/strong> Dise\u00f1ada con un di\u00e1metro preciso de <strong>21,6 \u00b1 0,2 mm<\/strong> y una altura de <strong>71,2 \u00b1 0,2 mm<\/strong>, esta c\u00e9lula garantiza un ajuste mec\u00e1nico perfecto en soportes y espaciadores 21700 estandarizados, lo que simplifica el proceso de ensamblaje industrial.<\/li>\n<li>\u26a1 <strong>Composici\u00f3n qu\u00edmica de litio-NMC de primer nivel:<\/strong> Gracias a una mezcla estable de n\u00edquel, manganeso y cobalto, esta c\u00e9lula ofrece un equilibrio excepcional entre alto voltaje, gran capacidad y estabilidad de ciclo a largo plazo, lo que garantiza una vida \u00fatil m\u00e1s prolongada para los dispositivos electr\u00f3nicos de consumo de alto valor y los veh\u00edculos.<\/li>\n<li>\u26a1 <strong>Consistencia de \u00e9lite de DLCPO:<\/strong> Procedentes directamente de las l\u00edneas de producci\u00f3n automatizadas de primer nivel de SVOLT, todas las celdas garantizan una consistencia de \u00e9lite en cuanto a voltaje y resistencia interna, algo esencial para mantener el equilibrio de las cadenas en configuraciones en serie y en paralelo a gran escala.<\/li>\n<\/ul>\n<\/div>\n","protected":false},"excerpt":{"rendered":"<p>Descubre la c\u00e9lula de bater\u00eda cil\u00edndrica de Li-NMC SVOLT IXR21700-4400mAh en DLCPO. 4400 mAh alta capacidad, \u2264<span class=\"math-inline\" data-math=\"\\le 20\\text{ m}\\Omega\" data-index-in-node=\"129\">20 m\u03a9<\/span> baja resistencia, y 21700 de dimensiones precisas para bicicletas el\u00e9ctricas y herramientas. <\/p>\n","protected":false},"featured_media":2247,"template":"","meta":{"_acf_changed":false,"_joinchat":[]},"product_brand":[],"product_cat":[1395],"product_tag":[1627,1628,1399,1626,1625],"class_list":{"0":"post-5834","1":"product","2":"type-product","3":"status-publish","4":"has-post-thumbnail","6":"product_cat-svolt","7":"product_tag-4400-mah-nmc","8":"product_tag-alimentacion-herramienta-bateria","9":"product_tag-dlcpo","10":"product_tag-ixr21700","11":"product_tag-svolt-21700","12":"pa_capacity-4400mah","14":"first","15":"instock","16":"shipping-taxable","17":"product-type-simple"},"acf":[],"_links":{"self":[{"href":"https:\/\/dlcpo.com\/es\/wp-json\/wp\/v2\/product\/5834","targetHints":{"allow":["GET"]}}],"collection":[{"href":"https:\/\/dlcpo.com\/es\/wp-json\/wp\/v2\/product"}],"about":[{"href":"https:\/\/dlcpo.com\/es\/wp-json\/wp\/v2\/types\/product"}],"version-history":[{"count":1,"href":"https:\/\/dlcpo.com\/es\/wp-json\/wp\/v2\/product\/5834\/revisions"}],"predecessor-version":[{"id":7329,"href":"https:\/\/dlcpo.com\/es\/wp-json\/wp\/v2\/product\/5834\/revisions\/7329"}],"wp:featuredmedia":[{"embeddable":true,"href":"https:\/\/dlcpo.com\/es\/wp-json\/wp\/v2\/media\/2247"}],"wp:attachment":[{"href":"https:\/\/dlcpo.com\/es\/wp-json\/wp\/v2\/media?parent=5834"}],"wp:term":[{"taxonomy":"product_brand","embeddable":true,"href":"https:\/\/dlcpo.com\/es\/wp-json\/wp\/v2\/product_brand?post=5834"},{"taxonomy":"product_cat","embeddable":true,"href":"https:\/\/dlcpo.com\/es\/wp-json\/wp\/v2\/product_cat?post=5834"},{"taxonomy":"product_tag","embeddable":true,"href":"https:\/\/dlcpo.com\/es\/wp-json\/wp\/v2\/product_tag?post=5834"}],"curies":[{"name":"wp","href":"https:\/\/api.w.org\/{rel}","templated":true}]}}