{"id":5831,"date":"2026-03-10T12:05:21","date_gmt":"2026-03-10T04:05:21","guid":{"rendered":"https:\/\/dlcpo.com\/svolt-l500-325ah-celula-de-bateria-lifepo4-2-2c-potencia\/"},"modified":"2026-04-21T21:29:52","modified_gmt":"2026-04-21T13:29:52","slug":"svolt-l500-325ah-celula-de-bateria-lifepo4-2-2c-potencia","status":"publish","type":"product","link":"https:\/\/dlcpo.com\/es\/svolt-l500-325ah-celula-de-bateria-lifepo4-2-2c-potencia\/","title":{"rendered":"C\u00e9lula de bater\u00eda SVOLT L500-325Ah de 3,2 V y 325 Ah, LiFePO4 de alta potencia y grado A \u2013 | Grado de tracci\u00f3n de alta tasa de descarga 3C para la aceleraci\u00f3n de veh\u00edculos el\u00e9ctricos y la tracci\u00f3n industrial"},"content":{"rendered":"<div class=\"product-description-container\">\n<p>La <strong>c\u00e9lula de bater\u00eda SVOLT L500-325Ah LiFePO4 con potencia de 2,2 C<\/strong> es una maravilla tecnol\u00f3gica dise\u00f1ada espec\u00edficamente para el segmento de alto rendimiento del mercado energ\u00e9tico de 2026. Aunque utiliza el mismo formato f\u00edsico (<strong>26 x 500 x 215 mm<\/strong>) que las celdas de almacenamiento est\u00e1ndar, cuenta con una arquitectura interna completamente diferente. Fabricada por SVOLT utilizando tecnolog\u00eda avanzada de apilamiento de alta velocidad, esta celda est\u00e1 optimizada para un suministro de alta corriente y una menor resistencia t\u00e9rmica, lo que la convierte en la opci\u00f3n preferida para la tracci\u00f3n y la propulsi\u00f3n de servicio pesado.  <\/p>\n<h3>Key Performance Advantages: Power Meets Massive Capacity<\/h3>\n<ul>\n<li>\u26a1 <strong>Nuevo est\u00e1ndar 3C y personalizaci\u00f3n 5C:<\/strong> la <strong>celda de bater\u00eda LiFePO4 SVOLT L500-325Ah con potencia de 2,2C<\/strong> ahora admite una <strong>descarga continua constante de 3C (975 A)<\/strong>. Para carreras especializadas o trabajos industriales de gran esfuerzo, DLCPO ofrece opciones personalizadas de picos de 4C y 5C (1625 A) para garantizar el m\u00e1ximo par sin ca\u00eddas de voltaje. <\/li>\n<li>\u26a1 <strong>Arquitectura centrada en la potencia (frente al almacenamiento):<\/strong> A diferencia de la versi\u00f3n de almacenamiento de 350 Ah, dise\u00f1ada para una descarga lenta de 0,5 C, la c\u00e9lula de potencia de 325 Ah est\u00e1 dise\u00f1ada para el sprint. Esta optimizaci\u00f3n interna proporciona los enormes picos de corriente necesarios para la aceleraci\u00f3n r\u00e1pida de los veh\u00edculos el\u00e9ctricos y los ciclos de potencia industriales de alta demanda. <\/li>\n<li>\u26a1 <strong>Resistencia interna hist\u00f3ricamente baja (\u2264 0,20 m\u03a9):<\/strong> Para soportar un flujo de corriente extremo sin sobrecalentarse, esta celda cuenta con una resistencia interna hist\u00f3ricamente baja de <strong>\u2264 0,20 m\u03a9<\/strong>. Esta ingenier\u00eda de precisi\u00f3n minimiza la generaci\u00f3n de calor durante la carga r\u00e1pida a 800 V y los pulsos de alta descarga, lo que prolonga la vida \u00fatil del paquete de bater\u00edas. <\/li>\n<li>\u26a1 <strong>M\u00e1s de 6.500 ciclos de alto rendimiento:<\/strong> La optimizaci\u00f3n para una alta potencia conlleva un equilibrio entre prestaciones y duraci\u00f3n. La bater\u00eda de 325 Ah ofrece unos respetables <strong>m\u00e1s de 6.500 ciclos<\/strong> a altas tasas de descarga, lo cual es excepcional para aplicaciones de tracci\u00f3n y veh\u00edculos el\u00e9ctricos, garantizando un rendimiento confiable durante m\u00e1s de una d\u00e9cada de uso intensivo. <\/li>\n<li>\u26a1 <strong>Consistencia industrial de primer nivel:<\/strong> Todas las celdas de 325 Ah suministradas a trav\u00e9s de DLCPO son de grado A y se benefician de las l\u00edneas automatizadas de primer nivel de SVOLT. Esto garantiza una sincronizaci\u00f3n de primer nivel en cuanto a voltaje y capacidad, un requisito fundamental para mantener el equilibrio de las celdas en cadenas de bater\u00edas de tracci\u00f3n de varios megavatios. <\/li>\n<\/ul>\n<\/div>\n","protected":false},"excerpt":{"rendered":"<p>Descubre la c\u00e9lula de bater\u00eda SVOLT L500-325Ah LiFePO4 con una potencia de 2,2 C en DLCPO. Actualizada con una descarga continua de 3 C, impedancia ultrabaja y m\u00e1s de 6.500 ciclos para una tracci\u00f3n de alto rendimiento en veh\u00edculos el\u00e9ctricos. <\/p>\n","protected":false},"featured_media":2251,"template":"","meta":{"_acf_changed":false,"_joinchat":[]},"product_brand":[],"product_cat":[1395],"product_tag":[1623,1620,1399,1622,1624],"class_list":{"0":"post-5831","1":"product","2":"type-product","3":"status-publish","4":"has-post-thumbnail","6":"product_cat-svolt","7":"product_tag-325-ah-potencia-celula","8":"product_tag-3c-lfp-celula","9":"product_tag-dlcpo","10":"product_tag-svolt-l500","11":"product_tag-traccion-bateria","12":"pa_capacity-325ah","14":"first","15":"instock","16":"shipping-taxable","17":"product-type-simple"},"acf":[],"_links":{"self":[{"href":"https:\/\/dlcpo.com\/es\/wp-json\/wp\/v2\/product\/5831","targetHints":{"allow":["GET"]}}],"collection":[{"href":"https:\/\/dlcpo.com\/es\/wp-json\/wp\/v2\/product"}],"about":[{"href":"https:\/\/dlcpo.com\/es\/wp-json\/wp\/v2\/types\/product"}],"version-history":[{"count":1,"href":"https:\/\/dlcpo.com\/es\/wp-json\/wp\/v2\/product\/5831\/revisions"}],"predecessor-version":[{"id":7327,"href":"https:\/\/dlcpo.com\/es\/wp-json\/wp\/v2\/product\/5831\/revisions\/7327"}],"wp:featuredmedia":[{"embeddable":true,"href":"https:\/\/dlcpo.com\/es\/wp-json\/wp\/v2\/media\/2251"}],"wp:attachment":[{"href":"https:\/\/dlcpo.com\/es\/wp-json\/wp\/v2\/media?parent=5831"}],"wp:term":[{"taxonomy":"product_brand","embeddable":true,"href":"https:\/\/dlcpo.com\/es\/wp-json\/wp\/v2\/product_brand?post=5831"},{"taxonomy":"product_cat","embeddable":true,"href":"https:\/\/dlcpo.com\/es\/wp-json\/wp\/v2\/product_cat?post=5831"},{"taxonomy":"product_tag","embeddable":true,"href":"https:\/\/dlcpo.com\/es\/wp-json\/wp\/v2\/product_tag?post=5831"}],"curies":[{"name":"wp","href":"https:\/\/api.w.org\/{rel}","templated":true}]}}