{"id":5822,"date":"2026-03-10T12:59:22","date_gmt":"2026-03-10T04:59:22","guid":{"rendered":"https:\/\/dlcpo.com\/svolt-196ah-lifepo4-celula-de-bateria-blade-2-2c-potencia\/"},"modified":"2026-04-21T21:29:46","modified_gmt":"2026-04-21T13:29:46","slug":"svolt-196ah-lifepo4-celula-de-bateria-blade-2-2c-potencia","status":"publish","type":"product","link":"https:\/\/dlcpo.com\/es\/svolt-196ah-lifepo4-celula-de-bateria-blade-2-2c-potencia\/","title":{"rendered":"C\u00e9lula de bater\u00eda SVOLT de 196 Ah y 3,2 V de LiFePO4 de grado A con dise\u00f1o tipo \u00abblade\u00bb \u2013 Alta tasa de descarga de 3C (personalizable hasta 5C) para veh\u00edculos el\u00e9ctricos de 800 V y sistemas de almacenamiento de energ\u00eda (ESS) de alta densidad"},"content":{"rendered":"<div class=\"product-description-container\">\n<p>La <strong>c\u00e9lula de bater\u00eda SVOLT Blade de 196 Ah LiFePO4 con potencia de 2,2 C<\/strong> se ha convertido en un referente de alta potencia para 2026. Esta potente c\u00e9lula ahora admite <strong>una descarga continua de 3C<\/strong> en toda la l\u00ednea SVOLT, con personalizaci\u00f3n profesional disponible para <strong>aplicaciones de potencia ultraalta de 4C y 5C<\/strong>. Esta unidad estructural es el puente definitivo entre la enorme capacidad energ\u00e9tica y las agresivas velocidades de carga que requiere la movilidad el\u00e9ctrica de pr\u00f3xima generaci\u00f3n.  <\/p>\n<h3>Caracter\u00edsticas destacadas de rendimiento avanzado: La revoluci\u00f3n de la carga r\u00e1pida 3C-5C<\/h3>\n<ul>\n<li>\u26a1 <strong>Nuevo est\u00e1ndar 3C y personalizaci\u00f3n 5C:<\/strong> La <strong>celda de bater\u00eda SVOLT 196Ah LiFePO4 Blade de 2.2C de potencia<\/strong> establece ahora un nuevo punto de referencia con una <strong>descarga continua constante de 3C (588A)<\/strong>. Para necesidades industriales de alta resistencia o de competici\u00f3n, DLCPO ofrece soluciones a medida para <strong>picos de 4C y 5C (980 A)<\/strong>, proporcionando una potencia feroz sin inestabilidad t\u00e9rmica. <\/li>\n<li>\u26a1 <strong>Optimizada para arquitecturas de Supercharge de 800 V:<\/strong> Dise\u00f1ada espec\u00edficamente para las \u00faltimas plataformas de veh\u00edculos el\u00e9ctricos de 400 V y 800 V, esta celda minimiza el tiempo de inactividad durante la carga. Su impedancia interna ultrabaja (<strong>\u2264 0,45 m\u03a9<\/strong>) garantiza una transferencia de energ\u00eda de alta eficiencia y una generaci\u00f3n de calor m\u00ednima, incluso en situaciones extremas de pulsos de 5 \u00b0C. <\/li>\n<li>\u26a1 <strong>Fiabilidad extrema en cualquier condici\u00f3n clim\u00e1tica (-30 \u00b0C):<\/strong> Dise\u00f1ada para garantizar la resiliencia de las infraestructuras geogr\u00e1ficas a nivel mundial, esta c\u00e9lula mantiene un amplio rango de descarga hasta <strong>-30 \u00b0C<\/strong>. Ya sea en los g\u00e9lidos inviernos o en los picos de alta demanda del verano, la composici\u00f3n qu\u00edmica mejorada garantiza que su sistema se ponga en marcha y funcione con la misma confianza de nivel 3C. <\/li>\n<li>\u26a1 <strong>Integridad estructural de la \u00abBlade\u00bb:<\/strong> El perfil \u00abBlade\u00bb de 21,5 mm ofrece una rigidez estructural superior y act\u00faa como un componente reforzado del paquete de bater\u00edas. Este dise\u00f1o delgado y alargado maximiza la densidad energ\u00e9tica volum\u00e9trica, lo que permite un centro de gravedad m\u00e1s bajo y una refrigeraci\u00f3n optimizada para operaciones de alta intensidad. <\/li>\n<li>\u26a1 <strong>Tradici\u00f3n en la carga r\u00e1pida de primer nivel:<\/strong> Todas las celdas de 196 Ah suministradas a trav\u00e9s de DLCPO son de grado A y se benefician de la tecnolog\u00eda de apilamiento de alta velocidad de SVOLT, reconocida a nivel mundial. Esta consistencia de grado automotriz es fundamental para mantener el equilibrio de las celdas en las cadenas en serie de 800 V durante la recarga r\u00e1pida de energ\u00eda. <\/li>\n<\/ul>\n<\/div>\n","protected":false},"excerpt":{"rendered":"<p>Descubre la c\u00e9lula de bater\u00eda tipo \u00abblade\u00bb SVOLT de 196 Ah LiFePO4 con una potencia de 2,2 C en DLCPO. Ahora mejorada a una descarga continua de 3 C, con opciones personalizadas de 4 C y 5 C. Ideal para sistemas de veh\u00edculos el\u00e9ctricos con carga ultrarr\u00e1pida de 800 V.  <\/p>\n","protected":false},"featured_media":2263,"template":"","meta":{"_acf_changed":false,"_joinchat":[]},"product_brand":[],"product_cat":[1395],"product_tag":[1611,1612,1399,1613,1610],"class_list":{"0":"post-5822","1":"product","2":"type-product","3":"status-publish","4":"has-post-thumbnail","6":"product_cat-svolt","7":"product_tag-3c-hoja-celula","8":"product_tag-5c-potencia-lfp","9":"product_tag-dlcpo","10":"product_tag-sistema-para-vehiculos-electricos-de-800-v","11":"product_tag-svolt-196ah","12":"pa_capacity-196ah","14":"first","15":"instock","16":"shipping-taxable","17":"product-type-simple"},"acf":[],"_links":{"self":[{"href":"https:\/\/dlcpo.com\/es\/wp-json\/wp\/v2\/product\/5822","targetHints":{"allow":["GET"]}}],"collection":[{"href":"https:\/\/dlcpo.com\/es\/wp-json\/wp\/v2\/product"}],"about":[{"href":"https:\/\/dlcpo.com\/es\/wp-json\/wp\/v2\/types\/product"}],"version-history":[{"count":1,"href":"https:\/\/dlcpo.com\/es\/wp-json\/wp\/v2\/product\/5822\/revisions"}],"predecessor-version":[{"id":7320,"href":"https:\/\/dlcpo.com\/es\/wp-json\/wp\/v2\/product\/5822\/revisions\/7320"}],"wp:featuredmedia":[{"embeddable":true,"href":"https:\/\/dlcpo.com\/es\/wp-json\/wp\/v2\/media\/2263"}],"wp:attachment":[{"href":"https:\/\/dlcpo.com\/es\/wp-json\/wp\/v2\/media?parent=5822"}],"wp:term":[{"taxonomy":"product_brand","embeddable":true,"href":"https:\/\/dlcpo.com\/es\/wp-json\/wp\/v2\/product_brand?post=5822"},{"taxonomy":"product_cat","embeddable":true,"href":"https:\/\/dlcpo.com\/es\/wp-json\/wp\/v2\/product_cat?post=5822"},{"taxonomy":"product_tag","embeddable":true,"href":"https:\/\/dlcpo.com\/es\/wp-json\/wp\/v2\/product_tag?post=5822"}],"curies":[{"name":"wp","href":"https:\/\/api.w.org\/{rel}","templated":true}]}}