{"id":5819,"date":"2026-03-10T13:23:52","date_gmt":"2026-03-10T05:23:52","guid":{"rendered":"https:\/\/dlcpo.com\/celula-de-bateria-lifepo%e2%82%84-catl-280ah-12-000-ciclos-prismatica-grado-a\/"},"modified":"2026-04-11T10:47:12","modified_gmt":"2026-04-11T02:47:12","slug":"celula-de-bateria-lifepo%e2%82%84-catl-280ah-12-000-ciclos-prismatica-grado-a","status":"publish","type":"product","link":"https:\/\/dlcpo.com\/es\/celula-de-bateria-lifepo%e2%82%84-catl-280ah-12-000-ciclos-prismatica-grado-a\/","title":{"rendered":"CATL 280Ah 3.2V LiFePO4 Prismatic Battery Cell \u2013 Grade A 12,000+ Cycles for Solar &amp; Utility-Scale ESS"},"content":{"rendered":"<div class=\"product-description-container\">\n<p>La <strong>c\u00e9lula de bater\u00eda LiFePO4 de 280 Ah de CATL, con 12 000 ciclos y grado prism\u00e1tico A<\/strong> es ampliamente reconocida como el est\u00e1ndar definitivo del sector para el almacenamiento de energ\u00eda a gran escala. Fabricada por CATL, l\u00edder mundial en tecnolog\u00eda de litio, esta celda ofrece una enorme capacidad de 280 Ah y una vida \u00fatil sin precedentes de <strong>m\u00e1s de 12 000 ciclos<\/strong>. Est\u00e1 dise\u00f1ada espec\u00edficamente para profesionales que exigen el menor costo nivelado de almacenamiento (LCOS) y el m\u00e1ximo tiempo de actividad del sistema.  <\/p>\n<h3>Principales aspectos t\u00e9cnicos: El ESS de referencia a nivel mundial<\/h3>\n<ul>\n<li>\u26a1 <strong>Longevidad extrema (m\u00e1s de 12 000 ciclos):<\/strong> Dise\u00f1ada para ofrecer una durabilidad extrema, la <strong>celda de bater\u00eda CATL de 280 Ah LiFePO4, 12 000 ciclos, prism\u00e1tica, grado A<\/strong> puede durar m\u00e1s de 30 a\u00f1os en condiciones normales de funcionamiento. Esta vida \u00fatil excepcional garantiza que su inversi\u00f3n en energ\u00eda genere valor durante d\u00e9cadas. <\/li>\n<li>\u26a1 <strong>Alta eficiencia de salida de potencia:<\/strong> Admite una tasa de carga y descarga constante de <strong>1C continua<\/strong>, con capacidades de corriente m\u00e1xima de hasta <strong>3C<\/strong>. Esto lo hace ideal para proyectos industriales, comerciales y residenciales fuera de la red con cargas elevadas, en los que la fiabilidad es fundamental. <\/li>\n<li>\u26a1 <strong>Carcasa prism\u00e1tica de aluminio:<\/strong> La est\u00e1ndar <strong>174 \u00d7 72 \u00d7 207 mm<\/strong> prism\u00e1tica de aluminio proporciona una integridad estructural superior. Ofrece una excelente disipaci\u00f3n del calor y un alto nivel mec\u00e1nica protecci\u00f3n contra vibraciones e impactos en bater\u00edas densas. <\/li>\n<li>\u26a1 <strong>Dise\u00f1o listo para el montaje directo:<\/strong> Todas las celdas suministradas a trav\u00e9s de DLCPO vienen equipadas con <strong>pernos M6<\/strong> de alta calidad (disponibles en configuraciones con soldadura l\u00e1ser o con orificios roscados) y barras colectoras. Este dise\u00f1o \u00ablisto para montar\u00bb simplifica significativamente la construcci\u00f3n de bancos de bater\u00edas modulares de 12 V, 24 V o 48 V. <\/li>\n<li>\u26a1 <strong>Consistencia de grado A de nivel 1:<\/strong> Cada celda de 280 Ah se somete a rigurosas pruebas de consistencia en cuanto a voltaje y resistencia interna. Esta calidad de grado automotriz garantiza que las grandes cadenas de bater\u00edas se mantengan equilibradas, lo que maximiza la seguridad y la eficiencia de todo su sistema de almacenamiento. <\/li>\n<\/ul>\n<\/div>\n","protected":false},"excerpt":{"rendered":"<p>Descubre en DLCPO la c\u00e9lula de bater\u00eda LiFePO4 CATL de 280 Ah, grado A, prism\u00e1tica y con 12 000 ciclos. Es el est\u00e1ndar del sector para sistemas de almacenamiento de energ\u00eda (ESS) a gran escala, con potencia continua de 1C y pernos M6 listos para el montaje. <\/p>\n","protected":false},"featured_media":2269,"template":"","meta":{"_acf_changed":false,"_joinchat":[]},"product_brand":[],"product_cat":[1385],"product_tag":[1608,1607,1399,1609,1600],"class_list":{"0":"post-5819","1":"product","2":"type-product","3":"status-publish","4":"has-post-thumbnail","6":"product_cat-catl","7":"product_tag-12-000-ciclos-lfp","8":"product_tag-catl-280ah","9":"product_tag-dlcpo","10":"product_tag-energia-almacenamiento-celula","11":"product_tag-prismatico-grado-a","12":"pa_capacity-280ah","14":"first","15":"instock","16":"shipping-taxable","17":"product-type-simple"},"acf":[],"_links":{"self":[{"href":"https:\/\/dlcpo.com\/es\/wp-json\/wp\/v2\/product\/5819","targetHints":{"allow":["GET"]}}],"collection":[{"href":"https:\/\/dlcpo.com\/es\/wp-json\/wp\/v2\/product"}],"about":[{"href":"https:\/\/dlcpo.com\/es\/wp-json\/wp\/v2\/types\/product"}],"version-history":[{"count":1,"href":"https:\/\/dlcpo.com\/es\/wp-json\/wp\/v2\/product\/5819\/revisions"}],"predecessor-version":[{"id":7318,"href":"https:\/\/dlcpo.com\/es\/wp-json\/wp\/v2\/product\/5819\/revisions\/7318"}],"wp:featuredmedia":[{"embeddable":true,"href":"https:\/\/dlcpo.com\/es\/wp-json\/wp\/v2\/media\/2269"}],"wp:attachment":[{"href":"https:\/\/dlcpo.com\/es\/wp-json\/wp\/v2\/media?parent=5819"}],"wp:term":[{"taxonomy":"product_brand","embeddable":true,"href":"https:\/\/dlcpo.com\/es\/wp-json\/wp\/v2\/product_brand?post=5819"},{"taxonomy":"product_cat","embeddable":true,"href":"https:\/\/dlcpo.com\/es\/wp-json\/wp\/v2\/product_cat?post=5819"},{"taxonomy":"product_tag","embeddable":true,"href":"https:\/\/dlcpo.com\/es\/wp-json\/wp\/v2\/product_tag?post=5819"}],"curies":[{"name":"wp","href":"https:\/\/api.w.org\/{rel}","templated":true}]}}