{"id":5798,"date":"2026-03-10T18:16:18","date_gmt":"2026-03-10T10:16:18","guid":{"rendered":"https:\/\/dlcpo.com\/catl-228ah-celula-de-bateria-lifepo4-prismatica-grado-a\/"},"modified":"2026-04-11T10:47:10","modified_gmt":"2026-04-11T02:47:10","slug":"catl-228ah-celula-de-bateria-lifepo4-prismatica-grado-a","status":"publish","type":"product","link":"https:\/\/dlcpo.com\/es\/catl-228ah-celula-de-bateria-lifepo4-prismatica-grado-a\/","title":{"rendered":"C\u00e9lula de bater\u00eda prism\u00e1tica LiFePO4 CATL de 228 Ah y 3,2 V, grado A \u2013 Alta densidad, m\u00e1s de 4000 ciclos \u2013 LFP original para veh\u00edculos el\u00e9ctricos comerciales y sistemas de almacenamiento solar para servicios p\u00fablicos"},"content":{"rendered":"<div class=\"product-description-container\">\n<p>La <strong>c\u00e9lula de bater\u00eda LiFePO4 CATL de 228 Ah, tipo prism\u00e1tico, grado A<\/strong> es una soluci\u00f3n energ\u00e9tica de primera calidad que supone una mejora tecnol\u00f3gica significativa en cuanto a densidad energ\u00e9tica volum\u00e9trica. Fabricada por CATL, l\u00edder mundial de primer nivel en tecnolog\u00eda de litio, este modelo ofrece una capacidad sustancial de 228 Ah en un tama\u00f1o de marco VDA est\u00e1ndar que se utiliza normalmente para celdas de 202 Ah. Esta ingenier\u00eda de precisi\u00f3n permite obtener m\u00e1s potencia en el mismo espacio f\u00edsico, lo que la convierte en la opci\u00f3n definitiva para sistemas de bater\u00edas modulares de alta densidad.  <\/p>\n<h3>Ventajas clave de rendimiento: El especialista en aprovechamiento del espacio<\/h3>\n<ul>\n<li>\ud83d\udcd0 <strong>Mayor capacidad, mismo tama\u00f1o:<\/strong> Con un perfil delgado de <strong>53,7 mm de grosor<\/strong>, la <strong>celda de bater\u00eda CATL 228Ah LiFePO4 prism\u00e1tica de grado A<\/strong> ofrece aproximadamente un 13-15 % m\u00e1s de almacenamiento de energ\u00eda en comparaci\u00f3n con las celdas tradicionales de 202Ah. Es la actualizaci\u00f3n perfecta para los dise\u00f1os de cajas de bater\u00edas existentes. <\/li>\n<li>\ud83d\udcc9 <strong>Resistencia interna ultrabaja:<\/strong> Con una resistencia interna excepcionalmente baja de tan solo <strong>0,22 \u00b1 0,05 m\u03a9<\/strong>, esta celda es altamente eficiente. Genera un calor m\u00ednimo incluso durante ciclos de carga r\u00e1pida de 1C y de descarga de alta corriente, lo que garantiza la estabilidad del sistema. <\/li>\n<li>\u23f3 <strong>Durabilidad de nivel comercial:<\/strong> Dise\u00f1adas para ofrecer una durabilidad extrema, estas celdas soportan <strong>m\u00e1s de 4,000 ciclos con un 80 % de profundidad de descarga (DOD)<\/strong>. Esto se traduce en m\u00e1s de 10 a\u00f1os de uso diario en entornos exigentes, como los sistemas solares aut\u00f3nomos y la movilidad el\u00e9ctrica. <\/li>\n<li>\ud83d\udfcf\ufffd\ufe0f <strong>Arquitectura VDA estandarizada:<\/strong> Al utilizar las dimensiones VDA est\u00e1ndar del sector, este modelo de 228 Ah simplifica la gesti\u00f3n de la cadena de suministro y el montaje modular. Su carcasa prism\u00e1tica de aluminio ofrece una gran integridad estructural y una disipaci\u00f3n t\u00e9rmica superior. <\/li>\n<li>\ud83c\udfc5 <strong>Calidad automotriz de primer nivel:<\/strong> Procedentes de las l\u00edneas de producci\u00f3n automatizadas de primer nivel de CATL, todas las celdas ofrecen una consistencia de primer nivel en cuanto a voltaje y capacidad. Esta calidad de grado A es fundamental para mantener el equilibrio a largo plazo en las cadenas de bater\u00edas multicelulares para veh\u00edculos recreativos, yates y sistemas de almacenamiento de energ\u00eda m\u00f3viles (ESS). <\/li>\n<\/ul>\n<\/div>\n","protected":false},"excerpt":{"rendered":"<p>Compre la c\u00e9lula de bater\u00eda prism\u00e1tica LiFePO4 CATL de 228 Ah y grado A en DLCPO. Cuenta con un formato VDA est\u00e1ndar, una resistencia ultrabaja de 0,22 m\u03a9 y m\u00e1s de 4000 ciclos. Ideal para actualizaciones de sistemas de almacenamiento de energ\u00eda (ESS) compactos.  <\/p>\n","protected":false},"featured_media":2299,"template":"","meta":{"_acf_changed":false,"_joinchat":[]},"product_brand":[],"product_cat":[1385],"product_tag":[1587,1586,1399,1490,1585],"class_list":{"0":"post-5798","1":"product","2":"type-product","3":"status-publish","4":"has-post-thumbnail","6":"product_cat-catl","7":"product_tag-bateria-de-grado-a-bateria","8":"product_tag-catl-228ah","9":"product_tag-dlcpo","10":"product_tag-lfp-prismatico","11":"product_tag-vda-norma","12":"pa_capacity-228ah","14":"first","15":"instock","16":"shipping-taxable","17":"product-type-simple"},"acf":[],"_links":{"self":[{"href":"https:\/\/dlcpo.com\/es\/wp-json\/wp\/v2\/product\/5798","targetHints":{"allow":["GET"]}}],"collection":[{"href":"https:\/\/dlcpo.com\/es\/wp-json\/wp\/v2\/product"}],"about":[{"href":"https:\/\/dlcpo.com\/es\/wp-json\/wp\/v2\/types\/product"}],"version-history":[{"count":1,"href":"https:\/\/dlcpo.com\/es\/wp-json\/wp\/v2\/product\/5798\/revisions"}],"predecessor-version":[{"id":7315,"href":"https:\/\/dlcpo.com\/es\/wp-json\/wp\/v2\/product\/5798\/revisions\/7315"}],"wp:featuredmedia":[{"embeddable":true,"href":"https:\/\/dlcpo.com\/es\/wp-json\/wp\/v2\/media\/2299"}],"wp:attachment":[{"href":"https:\/\/dlcpo.com\/es\/wp-json\/wp\/v2\/media?parent=5798"}],"wp:term":[{"taxonomy":"product_brand","embeddable":true,"href":"https:\/\/dlcpo.com\/es\/wp-json\/wp\/v2\/product_brand?post=5798"},{"taxonomy":"product_cat","embeddable":true,"href":"https:\/\/dlcpo.com\/es\/wp-json\/wp\/v2\/product_cat?post=5798"},{"taxonomy":"product_tag","embeddable":true,"href":"https:\/\/dlcpo.com\/es\/wp-json\/wp\/v2\/product_tag?post=5798"}],"curies":[{"name":"wp","href":"https:\/\/api.w.org\/{rel}","templated":true}]}}