{"id":5796,"date":"2026-03-10T19:03:51","date_gmt":"2026-03-10T11:03:51","guid":{"rendered":"https:\/\/dlcpo.com\/catl-314ah-celula-de-bateria-lifepo4-prismatica-grado-a\/"},"modified":"2026-04-11T10:42:25","modified_gmt":"2026-04-11T02:42:25","slug":"catl-314ah-celula-de-bateria-lifepo4-prismatica-grado-a","status":"publish","type":"product","link":"https:\/\/dlcpo.com\/es\/catl-314ah-celula-de-bateria-lifepo4-prismatica-grado-a\/","title":{"rendered":"C\u00e9lula de bater\u00eda prism\u00e1tica LiFePO4 de grado A de CATL, 314 Ah y 3,2 V: almacenamiento de alta densidad de \u00faltima generaci\u00f3n, con m\u00e1s de 8.000 ciclos para sistemas de almacenamiento de energ\u00eda (ESS) a escala de red"},"content":{"rendered":"<div class=\"product-description-container\">\n<p>La <strong>c\u00e9lula de bater\u00eda LiFePO4 CATL de 314 Ah, tipo prism\u00e1tico, grado A<\/strong> representa la vanguardia actual de la tecnolog\u00eda de fosfato de hierro y litio. Fabricada por CATL, l\u00edder indiscutible de primer nivel en almacenamiento de energ\u00eda a nivel mundial, esta celda logra un gran avance en capacidad al optimizar la estructura interna y los materiales activos. Con una capacidad energ\u00e9tica de <strong>m\u00e1s de 1000 Wh por celda<\/strong>, establece un nuevo punto de referencia industrial para proyectos de energ\u00eda de alta densidad sin aumentar el espacio f\u00edsico necesario.  <\/p>\n<h3>Avances t\u00e9cnicos: el nuevo rey del almacenamiento de energ\u00eda<\/h3>\n<ul>\n<li>\ud83c\udc26 <strong>12 % m\u00e1s de densidad energ\u00e9tica:<\/strong> En comparaci\u00f3n con el modelo est\u00e1ndar de 280 Ah, la <strong>celda de bater\u00eda CATL LiFePO4 de 314 Ah, tipo prism\u00e1tico, grado A<\/strong> proporciona aproximadamente un 12 % m\u00e1s de energ\u00eda. Esto permite a los integradores almacenar una cantidad significativamente mayor de energ\u00eda en la misma caja o contenedor de bater\u00edas, maximizando la eficiencia en el uso del terreno y el retorno de la inversi\u00f3n del sistema. <\/li>\n<li>\u23f3 <strong>Vida \u00fatil ampliada de m\u00e1s de 8.000 ciclos:<\/strong> Dise\u00f1ada para ofrecer una durabilidad industrial extrema, esta c\u00e9lula de 314 Ah tiene una capacidad nominal de <strong>entre 7.000 y m\u00e1s de 8.000 ciclos<\/strong> (dependiendo de las condiciones). Esta longevidad reduce significativamente el costo nivelado de almacenamiento (LCOS) y garantiza una vida \u00fatil de 20 a\u00f1os para los sistemas de almacenamiento de energ\u00eda a escala industrial. <\/li>\n<li>\ud83d\udcc9 <strong>Eficiencia de precisi\u00f3n extrema:<\/strong> Con una resistencia interna sin precedentes de tan solo <strong>0,17 \u00b1 0,05 m\u03a9<\/strong>, se minimizan las p\u00e9rdidas de energ\u00eda durante la carga y descarga r\u00e1pidas. Esto garantiza un rendimiento \u00f3ptimo para la regulaci\u00f3n de la frecuencia de la red y las cargas industriales pesadas, al tiempo que mantiene el sistema m\u00e1s fr\u00edo. <\/li>\n<li>\ud83d\udca1 <strong>Actualizaci\u00f3n \u00abdirecta\u00bb sin complicaciones:<\/strong> Al mantener las mismas dimensiones est\u00e1ndar que las celdas anteriores de 280 Ah, el modelo de 314 Ah constituye una actualizaci\u00f3n perfecta y sin complicaciones. Podr\u00e1s aumentar la capacidad total de tu sistema sin necesidad de cambiar el dise\u00f1o de los gabinetes, el hardware ni las complejas configuraciones de las barras colectoras. <\/li>\n<li>\ud83c\udfc5 <strong>Fiabilidad de primer nivel para el sector automotriz:<\/strong> Todas las celdas suministradas por DLCPO son de <strong>calidad de grado A<\/strong> y se benefician de la producci\u00f3n automatizada de CATL, l\u00edder a nivel mundial. Esto garantiza una sincronizaci\u00f3n de primer nivel en cuanto a voltaje, capacidad y resistencia, aspectos fundamentales para mantener el equilibrio en cadenas de varios megavatios a gran escala. <\/li>\n<\/ul>\n<\/div>\n","protected":false},"excerpt":{"rendered":"<p>Descubre la c\u00e9lula de bater\u00eda CATL LiFePO4 de 314 Ah, tipo prism\u00e1tico y grado A, en DLCPO. Con m\u00e1s de 1000 Wh por c\u00e9lula, un 12 % m\u00e1s de densidad energ\u00e9tica que la de 280 Ah y una vida \u00fatil de m\u00e1s de 8000 ciclos. Ideal para actualizaciones fluidas de sistemas de almacenamiento de energ\u00eda (ESS).  <\/p>\n","protected":false},"featured_media":2303,"template":"","meta":{"_acf_changed":false,"_joinchat":[]},"product_brand":[],"product_cat":[1385],"product_tag":[1582,1583,1581,1399,1584],"class_list":{"0":"post-5796","1":"product","2":"type-product","3":"status-publish","4":"has-post-thumbnail","6":"product_cat-catl","7":"product_tag-314-ah-lfp-celula","8":"product_tag-8000-ciclos-bateria","9":"product_tag-catl-314ah","10":"product_tag-dlcpo","11":"product_tag-servicios-publicos-basico-almacenamiento","12":"pa_capacity-314ah","14":"first","15":"instock","16":"shipping-taxable","17":"product-type-simple"},"acf":[],"_links":{"self":[{"href":"https:\/\/dlcpo.com\/es\/wp-json\/wp\/v2\/product\/5796","targetHints":{"allow":["GET"]}}],"collection":[{"href":"https:\/\/dlcpo.com\/es\/wp-json\/wp\/v2\/product"}],"about":[{"href":"https:\/\/dlcpo.com\/es\/wp-json\/wp\/v2\/types\/product"}],"version-history":[{"count":1,"href":"https:\/\/dlcpo.com\/es\/wp-json\/wp\/v2\/product\/5796\/revisions"}],"predecessor-version":[{"id":7313,"href":"https:\/\/dlcpo.com\/es\/wp-json\/wp\/v2\/product\/5796\/revisions\/7313"}],"wp:featuredmedia":[{"embeddable":true,"href":"https:\/\/dlcpo.com\/es\/wp-json\/wp\/v2\/media\/2303"}],"wp:attachment":[{"href":"https:\/\/dlcpo.com\/es\/wp-json\/wp\/v2\/media?parent=5796"}],"wp:term":[{"taxonomy":"product_brand","embeddable":true,"href":"https:\/\/dlcpo.com\/es\/wp-json\/wp\/v2\/product_brand?post=5796"},{"taxonomy":"product_cat","embeddable":true,"href":"https:\/\/dlcpo.com\/es\/wp-json\/wp\/v2\/product_cat?post=5796"},{"taxonomy":"product_tag","embeddable":true,"href":"https:\/\/dlcpo.com\/es\/wp-json\/wp\/v2\/product_tag?post=5796"}],"curies":[{"name":"wp","href":"https:\/\/api.w.org\/{rel}","templated":true}]}}