{"id":5792,"date":"2026-03-10T19:17:23","date_gmt":"2026-03-10T11:17:23","guid":{"rendered":"https:\/\/dlcpo.com\/catl-306ah-celula-de-bateria-lifepo4-12-000-ciclos-actualizacion\/"},"modified":"2026-04-11T10:42:21","modified_gmt":"2026-04-11T02:42:21","slug":"catl-306ah-celula-de-bateria-lifepo4-12-000-ciclos-actualizacion","status":"publish","type":"product","link":"https:\/\/dlcpo.com\/es\/catl-306ah-celula-de-bateria-lifepo4-12-000-ciclos-actualizacion\/","title":{"rendered":"CATL 306 Ah, 3,2 V, LiFePO4 de grado A, prism\u00e1tica, bater\u00eda, celda \u2013 M\u00e1s de 12 000 ciclos, vida \u00fatil extremadamente larga \u2013 Nueva generaci\u00f3n LFP para sistemas de almacenamiento de energ\u00eda solar (ESS) de alta capacidad"},"content":{"rendered":"<div class=\"product-description-container\">\n<p>La <strong>C\u00e9lula de bater\u00eda CATL de 306 Ah LiFePO4 Bater\u00eda C\u00e9lula 12 000 Ciclos Actualizaci\u00f3n<\/strong> es la mejora sucesora del modelo ampliamente utilizado de 302Ah , que representa el actual punto m\u00e1s alto del almacenamiento de energ\u00eda de larga duraci\u00f3n. Fabricado por CATL, el l\u00edder Tier-1 a nivel mundial, esta celda ha logrado un enorme avance en durabilidad gracias a la mejora de los electrolitos y electrodos materiales. Es 100 % libre de cobalto y est\u00e1 espec\u00edficamente dise\u00f1ado para el almacenamiento de energ\u00eda a escala industrial a45&gt; donde la fiabilidad a largo plazo y el menor LCOE son fundamentales.  <\/p>\n<h3>Principales mejoras: el nuevo referente en almacenamiento utilitario<\/h3>\n<ul>\n<li>\u23f3 <strong>Vida \u00fatil extrema de m\u00e1s de 12 000 ciclos: <\/strong> Mientras que las celdas LFP est\u00e1ndar ofrecen de 3,000 a 6,000 ciclos, la <strong>Celdas de bater\u00eda LiFePO4 CATL de 306 Ah con actualizaci\u00f3n a 12,000 ciclos<\/strong> est\u00e1 dise\u00f1ada para alcanzar la asombrosa cifra de <strong>m\u00e1s de 12,000 ciclos<\/strong>. Esto reduce significativamente el costo total por kWh a lo largo de toda la vida \u00fatil de la bater\u00eda, lo que la convierte en una soluci\u00f3n de \u00abcomprar una vez, usar durante d\u00e9cadas\u00bb. <\/li>\n<li>\ud83d\udcc9 <strong>Eficiencia ultraalta (0,17 \u00b1 0,05 m\u03a9):<\/strong> Con una resistencia interna excepcionalmente baja, esta c\u00e9lula minimiza la p\u00e9rdida de energ\u00eda durante la carga y descarga r\u00e1pidas. Esta ingenier\u00eda de precisi\u00f3n mantiene tu banco de bater\u00edas m\u00e1s fr\u00edo y estable, y maximiza la eficiencia de ida y vuelta para sistemas de respaldo solar a gran escala. <\/li>\n<li>\ud83c\udfd7 \ufe0f <strong>Dimensiones VDA estandarizadas y compatibles:<\/strong> Al mantener las dimensiones est\u00e1ndar de la industria de <strong>71,65 mm x 173,93 mm x 207,2 mm<\/strong>, sirve como una actualizaci\u00f3n perfecta y compatible para los sistemas que actualmente utilizan racks de bater\u00edas de 280 Ah o 302 Ah. Puede aumentar la capacidad energ\u00e9tica total y la vida \u00fatil de su sistema sin cambiar el hardware ni las carcasas. <\/li>\n<li>\ud83d\udfcf\ud83c\udfe2 <strong>Dise\u00f1ado espec\u00edficamente para sistemas de almacenamiento de energ\u00eda (ESS) a escala industrial:<\/strong> El modelo de 306 Ah es el referente en materia de regulaci\u00f3n de la frecuencia de la red, sistemas de almacenamiento de energ\u00eda (ESS) comerciales a gran escala y energ\u00eda de respaldo para aplicaciones cr\u00edticas. Su robusta carcasa prism\u00e1tica de aluminio ofrece una integridad estructural superior y una alta estabilidad t\u00e9rmica. <\/li>\n<li>\ud83c\udfc5 <strong>Tradici\u00f3n automotriz de primer nivel:<\/strong> Todas las celdas de 306 Ah suministradas por DLCPO son de <strong>calidad de grado A<\/strong>, y se benefician de la producci\u00f3n automatizada l\u00edder a nivel mundial de CATL y de rigurosas pruebas de consistencia. Esto garantiza que, incluso en cadenas masivas de varios megavatios, cada celda se mantenga perfectamente equilibrada. <\/li>\n<\/ul>\n<\/div>\n","protected":false},"excerpt":{"rendered":"<p>Descubre la c\u00e9lula de bater\u00eda LiFePO4 CATL de 306 Ah con capacidad para 12 000 ciclos en DLCPO. Con m\u00e1s de 12 000 ciclos, una resistencia ultrabaja de 0,17 m\u03a9 y un formato VDA est\u00e1ndar compatible con sistemas de almacenamiento de energ\u00eda (ESS). <\/p>\n","protected":false},"featured_media":2307,"template":"","meta":{"_acf_changed":false,"_joinchat":[]},"product_brand":[],"product_cat":[1385],"product_tag":[1579,1580,1578,1576,1399],"class_list":{"0":"post-5792","1":"product","2":"type-product","3":"status-publish","4":"has-post-thumbnail","6":"product_cat-catl","7":"product_tag-12-000-ciclos","8":"product_tag-actualizacion-de-ess","9":"product_tag-catl-306ah","10":"product_tag-celula-prismatica-de-lfp-2","11":"product_tag-dlcpo","12":"pa_capacity-306ah","14":"first","15":"instock","16":"shipping-taxable","17":"product-type-simple"},"acf":[],"_links":{"self":[{"href":"https:\/\/dlcpo.com\/es\/wp-json\/wp\/v2\/product\/5792","targetHints":{"allow":["GET"]}}],"collection":[{"href":"https:\/\/dlcpo.com\/es\/wp-json\/wp\/v2\/product"}],"about":[{"href":"https:\/\/dlcpo.com\/es\/wp-json\/wp\/v2\/types\/product"}],"version-history":[{"count":1,"href":"https:\/\/dlcpo.com\/es\/wp-json\/wp\/v2\/product\/5792\/revisions"}],"predecessor-version":[{"id":7306,"href":"https:\/\/dlcpo.com\/es\/wp-json\/wp\/v2\/product\/5792\/revisions\/7306"}],"wp:featuredmedia":[{"embeddable":true,"href":"https:\/\/dlcpo.com\/es\/wp-json\/wp\/v2\/media\/2307"}],"wp:attachment":[{"href":"https:\/\/dlcpo.com\/es\/wp-json\/wp\/v2\/media?parent=5792"}],"wp:term":[{"taxonomy":"product_brand","embeddable":true,"href":"https:\/\/dlcpo.com\/es\/wp-json\/wp\/v2\/product_brand?post=5792"},{"taxonomy":"product_cat","embeddable":true,"href":"https:\/\/dlcpo.com\/es\/wp-json\/wp\/v2\/product_cat?post=5792"},{"taxonomy":"product_tag","embeddable":true,"href":"https:\/\/dlcpo.com\/es\/wp-json\/wp\/v2\/product_tag?post=5792"}],"curies":[{"name":"wp","href":"https:\/\/api.w.org\/{rel}","templated":true}]}}