{"id":5776,"date":"2026-03-10T20:19:23","date_gmt":"2026-03-10T12:19:23","guid":{"rendered":"https:\/\/dlcpo.com\/catl-176ah-celula-de-bateria-lifepo4-vda-prismatica\/"},"modified":"2026-04-11T10:41:01","modified_gmt":"2026-04-11T02:41:01","slug":"catl-176ah-celula-de-bateria-lifepo4-vda-prismatica","status":"publish","type":"product","link":"https:\/\/dlcpo.com\/es\/catl-176ah-celula-de-bateria-lifepo4-vda-prismatica\/","title":{"rendered":"C\u00e9lula de bater\u00eda prism\u00e1tica LiFePO4 CATL de 176 Ah y 3,2 V, grado A \u2013 N\u00facleo de alta densidad conforme a la norma VDA \u2013 M\u00e1s de 6000 ciclos para veh\u00edculos el\u00e9ctricos y sistemas de energ\u00eda solar"},"content":{"rendered":"<div class=\"product-description-container\">\n<p>La <strong>c\u00e9lula de bater\u00eda LiFePO4 CATL de 176 Ah, prism\u00e1tica VDA<\/strong> es considerada por muchos como la \u00abjoya oculta\u00bb de la plataforma estandarizada VDA. Fabricada por CATL, l\u00edder de primer nivel de renombre mundial, esta c\u00e9lula est\u00e1 dise\u00f1ada para profesionales que dan prioridad al rendimiento energ\u00e9tico real frente a las especificaciones nominales. Con unas dimensiones de <strong>53 mm x 173 mm x 200 mm<\/strong>, comparte exactamente el mismo espacio f\u00edsico que los modelos m\u00e1s grandes de 202 Ah y 228 Ah, ofreciendo un peso m\u00e1s ligero (3,82 kg) y un precio mucho m\u00e1s competitivo.  <\/p>\n<h3>Caracter\u00edsticas principales del producto: El pilar energ\u00e9tico de alto retorno de la inversi\u00f3n<\/h3>\n<ul>\n<li>\ud83c\udc1a <strong>Capacidad: menos de lo prometido, m\u00e1s de lo esperado:<\/strong> Aunque su capacidad nominal oficial es de 176 Ah, la <strong>c\u00e9lula de bater\u00eda CATL 176 Ah LiFePO4 prism\u00e1tica VDA<\/strong> es conocida por su clasificaci\u00f3n conservadora. Muchos lotes de alta calidad registran valores significativamente m\u00e1s altos en las pruebas, a menudo acerc\u00e1ndose a los 200 Ah, lo que proporciona un enorme aumento en el valor energ\u00e9tico de su inversi\u00f3n. <\/li>\n<li>\ud83c\udffd <strong>Compatibilidad directa con el est\u00e1ndar VDA:<\/strong> Sus dimensiones VDA de precisi\u00f3n lo convierten en una opci\u00f3n perfecta para su instalaci\u00f3n directa en cajas de bater\u00edas y bastidores dise\u00f1ados para m\u00f3dulos VDA est\u00e1ndar. Esto permite a los integradores de sistemas crear paquetes de capacidad flexibles y escalables sin necesidad de modificar el hardware, los soportes o los dise\u00f1os de las barras colectoras. <\/li>\n<li>\u23f3 <strong>Durabilidad excepcional de m\u00e1s de 6.000 ciclos:<\/strong> Dise\u00f1ada para ofrecer una durabilidad extrema, esta c\u00e9lula cuenta con una vida \u00fatil l\u00edder en el sector de <strong>6.000 ciclos o m\u00e1s<\/strong>. Esto se traduce en m\u00e1s de 15 a\u00f1os de funcionamiento diario en sistemas de almacenamiento de energ\u00eda solares residenciales o comerciales con una p\u00e9rdida de capacidad m\u00ednima. <\/li>\n<li>\ud83d\udcc9 <strong>Eficiencia l\u00edder en el mercado:<\/strong> Con una resistencia interna ultrabaja de <strong>\u2264 0,28 m\u03a9<\/strong>, la c\u00e9lula VDA de 176 Ah minimiza la p\u00e9rdida de energ\u00eda durante la carga y descarga a alta carga. Esto se traduce en un funcionamiento m\u00e1s fr\u00edo y una mayor eficiencia global de ciclo completo para los bancos de bater\u00edas de alto rendimiento. <\/li>\n<li>\ud83d\udcb0 <strong>Relaci\u00f3n potencia-peso optimizada:<\/strong> Al proporcionar una gran cantidad de energ\u00eda en un paquete prism\u00e1tico de 3,82 kg, esta c\u00e9lula es la opci\u00f3n definitiva para aplicaciones m\u00f3viles y estaciones de energ\u00eda port\u00e1tiles en las que es fundamental reducir el peso total del sistema sin sacrificar la fiabilidad.<\/li>\n<\/ul>\n<\/div>\n","protected":false},"excerpt":{"rendered":"<p>Descubra la c\u00e9lula de bater\u00eda LiFePO4 CATL de 176 Ah con dise\u00f1o prism\u00e1tico VDA en DLCPO. Con un formato VDA estandarizado, m\u00e1s de 6000 ciclos y una resistencia ultrabaja de \u2264<span class=\"math-inline\" data-math=\"\\le 0.28\\text{ m}\\Omega\" data-index-in-node=\"166\">0,28 m\u03a9<\/span>. La mejor opci\u00f3n con un alto retorno de la inversi\u00f3n para sistemas de almacenamiento de energ\u00eda modulares (ESS).  <\/p>\n","protected":false},"featured_media":2326,"template":"","meta":{"_acf_changed":false,"_joinchat":[]},"product_brand":[],"product_cat":[1385],"product_tag":[1565,1563,1399,1566,1564],"class_list":{"0":"post-5776","1":"product","2":"type-product","3":"status-publish","4":"has-post-thumbnail","6":"product_cat-catl","7":"product_tag-6000-ciclos","8":"product_tag-catl-176ah","9":"product_tag-dlcpo","10":"product_tag-grado-a-lfp","11":"product_tag-vda-prismatico","12":"pa_capacity-176ah","14":"first","15":"instock","16":"shipping-taxable","17":"product-type-simple"},"acf":[],"_links":{"self":[{"href":"https:\/\/dlcpo.com\/es\/wp-json\/wp\/v2\/product\/5776","targetHints":{"allow":["GET"]}}],"collection":[{"href":"https:\/\/dlcpo.com\/es\/wp-json\/wp\/v2\/product"}],"about":[{"href":"https:\/\/dlcpo.com\/es\/wp-json\/wp\/v2\/types\/product"}],"version-history":[{"count":1,"href":"https:\/\/dlcpo.com\/es\/wp-json\/wp\/v2\/product\/5776\/revisions"}],"predecessor-version":[{"id":7302,"href":"https:\/\/dlcpo.com\/es\/wp-json\/wp\/v2\/product\/5776\/revisions\/7302"}],"wp:featuredmedia":[{"embeddable":true,"href":"https:\/\/dlcpo.com\/es\/wp-json\/wp\/v2\/media\/2326"}],"wp:attachment":[{"href":"https:\/\/dlcpo.com\/es\/wp-json\/wp\/v2\/media?parent=5776"}],"wp:term":[{"taxonomy":"product_brand","embeddable":true,"href":"https:\/\/dlcpo.com\/es\/wp-json\/wp\/v2\/product_brand?post=5776"},{"taxonomy":"product_cat","embeddable":true,"href":"https:\/\/dlcpo.com\/es\/wp-json\/wp\/v2\/product_cat?post=5776"},{"taxonomy":"product_tag","embeddable":true,"href":"https:\/\/dlcpo.com\/es\/wp-json\/wp\/v2\/product_tag?post=5776"}],"curies":[{"name":"wp","href":"https:\/\/api.w.org\/{rel}","templated":true}]}}