{"id":5774,"date":"2026-03-10T20:35:13","date_gmt":"2026-03-10T12:35:13","guid":{"rendered":"https:\/\/dlcpo.com\/celula-de-bateria-lifepo%e2%82%84-catl-86ah-ffh3ds-de-perfil-bajo\/"},"modified":"2026-04-21T21:20:08","modified_gmt":"2026-04-21T13:20:08","slug":"celula-de-bateria-lifepo%e2%82%84-catl-86ah-ffh3ds-de-perfil-bajo","status":"publish","type":"product","link":"https:\/\/dlcpo.com\/es\/celula-de-bateria-lifepo%e2%82%84-catl-86ah-ffh3ds-de-perfil-bajo\/","title":{"rendered":"C\u00e9lula de bater\u00eda prism\u00e1tica LiFePO4 CATL de 86 Ah y 3,2 V, grado A \u2013 Modelo FFH3DS de perfil bajo \u2013 Altura de 131 mm para telecomunicaciones y almacenamiento compacto"},"content":{"rendered":"<div class=\"product-description-container\">\n<p>La <strong>c\u00e9lula de bater\u00eda LiFePO4 de 86 Ah FFH3DS de perfil bajo de CATL<\/strong> supone un gran avance en la ingenier\u00eda especializada del almacenamiento de energ\u00eda. Fabricada por CATL, l\u00edder mundial en tecnolog\u00eda de litio de primer nivel, esta celda prism\u00e1tica est\u00e1 dise\u00f1ada para ofrecer la m\u00e1xima versatilidad en entornos con limitaciones de espacio. Su caracter\u00edstica m\u00e1s destacada es su <strong>arquitectura de perfil bajo<\/strong>, que resuelve el desaf\u00edo cr\u00edtico de incorporar energ\u00eda de litio de alta calidad en espacios donde las celdas est\u00e1ndar de m\u00e1s de 200 mm simplemente no pueden integrarse.  <\/p>\n<h3>Ventajas clave de rendimiento: El especialista en energ\u00eda de perfil bajo<\/h3>\n<ul>\n<li>\ud83f\udc76 <strong>Dise\u00f1o exclusivo de perfil bajo (131 mm):<\/strong> Con unas dimensiones de 47,5 mm x 173 mm x 131 mm, la <strong>celda de bater\u00eda LiFePO4 CATL de 86 Ah FFH3DS de perfil bajo<\/strong> es m\u00e1s ancha que alta. Esta geometr\u00eda especializada es la opci\u00f3n definitiva para racks de telecomunicaciones est\u00e1ndar de 19 pulgadas y proyectos BESS personalizados con estrictos l\u00edmites de espacio libre vertical. <\/li>\n<li>\ud83d\udcc9 <strong>Eficiencia energ\u00e9tica l\u00edder en el mercado:<\/strong> A pesar de su tama\u00f1o compacto, ofrece un rendimiento s\u00f3lido con una impedancia de CA ultrabaja de tan solo <strong>0,32 \u00b1 0,05 m\u03a9<\/strong>. Esta ingenier\u00eda de precisi\u00f3n de CATL garantiza un suministro de energ\u00eda eficiente y un calentamiento interno m\u00ednimo, incluso en condiciones de uso intensivo. <\/li>\n<li>\u23f3 <strong>Vida \u00fatil de largo ciclo de grado industrial:<\/strong> clasificada para <strong>3.500 ciclos o m\u00e1s<\/strong>, el FFH3DS ofrece la misma extrema durabilidad que se espera de las m\u00e1s grandes c\u00e9lulas a escala industrial de CATL. Esto se traduce en una d\u00e9cada de servicio confiable, maximizando su rendimiento total de la inversi\u00f3n. <\/li>\n<li>\ud83c\udfc5 <strong>Consistencia de grado automotriz:<\/strong> Como parte de la l\u00ednea de producci\u00f3n de \u00e9lite de CATL, estas celdas se someten a rigurosas pruebas automatizadas para garantizar una coincidencia perfecta en voltaje y capacidad. Este pedigr\u00ed automotriz es fundamental para mantener el equilibrio a largo plazo en los bancos de bater\u00edas modulares. <\/li>\n<li>\ud83d\udee1\ufe0f <strong>Seguridad prism\u00e1tica avanzada:<\/strong> Encerrada en una carcasa de aluminio de alta resistencia con una v\u00e1lvula de seguridad integrada, la estable composici\u00f3n qu\u00edmica de LFP ofrece un alto umbral de fuga t\u00e9rmica, lo que garantiza la m\u00e1xima seguridad para instalaciones de almacenamiento de energ\u00eda en interiores y residenciales.<\/li>\n<\/ul>\n<\/div>\n","protected":false},"excerpt":{"rendered":"<p>Descubre la c\u00e9lula de bater\u00eda LiFePO4 CATL FFH3DS de 86 Ah y perfil bajo en DLCPO. Con una altura \u00fanica de 131 mm, una resistencia ultrabaja de 0,32 m\u03a9 y m\u00e1s de 3500 ciclos. Perfecta para telecomunicaciones y almacenamiento bajo piso.  <\/p>\n","protected":false},"featured_media":2330,"template":"","meta":{"_acf_changed":false,"_joinchat":[]},"product_brand":[],"product_cat":[1385],"product_tag":[1561,1562,1559,1399,1560],"class_list":{"0":"post-5774","1":"product","2":"type-product","3":"status-publish","4":"has-post-thumbnail","6":"product_cat-catl","7":"product_tag-bajo-perfil-celular","8":"product_tag-bateria-para-telecomunicaciones","9":"product_tag-catl-86ah","10":"product_tag-dlcpo","11":"product_tag-ffh3ds","12":"pa_capacity-86ah","14":"first","15":"instock","16":"shipping-taxable","17":"product-type-simple"},"acf":[],"_links":{"self":[{"href":"https:\/\/dlcpo.com\/es\/wp-json\/wp\/v2\/product\/5774","targetHints":{"allow":["GET"]}}],"collection":[{"href":"https:\/\/dlcpo.com\/es\/wp-json\/wp\/v2\/product"}],"about":[{"href":"https:\/\/dlcpo.com\/es\/wp-json\/wp\/v2\/types\/product"}],"version-history":[{"count":1,"href":"https:\/\/dlcpo.com\/es\/wp-json\/wp\/v2\/product\/5774\/revisions"}],"predecessor-version":[{"id":7305,"href":"https:\/\/dlcpo.com\/es\/wp-json\/wp\/v2\/product\/5774\/revisions\/7305"}],"wp:featuredmedia":[{"embeddable":true,"href":"https:\/\/dlcpo.com\/es\/wp-json\/wp\/v2\/media\/2330"}],"wp:attachment":[{"href":"https:\/\/dlcpo.com\/es\/wp-json\/wp\/v2\/media?parent=5774"}],"wp:term":[{"taxonomy":"product_brand","embeddable":true,"href":"https:\/\/dlcpo.com\/es\/wp-json\/wp\/v2\/product_brand?post=5774"},{"taxonomy":"product_cat","embeddable":true,"href":"https:\/\/dlcpo.com\/es\/wp-json\/wp\/v2\/product_cat?post=5774"},{"taxonomy":"product_tag","embeddable":true,"href":"https:\/\/dlcpo.com\/es\/wp-json\/wp\/v2\/product_tag?post=5774"}],"curies":[{"name":"wp","href":"https:\/\/api.w.org\/{rel}","templated":true}]}}