{"id":5768,"date":"2026-03-11T07:41:03","date_gmt":"2026-03-10T23:41:03","guid":{"rendered":"https:\/\/dlcpo.com\/lishen-lp71173207-280ah-celula-de-bateria-prismatica-lifepo4\/"},"modified":"2026-04-11T10:42:23","modified_gmt":"2026-04-11T02:42:23","slug":"lishen-lp71173207-280ah-celula-de-bateria-prismatica-lifepo4","status":"publish","type":"product","link":"https:\/\/dlcpo.com\/es\/lishen-lp71173207-280ah-celula-de-bateria-prismatica-lifepo4\/","title":{"rendered":"C\u00e9lula de bater\u00eda prism\u00e1tica Lishen LP71173207 de 280 Ah y 3,2 V, LiFePO4 de grado A \u2013 Baja resistencia de precisi\u00f3n \u2013 LFP de est\u00e1ndar industrial para sistemas de almacenamiento de energ\u00eda solar (ESS) y aplicaciones mar\u00edtimas"},"content":{"rendered":"<div class=\"product-description-container\">\n<p>La <strong>c\u00e9lula de bater\u00eda prism\u00e1tica Lishen LP71173207 de 280 Ah de LiFePO4<\/strong> es una pieza clave en la transici\u00f3n global hacia las energ\u00edas renovables. Como soluci\u00f3n de grado automotriz, est\u00e1 meticulosamente dise\u00f1ada para satisfacer los exigentes requisitos del almacenamiento a escala de servicios p\u00fablicos y la movilidad el\u00e9ctrica industrial. Con casi <strong>1 kWh de energ\u00eda por celda<\/strong>, se erige como el est\u00e1ndar de referencia para proyectos de bater\u00edas de alta densidad y larga duraci\u00f3n.  <\/p>\n<h3>Eficiencia t\u00e9cnica sin igual y potencia industrial<\/h3>\n<ul>\n<li>\ud83d\udcc9 <strong>Baja resistencia de precisi\u00f3n (\u2264 0,2 m\u03a9):<\/strong> Con una resistencia interna ultrabaja l\u00edder en el sector, la <strong>c\u00e9lula de bater\u00eda prism\u00e1tica Lishen LP71173207 de 280 Ah de LiFePO4<\/strong> minimiza la p\u00e9rdida de energ\u00eda incluso durante ciclos de alta corriente. Esto da como resultado un funcionamiento significativamente m\u00e1s fr\u00edo y una mayor eficiencia global de ida y vuelta del sistema. <\/li>\n<li>\ud83d\udd0b <strong>Enorme capacidad energ\u00e9tica (casi 1 kWh):<\/strong> Su considerable capacidad de 280 Ah permite construir bancos de bater\u00edas de alta energ\u00eda con menos conexiones en paralelo. Esto simplifica la gesti\u00f3n del BMS, reduce la complejidad del cableado y minimiza los posibles puntos de falla en sistemas de almacenamiento de energ\u00eda (ESS) a gran escala. <\/li>\n<li>\u23f3 <strong>Vida \u00fatil del ciclo (m\u00e1s de 2000 a 1 \u00b0C): <\/strong> Dise\u00f1ada para una durabilidad extrema, esta celda ofrece <strong>m\u00e1s de 2.000 ciclos a tasas de 1C <\/strong> (y significativamente m\u00e1s a 0,5C). Esto se traduce en 10-15 a\u00f1os de fiable uso diario en entornos t\u00edpicos de almacenamiento de energ\u00eda solar almacenamiento entornos. <\/li>\n<li>\ud83c\udfc5 <strong>Consistencia de grado automotriz:<\/strong> Fabricadas en las instalaciones automatizadas de primer nivel de Lishen, todas las celdas garantizan una coincidencia de primer nivel en cuanto a voltaje y capacidad. Este pedigr\u00ed automotriz es fundamental para mantener el equilibrio de las cadenas y la longevidad en instalaciones a escala industrial. <\/li>\n<li>\ud83d\udfcf\ud83c\udfe2 <strong>El pilar de la energ\u00eda industrial:<\/strong> Ya sea para alimentar autobuses el\u00e9ctricos o estabilizar la red el\u00e9ctrica, el robusto dise\u00f1o prism\u00e1tico y la estable composici\u00f3n qu\u00edmica de LFP ofrecen la estabilidad t\u00e9rmica y la integridad estructural necesarias para aplicaciones industriales de misi\u00f3n cr\u00edtica en todo el mundo.<\/li>\n<\/ul>\n<\/div>\n","protected":false},"excerpt":{"rendered":"<p>Descubre la c\u00e9lula de bater\u00eda prism\u00e1tica Lishen LP71173207 de 280 Ah LiFePO4 en DLCPO. Con una baja resistencia de &lt;0,2 m\u03a9, 1 kWh de energ\u00eda por c\u00e9lula y m\u00e1s de 2000 ciclos a tasas de 1C. Perfecta para sistemas de almacenamiento de energ\u00eda (ESS) de servicios p\u00fablicos e industriales. <\/p>\n","protected":false},"featured_media":2340,"template":"","meta":{"_acf_changed":false,"_joinchat":[]},"product_brand":[],"product_cat":[1393],"product_tag":[1399,1493,1553,1545,1554],"class_list":{"0":"post-5768","1":"product","2":"type-product","3":"status-publish","4":"has-post-thumbnail","6":"product_cat-lishen","7":"product_tag-dlcpo","8":"product_tag-lifepo4-prismatico","9":"product_tag-lishen-280ah","10":"product_tag-lp71173207","11":"product_tag-utilidad-ess-solucion","12":"pa_capacity-280ah","14":"first","15":"instock","16":"shipping-taxable","17":"product-type-simple"},"acf":[],"_links":{"self":[{"href":"https:\/\/dlcpo.com\/es\/wp-json\/wp\/v2\/product\/5768","targetHints":{"allow":["GET"]}}],"collection":[{"href":"https:\/\/dlcpo.com\/es\/wp-json\/wp\/v2\/product"}],"about":[{"href":"https:\/\/dlcpo.com\/es\/wp-json\/wp\/v2\/types\/product"}],"version-history":[{"count":1,"href":"https:\/\/dlcpo.com\/es\/wp-json\/wp\/v2\/product\/5768\/revisions"}],"predecessor-version":[{"id":7309,"href":"https:\/\/dlcpo.com\/es\/wp-json\/wp\/v2\/product\/5768\/revisions\/7309"}],"wp:featuredmedia":[{"embeddable":true,"href":"https:\/\/dlcpo.com\/es\/wp-json\/wp\/v2\/media\/2340"}],"wp:attachment":[{"href":"https:\/\/dlcpo.com\/es\/wp-json\/wp\/v2\/media?parent=5768"}],"wp:term":[{"taxonomy":"product_brand","embeddable":true,"href":"https:\/\/dlcpo.com\/es\/wp-json\/wp\/v2\/product_brand?post=5768"},{"taxonomy":"product_cat","embeddable":true,"href":"https:\/\/dlcpo.com\/es\/wp-json\/wp\/v2\/product_cat?post=5768"},{"taxonomy":"product_tag","embeddable":true,"href":"https:\/\/dlcpo.com\/es\/wp-json\/wp\/v2\/product_tag?post=5768"}],"curies":[{"name":"wp","href":"https:\/\/api.w.org\/{rel}","templated":true}]}}