{"id":5761,"date":"2026-03-11T08:55:23","date_gmt":"2026-03-11T00:55:23","guid":{"rendered":"https:\/\/dlcpo.com\/lishen-lp54173207-202ah-celula-de-bateria-lifepo4-con-tornillo-m6\/"},"modified":"2026-04-11T10:40:57","modified_gmt":"2026-04-11T02:40:57","slug":"lishen-lp54173207-202ah-celula-de-bateria-lifepo4-con-tornillo-m6","status":"publish","type":"product","link":"https:\/\/dlcpo.com\/es\/lishen-lp54173207-202ah-celula-de-bateria-lifepo4-con-tornillo-m6\/","title":{"rendered":"C\u00e9lula de bater\u00eda prism\u00e1tica Lishen LP54173207 de 202 Ah y 3,2 V, LiFePO4 de grado A, con pernos l\u00e1ser M6 \u2013 Resistencia al fr\u00edo extremo de -35 \u00b0C para sistemas de almacenamiento de energ\u00eda solar (ESS) y veh\u00edculos el\u00e9ctricos (EV)"},"content":{"rendered":"<div class=\"product-description-container\">\n<p>La <strong>c\u00e9lula de bater\u00eda LiFePO4 Lishen LP54173207 de 202 Ah con perno M6<\/strong> es una soluci\u00f3n energ\u00e9tica insignia que une el rendimiento industrial de alta gama con la accesibilidad para el bricolaje. Dise\u00f1ada por Lishen, un pionero mundial de primer nivel en litio, esta celda prism\u00e1tica de grado A cuenta con <strong>pernos de soldadura l\u00e1ser M6<\/strong> instalados de f\u00e1brica, lo que elimina la necesidad de realizar perforaciones o roscados de terminales, que pueden ser peligrosos, y la convierte en la opci\u00f3n m\u00e1s f\u00e1cil de usar para construir m\u00f3dulos de bater\u00eda de nivel profesional. <\/p>\n<h3>Calidad de fabricaci\u00f3n sin igual: Conexi\u00f3n sin esfuerzo y alto rendimiento<\/h3>\n<ul>\n<li>\ud83d\udd29 <strong>Interfaz de pernos l\u00e1ser M6:<\/strong> Los pernos l\u00e1ser M6 instalados de f\u00e1brica en la <strong>celda de bater\u00eda LiFePO4 Lishen LP54173207 de 202 Ah con pernos M6<\/strong> proporcionan una conexi\u00f3n el\u00e9ctrica de calidad superior. En comparaci\u00f3n con los orificios roscados a mano, esta interfaz especializada reduce significativamente la resistencia de los terminales y elimina el riesgo de sobrecalentamiento durante los consumos de alta corriente. <\/li>\n<li>\u2744\ufe0f <strong>Resistencia extrema al clima \u00e1rtico (-35 \u00b0C):<\/strong> A diferencia de las celdas LFP est\u00e1ndar, que tienen dificultades en invierno, la LP54173207 mantiene un rendimiento de descarga confiable a temperaturas bajo cero de hasta <strong>-35 \u00b0C<\/strong>. Esta resistencia ambiental la hace ideal para el almacenamiento de energ\u00eda al aire libre, veh\u00edculos recreativos y caba\u00f1as solares fuera de la red en climas hostiles. <\/li>\n<li>\ud83d\udd0b <strong>M\u00e1s de 3.500 ciclos de fiabilidad:<\/strong> Dise\u00f1ada para un funcionamiento a largo plazo, esta celda de grado A proporciona <strong>m\u00e1s de 3.500 ciclos completos de descarga profunda<\/strong>. Esto equivale a m\u00e1s de una d\u00e9cada de ciclos solares diarios con una degradaci\u00f3n m\u00ednima de la capacidad, lo que garantiza un excepcional retorno de la inversi\u00f3n (ROI). <\/li>\n<li>\ud83c\udfd7\ufe0f <strong>Dimensiones industriales estandarizadas:<\/strong> Gracias a sus robustas dimensiones de <strong>173,8 mm x 53,7 mm x 200,1 mm<\/strong>, estas celdas son f\u00e1ciles de apilar y agrupar en bancos de bater\u00edas de 12 V, 24 V o 48 V. La carcasa prism\u00e1tica de aluminio garantiza la integridad estructural y altos umbrales de fuga t\u00e9rmica. <\/li>\n<li>\ud83d\udfcf\ud83c\udfc5 <strong>Consistencia de primer nivel para el sector automotriz:<\/strong> Procedentes de las l\u00edneas de producci\u00f3n automatizadas de Lishen (un proveedor de confianza de las principales marcas de veh\u00edculos el\u00e9ctricos), todas las celdas garantizan una consistencia de primer nivel en cuanto a capacidad y resistencia interna, lo cual es fundamental para mantener el equilibrio de las cadenas a largo plazo.<\/li>\n<\/ul>\n<\/div>\n","protected":false},"excerpt":{"rendered":"<p>Descubre la c\u00e9lula de bater\u00eda Lishen LP54173207 de 202 Ah LiFePO4 con pernos M6 en DLCPO. Cuenta con pernos M6 soldados de f\u00e1brica para una conexi\u00f3n sin esfuerzo, resistencia a temperaturas \u00e1rticas de hasta -35 \u00b0C y m\u00e1s de 3500 ciclos. Calidad de grado A.<\/p>\n","protected":false},"featured_media":2348,"template":"","meta":{"_acf_changed":false,"_joinchat":[]},"product_brand":[],"product_cat":[1393],"product_tag":[1399,1536,1549,1548,1550],"class_list":{"0":"post-5761","1":"product","2":"type-product","3":"status-publish","4":"has-post-thumbnail","6":"product_cat-lishen","7":"product_tag-dlcpo","8":"product_tag-lishen-202ah","9":"product_tag-lp54173207","10":"product_tag-m6-laser-tacos","11":"product_tag-sistema-solar-autonomo-bateria","12":"pa_capacity-202ah","14":"first","15":"instock","16":"shipping-taxable","17":"product-type-simple"},"acf":[],"_links":{"self":[{"href":"https:\/\/dlcpo.com\/es\/wp-json\/wp\/v2\/product\/5761","targetHints":{"allow":["GET"]}}],"collection":[{"href":"https:\/\/dlcpo.com\/es\/wp-json\/wp\/v2\/product"}],"about":[{"href":"https:\/\/dlcpo.com\/es\/wp-json\/wp\/v2\/types\/product"}],"version-history":[{"count":1,"href":"https:\/\/dlcpo.com\/es\/wp-json\/wp\/v2\/product\/5761\/revisions"}],"predecessor-version":[{"id":7297,"href":"https:\/\/dlcpo.com\/es\/wp-json\/wp\/v2\/product\/5761\/revisions\/7297"}],"wp:featuredmedia":[{"embeddable":true,"href":"https:\/\/dlcpo.com\/es\/wp-json\/wp\/v2\/media\/2348"}],"wp:attachment":[{"href":"https:\/\/dlcpo.com\/es\/wp-json\/wp\/v2\/media?parent=5761"}],"wp:term":[{"taxonomy":"product_brand","embeddable":true,"href":"https:\/\/dlcpo.com\/es\/wp-json\/wp\/v2\/product_brand?post=5761"},{"taxonomy":"product_cat","embeddable":true,"href":"https:\/\/dlcpo.com\/es\/wp-json\/wp\/v2\/product_cat?post=5761"},{"taxonomy":"product_tag","embeddable":true,"href":"https:\/\/dlcpo.com\/es\/wp-json\/wp\/v2\/product_tag?post=5761"}],"curies":[{"name":"wp","href":"https:\/\/api.w.org\/{rel}","templated":true}]}}