{"id":5755,"date":"2026-03-11T09:25:39","date_gmt":"2026-03-11T01:25:39","guid":{"rendered":"https:\/\/dlcpo.com\/lishen-lp27148134-40ah-lifepo4-6c-bateria-de-alta-descarga\/"},"modified":"2026-04-11T10:40:59","modified_gmt":"2026-04-11T02:40:59","slug":"lishen-lp27148134-40ah-lifepo4-6c-bateria-de-alta-descarga","status":"publish","type":"product","link":"https:\/\/dlcpo.com\/es\/lishen-lp27148134-40ah-lifepo4-6c-bateria-de-alta-descarga\/","title":{"rendered":"C\u00e9lula de bater\u00eda prism\u00e1tica Lishen LP27148134 de 40 Ah, 3,2 V, LiFePO4 de grado A \u2013 Descarga de alta intensidad de hasta 6C \u2013 C\u00e9lula de potencia ligera de 1,05 kg para arrancadores de emergencia y propulsi\u00f3n el\u00e9ctrica"},"content":{"rendered":"<div class=\"product-description-container\">\n<p>La <strong>bater\u00eda Lishen LP27148134 de 40 Ah LiFePO4 6C de alta descarga<\/strong> es \u00fanica en su clase. Mientras que la mayor\u00eda de las celdas LFP est\u00e1n dise\u00f1adas para el almacenamiento est\u00e1tico de energ\u00eda, esta celda industrial <strong>LiFePO4 de tipo potencia<\/strong> est\u00e1 especialmente dise\u00f1ada para el movimiento y la velocidad. Al concentrar 40 Ah de capacidad en un paquete compacto de 1,05 kg, puede liberar una corriente continua masiva de <strong>240 A (6C)<\/strong>, lo que la convierte en la opci\u00f3n ideal para la propulsi\u00f3n el\u00e9ctrica de alto par y entornos m\u00f3viles con altas vibraciones.  <\/p>\n<h3>Ventaja de alto rendimiento avanzado: el campe\u00f3n de la tracci\u00f3n<\/h3>\n<ul>\n<li>\ud83d\ude80 <strong>Potencia de salida sin igual (8C en modo pulsado):<\/strong> Admite una descarga continua de hasta <strong>6C<\/strong> y hasta <strong>8C (320 A) en modo de pulso<\/strong>, la <strong>bater\u00eda de alta descarga Lishen LP27148134 de 40 Ah LiFePO4 6C<\/strong> garantiza que tus motores obtengan la potencia de pico que necesitan sin las ca\u00eddas de voltaje t\u00edpicas de las celdas de almacenamiento est\u00e1ndar.<\/li>\n<li>\ud83d\udcc9 <strong>Eficiencia de grado industrial:<\/strong> La resistencia interna es el enemigo del rendimiento. Con una resistencia de CA ultrabaja de <strong>\u2264 0,7 m\u03a9<\/strong>, el LP27148134 genera un calor m\u00ednimo incluso bajo cargas extremas, lo que aumenta significativamente la confiabilidad del sistema y la eficiencia de ida y vuelta durante los ciclos de alta potencia. <\/li>\n<li>\u2744\ufe0f <strong>Resistente a la temperatura: <\/strong> Ya sea en entornos \u00e1rticos o en almacenes industriales sin calefacci\u00f3n, esta bater\u00eda mantiene un rendimiento de descarga confiable <strong> -30 \u00b0C hasta 55 \u00b0C<\/strong>, superando con creces los l\u00edmites est\u00e1ndar de consumo de litio y garantizando tiempo de funcionamiento en los climas m\u00e1s adversos.<\/li>\n<li>\ud83d\udfda <strong>La mejor relaci\u00f3n potencia-peso:<\/strong> Con un peso de tan solo <strong>1,05 kg<\/strong>, esta c\u00e9lula permite a los ingenieros fabricar paquetes de bater\u00edas incre\u00edblemente potentes que son considerablemente m\u00e1s ligeros que los dise\u00f1os tradicionales de LFP, una ventaja fundamental para equipos m\u00f3viles en los que el peso es un factor cr\u00edtico y para veh\u00edculos el\u00e9ctricos ligeros.<\/li>\n<li>\ud83d\udfcf\ufe0f <strong>Optimizado para movilidad y competici\u00f3n:<\/strong> Desde la rob\u00f3tica de alta velocidad hasta las conversiones a veh\u00edculos el\u00e9ctricos y los motores de competici\u00f3n, el robusto dise\u00f1o prism\u00e1tico del LP27148134 ofrece la integridad mec\u00e1nica necesaria para soportar vibraciones constantes y una r\u00e1pida recarga de energ\u00eda.<\/li>\n<\/ul>\n<\/div>\n","protected":false},"excerpt":{"rendered":"<p>Descubre la bater\u00eda Lishen LP27148134 de 40 Ah LiFePO4 con capacidad de descarga elevada 6C en DLCPO. Admite una salida continua de 240 A y una salida de pulso de 320 A, resistencia a temperaturas de hasta -30 \u00b0C y una resistencia interna ultrabaja. C\u00e9lula de tipo energ\u00e9tico de primer nivel.<\/p>\n","protected":false},"featured_media":2357,"template":"","meta":{"_acf_changed":false,"_joinchat":[]},"product_brand":[],"product_cat":[1393],"product_tag":[1541,1543,1542,1399,1540],"class_list":{"0":"post-5755","1":"product","2":"type-product","3":"status-publish","4":"has-post-thumbnail","6":"product_cat-lishen","7":"product_tag-40-ah-alta-descarga","8":"product_tag-6c-continuo-descarga","9":"product_tag-6c-lfp-bateria","10":"product_tag-dlcpo","11":"product_tag-lishen-lp27148134","12":"pa_capacity-40ah","14":"first","15":"instock","16":"shipping-taxable","17":"product-type-simple"},"acf":[],"_links":{"self":[{"href":"https:\/\/dlcpo.com\/es\/wp-json\/wp\/v2\/product\/5755","targetHints":{"allow":["GET"]}}],"collection":[{"href":"https:\/\/dlcpo.com\/es\/wp-json\/wp\/v2\/product"}],"about":[{"href":"https:\/\/dlcpo.com\/es\/wp-json\/wp\/v2\/types\/product"}],"version-history":[{"count":1,"href":"https:\/\/dlcpo.com\/es\/wp-json\/wp\/v2\/product\/5755\/revisions"}],"predecessor-version":[{"id":7301,"href":"https:\/\/dlcpo.com\/es\/wp-json\/wp\/v2\/product\/5755\/revisions\/7301"}],"wp:featuredmedia":[{"embeddable":true,"href":"https:\/\/dlcpo.com\/es\/wp-json\/wp\/v2\/media\/2357"}],"wp:attachment":[{"href":"https:\/\/dlcpo.com\/es\/wp-json\/wp\/v2\/media?parent=5755"}],"wp:term":[{"taxonomy":"product_brand","embeddable":true,"href":"https:\/\/dlcpo.com\/es\/wp-json\/wp\/v2\/product_brand?post=5755"},{"taxonomy":"product_cat","embeddable":true,"href":"https:\/\/dlcpo.com\/es\/wp-json\/wp\/v2\/product_cat?post=5755"},{"taxonomy":"product_tag","embeddable":true,"href":"https:\/\/dlcpo.com\/es\/wp-json\/wp\/v2\/product_tag?post=5755"}],"curies":[{"name":"wp","href":"https:\/\/api.w.org\/{rel}","templated":true}]}}