{"id":5749,"date":"2026-03-11T14:17:24","date_gmt":"2026-03-11T06:17:24","guid":{"rendered":"https:\/\/dlcpo.com\/lishen-lp37173207-150ah-celula-de-bateria-lifepo4-grado-a\/"},"modified":"2026-04-11T10:41:02","modified_gmt":"2026-04-11T02:41:02","slug":"lishen-lp37173207-150ah-celula-de-bateria-lifepo4-grado-a","status":"publish","type":"product","link":"https:\/\/dlcpo.com\/es\/lishen-lp37173207-150ah-celula-de-bateria-lifepo4-grado-a\/","title":{"rendered":"C\u00e9lula de bater\u00eda prism\u00e1tica Lishen LP37173207 de 150 Ah y 3,2 V, LiFePO4 de grado A \u2013 N\u00facleo delgado de 37 mm y alta densidad para autocaravanas, embarcaciones y almacenamiento solar"},"content":{"rendered":"<div class=\"product-description-container\">\n<p>La <strong>c\u00e9lula de bater\u00eda LiFePO4 Lishen LP37173207 de 150 Ah, grado A<\/strong> es una soluci\u00f3n energ\u00e9tica de alto rendimiento dise\u00f1ada para ofrecer la m\u00e1xima fiabilidad en los proyectos actuales de transici\u00f3n energ\u00e9tica. Fabricada por Lishen, pionera mundial y l\u00edder de primer nivel en tecnolog\u00eda de iones de litio, esta celda prism\u00e1tica de grado A est\u00e1 dise\u00f1ada espec\u00edficamente para satisfacer las rigurosas exigencias tanto de la propulsi\u00f3n de veh\u00edculos el\u00e9ctricos como de los sistemas de almacenamiento de energ\u00eda estacionarios (ESS) de alta densidad. <\/p>\n<h3>Rendimiento t\u00e9cnico avanzado: fiabilidad de grado automotriz<\/h3>\n<ul>\n<li>\ud83d\udccf <strong>Perfil delgado estandarizado (37 mm):<\/strong> Con una capacidad considerable de 150 Ah en una carcasa prism\u00e1tica de aluminio estandarizada (aprox. <strong>174 mm x 37 mm x 207 mm<\/strong>), la <strong>celda de bater\u00eda Lishen LP37173207 de 150 Ah LiFePO4 de grado A<\/strong> permite la construcci\u00f3n de bancos de bater\u00edas de alta densidad. Su perfil delgado es perfecto para construir carcasas de bater\u00edas compactas y eficientes en cuanto al espacio, sin volumen innecesario. <\/li>\n<li>\ud83d\udcc9 <strong>Eficiencia excepcional (&lt; 0,5 m\u03a9):<\/strong> La resistencia interna es el enemigo de la eficiencia. Con una impedancia ultrabaja de <strong>menos de 0,5 m\u03a9<\/strong>, esta celda minimiza la p\u00e9rdida de energ\u00eda durante los ciclos de carga y descarga de alta carga, lo que garantiza un funcionamiento m\u00e1s fr\u00edo y una mayor eficiencia global de ida y vuelta del sistema. <\/li>\n<li>\ud83d\udd0b <strong>Fiabilidad en ciclos a largo plazo:<\/strong> Dise\u00f1adas para ofrecer una gran durabilidad, estas celdas proporcionan <strong>m\u00e1s de 3.000 ciclos de descarga profunda completos<\/strong>. Esto equivale a una d\u00e9cada o m\u00e1s de funcionamiento diario fiable en entornos exigentes, como caba\u00f1as sin conexi\u00f3n a la red el\u00e9ctrica, sistemas de respaldo solar y sistemas de alimentaci\u00f3n de veh\u00edculos recreativos, con una degradaci\u00f3n m\u00ednima de la capacidad. <\/li>\n<li>\ud83c\udfc6 <strong>Tradici\u00f3n automotriz de primer nivel:<\/strong> Lishen es un proveedor de confianza para los principales fabricantes mundiales de veh\u00edculos el\u00e9ctricos. Todas las celdas LP37173207 suministradas por DLCPO son de <strong>calidad de grado A<\/strong>, lo que garantiza una consistencia de nivel automotriz en cuanto a voltaje, capacidad y seguridad, aspectos fundamentales para mantener el equilibrio en grandes cadenas multicelulares.<\/li>\n<li>\ud83d\udc1f <strong>Optimizada para autocaravanas y sistemas de almacenamiento de energ\u00eda solar (ESS):<\/strong> Su robusto dise\u00f1o prism\u00e1tico y la estabilidad qu\u00edmica del LFP hacen que esta c\u00e9lula sea muy resistente a las vibraciones y al estr\u00e9s t\u00e9rmico. Es la opci\u00f3n ideal para conversiones de 12 V, 24 V o 48 V en autocaravanas y proyectos solares residenciales que requieran la m\u00e1xima seguridad. <\/li>\n<\/ul>\n<\/div>\n","protected":false},"excerpt":{"rendered":"<p>Descubre la c\u00e9lula de bater\u00eda LiFePO4 Lishen LP37173207 de 150 Ah y grado A en DLCPO. Con un perfil delgado de 37 mm, una resistencia ultrabaja &lt; de 0,5 m\u03a9 y m\u00e1s de 3000 ciclos. Ideal para autocaravanas y almacenamiento de energ\u00eda solar. <\/p>\n","protected":false},"featured_media":2369,"template":"","meta":{"_acf_changed":false,"_joinchat":[]},"product_brand":[],"product_cat":[1393],"product_tag":[1535,1534,1399,1532,1533],"class_list":{"0":"post-5749","1":"product","2":"type-product","3":"status-publish","4":"has-post-thumbnail","6":"product_cat-lishen","7":"product_tag-bateria-solar-para-autocaravanas","8":"product_tag-delgado-prismatico-celular","9":"product_tag-dlcpo","10":"product_tag-lishen-150ah","11":"product_tag-lp37173207","12":"pa_capacity-150ah","14":"first","15":"instock","16":"shipping-taxable","17":"product-type-simple"},"acf":[],"_links":{"self":[{"href":"https:\/\/dlcpo.com\/es\/wp-json\/wp\/v2\/product\/5749","targetHints":{"allow":["GET"]}}],"collection":[{"href":"https:\/\/dlcpo.com\/es\/wp-json\/wp\/v2\/product"}],"about":[{"href":"https:\/\/dlcpo.com\/es\/wp-json\/wp\/v2\/types\/product"}],"version-history":[{"count":1,"href":"https:\/\/dlcpo.com\/es\/wp-json\/wp\/v2\/product\/5749\/revisions"}],"predecessor-version":[{"id":7304,"href":"https:\/\/dlcpo.com\/es\/wp-json\/wp\/v2\/product\/5749\/revisions\/7304"}],"wp:featuredmedia":[{"embeddable":true,"href":"https:\/\/dlcpo.com\/es\/wp-json\/wp\/v2\/media\/2369"}],"wp:attachment":[{"href":"https:\/\/dlcpo.com\/es\/wp-json\/wp\/v2\/media?parent=5749"}],"wp:term":[{"taxonomy":"product_brand","embeddable":true,"href":"https:\/\/dlcpo.com\/es\/wp-json\/wp\/v2\/product_brand?post=5749"},{"taxonomy":"product_cat","embeddable":true,"href":"https:\/\/dlcpo.com\/es\/wp-json\/wp\/v2\/product_cat?post=5749"},{"taxonomy":"product_tag","embeddable":true,"href":"https:\/\/dlcpo.com\/es\/wp-json\/wp\/v2\/product_tag?post=5749"}],"curies":[{"name":"wp","href":"https:\/\/api.w.org\/{rel}","templated":true}]}}