{"id":5720,"date":"2026-03-13T14:06:46","date_gmt":"2026-03-13T06:06:46","guid":{"rendered":"https:\/\/dlcpo.com\/gotion-ifp50160116a-102ah-lifepo4-celda-solar-prismatica\/"},"modified":"2026-04-11T10:40:48","modified_gmt":"2026-04-11T02:40:48","slug":"gotion-ifp50160116a-102ah-lifepo4-celda-solar-prismatica","status":"publish","type":"product","link":"https:\/\/dlcpo.com\/es\/gotion-ifp50160116a-102ah-lifepo4-celda-solar-prismatica\/","title":{"rendered":"C\u00e9lula de bater\u00eda prism\u00e1tica Gotion de 102 Ah y 3,2 V, LiFePO4 de grado A \u2013 Alta densidad energ\u00e9tica de 160 Wh\/kg \u2013 N\u00facleo compacto de grado solar para autocaravanas y sistemas de almacenamiento de energ\u00eda dom\u00e9sticos (ESS)"},"content":{"rendered":"<div class=\"product-description-container\">\n<p>La <strong>c\u00e9lula solar prism\u00e1tica Gotion IFP50160116A de 102 Ah de LiFePO4<\/strong> es una soluci\u00f3n energ\u00e9tica de primera calidad dise\u00f1ada para la transici\u00f3n energ\u00e9tica moderna. Al combinar una capacidad estandarizada de 102 Ah con una <strong>densidad energ\u00e9tica de 160 Wh\/kg<\/strong> l\u00edder en la industria, ofrece una capacidad de almacenamiento sustancial en una carcasa prism\u00e1tica de aluminio liviana y que ahorra espacio, lo que la convierte en la opci\u00f3n estrella para instalaciones solares de alta gama. <\/p>\n<h3>Avanzado T\u00e9cnico Rendimiento: Fiable Energ\u00eda durante d\u00e9cadas<\/h3>\n<ul>\n<li>\u23f3 <strong>Fiabilidad de ciclo a largo plazo:<\/strong> Clasificada para <strong>\u22653.000 ciclos completos<\/strong> en condiciones est\u00e1ndar, la <strong>c\u00e9lula solar prism\u00e1tica Gotion IFP50160116A de 102 Ah LiFePO4<\/strong> est\u00e1 dise\u00f1ada para proporcionar m\u00e1s de 10 a\u00f1os de servicio diario confiable en sistemas de almacenamiento solar residencial, respaldo comercial y sistemas de energ\u00eda m\u00f3vil.<\/li>\n<li>\ud83d\udcc9 <strong>Eficiencia optimizada (\u2264 0,7 m\u03a9): <\/strong> Con una resistencia interna ultra baja <strong>\u2264 0,7 m\u03a9<\/strong>, el IFP50160116A garantiza una m\u00ednima p\u00e9rdida de energ\u00eda durante ciclos de carga y descarga ciclos, maximizando la potencia utilizable para tuo veh\u00edculo el\u00e9ctrico y reduciendo la generaci\u00f3n de calor.<\/li>\n<li>\u2744\ufe0f <strong>Rendimiento extremo en cualquier condici\u00f3n clim\u00e1tica:<\/strong> Dise\u00f1ada para funcionar donde otras fallan, esta celda mantiene un rendimiento de descarga fiable incluso a13&gt; en condiciones de fr\u00edo extremo hasta <strong>-30 \u00b0C<\/strong>. Esta resiliencia lo convierte en un l\u00edder del mercado para sistemas de almacenamiento de energ\u00eda solar (ESS) para exteriores a27&gt; en climas templados y fr\u00edos. <\/li>\n<li>\ud83c\udc26 <strong>Alta densidad energ\u00e9tica (160 Wh\/kg):<\/strong> Gracias a la tecnolog\u00eda de grado automotriz de Gotion, esta c\u00e9lula ofrece m\u00e1s potencia en un espacio m\u00e1s reducido. Esta mayor relaci\u00f3n energ\u00eda-peso es una ventaja fundamental para aplicaciones en las que el peso es un factor cr\u00edtico, como las estaciones de energ\u00eda port\u00e1tiles y las conversiones de veh\u00edculos el\u00e9ctricos. <\/li>\n<li>\ud83c\udfc5 <strong>Est\u00e1ndares de fabricaci\u00f3n de primer nivel:<\/strong> Procedentes de las l\u00edneas de producci\u00f3n automatizadas de \u00faltima generaci\u00f3n de Gotion High-Tech (socio global de Volkswagen), cada celda garantiza una consistencia excepcional en cuanto a voltaje y capacidad, lo que asegura un equilibrio a largo plazo en las grandes cadenas de bater\u00edas.<\/li>\n<\/ul>\n<\/div>\n","protected":false},"excerpt":{"rendered":"<p>Descubre la c\u00e9lula solar prism\u00e1tica Gotion IFP50160116A de 102 Ah LiFePO4 en DLCPO. Con una alta densidad energ\u00e9tica de 160 Wh\/kg, m\u00e1s de 3000 ciclos y fiabilidad a bajas temperaturas de hasta -30 \u00b0C. Calidad de grado A de primer nivel.<\/p>\n","protected":false},"featured_media":2528,"template":"","meta":{"_acf_changed":false,"_joinchat":[]},"product_brand":[],"product_cat":[1390],"product_tag":[1399,1499,1500,1502,1501],"class_list":{"0":"post-5720","1":"product","2":"type-product","3":"status-publish","4":"has-post-thumbnail","6":"product_cat-gotion","7":"product_tag-dlcpo","8":"product_tag-gotion-102ah","9":"product_tag-ifp50160116a","10":"product_tag-prismatica-de-litio-pila","11":"product_tag-solar-bateria-celula","12":"pa_capacity-102ah","14":"first","15":"instock","16":"shipping-taxable","17":"product-type-simple"},"acf":[],"_links":{"self":[{"href":"https:\/\/dlcpo.com\/es\/wp-json\/wp\/v2\/product\/5720","targetHints":{"allow":["GET"]}}],"collection":[{"href":"https:\/\/dlcpo.com\/es\/wp-json\/wp\/v2\/product"}],"about":[{"href":"https:\/\/dlcpo.com\/es\/wp-json\/wp\/v2\/types\/product"}],"version-history":[{"count":1,"href":"https:\/\/dlcpo.com\/es\/wp-json\/wp\/v2\/product\/5720\/revisions"}],"predecessor-version":[{"id":7286,"href":"https:\/\/dlcpo.com\/es\/wp-json\/wp\/v2\/product\/5720\/revisions\/7286"}],"wp:featuredmedia":[{"embeddable":true,"href":"https:\/\/dlcpo.com\/es\/wp-json\/wp\/v2\/media\/2528"}],"wp:attachment":[{"href":"https:\/\/dlcpo.com\/es\/wp-json\/wp\/v2\/media?parent=5720"}],"wp:term":[{"taxonomy":"product_brand","embeddable":true,"href":"https:\/\/dlcpo.com\/es\/wp-json\/wp\/v2\/product_brand?post=5720"},{"taxonomy":"product_cat","embeddable":true,"href":"https:\/\/dlcpo.com\/es\/wp-json\/wp\/v2\/product_cat?post=5720"},{"taxonomy":"product_tag","embeddable":true,"href":"https:\/\/dlcpo.com\/es\/wp-json\/wp\/v2\/product_tag?post=5720"}],"curies":[{"name":"wp","href":"https:\/\/api.w.org\/{rel}","templated":true}]}}