{"id":5717,"date":"2026-03-13T14:21:52","date_gmt":"2026-03-13T06:21:52","guid":{"rendered":"https:\/\/dlcpo.com\/gotion-ifp28148115a-52ah-celula-prismatica-lifepo4-grado-a\/"},"modified":"2026-04-11T10:40:48","modified_gmt":"2026-04-11T02:40:48","slug":"gotion-ifp28148115a-52ah-celula-prismatica-lifepo4-grado-a","status":"publish","type":"product","link":"https:\/\/dlcpo.com\/es\/gotion-ifp28148115a-52ah-celula-prismatica-lifepo4-grado-a\/","title":{"rendered":"C\u00e9lula de bater\u00eda prism\u00e1tica LiFePO4 Gotion de 52 Ah y 3,2 V, grado A, IFP28148115A \u2013 Pernos M6 \u2013 Resistencia extrema a condiciones clim\u00e1ticas extremas para sistemas de almacenamiento de energ\u00eda (ESS) solares e industriales"},"content":{"rendered":"<div class=\"product-description-container\">\n<p>La <strong>c\u00e9lula prism\u00e1tica Gotion IFP28148115A de 52 Ah de LiFePO4, grado A<\/strong> es una soluci\u00f3n energ\u00e9tica de alta densidad dise\u00f1ada para ofrecer la m\u00e1xima durabilidad y una resistencia ambiental sin igual. Creada espec\u00edficamente para el almacenamiento de energ\u00eda y la tracci\u00f3n de nivel profesional, combina la seguridad l\u00edder en el sector de la qu\u00edmica LFP con un impresionante rango de temperaturas de funcionamiento, lo que la convierte en l\u00edder del mercado para aplicaciones al aire libre e industriales en entornos extremos. <\/p>\n<h3>Rendimiento t\u00e9cnico avanzado y resiliencia medioambiental<\/h3>\n<ul>\n<li>\ud83c\udf21\ufe0f <strong>Fiabilidad extrema en cualquier condici\u00f3n clim\u00e1tica:<\/strong> Dise\u00f1ada para las condiciones m\u00e1s adversas, la <strong>c\u00e9lula prism\u00e1tica Gotion IFP28148115A de 52 Ah LiFePO4 de grado A<\/strong> mantiene un rendimiento de descarga s\u00f3lido desde el calor abrasador (<strong>60 \u00b0C<\/strong>) hasta el fr\u00edo glacial (<strong>-30 \u00b0C<\/strong>), lo que garantiza que su sistema permanezca operativo durante todo el a\u00f1o en cualquier clima.<\/li>\n<li>\ud83c\udfed <strong>Consistencia industrial de primer nivel:<\/strong> Cada celda se fabrica en las instalaciones totalmente automatizadas de Gotion, dise\u00f1adas para el sector automotriz. Esto garantiza una baja resistencia interna de <strong>\u22642,5 m\u03a9<\/strong>, lo que se traduce en una p\u00e9rdida de calor m\u00ednima y una eficiencia energ\u00e9tica de ida y vuelta m\u00e1xima durante el funcionamiento en condiciones de uso intensivo. <\/li>\n<li>\ud83d\udd0b <strong>M\u00e1s de 2.000 ciclos de vida \u00fatil:<\/strong> Con <strong>\u22652.000 ciclos completos de descarga profunda ciclos<\/strong> en condiciones normales, esta bater\u00eda ofrece m\u00e1s de una d\u00e9cada de fiable vida \u00fatil . Es una inversi\u00f3n ideal para sistemas de almacenamiento de energ\u00eda solar y veh\u00edculos el\u00e9ctricos a30&gt; plataformas de veh\u00edculos el\u00e9ctricos ligeros que requieren un rendimiento constante d\u00eda tras d\u00eda. <\/li>\n<li>\ud83d\udee1\ufe0f <strong>Dise\u00f1o prism\u00e1tico robusto:<\/strong> Encerrada en una carcasa prism\u00e1tica de aluminio de alta resistencia, la celda ofrece una integridad estructural y una seguridad superiores en comparaci\u00f3n con las alternativas de paquete flexible. La estable composici\u00f3n qu\u00edmica de LFP proporciona un umbral de fuga t\u00e9rmica elevado, algo fundamental para bancos de bater\u00edas de alta densidad, tanto en interiores como en exteriores. <\/li>\n<li>\u2699\ufe0f <strong>Compact &amp; Versatile Integration:<\/strong> The optimized form factor of the IFP28148115A makes it a versatile building block for specialized 12V to 96V systems. It is perfect for AGVs, electric forklifts, and off-grid residential backup where space efficiency and temperature stability are paramount.<\/li>\n<\/ul>\n<\/div>\n","protected":false},"excerpt":{"rendered":"<p>Descubra la c\u00e9lula prism\u00e1tica de LiFePO4 Gotion IFP28148115A de 52 Ah, grado A, en DLCPO. Dise\u00f1ada para entornos extremos de -30 \u00b0C a 60 \u00b0C. Caracter\u00edsticas \u2264<span class=\"math-inline\" data-math=\"\\le 2.5 m\\Omega\" data-index-in-node=\"172\"> 2,5 m\u03a9<\/span> resistencia y m\u00e1s de 2000 ciclos.<\/p>\n","protected":false},"featured_media":2534,"template":"","meta":{"_acf_changed":false,"_joinchat":[]},"product_brand":[],"product_cat":[1390],"product_tag":[1497,1399,1495,1498,1496],"class_list":{"0":"post-5717","1":"product","2":"type-product","3":"status-publish","4":"has-post-thumbnail","6":"product_cat-gotion","7":"product_tag-baja-temperatura-bateria","8":"product_tag-dlcpo","9":"product_tag-gotion-52ah","10":"product_tag-grado-a-lfp-celula","11":"product_tag-ifp28148115a","12":"pa_capacity-52ah","14":"first","15":"instock","16":"shipping-taxable","17":"product-type-simple"},"acf":[],"_links":{"self":[{"href":"https:\/\/dlcpo.com\/es\/wp-json\/wp\/v2\/product\/5717","targetHints":{"allow":["GET"]}}],"collection":[{"href":"https:\/\/dlcpo.com\/es\/wp-json\/wp\/v2\/product"}],"about":[{"href":"https:\/\/dlcpo.com\/es\/wp-json\/wp\/v2\/types\/product"}],"version-history":[{"count":1,"href":"https:\/\/dlcpo.com\/es\/wp-json\/wp\/v2\/product\/5717\/revisions"}],"predecessor-version":[{"id":7287,"href":"https:\/\/dlcpo.com\/es\/wp-json\/wp\/v2\/product\/5717\/revisions\/7287"}],"wp:featuredmedia":[{"embeddable":true,"href":"https:\/\/dlcpo.com\/es\/wp-json\/wp\/v2\/media\/2534"}],"wp:attachment":[{"href":"https:\/\/dlcpo.com\/es\/wp-json\/wp\/v2\/media?parent=5717"}],"wp:term":[{"taxonomy":"product_brand","embeddable":true,"href":"https:\/\/dlcpo.com\/es\/wp-json\/wp\/v2\/product_brand?post=5717"},{"taxonomy":"product_cat","embeddable":true,"href":"https:\/\/dlcpo.com\/es\/wp-json\/wp\/v2\/product_cat?post=5717"},{"taxonomy":"product_tag","embeddable":true,"href":"https:\/\/dlcpo.com\/es\/wp-json\/wp\/v2\/product_tag?post=5717"}],"curies":[{"name":"wp","href":"https:\/\/api.w.org\/{rel}","templated":true}]}}