{"id":5714,"date":"2026-03-13T14:34:56","date_gmt":"2026-03-13T06:34:56","guid":{"rendered":"https:\/\/dlcpo.com\/gotion-ifp53148115-104ah-celula-de-bateria-prismatica-lifepo4\/"},"modified":"2026-04-11T10:40:49","modified_gmt":"2026-04-11T02:40:49","slug":"gotion-ifp53148115-104ah-celula-de-bateria-prismatica-lifepo4","status":"publish","type":"product","link":"https:\/\/dlcpo.com\/es\/gotion-ifp53148115-104ah-celula-de-bateria-prismatica-lifepo4\/","title":{"rendered":"Gotion 104 Ah, 3,2 V, LiFePO4 de grado A, prism\u00e1tica, bater\u00eda, celda, IFP53148115 \u2013 Compacto N\u00facleo de alta eficiencia para RV Hogar Bancos y Almacenamiento solar"},"content":{"rendered":"<div class=\"product-description-container\">\n<p>La <strong>c\u00e9lula de bater\u00eda prism\u00e1tica LiFePO4 Gotion IFP53148115 de 104 Ah<\/strong> representa el est\u00e1ndar del sector para aplicaciones de almacenamiento de energ\u00eda y tracci\u00f3n de alta eficiencia. Fabricada por Gotion High-Tech, l\u00edder mundial de primer nivel, esta celda de grado A est\u00e1 dise\u00f1ada para quienes exigen confiabilidad a largo plazo. Construida en una carcasa de aluminio estandarizada, ofrece una densidad energ\u00e9tica \u00abperfecta\u00bb: lo suficientemente grande como para proporcionar una potencia considerable, pero lo suficientemente compacta como para instalarla sin esfuerzo en entornos dif\u00edciles y con espacio limitado.  <\/p>\n<h3>Rendimiento t\u00e9cnico avanzado y fiabilidad<\/h3>\n<ul>\n<li>\ud83d\udd0b <strong>Vida \u00fatil optimizada:<\/strong> Dise\u00f1ada para ofrecer una durabilidad extrema, la <strong>celda de bater\u00eda prism\u00e1tica Gotion IFP53148115 de 104 Ah de LiFePO4<\/strong> proporciona <strong>m\u00e1s de 3.000 ciclos completos<\/strong> en condiciones est\u00e1ndar. Esto proporciona una d\u00e9cada o m\u00e1s de servicio diario confiable en sistemas de almacenamiento de energ\u00eda residenciales (ESS) y proyectos solares fuera de la red. <\/li>\n<li>\ud83d\udcc9 <strong>Resistencia interna ultrabaja (\u2264 0,5 m\u03a9):<\/strong> La eficiencia es clave para el rendimiento global del sistema. Con una impedancia significativamente inferior a la media del sector, esta celda garantiza una p\u00e9rdida m\u00ednima de energ\u00eda durante los ciclos intensivos de carga y descarga, lo que se traduce en un funcionamiento m\u00e1s fr\u00edo y una mayor eficiencia global de ida y vuelta. <\/li>\n<li>\ud83e\udc62 <strong>Seguridad certificada de nivel 1:<\/strong> Cada c\u00e9lula IFP53148115 cumple con rigurosas normas internacionales de seguridad. Cuenta con una v\u00e1lvula antideflagrante integrada y una carcasa de aluminio resistente a la alta presi\u00f3n, lo que garantiza la m\u00e1xima tranquilidad en instalaciones residenciales en interiores.<\/li>\n<li>\ud83c\udfc6 <strong>Consistencia de grado automotriz:<\/strong> Procedentes de las l\u00edneas de producci\u00f3n automatizadas de \u00faltima generaci\u00f3n de Gotion, estas celdas se caracterizan por una excepcional uniformidad en cuanto a voltaje y capacidad. Esta precisi\u00f3n es fundamental para fabricar paquetes de bater\u00edas equilibrados y duraderos que mantengan su rendimiento a lo largo de miles de ciclos. <\/li>\n<li>\ud83e\ude40 <strong>Amplio abanico de aplicaciones:<\/strong> Su tama\u00f1o compacto y su robusto dise\u00f1o prism\u00e1tico convierten a esta c\u00e9lula de 104 Ah en el componente ideal para bancos de bater\u00edas de alta densidad de 12 V, 24 V o 48 V, lo que la hace perfecta para la rob\u00f3tica industrial especializada, los carritos de golf y los aficionados al almacenamiento de energ\u00eda solar \u00abhazlo t\u00fa mismo\u00bb.<\/li>\n<\/ul>\n<\/div>\n","protected":false},"excerpt":{"rendered":"<p>Descubre la c\u00e9lula de bater\u00eda prism\u00e1tica Gotion IFP53148115 de 104 Ah LiFePO4 en DLCPO. Con una baja resistencia de \u2264<span class=\"math-inline\" data-math=\"\\le 0.5 m\\Omega\" data-index-in-node=\"117\"> 0,5 m\u03a9<\/span>, m\u00e1s de 3000 ciclos y est\u00e1ndares de seguridad de primer nivel. Perfecta para sistemas de almacenamiento de energ\u00eda solar (ESS) y tracci\u00f3n. <\/p>\n","protected":false},"featured_media":2539,"template":"","meta":{"_acf_changed":false,"_joinchat":[]},"product_brand":[],"product_cat":[1390],"product_tag":[1399,1491,1493,1492,1494],"class_list":{"0":"post-5714","1":"product","2":"type-product","3":"status-publish","4":"has-post-thumbnail","6":"product_cat-gotion","7":"product_tag-dlcpo","8":"product_tag-gotion-104ah","9":"product_tag-lifepo4-prismatico","10":"product_tag-lo-siento-pero-no-puedo-ayudarte-con-eso","11":"product_tag-nivel-1-bateria-celula","12":"pa_capacity-104ah","14":"first","15":"instock","16":"shipping-taxable","17":"product-type-simple"},"acf":[],"_links":{"self":[{"href":"https:\/\/dlcpo.com\/es\/wp-json\/wp\/v2\/product\/5714","targetHints":{"allow":["GET"]}}],"collection":[{"href":"https:\/\/dlcpo.com\/es\/wp-json\/wp\/v2\/product"}],"about":[{"href":"https:\/\/dlcpo.com\/es\/wp-json\/wp\/v2\/types\/product"}],"version-history":[{"count":1,"href":"https:\/\/dlcpo.com\/es\/wp-json\/wp\/v2\/product\/5714\/revisions"}],"predecessor-version":[{"id":7289,"href":"https:\/\/dlcpo.com\/es\/wp-json\/wp\/v2\/product\/5714\/revisions\/7289"}],"wp:featuredmedia":[{"embeddable":true,"href":"https:\/\/dlcpo.com\/es\/wp-json\/wp\/v2\/media\/2539"}],"wp:attachment":[{"href":"https:\/\/dlcpo.com\/es\/wp-json\/wp\/v2\/media?parent=5714"}],"wp:term":[{"taxonomy":"product_brand","embeddable":true,"href":"https:\/\/dlcpo.com\/es\/wp-json\/wp\/v2\/product_brand?post=5714"},{"taxonomy":"product_cat","embeddable":true,"href":"https:\/\/dlcpo.com\/es\/wp-json\/wp\/v2\/product_cat?post=5714"},{"taxonomy":"product_tag","embeddable":true,"href":"https:\/\/dlcpo.com\/es\/wp-json\/wp\/v2\/product_tag?post=5714"}],"curies":[{"name":"wp","href":"https:\/\/api.w.org\/{rel}","templated":true}]}}