{"id":5702,"date":"2026-03-13T16:07:10","date_gmt":"2026-03-13T08:07:10","guid":{"rendered":"https:\/\/dlcpo.com\/celula-de-bateria-lifepo%e2%82%84-de-gran-potencia-de-200-ah-gsp54173192f\/"},"modified":"2026-04-11T10:35:51","modified_gmt":"2026-04-11T02:35:51","slug":"celula-de-bateria-lifepo%e2%82%84-de-gran-potencia-de-200-ah-gsp54173192f","status":"publish","type":"product","link":"https:\/\/dlcpo.com\/es\/celula-de-bateria-lifepo%e2%82%84-de-gran-potencia-de-200-ah-gsp54173192f\/","title":{"rendered":"Excelente Potencia GSP54173192F 200 Ah 3,2 V LiFePO4 Bater\u00eda C\u00e9lula \u2013 Perfil de baja altura de 192 mm para racks de servidores 3U\/4U y telecomunicaciones ESS"},"content":{"rendered":"<div class=\"product-description-container\">\n<p>La <strong>c\u00e9lula de bater\u00eda LiFePO4 Great Power de 200 Ah GSP54173192F<\/strong> (fabricada por PengHui Energy) es una c\u00e9lula prism\u00e1tica especializada dise\u00f1ada espec\u00edficamente para el almacenamiento profesional de energ\u00eda de alta densidad. A diferencia de las c\u00e9lulas prism\u00e1ticas est\u00e1ndar, que priorizan la capacidad bruta por encima de la adaptabilidad, este modelo est\u00e1 dise\u00f1ado para destacar en entornos en los que cada mil\u00edmetro de espacio vertical es un lujo. <\/p>\n<h3>Ventajas clave de rendimiento: el est\u00e1ndar industrial compacto<\/h3>\n<ul>\n<li>\ud83d\udccf <strong>Perfil de baja altura de 192 mm:<\/strong> Mientras que la mayor\u00eda de las celdas prism\u00e1ticas de m\u00e1s de 200 Ah miden entre 200 y 210 mm de altura, la <strong>celda de bater\u00eda LiFePO4 Great Power de 200 Ah GSP54173192F<\/strong> mide exactamente <strong>192 mm de altura<\/strong>. Esta reducci\u00f3n fundamental permite una integraci\u00f3n perfecta en cajas de bater\u00edas de telecomunicaciones est\u00e1ndar de 3U o 4U y en m\u00f3dulos de rack de servidores sin riesgo de interferencia en los terminales. <\/li>\n<li>\ud83c\udfed <strong>Excelencia en fabricaci\u00f3n de primer nivel:<\/strong> Great Power se sit\u00faa sistem\u00e1ticamente entre las <strong>tres primeras marcas mundiales<\/strong> en cuanto a env\u00edos de sistemas de almacenamiento de energ\u00eda industrial. Al elegir esta marca, te aseguras de recibir un producto con una consistencia de primer nivel, un riguroso control de calidad de grado automotriz y una fiabilidad probada en la pr\u00e1ctica en sistemas de misi\u00f3n cr\u00edtica. <\/li>\n<li>\ud83d\udd0b <strong>Fiabilidad y larga vida \u00fatil (m\u00e1s de 4000 ciclos):<\/strong> Con una capacidad nominal de <strong>\u22654000 ciclos de descarga profunda<\/strong>, esta c\u00e9lula de grado A ofrece m\u00e1s de una d\u00e9cada de servicio diario. Ofrece un excepcional retorno de la inversi\u00f3n (ROI) para sistemas de respaldo solar, proyectos de sistemas de almacenamiento de energ\u00eda (ESS) fuera de la red y ciclos industriales de alta resistencia en los que la longevidad es la principal preocupaci\u00f3n. <\/li>\n<li>\ud83d\udee1\ufe0f <strong>Seguridad prism\u00e1tica de grado industrial:<\/strong> Encerrado en una robusta carcasa prism\u00e1tica de aluminio soldada con l\u00e1ser, el GSP54173192F ofrece una integridad estructural y gesti\u00f3n t\u00e9rmica superiores. La estable qu\u00edmica de LFP garantiza cero riesgo de sobrecalentamiento descontrol, lo que lo hace apto para centros de datos de alta densidad en interiores.<\/li>\n<li>\u2699\ufe0f <strong>Integraci\u00f3n perfecta en el sistema:<\/strong> Dise\u00f1adas con terminales est\u00e1ndar y un tama\u00f1o compacto, estas celdas son f\u00e1ciles de configurar en cadenas de 16S (48 V) o 32S (96 V). Esta versatilidad las convierte en la soluci\u00f3n ideal para la integraci\u00f3n de energ\u00edas renovables y los sistemas de respaldo UPS en todo el mundo. <\/li>\n<\/ul>\n<\/div>\n","protected":false},"excerpt":{"rendered":"<p>Descubra la celda de bater\u00eda LiFePO4 Great Power de 200 Ah (GSP54173192F) en DLCPO. Con una altura optimizada de 192 mm para sistemas de rack de 3U\/4U, \u2265<span class=\"math-inline\" data-math=\"\\ge 4,000\" data-index-in-node=\"159\">4,000<\/span> ciclos y una fiabilidad de fabricaci\u00f3n que la sit\u00faa entre las tres mejores del mundo.<\/p>\n","protected":false},"featured_media":2555,"template":"","meta":{"_acf_changed":false,"_joinchat":[]},"product_brand":[],"product_cat":[1391],"product_tag":[1479,1478,1399,1476,1477],"class_list":{"0":"post-5702","1":"product","2":"type-product","3":"status-publish","4":"has-post-thumbnail","6":"product_cat-great-power","7":"product_tag-almacenamiento-de-energia-en-baterias-para-telecomunicaciones","8":"product_tag-bajo-perfil-prismatico-celular","9":"product_tag-dlcpo","10":"product_tag-great-power-200ah","11":"product_tag-gsp54173192f","12":"pa_capacity-200ah","14":"first","15":"instock","16":"shipping-taxable","17":"product-type-simple"},"acf":[],"_links":{"self":[{"href":"https:\/\/dlcpo.com\/es\/wp-json\/wp\/v2\/product\/5702","targetHints":{"allow":["GET"]}}],"collection":[{"href":"https:\/\/dlcpo.com\/es\/wp-json\/wp\/v2\/product"}],"about":[{"href":"https:\/\/dlcpo.com\/es\/wp-json\/wp\/v2\/types\/product"}],"version-history":[{"count":1,"href":"https:\/\/dlcpo.com\/es\/wp-json\/wp\/v2\/product\/5702\/revisions"}],"predecessor-version":[{"id":7277,"href":"https:\/\/dlcpo.com\/es\/wp-json\/wp\/v2\/product\/5702\/revisions\/7277"}],"wp:featuredmedia":[{"embeddable":true,"href":"https:\/\/dlcpo.com\/es\/wp-json\/wp\/v2\/media\/2555"}],"wp:attachment":[{"href":"https:\/\/dlcpo.com\/es\/wp-json\/wp\/v2\/media?parent=5702"}],"wp:term":[{"taxonomy":"product_brand","embeddable":true,"href":"https:\/\/dlcpo.com\/es\/wp-json\/wp\/v2\/product_brand?post=5702"},{"taxonomy":"product_cat","embeddable":true,"href":"https:\/\/dlcpo.com\/es\/wp-json\/wp\/v2\/product_cat?post=5702"},{"taxonomy":"product_tag","embeddable":true,"href":"https:\/\/dlcpo.com\/es\/wp-json\/wp\/v2\/product_tag?post=5702"}],"curies":[{"name":"wp","href":"https:\/\/api.w.org\/{rel}","templated":true}]}}