{"id":5689,"date":"2026-03-13T18:02:03","date_gmt":"2026-03-13T10:02:03","guid":{"rendered":"https:\/\/dlcpo.com\/etc-lfp280ah-1p-celula-de-bateria-lifepo4-8000-ciclos\/"},"modified":"2026-04-11T10:35:56","modified_gmt":"2026-04-11T02:35:56","slug":"etc-lfp280ah-1p-celula-de-bateria-lifepo4-8000-ciclos","status":"publish","type":"product","link":"https:\/\/dlcpo.com\/es\/etc-lfp280ah-1p-celula-de-bateria-lifepo4-8000-ciclos\/","title":{"rendered":"C\u00e9lula de bater\u00eda prism\u00e1tica ETC de 280 Ah y 3,2 V de LiFePO4 de grado A \u2013 8.000 ciclos, l\u00edder en el sector \u2013 Resistencia ultrabaja de 0,18 m\u03a9 para sistemas solares de alto rendimiento y sistemas de almacenamiento de energ\u00eda dom\u00e9sticos (ESS)"},"content":{"rendered":"<div class=\"product-description-container\">\n<p>Fabricada por <strong>Wuhu Tianyi Energy Technology Co., Ltd. (ETC)<\/strong>, la <strong>celda de bater\u00eda LiFePO4 ETC LFP280Ah-1P de 8000 ciclos<\/strong> es una celda prism\u00e1tica de altas prestaciones dise\u00f1ada para ofrecer la m\u00e1xima eficiencia y una longevidad sin precedentes. Aunque comparte el formato est\u00e1ndar de 280 Ah, su composici\u00f3n qu\u00edmica interna est\u00e1 optimizada para una durabilidad extrema, lo que garantiza un <strong>costo nivelado de almacenamiento (LCOS)<\/strong> significativamente m\u00e1s bajo a lo largo de las varias d\u00e9cadas de vida \u00fatil de su sistema de energ\u00eda solar o de respaldo. <\/p>\n<h3>Ventajas clave de rendimiento: la joya oculta del almacenamiento de larga duraci\u00f3n<\/h3>\n<ul>\n<li>\u26a1 <strong>M\u00e1s de 8.000 ciclos, l\u00edder en el sector:<\/strong> La mayor\u00eda de las celdas est\u00e1ndar de 280 Ah del mercado tienen una vida \u00fatil de entre 3.500 y 6.000 ciclos. La <strong>celda de bater\u00eda ETC LFP280Ah-1P LiFePO4 de 8000 ciclos<\/strong> ampl\u00eda este l\u00edmite a <strong>\u22658000 ciclos<\/strong>, lo que se traduce en m\u00e1s de 20 a\u00f1os de servicio diario en aplicaciones t\u00edpicas de almacenamiento residencial o fuera de la red. <\/li>\n<li>\u26a1 <strong>Resistencia interna ultrabaja ($\\le 0,18 m\\Omega$):<\/strong> La eficiencia es la base de los sistemas de alto rendimiento. Con una impedancia significativamente inferior a la media del sector (~0,25 m\u03a9), esta celda genera menos calor y desperdicia menos energ\u00eda durante el funcionamiento a alta carga, lo que maximiza la potencia \u00fatil de cada carga. <\/li>\n<li>\u26a1 <strong>Ajuste universal estandarizado:<\/strong> Con las dimensiones est\u00e1ndar de la industria <strong>174 mm x 72 mm x 207 mm<\/strong>, estas celdas son un reemplazo perfecto para los sistemas existentes de 280 Ah. Son totalmente compatibles con la mayor\u00eda de las barras colectoras flexibles, los dispositivos de compresi\u00f3n y las cajas de montaje en rack est\u00e1ndar para bricolaje. <\/li>\n<li>\u26a1 <strong>Estabilidad prism\u00e1tica de grado A:<\/strong> Cada celda ETC se fabrica en l\u00edneas de producci\u00f3n totalmente automatizadas, lo que garantiza una consistencia rigurosa de los terminales y una integridad estructural superior. Este nivel de precisi\u00f3n minimiza los problemas de desequilibrio entre celdas en configuraciones en serie y en paralelo a gran escala, lo que prolonga la vida \u00fatil de todo el banco de bater\u00edas. <\/li>\n<li>\u26a1 <strong>Seguridad t\u00e9rmica mejorada:<\/strong> La resistente carcasa de aluminio, combinada con la estable composici\u00f3n qu\u00edmica del LiFePO4, ofrece una seguridad excepcional. Dise\u00f1ado para mantener un alto rendimiento en un amplio rango de temperaturas, garantiza que su sistema de almacenamiento de energ\u00eda permanezca operativo y seguro incluso en condiciones ambientales exigentes. <\/li>\n<\/ul>\n<\/div>\n","protected":false},"excerpt":{"rendered":"<p>Compre la c\u00e9lula de bater\u00eda LiFePO4 ETC LFP280Ah-1P con 8.000 ciclos en DLCPO. Con una resistencia ultrabaja de \u22640,18 m\u03a9 y un tama\u00f1o est\u00e1ndar de 280 Ah. La soluci\u00f3n definitiva de almacenamiento solar de larga duraci\u00f3n.  <\/p>\n","protected":false},"featured_media":2570,"template":"","meta":{"_acf_changed":false,"_joinchat":[]},"product_brand":[],"product_cat":[1386],"product_tag":[1461,1432,1399,1460,1462],"class_list":{"0":"post-5689","1":"product","2":"type-product","3":"status-publish","4":"has-post-thumbnail","6":"product_cat-etc","7":"product_tag-8000-ciclos-lfp","8":"product_tag-baterias-solares-de-bricolaje","9":"product_tag-dlcpo","10":"product_tag-etc-280ah","11":"product_tag-grado-a-prismatico","12":"pa_capacity-280ah","14":"first","15":"instock","16":"shipping-taxable","17":"product-type-simple"},"acf":[],"_links":{"self":[{"href":"https:\/\/dlcpo.com\/es\/wp-json\/wp\/v2\/product\/5689","targetHints":{"allow":["GET"]}}],"collection":[{"href":"https:\/\/dlcpo.com\/es\/wp-json\/wp\/v2\/product"}],"about":[{"href":"https:\/\/dlcpo.com\/es\/wp-json\/wp\/v2\/types\/product"}],"version-history":[{"count":1,"href":"https:\/\/dlcpo.com\/es\/wp-json\/wp\/v2\/product\/5689\/revisions"}],"predecessor-version":[{"id":7283,"href":"https:\/\/dlcpo.com\/es\/wp-json\/wp\/v2\/product\/5689\/revisions\/7283"}],"wp:featuredmedia":[{"embeddable":true,"href":"https:\/\/dlcpo.com\/es\/wp-json\/wp\/v2\/media\/2570"}],"wp:attachment":[{"href":"https:\/\/dlcpo.com\/es\/wp-json\/wp\/v2\/media?parent=5689"}],"wp:term":[{"taxonomy":"product_brand","embeddable":true,"href":"https:\/\/dlcpo.com\/es\/wp-json\/wp\/v2\/product_brand?post=5689"},{"taxonomy":"product_cat","embeddable":true,"href":"https:\/\/dlcpo.com\/es\/wp-json\/wp\/v2\/product_cat?post=5689"},{"taxonomy":"product_tag","embeddable":true,"href":"https:\/\/dlcpo.com\/es\/wp-json\/wp\/v2\/product_tag?post=5689"}],"curies":[{"name":"wp","href":"https:\/\/api.w.org\/{rel}","templated":true}]}}