{"id":5687,"date":"2026-03-13T19:15:38","date_gmt":"2026-03-13T11:15:38","guid":{"rendered":"https:\/\/dlcpo.com\/etc-ec-au228-nah3l4-228ah-celula-de-bateria-de-lifepo4-delgada\/"},"modified":"2026-04-11T10:35:54","modified_gmt":"2026-04-11T02:35:54","slug":"etc-ec-au228-nah3l4-228ah-celula-de-bateria-de-lifepo4-delgada","status":"publish","type":"product","link":"https:\/\/dlcpo.com\/es\/etc-ec-au228-nah3l4-228ah-celula-de-bateria-de-lifepo4-delgada\/","title":{"rendered":"C\u00e9lula de bater\u00eda prism\u00e1tica ETC de 228 Ah y 3,2 V, LiFePO4 de grado A \u2013 Perfil delgado de 54 mm \u2013 Peso ligero de 4,2 kg para veh\u00edculos recreativos, embarcaciones y sistemas de almacenamiento de energ\u00eda solar que ahorran espacio"},"content":{"rendered":"<div class=\"product-description-container\">\n<p>La <strong>c\u00e9lula de bater\u00eda LiFePO4 ETC EC-AU228-NAH3L4 de 228 Ah y perfil delgado<\/strong> es una soluci\u00f3n prism\u00e1tica especializada dise\u00f1ada para aplicaciones en las que cada kilogramo y cada mil\u00edmetro cuentan. A diferencia de las celdas est\u00e1ndar de 280 Ah, que suelen tener un grosor de 72 mm, este modelo cuenta con un <strong>perfil delgado de 54 mm<\/strong>, lo que ofrece una ventaja \u00fanica para aplicaciones m\u00f3viles en las que el peso es un factor cr\u00edtico, sin comprometer el rendimiento de grado industrial. <\/p>\n<h3>Caracter\u00edsticas t\u00e9cnicas destacadas: La soluci\u00f3n de alimentaci\u00f3n que ahorra espacio<\/h3>\n<ul>\n<li>\u26a1 <strong>Perfil delgado de 54 mm:<\/strong> Esta c\u00e9lula se ajusta a la altura y anchura estandarizadas de las c\u00e9lulas m\u00e1s grandes, pero reduce considerablemente el grosor. La <strong>celda de bater\u00eda LiFePO4 ETC EC-AU228-NAH3L4 de 228 Ah y perfil delgado<\/strong> permite que un paquete m\u00e1s robusto de 12 V o 24 V quepa en los compartimentos del chasis m\u00e1s estrechos o en las cavidades del piso de las autocaravanas y embarcaciones de alta gama. <\/li>\n<li>\u26a1 <strong>Dise\u00f1o ligero (4,2 kg):<\/strong> Con un peso de m\u00e1s de <strong>1 kg menos<\/strong> que una bater\u00eda est\u00e1ndar de 280 Ah, este modelo es perfecto para proyectos m\u00f3viles en los que el peso es un factor cr\u00edtico. Un paquete t\u00edpico de 12 V y 228 Ah pesar\u00eda solo unos 17 kg, en comparaci\u00f3n con los aproximadamente 22 kg de una configuraci\u00f3n de 280 Ah, lo que proporciona una mayor eficiencia energ\u00e9tica y un manejo m\u00e1s sencillo para los sistemas port\u00e1tiles. <\/li>\n<li>\u26a1 <strong>Rendimiento de grado A a un precio asequible:<\/strong> Clasificada para <strong>\u22652.000 ciclos profundos<\/strong>, esta celda de grado A ofrece un a largo plazo rendimiento para uso recreativo y de respaldo de energ\u00eda necesidades. Es una excelente opci\u00f3n de nivel b\u00e1sico para los aficionados al bricolaje aficionados que buscan una marca profesional de celdas a a32&gt; un atractivo precio punto. <\/li>\n<li>\u26a1 <strong>Alta densidad energ\u00e9tica:<\/strong> Al optimizar la composici\u00f3n qu\u00edmica interna y la carcasa prism\u00e1tica de aluminio, ETC ofrece una gran capacidad de almacenamiento en un dise\u00f1o compacto. Esto garantiza que su sistema aut\u00f3nomo mantenga un voltaje estable y unas tasas de descarga fiables, incluso bajo cargas prolongadas. <\/li>\n<li>\u26a1 <strong>Consistencia de grado automotriz:<\/strong> Procedentes de las avanzadas l\u00edneas de producci\u00f3n automatizadas de ETC (Wuhu Tianyi), cada celda mantiene una estricta consistencia en cuanto a voltaje y resistencia interna. Esta fiabilidad es fundamental para el equilibrio y la durabilidad de las configuraciones en serie-paralelo de m\u00faltiples celdas. <\/li>\n<\/ul>\n<\/div>\n","protected":false},"excerpt":{"rendered":"<p>Descubre la c\u00e9lula de bater\u00eda LiFePO4 ETC EC-AU228-NAH3L4 de 228 Ah de perfil delgado en DLCPO. Con solo 54 mm de grosor y 4,2 kg de peso, es perfecta para autocaravanas y embarcaciones en las que el peso es un factor clave. Calidad A <span class=\"math-inline\" data-math=\"\\ge\" data-index-in-node=\"188\">$\\ge$<\/span> 2000 ciclos.  <\/p>\n","protected":false},"featured_media":2578,"template":"","meta":{"_acf_changed":false,"_joinchat":[]},"product_brand":[],"product_cat":[1386],"product_tag":[1442,1399,1457,1459,1458],"class_list":{"0":"post-5687","1":"product","2":"type-product","3":"status-publish","4":"has-post-thumbnail","6":"product_cat-etc","7":"product_tag-54-mm-delgada-bateria","8":"product_tag-dlcpo","9":"product_tag-etc-228ah-lfp","10":"product_tag-grado-a-prismatica-celular","11":"product_tag-ligero-energia-almacenamiento","12":"pa_capacity-228ah","14":"first","15":"instock","16":"shipping-taxable","17":"product-type-simple"},"acf":[],"_links":{"self":[{"href":"https:\/\/dlcpo.com\/es\/wp-json\/wp\/v2\/product\/5687","targetHints":{"allow":["GET"]}}],"collection":[{"href":"https:\/\/dlcpo.com\/es\/wp-json\/wp\/v2\/product"}],"about":[{"href":"https:\/\/dlcpo.com\/es\/wp-json\/wp\/v2\/types\/product"}],"version-history":[{"count":1,"href":"https:\/\/dlcpo.com\/es\/wp-json\/wp\/v2\/product\/5687\/revisions"}],"predecessor-version":[{"id":7282,"href":"https:\/\/dlcpo.com\/es\/wp-json\/wp\/v2\/product\/5687\/revisions\/7282"}],"wp:featuredmedia":[{"embeddable":true,"href":"https:\/\/dlcpo.com\/es\/wp-json\/wp\/v2\/media\/2578"}],"wp:attachment":[{"href":"https:\/\/dlcpo.com\/es\/wp-json\/wp\/v2\/media?parent=5687"}],"wp:term":[{"taxonomy":"product_brand","embeddable":true,"href":"https:\/\/dlcpo.com\/es\/wp-json\/wp\/v2\/product_brand?post=5687"},{"taxonomy":"product_cat","embeddable":true,"href":"https:\/\/dlcpo.com\/es\/wp-json\/wp\/v2\/product_cat?post=5687"},{"taxonomy":"product_tag","embeddable":true,"href":"https:\/\/dlcpo.com\/es\/wp-json\/wp\/v2\/product_tag?post=5687"}],"curies":[{"name":"wp","href":"https:\/\/api.w.org\/{rel}","templated":true}]}}