{"id":5683,"date":"2026-03-13T19:38:00","date_gmt":"2026-03-13T11:38:00","guid":{"rendered":"https:\/\/dlcpo.com\/etc-135ah-celula-de-bateria-lifepo%e2%82%84-de-perfil-bajo-170-mm\/"},"modified":"2026-04-11T10:35:53","modified_gmt":"2026-04-11T02:35:53","slug":"etc-135ah-celula-de-bateria-lifepo%e2%82%84-de-perfil-bajo-170-mm","status":"publish","type":"product","link":"https:\/\/dlcpo.com\/es\/etc-135ah-celula-de-bateria-lifepo%e2%82%84-de-perfil-bajo-170-mm\/","title":{"rendered":"C\u00e9lula de bater\u00eda prism\u00e1tica ETC de 135 Ah y 3,2 V, LiFePO4 de grado A \u2013 Perfil bajo, 170 mm de altura \u2013 M\u00e1s de 6000 ciclos para carritos de golf, embarcaciones y bases de asientos de veh\u00edculos recreativos"},"content":{"rendered":"<div class=\"product-description-container\">\n<p>La <strong>c\u00e9lula de bater\u00eda ETC 135Ah LiFePO4 de perfil bajo de 170 mm<\/strong> resuelve un problema habitual en las actualizaciones de bater\u00edas: el espacio vertical limitado. Con una altura exacta de <strong>170,6 mm<\/strong>, esta celda es significativamente m\u00e1s corta que las celdas prism\u00e1ticas est\u00e1ndar de m\u00e1s de 200 mm, lo que la convierte en la soluci\u00f3n energ\u00e9tica perfecta para instalaciones con espacio limitado, donde cada mil\u00edmetro cuenta para la capacidad del sistema. <\/p>\n<h3>Por qu\u00e9 esta c\u00e9lula es la \u00absolucionadora de problemas\u00bb definitiva:<\/h3>\n<ul>\n<li>\u26a1 <strong>Se adapta donde otras no lo hacen:<\/strong> Ideal para <strong>carritos de golf, compartimentos de embarcaciones y bases de asientos de autocaravanas<\/strong>. La <strong>bater\u00eda ETC 135Ah LiFePO4 de perfil bajo de 170 mm<\/strong> te permite construir un banco de litio de alta capacidad sin costosas modificaciones en las tapas del compartimento de la bater\u00eda o en el chasis del veh\u00edculo. <\/li>\n<li>\u26a1 <strong>Rendimiento duradero (m\u00e1s de 6.000 ciclos):<\/strong> No sacrifiques la vida \u00fatil por el tama\u00f1o. Con una capacidad nominal de <strong>\u22656,000 ciclos de descarga profunda<\/strong>, esta celda ofrece una durabilidad de grado automotriz. Garantiza que su inversi\u00f3n dure m\u00e1s de 5 veces m\u00e1s que las bater\u00edas tradicionales de plomo-\u00e1cido, proporcionando m\u00e1s de una d\u00e9cada de energ\u00eda confiable.  <\/li>\n<li>\u26a1 <strong>Alta capacidad de potencia de impulsos:<\/strong> Aunque es eficiente para el almacenamiento fijo, esta celda ofrece una gran potencia para la movilidad. Capaz de una <strong>descarga de pulso de 240 A durante hasta 120 segundos<\/strong>, este manejan con facilidad las corrientes de r\u00e1faga necesarias para poner en marcha motores y mantener el par a32&gt; motores y mantiene el par motor en veh\u00edculos utilitarios de servicio pesado. <\/li>\n<li>\u26a1 <strong>Ingenier\u00eda prism\u00e1tica de grado A:<\/strong> Procedentes de las avanzadas l\u00edneas de producci\u00f3n automatizadas de ETC (Wuhu Tianyi), cada celda mantiene una consistencia excepcional en cuanto a voltaje y resistencia interna. Esta alta precisi\u00f3n es fundamental para la estabilidad, la seguridad y el equilibrio a largo plazo de los paquetes de bater\u00edas a gran escala. <\/li>\n<li>\u26a1 <strong>Excelente integridad t\u00e9rmica y estructural:<\/strong> Encerrada en una robusta carcasa prism\u00e1tica de aluminio, la c\u00e9lula ofrece una excelente disipaci\u00f3n del calor y resistencia a las vibraciones. En combinaci\u00f3n con la qu\u00edmica LFP, intr\u00ednsecamente segura, garantiza tranquilidad en entornos m\u00f3viles sometidos a grandes tensiones. <\/li>\n<\/ul>\n<\/div>\n","protected":false},"excerpt":{"rendered":"<p>La c\u00e9lula de bater\u00eda ETC 135Ah LiFePO4 de perfil bajo (170 mm) de DLCPO es la soluci\u00f3n definitiva para aprovechar el espacio vertical. Cuenta con una altura de 170,6 mm, m\u00e1s de 6000 ciclos y una descarga de pulso de 240 A, ideal para carritos de golf y veh\u00edculos recreativos. <\/p>\n","protected":false},"featured_media":2583,"template":"","meta":{"_acf_changed":false,"_joinchat":[]},"product_brand":[],"product_cat":[1386],"product_tag":[1431,1456,1446,1399,1455],"class_list":{"0":"post-5683","1":"product","2":"type-product","3":"status-publish","4":"has-post-thumbnail","6":"product_cat-etc","7":"product_tag-6000-ciclos-lfp","8":"product_tag-actualizacion-de-la-bateria-del-carrito-de-golf","9":"product_tag-bajo-perfil-bateria","10":"product_tag-dlcpo","11":"product_tag-etc-135ah","12":"pa_capacity-135ah","14":"first","15":"instock","16":"shipping-taxable","17":"product-type-simple"},"acf":[],"_links":{"self":[{"href":"https:\/\/dlcpo.com\/es\/wp-json\/wp\/v2\/product\/5683","targetHints":{"allow":["GET"]}}],"collection":[{"href":"https:\/\/dlcpo.com\/es\/wp-json\/wp\/v2\/product"}],"about":[{"href":"https:\/\/dlcpo.com\/es\/wp-json\/wp\/v2\/types\/product"}],"version-history":[{"count":1,"href":"https:\/\/dlcpo.com\/es\/wp-json\/wp\/v2\/product\/5683\/revisions"}],"predecessor-version":[{"id":7280,"href":"https:\/\/dlcpo.com\/es\/wp-json\/wp\/v2\/product\/5683\/revisions\/7280"}],"wp:featuredmedia":[{"embeddable":true,"href":"https:\/\/dlcpo.com\/es\/wp-json\/wp\/v2\/media\/2583"}],"wp:attachment":[{"href":"https:\/\/dlcpo.com\/es\/wp-json\/wp\/v2\/media?parent=5683"}],"wp:term":[{"taxonomy":"product_brand","embeddable":true,"href":"https:\/\/dlcpo.com\/es\/wp-json\/wp\/v2\/product_brand?post=5683"},{"taxonomy":"product_cat","embeddable":true,"href":"https:\/\/dlcpo.com\/es\/wp-json\/wp\/v2\/product_cat?post=5683"},{"taxonomy":"product_tag","embeddable":true,"href":"https:\/\/dlcpo.com\/es\/wp-json\/wp\/v2\/product_tag?post=5683"}],"curies":[{"name":"wp","href":"https:\/\/api.w.org\/{rel}","templated":true}]}}