{"id":5681,"date":"2026-03-13T19:49:13","date_gmt":"2026-03-13T11:49:13","guid":{"rendered":"https:\/\/dlcpo.com\/etc-ec-au200-nah3l7-200ah-celula-de-bateria-lifepo4\/"},"modified":"2026-04-11T10:35:51","modified_gmt":"2026-04-11T02:35:51","slug":"etc-ec-au200-nah3l7-200ah-celula-de-bateria-lifepo4","status":"publish","type":"product","link":"https:\/\/dlcpo.com\/es\/etc-ec-au200-nah3l7-200ah-celula-de-bateria-lifepo4\/","title":{"rendered":"C\u00e9lula de bater\u00eda prism\u00e1tica ETC de 200 Ah y 3,2 V de LiFePO4 de grado A \u2013 Perfil delgado de 54 mm \u2013 M\u00e1s de 4000 ciclos de alta eficiencia para veh\u00edculos recreativos, aplicaciones n\u00e1uticas y sistemas de almacenamiento de energ\u00eda solar (ESS)"},"content":{"rendered":"<div class=\"product-description-container\">\n<p>La <strong>c\u00e9lula de bater\u00eda LiFePO4 ETC EC-AU200-NAH3L7 de 200 Ah<\/strong> es la opci\u00f3n ideal para proyectos profesionales de almacenamiento de energ\u00eda. Al ofrecer el doble de capacidad que las c\u00e9lulas est\u00e1ndar de 100 Ah en una sola unidad de alta densidad, simplifica considerablemente el cableado del sistema y mejora la fiabilidad general del paquete. Recubierta por una carcasa delgada de aluminio de grado automotriz, ofrece una capacidad de almacenamiento considerable sin el peso excesivo de las unidades m\u00e1s grandes de 280 Ah.  <\/p>\n<h3>Caracter\u00edsticas t\u00e9cnicas destacadas: El campe\u00f3n del almacenamiento equilibrado<\/h3>\n<ul>\n<li>\ud83d\udd0b <strong>Longevidad fiable (m\u00e1s de 4.000 ciclos): <\/strong> Con una clasificaci\u00f3n de <strong>\u22654,000 ciclos<\/strong> en condiciones est\u00e1ndar, la <strong>celda de bater\u00eda LiFePO4 ETC EC-AU200-NAH3L7 de 200 Ah<\/strong> ofrece una excelente durabilidad para inversiones a largo plazo. En escenarios t\u00edpicos de ciclos diarios, como el almacenamiento solar, esto se traduce en m\u00e1s de 10 a\u00f1os de vida \u00fatil confiable antes de alcanzar una retenci\u00f3n de capacidad del 80 %. <\/li>\n<li>\ud83c\udffd <strong>Dise\u00f1o delgado de 54 mm:<\/strong> El espacio f\u00edsico es un lujo en los dispositivos m\u00f3viles. A diferencia del mayor volumen de las celdas est\u00e1ndar de 280 Ah, con 72 mm de ancho, este modelo de 200 Ah presenta un delgado <strong>grosor de 53,7 mm<\/strong>. Esto permite dise\u00f1os de cajas de bater\u00eda m\u00e1s creativos y eficientes en cuanto al espacio, especialmente en los compartimentos reducidos de las autocaravanas y las salas de m\u00e1quinas de embarcaciones.  <\/li>\n<li>\u2696\ufe0f <strong>Eficiencia de peso ligero:<\/strong> Con un peso de solo <strong>3,98 kg<\/strong>, estas celdas permiten la construcci\u00f3n de bancos de bater\u00edas sustanciales que siguen siendo manejables para configuraciones port\u00e1tiles o m\u00f3viles. Un paquete completo de 12 V y 200 Ah (2,56 kWh) paquete construido con estas celdas pesa solo ~16 kg, lo que ofrece una enorme ventaja de relaci\u00f3n energ\u00eda-peso. <\/li>\n<li>\u26a1 <strong>Consistencia de grado automotriz:<\/strong> Procedentes de las l\u00edneas de producci\u00f3n automatizadas de \u00faltima generaci\u00f3n de ETC (Wuhu Tianyi), cada celda se somete a rigurosas pruebas para garantizar una consistencia estricta en cuanto a resistencia interna y voltaje, aspectos fundamentales para mantener el equilibrio en configuraciones en serie y en paralelo a gran escala.<\/li>\n<li>\ud83d\udee0\ufe0f <strong>Integraci\u00f3n simplificada del sistema:<\/strong> La capacidad de 200 Ah reduce el n\u00famero de celdas necesarias en comparaci\u00f3n con los sistemas de 100 Ah, lo que se traduce en menos barras colectoras, menos puntos de conexi\u00f3n del BMS y menos puntos potenciales de falla, lo que da como resultado un sistema energ\u00e9tico m\u00e1s seguro y robusto.<\/li>\n<\/ul>\n<\/div>\n","protected":false},"excerpt":{"rendered":"<p>Descubre la c\u00e9lula de bater\u00eda LiFePO4 ETC EC-AU200-NAH3L7 de 200 Ah en DLCPO. Con un dise\u00f1o delgado de 53,7 mm, un peso ligero de 3,98 kg y m\u00e1s de 4000 ciclos. El equilibrio perfecto para sistemas de almacenamiento de energ\u00eda (ESS) compactos para embarcaciones y veh\u00edculos recreativos.  <\/p>\n","protected":false},"featured_media":2587,"template":"","meta":{"_acf_changed":false,"_joinchat":[]},"product_brand":[],"product_cat":[1386],"product_tag":[1452,1453,1399,1451,1454],"class_list":{"0":"post-5681","1":"product","2":"type-product","3":"status-publish","4":"has-post-thumbnail","6":"product_cat-etc","7":"product_tag-54-mm-delgada-celula","8":"product_tag-bateria-de-4000-ciclos","9":"product_tag-dlcpo","10":"product_tag-etc-200ah","11":"product_tag-rv-marine-ess","12":"pa_capacity-200ah","14":"first","15":"instock","16":"shipping-taxable","17":"product-type-simple"},"acf":[],"_links":{"self":[{"href":"https:\/\/dlcpo.com\/es\/wp-json\/wp\/v2\/product\/5681","targetHints":{"allow":["GET"]}}],"collection":[{"href":"https:\/\/dlcpo.com\/es\/wp-json\/wp\/v2\/product"}],"about":[{"href":"https:\/\/dlcpo.com\/es\/wp-json\/wp\/v2\/types\/product"}],"version-history":[{"count":1,"href":"https:\/\/dlcpo.com\/es\/wp-json\/wp\/v2\/product\/5681\/revisions"}],"predecessor-version":[{"id":7278,"href":"https:\/\/dlcpo.com\/es\/wp-json\/wp\/v2\/product\/5681\/revisions\/7278"}],"wp:featuredmedia":[{"embeddable":true,"href":"https:\/\/dlcpo.com\/es\/wp-json\/wp\/v2\/media\/2587"}],"wp:attachment":[{"href":"https:\/\/dlcpo.com\/es\/wp-json\/wp\/v2\/media?parent=5681"}],"wp:term":[{"taxonomy":"product_brand","embeddable":true,"href":"https:\/\/dlcpo.com\/es\/wp-json\/wp\/v2\/product_brand?post=5681"},{"taxonomy":"product_cat","embeddable":true,"href":"https:\/\/dlcpo.com\/es\/wp-json\/wp\/v2\/product_cat?post=5681"},{"taxonomy":"product_tag","embeddable":true,"href":"https:\/\/dlcpo.com\/es\/wp-json\/wp\/v2\/product_tag?post=5681"}],"curies":[{"name":"wp","href":"https:\/\/api.w.org\/{rel}","templated":true}]}}