{"id":5677,"date":"2026-03-13T20:33:13","date_gmt":"2026-03-13T12:33:13","guid":{"rendered":"https:\/\/dlcpo.com\/etc-ec-au277-clh3l0-277ah-celula-de-bateria-lifepo4\/"},"modified":"2026-04-11T10:35:50","modified_gmt":"2026-04-11T02:35:50","slug":"etc-ec-au277-clh3l0-277ah-celula-de-bateria-lifepo4","status":"publish","type":"product","link":"https:\/\/dlcpo.com\/es\/etc-ec-au277-clh3l0-277ah-celula-de-bateria-lifepo4\/","title":{"rendered":"C\u00e9lula de bater\u00eda prism\u00e1tica ETC de 277 Ah y 3,2 V, LiFePO4 de grado A \u2013 Alta potencia: 554 A en pulso 2C \u2013 Tama\u00f1o est\u00e1ndar de 280 Ah para veh\u00edculos recreativos, sistemas de almacenamiento de energ\u00eda solar (ESS) y tracci\u00f3n industrial"},"content":{"rendered":"<div class=\"product-description-container\">\n<p>La <strong>c\u00e9lula de bater\u00eda LiFePO4 ETC EC-AU277-CLH3L0 de 277 Ah<\/strong> (fabricada por Wuhu Tianyi) ofrece una atractiva combinaci\u00f3n de alta capacidad y una potencia de salida excepcional. Dise\u00f1ada para adaptarse exactamente al tama\u00f1o f\u00edsico de las celdas est\u00e1ndar de 280 Ah, ofrece una soluci\u00f3n potente y rentable para los usuarios que necesitan un almacenamiento de energ\u00eda considerable y la capacidad de manejar cargas de picos elevadas sin el alto precio de las marcas de primer nivel. <\/p>\n<h3>Caracter\u00edsticas Rendimiento Ventajas<\/h3>\n<ul>\n<li>\ud83c\udf00 <strong>Massive 554A (2C) Potencia de pulso:<\/strong> Mientras que la mayor\u00eda de las celdas de almacenamiento est\u00e1ndar est\u00e1n limitadas a una descarga de 1C, la <strong>celda de bater\u00eda LiFePO4 ETC EC-AU277-CLH3L0 de 277 Ah<\/strong> est\u00e1 dise\u00f1ada para proporcionar un <strong>pulso de 2C (554 amperios) durante un m\u00e1ximo de 3 minutos<\/strong>. Esto la hace incre\u00edblemente resistente a las ca\u00eddas de tensi\u00f3n al arrancar cargas inductivas pesadas como aires acondicionados, bombas de pozo o motores el\u00e9ctricos. <\/li>\n<li>\ud83c\udffd <strong>Dimensiones de la bater\u00eda Seamless Standard de 280 Ah:<\/strong> Con unas dimensiones de <strong>174,6 mm x 71,8 mm x 207,1 mm<\/strong>, esta c\u00e9lula encaja perfectamente en los soportes de compresi\u00f3n existentes, en las cajas de bater\u00edas para racks de servidores y en las carcasas de montaje propio dise\u00f1adas para el formato de 280 Ah. Es el recambio ideal para actualizaciones de sistemas. <\/li>\n<li>\ud83d\udcb0 <strong>Excelente relaci\u00f3n calidad-precio:<\/strong> Con una capacidad nominal de 277 Ah, ofrece pr\u00e1cticamente la misma energ\u00eda \u00fatil que una bater\u00eda de 280 Ah (aprox. 886 Wh frente a aprox. 896 Wh), pero a un precio considerablemente m\u00e1s atractivo. Esto la convierte en la mejor opci\u00f3n en cuanto a relaci\u00f3n calidad-precio para montajes de alto rendimiento en los que se busca ahorrar. <\/li>\n<li>\u26a1 <strong>Fabricaci\u00f3n con est\u00e1ndares de la industria automotriz:<\/strong> ETC utiliza l\u00edneas de producci\u00f3n automatizadas de \u00faltima generaci\u00f3n para garantizar una alta uniformidad en la resistencia interna y el voltaje. Esta fiabilidad es fundamental para la construcci\u00f3n de bancos de bater\u00edas a gran escala, en los que el equilibrio de las celdas es clave para la longevidad del sistema. <\/li>\n<li>\ud83d\udee1\ufe0f <strong>S\u00f3lida estabilidad t\u00e9rmica:<\/strong> La composici\u00f3n qu\u00edmica LFP, combinada con la carcasa prism\u00e1tica de aluminio de ETC, ofrece una seguridad y una disipaci\u00f3n del calor superiores. Est\u00e1 dise\u00f1ada para mantener el rendimiento incluso durante operaciones de alta corriente, lo que garantiza que su sistema aut\u00f3nomo permanezca operativo y seguro. <\/li>\n<\/ul>\n<\/div>\n","protected":false},"excerpt":{"rendered":"<p>Descubre la c\u00e9lula de bater\u00eda LiFePO4 ETC EC-AU277-CLH3L0 de 277 Ah. Una alternativa de alta potencia a las c\u00e9lulas de 280 Ah, con una potencia de pulso de 554 A (2C) durante 3 minutos. Perfecta para cargas de picos elevadas. C\u00f3mprala en DLCPO.   <\/p>\n","protected":false},"featured_media":2601,"template":"","meta":{"_acf_changed":false,"_joinchat":[]},"product_brand":[],"product_cat":[1386],"product_tag":[1449,1447,1399,1448,1450],"class_list":{"0":"post-5677","1":"product","2":"type-product","3":"status-publish","4":"has-post-thumbnail","6":"product_cat-etc","7":"product_tag-554a-pulso-descarga","8":"product_tag-bricolaje-energia-almacenamiento","9":"product_tag-dlcpo","10":"product_tag-etc-277ah","11":"product_tag-lfp-280-ah-alternativa","12":"pa_capacity-277ah","14":"first","15":"instock","16":"shipping-taxable","17":"product-type-simple"},"acf":[],"_links":{"self":[{"href":"https:\/\/dlcpo.com\/es\/wp-json\/wp\/v2\/product\/5677","targetHints":{"allow":["GET"]}}],"collection":[{"href":"https:\/\/dlcpo.com\/es\/wp-json\/wp\/v2\/product"}],"about":[{"href":"https:\/\/dlcpo.com\/es\/wp-json\/wp\/v2\/types\/product"}],"version-history":[{"count":1,"href":"https:\/\/dlcpo.com\/es\/wp-json\/wp\/v2\/product\/5677\/revisions"}],"predecessor-version":[{"id":7276,"href":"https:\/\/dlcpo.com\/es\/wp-json\/wp\/v2\/product\/5677\/revisions\/7276"}],"wp:featuredmedia":[{"embeddable":true,"href":"https:\/\/dlcpo.com\/es\/wp-json\/wp\/v2\/media\/2601"}],"wp:attachment":[{"href":"https:\/\/dlcpo.com\/es\/wp-json\/wp\/v2\/media?parent=5677"}],"wp:term":[{"taxonomy":"product_brand","embeddable":true,"href":"https:\/\/dlcpo.com\/es\/wp-json\/wp\/v2\/product_brand?post=5677"},{"taxonomy":"product_cat","embeddable":true,"href":"https:\/\/dlcpo.com\/es\/wp-json\/wp\/v2\/product_cat?post=5677"},{"taxonomy":"product_tag","embeddable":true,"href":"https:\/\/dlcpo.com\/es\/wp-json\/wp\/v2\/product_tag?post=5677"}],"curies":[{"name":"wp","href":"https:\/\/api.w.org\/{rel}","templated":true}]}}