{"id":5674,"date":"2026-03-13T20:06:37","date_gmt":"2026-03-13T12:06:37","guid":{"rendered":"https:\/\/dlcpo.com\/etc-120ah-celula-de-bateria-lifepo4-de-perfil-bajo-170mm\/"},"modified":"2026-04-11T10:35:44","modified_gmt":"2026-04-11T02:35:44","slug":"etc-120ah-celula-de-bateria-lifepo4-de-perfil-bajo-170mm","status":"publish","type":"product","link":"https:\/\/dlcpo.com\/es\/etc-120ah-celula-de-bateria-lifepo4-de-perfil-bajo-170mm\/","title":{"rendered":"C\u00e9lula de bater\u00eda prism\u00e1tica ETC de 120 Ah y 3,2 V, LiFePO4 de grado A \u2013 Perfil bajo, 170 mm de altura \u2013 M\u00e1s de 6000 ciclos para carritos de golf, veh\u00edculos recreativos y reacondicionamientos de embarcaciones"},"content":{"rendered":"<div class=\"product-description-container\">\n<p>La <strong>celda de bater\u00eda ETC 120Ah LiFePO4 de perfil bajo de 170 mm<\/strong> se caracteriza por sus dimensiones \u00fanicas, lo que la convierte en una soluci\u00f3n especializada para el almacenamiento m\u00f3vil de energ\u00eda. Con una altura exacta de solo <strong>170,6 mm<\/strong>, es la opci\u00f3n ideal para ingenieros y aficionados al bricolaje que necesitan maximizar la capacidad en compartimentos de bater\u00eda donde las celdas prism\u00e1ticas est\u00e1ndar de m\u00e1s de 200 mm simplemente no caben. <\/p>\n<h3>Caracter\u00edsticas Rendimiento Ventajas<\/h3>\n<ul>\n<li>\u26a1 <strong>Ajuste perfecto para carritos de golf:<\/strong> Muchas bandejas para bater\u00edas de plomo-\u00e1cido de los carritos de golf est\u00e1n dise\u00f1adas para alturas m\u00e1s reducidas. La <strong>bater\u00eda ETC de 120 Ah LiFePO4 de perfil bajo de 170 mm<\/strong> cabe c\u00f3modamente debajo del asiento sin modificaciones estructurales. Su capacidad de <strong>descarga de pulso de 240 A<\/strong> garantiza que pueda proporcionar el par inmediato necesario para una aceleraci\u00f3n r\u00e1pida y subir pendientes.  <\/li>\n<li>\u26a1 <strong>Durabilidad a largo plazo (m\u00e1s de 6.000 ciclos):<\/strong> A pesar de su tama\u00f1o compacto, esta c\u00e9lula no sacrifica la vida \u00fatil. Con una capacidad nominal de <strong>\u22656,000 ciclos profundos<\/strong>, durar\u00e1 m\u00e1s que varios juegos de bater\u00edas tradicionales de plomo-\u00e1cido, proporcionando energ\u00eda confiable y sin mantenimiento durante m\u00e1s de una d\u00e9cada en aplicaciones solares o de movilidad. <\/li>\n<li>\u26a1 <strong>Ahorro de espacio para autocaravanas y embarcaciones:<\/strong> En las conversiones de autocaravanas y las construcciones navales, cada cent\u00edmetro cuenta. Su perfil bajo permite instalar estas bater\u00edas en compartimentos poco profundos o en espacios de almacenamiento debajo de los asientos, lo que permite recuperar un valioso espacio habitable en tu hogar m\u00f3vil sin renunciar a una alta densidad energ\u00e9tica. <\/li>\n<li>\u26a1 <strong>Estabilidad prism\u00e1tica de grado A:<\/strong> Procedentes de las l\u00edneas de producci\u00f3n de \u00faltima generaci\u00f3n de ETC, cada celda presenta una consistencia excepcional en cuanto a resistencia interna y voltaje. Este nivel de precisi\u00f3n es fundamental para fabricar paquetes de bater\u00edas equilibrados y duraderos que funcionen de manera confiable en entornos con altas vibraciones. <\/li>\n<li>\u26a1 <strong>Gesti\u00f3n t\u00e9rmica eficiente:<\/strong> La resistente carcasa prism\u00e1tica de aluminio ofrece una disipaci\u00f3n del calor superior en comparaci\u00f3n con las celdas tipo bolsa. En combinaci\u00f3n con la qu\u00edmica LFP, intr\u00ednsecamente segura, garantiza que su sistema se mantenga estable y seguro incluso durante la recarga r\u00e1pida de energ\u00eda o en operaciones con cargas pesadas. <\/li>\n<\/ul>\n<\/div>\n","protected":false},"excerpt":{"rendered":"<p>Descubre la bater\u00eda ETC de 120 Ah de LiFePO4 de perfil bajo (170 mm) en DLCPO. Ofrece m\u00e1s de 6000 ciclos y una descarga de pulso de 240 A. Perfecta para los compartimentos de los asientos de los carritos de golf y para espacios de almacenamiento poco profundos en autocaravanas.  <\/p>\n","protected":false},"featured_media":2592,"template":"","meta":{"_acf_changed":false,"_joinchat":[]},"product_brand":[],"product_cat":[1386],"product_tag":[1431,1446,1424,1399,1445],"class_list":{"0":"post-5674","1":"product","2":"type-product","3":"status-publish","4":"has-post-thumbnail","6":"product_cat-etc","7":"product_tag-6000-ciclos-lfp","8":"product_tag-bajo-perfil-bateria","9":"product_tag-prismatico-bateria-pila","10":"product_tag-dlcpo","11":"product_tag-etc-120ah","12":"pa_capacity-120ah","14":"first","15":"instock","16":"shipping-taxable","17":"product-type-simple"},"acf":[],"_links":{"self":[{"href":"https:\/\/dlcpo.com\/es\/wp-json\/wp\/v2\/product\/5674","targetHints":{"allow":["GET"]}}],"collection":[{"href":"https:\/\/dlcpo.com\/es\/wp-json\/wp\/v2\/product"}],"about":[{"href":"https:\/\/dlcpo.com\/es\/wp-json\/wp\/v2\/types\/product"}],"version-history":[{"count":1,"href":"https:\/\/dlcpo.com\/es\/wp-json\/wp\/v2\/product\/5674\/revisions"}],"predecessor-version":[{"id":7272,"href":"https:\/\/dlcpo.com\/es\/wp-json\/wp\/v2\/product\/5674\/revisions\/7272"}],"wp:featuredmedia":[{"embeddable":true,"href":"https:\/\/dlcpo.com\/es\/wp-json\/wp\/v2\/media\/2592"}],"wp:attachment":[{"href":"https:\/\/dlcpo.com\/es\/wp-json\/wp\/v2\/media?parent=5674"}],"wp:term":[{"taxonomy":"product_brand","embeddable":true,"href":"https:\/\/dlcpo.com\/es\/wp-json\/wp\/v2\/product_brand?post=5674"},{"taxonomy":"product_cat","embeddable":true,"href":"https:\/\/dlcpo.com\/es\/wp-json\/wp\/v2\/product_cat?post=5674"},{"taxonomy":"product_tag","embeddable":true,"href":"https:\/\/dlcpo.com\/es\/wp-json\/wp\/v2\/product_tag?post=5674"}],"curies":[{"name":"wp","href":"https:\/\/api.w.org\/{rel}","templated":true}]}}