{"id":5672,"date":"2026-03-13T20:21:10","date_gmt":"2026-03-13T12:21:10","guid":{"rendered":"https:\/\/dlcpo.com\/etc-176ah-celula-de-bateria-lifepo4-54mm-delgada-pulso\/"},"modified":"2026-04-11T10:35:42","modified_gmt":"2026-04-11T02:35:42","slug":"etc-176ah-celula-de-bateria-lifepo4-54mm-delgada-pulso","status":"publish","type":"product","link":"https:\/\/dlcpo.com\/es\/etc-176ah-celula-de-bateria-lifepo4-54mm-delgada-pulso\/","title":{"rendered":"C\u00e9lula de bater\u00eda ETC LiFePO4 de 176 Ah, 54 mm de grosor | Rendimiento de picos de 352 A"},"content":{"rendered":"<div class=\"product-description-container\">\n<p>La <strong>c\u00e9lula de bater\u00eda ETC 176Ah LiFePO4 de 54 mm de grosor Pulse<\/strong> (fabricada por Wuhu Tianyi) representa la sinergia perfecta entre un dise\u00f1o que ahorra espacio y un suministro de energ\u00eda robusto. Con un delgado <strong>grosor de 53,7 mm<\/strong> y una notable <strong>capacidad de descarga de pulso de 352 A<\/strong>, esta celda est\u00e1 dise\u00f1ada para aplicaciones profesionales que exigen tanto un montaje compacto como un rendimiento de punta en r\u00e1fagas de energ\u00eda. <\/p>\n<h3>Gran potencia en un dise\u00f1o compacto: ventajas clave en cuanto al rendimiento<\/h3>\n<ul>\n<li>\u26a1 <strong>Impresionante potencia de pulso de 352 A (2C):<\/strong> A diferencia de las celdas est\u00e1ndar destinadas \u00fanicamente al almacenamiento, limitadas a 1C, la <strong>celda de bater\u00eda LiFePO4 ETC de 176 Ah y 54 mm de grosor con tecnolog\u00eda de pulso<\/strong> est\u00e1 dise\u00f1ada para soportar picos de corriente elevados. Admite una corriente de descarga de <strong>352 A durante un m\u00e1ximo de 180 segundos<\/strong>, lo que la hace excepcionalmente adecuada para carritos de golf en subidas empinadas, veh\u00edculos utilitarios el\u00e9ctricos e inversores de alta potencia. <\/li>\n<li>\u26a1 <strong>Dise\u00f1o delgado de 54 mm:<\/strong> El espacio f\u00edsico suele ser el mayor obst\u00e1culo en los dispositivos m\u00f3viles. Mientras que las celdas est\u00e1ndar de 280 Ah tienen un grosor de 72 mm, este modelo solo mide <strong>53,7 mm de grosor<\/strong>. Esto te permite almacenar m\u00e1s energ\u00eda en el mismo espacio f\u00edsico o simplemente recuperar un valioso espacio en tu autocaravana, furgoneta o compartimento de bater\u00edas de tu embarcaci\u00f3n.  <\/li>\n<li>\u26a1 <strong>Versatilidad rentable: <\/strong> Con una vida \u00fatil verificada de \u22652,000 <strong>ciclos profundos <\/strong>, esta c\u00e9lula ofrece un s\u00f3lido equilibrio entre rendimiento y precio. Es una bater\u00eda de litio ideal para\u00e1cido de plomo sustituciones donde potencia suministro es el principal requisito. <\/li>\n<li>\u26a1 <strong>Fiabilidad prism\u00e1tica de grado A:<\/strong> Procedentes de las avanzadas l\u00edneas de producci\u00f3n automatizadas de ETC, cada celda mantiene una alta consistencia en cuanto a resistencia interna y voltaje. Esto garantiza una bater\u00eda equilibrada y fiable que ofrece un rendimiento predecible en entornos con altas vibraciones y en aplicaciones m\u00f3viles. <\/li>\n<li>\u26a1 <strong>Soluci\u00f3n energ\u00e9tica para todo tipo de climas:<\/strong> La resistente carcasa de aluminio y la estable composici\u00f3n qu\u00edmica de LFP proporcionan una estabilidad t\u00e9rmica superior. Dise\u00f1ada para ofrecer una gran durabilidad, esta c\u00e9lula se mantiene en funcionamiento y proporciona un voltaje constante incluso durante operaciones exigentes de alta corriente en diversos climas. <\/li>\n<\/ul>\n<\/div>\n","protected":false},"excerpt":{"rendered":"<p>Descubre la c\u00e9lula de bater\u00eda ETC 176Ah LiFePO4 de 54 mm de grosor en DLCPO. Cuenta con un perfil delgado de 53,7 mm y una capacidad de pulso de 352 A. La soluci\u00f3n de energ\u00eda definitiva para autocaravanas y embarcaciones.  <\/p>\n","protected":false},"featured_media":2596,"template":"","meta":{"_acf_changed":false,"_joinchat":[]},"product_brand":[],"product_cat":[1386],"product_tag":[1443,1442,1399,1441,1444],"class_list":{"0":"post-5672","1":"product","2":"type-product","3":"status-publish","4":"has-post-thumbnail","6":"product_cat-etc","7":"product_tag-352a-pulso-descarga","8":"product_tag-54-mm-delgada-bateria","9":"product_tag-dlcpo","10":"product_tag-etc-176ah","11":"product_tag-golf-carrito-litio-actualizacion","12":"pa_capacity-176ah","14":"first","15":"instock","16":"shipping-taxable","17":"product-type-simple"},"acf":[],"_links":{"self":[{"href":"https:\/\/dlcpo.com\/es\/wp-json\/wp\/v2\/product\/5672","targetHints":{"allow":["GET"]}}],"collection":[{"href":"https:\/\/dlcpo.com\/es\/wp-json\/wp\/v2\/product"}],"about":[{"href":"https:\/\/dlcpo.com\/es\/wp-json\/wp\/v2\/types\/product"}],"version-history":[{"count":1,"href":"https:\/\/dlcpo.com\/es\/wp-json\/wp\/v2\/product\/5672\/revisions"}],"predecessor-version":[{"id":7270,"href":"https:\/\/dlcpo.com\/es\/wp-json\/wp\/v2\/product\/5672\/revisions\/7270"}],"wp:featuredmedia":[{"embeddable":true,"href":"https:\/\/dlcpo.com\/es\/wp-json\/wp\/v2\/media\/2596"}],"wp:attachment":[{"href":"https:\/\/dlcpo.com\/es\/wp-json\/wp\/v2\/media?parent=5672"}],"wp:term":[{"taxonomy":"product_brand","embeddable":true,"href":"https:\/\/dlcpo.com\/es\/wp-json\/wp\/v2\/product_brand?post=5672"},{"taxonomy":"product_cat","embeddable":true,"href":"https:\/\/dlcpo.com\/es\/wp-json\/wp\/v2\/product_cat?post=5672"},{"taxonomy":"product_tag","embeddable":true,"href":"https:\/\/dlcpo.com\/es\/wp-json\/wp\/v2\/product_tag?post=5672"}],"curies":[{"name":"wp","href":"https:\/\/api.w.org\/{rel}","templated":true}]}}