{"id":5669,"date":"2026-03-13T20:53:26","date_gmt":"2026-03-13T12:53:26","guid":{"rendered":"https:\/\/dlcpo.com\/etp-lixin-geely-40ah-celula-de-bateria-lifepo4-etp27148130\/"},"modified":"2026-04-11T10:35:41","modified_gmt":"2026-04-11T02:35:41","slug":"etp-lixin-geely-40ah-celula-de-bateria-lifepo4-etp27148130","status":"publish","type":"product","link":"https:\/\/dlcpo.com\/es\/etp-lixin-geely-40ah-celula-de-bateria-lifepo4-etp27148130\/","title":{"rendered":"C\u00e9lula de bater\u00eda prism\u00e1tica LiFePO4 ETPL de 40 Ah y 3,2 V, grado A, EFP27148130 \u2013 Dise\u00f1o ultradelgado de 27 mm \u2013 LFP de grado automotriz para sistemas de alimentaci\u00f3n port\u00e1tiles y rob\u00f3tica"},"content":{"rendered":"<div class=\"product-description-container\">\n<p>La <strong>celda de bater\u00eda ETP Lixin Geely de 40 Ah LiFePO4 ETP27148130<\/strong> (modelo EFP27148130) lleva los est\u00e1ndares de fabricaci\u00f3n automotriz de \u00e9lite al mercado de las bater\u00edas compactas. Fabricada por Lixin Energy, una filial del prestigioso <strong>Geely Technology Group<\/strong> (la misma empresa matriz que Volvo, Lotus y Zeekr), esta celda prism\u00e1tica ofrece una estabilidad t\u00e9rmica excepcional y est\u00e1ndares de seguridad que superan con creces a los de las bater\u00edas est\u00e1ndar de consumo.<\/p>\n<h3>Caracter\u00edsticas clave para configuraciones compactas de alta eficiencia<\/h3>\n<ul>\n<li>\u26a1 <strong>Dise\u00f1o ultradelgado de 27 mm:<\/strong> Con solo <strong>27 mm de grosor<\/strong>, la <strong>celda de bater\u00eda LiFePO4 ETP Lixin Geely de 40 Ah ETP27148130<\/strong> es excepcionalmente delgada en comparaci\u00f3n con los modelos t\u00edpicos de 100 Ah o 200 Ah. Su perfil delgado la convierte en la opci\u00f3n perfecta para dise\u00f1os de bater\u00edas de paquete plano, chasis de robots de perfil bajo y almacenamiento solar detr\u00e1s del panel, donde el espacio es un bien escaso. <\/li>\n<li>\u26a1 <strong>S\u00f3lita trayectoria en el sector automotriz:<\/strong> Dise\u00f1adas para el exigente mercado de los veh\u00edculos el\u00e9ctricos (VE), estas celdas se fabrican en l\u00edneas de producci\u00f3n totalmente automatizadas. Esto garantiza una uniformidad superior entre celdas, algo fundamental para fabricar paquetes de bater\u00edas estables y de alto rendimiento con fiabilidad a largo plazo. <\/li>\n<li>\u26a1 <strong>Amplio rango de temperatura de funcionamiento:<\/strong> Estas c\u00e9lulas mantienen un rendimiento de descarga constante a10&gt; en todo un amplio espectro t\u00e9rmico, desde <strong>-20 \u00b0C hasta 50 \u00b0C<\/strong>. En combinaci\u00f3n con una capacidad nominal de <strong>\u22652000 ciclos completos de descarga profunda, estas ofrecen una soluci\u00f3n energ\u00e9tica duradera para entornos al aire libre e industriales.<\/strong> <\/li>\n<li>\u26a1 <strong>Perfecto para conversiones ligeras de 12 V\/24 V:<\/strong> Una sencilla configuraci\u00f3n en serie de 4 celdas (4S) da como resultado una bater\u00eda de <strong>12 V y 40 Ah muy compacta que pesa poco m\u00e1s de 4 kg<\/strong>. Es un reemplazo ideal y duradero para las pesadas y voluminosas bater\u00edas de plomo-\u00e1cido en localizadores de peces, equipo de campamento m\u00f3vil y carritos m\u00e9dicos port\u00e1tiles. <\/li>\n<li>\u26a1 <strong>Seguridad prism\u00e1tica avanzada:<\/strong> A diferencia de las celdas tipo bolsa, la carcasa r\u00edgida de aluminio de la Lixin 40Ah ofrece una excelente integridad estructural y resistencia a los pinchazos. La composici\u00f3n qu\u00edmica interna de LFP es intr\u00ednsecamente incombustible, lo que garantiza la m\u00e1xima seguridad durante operaciones de alta exigencia. <\/li>\n<\/ul>\n<\/div>\n","protected":false},"excerpt":{"rendered":"<p>La c\u00e9lula de bater\u00eda ETP Lixin Geely de 40 Ah LiFePO4 (ETP27148130) presenta un perfil ultradelgado de 27 mm y una fiabilidad de grado automotriz. M\u00e1s de 2000 ciclos de carga para robots delgados y fuentes de alimentaci\u00f3n port\u00e1tiles. Verificada por DLCPO.<\/p>\n","protected":false},"featured_media":2605,"template":"","meta":{"_acf_changed":false,"_joinchat":[]},"product_brand":[],"product_cat":[1387],"product_tag":[1438,1399,1439,1437,1440],"class_list":{"0":"post-5669","1":"product","2":"type-product","3":"status-publish","4":"has-post-thumbnail","6":"product_cat-etpl","7":"product_tag-27-mm-delgado-celular","8":"product_tag-dlcpo","9":"product_tag-etp27148130","10":"product_tag-lixin-40ah-lfp","11":"product_tag-portatil-robotica-alimentacion","12":"pa_capacity-40ah","14":"first","15":"instock","16":"shipping-taxable","17":"product-type-simple"},"acf":[],"_links":{"self":[{"href":"https:\/\/dlcpo.com\/es\/wp-json\/wp\/v2\/product\/5669","targetHints":{"allow":["GET"]}}],"collection":[{"href":"https:\/\/dlcpo.com\/es\/wp-json\/wp\/v2\/product"}],"about":[{"href":"https:\/\/dlcpo.com\/es\/wp-json\/wp\/v2\/types\/product"}],"version-history":[{"count":1,"href":"https:\/\/dlcpo.com\/es\/wp-json\/wp\/v2\/product\/5669\/revisions"}],"predecessor-version":[{"id":7268,"href":"https:\/\/dlcpo.com\/es\/wp-json\/wp\/v2\/product\/5669\/revisions\/7268"}],"wp:featuredmedia":[{"embeddable":true,"href":"https:\/\/dlcpo.com\/es\/wp-json\/wp\/v2\/media\/2605"}],"wp:attachment":[{"href":"https:\/\/dlcpo.com\/es\/wp-json\/wp\/v2\/media?parent=5669"}],"wp:term":[{"taxonomy":"product_brand","embeddable":true,"href":"https:\/\/dlcpo.com\/es\/wp-json\/wp\/v2\/product_brand?post=5669"},{"taxonomy":"product_cat","embeddable":true,"href":"https:\/\/dlcpo.com\/es\/wp-json\/wp\/v2\/product_cat?post=5669"},{"taxonomy":"product_tag","embeddable":true,"href":"https:\/\/dlcpo.com\/es\/wp-json\/wp\/v2\/product_tag?post=5669"}],"curies":[{"name":"wp","href":"https:\/\/api.w.org\/{rel}","templated":true}]}}