{"id":5665,"date":"2026-03-13T21:07:49","date_gmt":"2026-03-13T13:07:49","guid":{"rendered":"https:\/\/dlcpo.com\/etp-lixin-geely-25ah-celula-de-bateria-lifepo4-efp2714893wa\/"},"modified":"2026-04-26T11:28:38","modified_gmt":"2026-04-26T03:28:38","slug":"etp-lixin-geely-25ah-celula-de-bateria-lifepo4-efp2714893wa","status":"publish","type":"product","link":"https:\/\/dlcpo.com\/es\/etp-lixin-geely-25ah-celula-de-bateria-lifepo4-efp2714893wa\/","title":{"rendered":"C\u00e9lula de bater\u00eda prism\u00e1tica LiFePO4 ETPL de 25 Ah y 3,2 V, grado A, EFP2714893WA \u2013 Altura ultracompacta de 95 mm \u2013 LFP de grado automotriz para sondas de pesca y rob\u00f3tica m\u00f3vil"},"content":{"rendered":"<div class=\"product-description-container\">\n<p>La <strong>celda de bater\u00eda ETP Lixin Geely de 25 Ah LiFePO4 EFP2714893WA<\/strong> demuestra que no hace falta una bater\u00eda enorme para conseguir una durabilidad propia de la industria automotriz. Fabricada por el <strong>Geely Technology Group<\/strong> (el motor de innovaci\u00f3n detr\u00e1s de Volvo, Lotus y Zeekr), esta celda prism\u00e1tica lleva el control de calidad y los est\u00e1ndares de seguridad de los veh\u00edculos el\u00e9ctricos al mercado de las bater\u00edas de peque\u00f1a capacidad. <\/p>\n<h3>Peque\u00f1o tama\u00f1o, gran rendimiento: \u00bfPor qu\u00e9 elegir el Lixin de 25 Ah?<\/h3>\n<ul>\n<li>\ud83d\udd0b <strong>Excepcional vida \u00fatil de m\u00e1s de 3.500 ciclos: <\/strong> Mientras que muchas celdas prism\u00e1ticas peque\u00f1as del sector tienen una vida \u00fatil nominal de solo 2,000 ciclos, la <strong>celdas de bater\u00eda LiFePO4 ETP Lixin Geely de 25 Ah EFP2714893WA<\/strong> cuenta con una qu\u00edmica avanzada que ofrece una vida \u00fatil significativamente mayor. Esto la convierte en una opci\u00f3n incre\u00edblemente rentable para dispositivos profesionales que requieren una carga diaria durante m\u00e1s de una d\u00e9cada. <\/li>\n<li>\u26a1 <strong>Dise\u00f1o compacto y ultraligero:<\/strong> Con un peso de solo <strong>720 g<\/strong> y una altura de apenas <strong>95 mm<\/strong>, esta c\u00e9lula est\u00e1 dise\u00f1ada para ofrecer la m\u00e1xima portabilidad. Una bater\u00eda de 12 V y 25 Ah construida con estas celdas pesa menos de 3 kg, lo que la convierte en la opci\u00f3n ideal para localizadores de peces port\u00e1tiles, equipos de mano y rob\u00f3tica m\u00f3vil. <\/li>\n<li>\ud83c\udfce\ufe0f <strong>Prestigiosa tradici\u00f3n automotriz:<\/strong> Gracias al uso de l\u00edneas de producci\u00f3n automatizadas de \u00faltima generaci\u00f3n, Lixin garantiza una alta uniformidad en cuanto a voltaje, capacidad y resistencia interna. Esta precisi\u00f3n, que cumple con los \u00abest\u00e1ndares para veh\u00edculos el\u00e9ctricos\u00bb, es fundamental para la estabilidad y la seguridad a largo plazo de los paquetes de bater\u00edas multicelulares. <\/li>\n<li>\ud83d\udee1\ufe0f <strong>Seguridad y estabilidad t\u00e9rmica superiores:<\/strong> La robusta carcasa prism\u00e1tica de aluminio ofrece una mejor disipaci\u00f3n del calor y una mayor integridad estructural que las alternativas cil\u00edndricas o tipo bolsa. Est\u00e1 dise\u00f1ada para funcionar de manera confiable bajo vibraciones y estr\u00e9s t\u00e9rmico moderado. <\/li>\n<li>\u26a1 <strong>Amplia gama de aplicaciones:<\/strong> Gracias a su alta densidad energ\u00e9tica y su dise\u00f1o compacto, esta c\u00e9lula es la soluci\u00f3n ideal para el almacenamiento de energ\u00eda a peque\u00f1a escala, bicicletas el\u00e9ctricas, electr\u00f3nica n\u00e1utica y estaciones de energ\u00eda port\u00e1tiles de bricolaje.<\/li>\n<\/ul>\n<\/div>\n","protected":false},"excerpt":{"rendered":"<p>Descubre la c\u00e9lula de bater\u00eda ETP Lixin Geely de 25 Ah LiFePO4 (EFP2714893WA). Con m\u00e1s de 3500 ciclos de carga y descarga y la calidad propia del sector automotriz del Grupo Geely. Ideal para rob\u00f3tica y localizadores de peces. C\u00f3mprala en DLCPO.<\/p>\n","protected":false},"featured_media":5662,"template":"","meta":{"_acf_changed":false,"_joinchat":[]},"product_brand":[],"product_cat":[1387],"product_tag":[1435,1436,1399,1434,1433],"class_list":{"0":"post-5665","1":"product","2":"type-product","3":"status-publish","4":"has-post-thumbnail","6":"product_cat-etpl","7":"product_tag-3500-ciclos-de-la-bateria","8":"product_tag-bateria-para-robotica-portatil","9":"product_tag-dlcpo","10":"product_tag-geely-efp2714893wa","11":"product_tag-lixin-25ah-lfp","12":"pa_capacity-25ah","14":"first","15":"instock","16":"shipping-taxable","17":"product-type-simple"},"acf":[],"_links":{"self":[{"href":"https:\/\/dlcpo.com\/es\/wp-json\/wp\/v2\/product\/5665","targetHints":{"allow":["GET"]}}],"collection":[{"href":"https:\/\/dlcpo.com\/es\/wp-json\/wp\/v2\/product"}],"about":[{"href":"https:\/\/dlcpo.com\/es\/wp-json\/wp\/v2\/types\/product"}],"version-history":[{"count":1,"href":"https:\/\/dlcpo.com\/es\/wp-json\/wp\/v2\/product\/5665\/revisions"}],"predecessor-version":[{"id":7266,"href":"https:\/\/dlcpo.com\/es\/wp-json\/wp\/v2\/product\/5665\/revisions\/7266"}],"wp:featuredmedia":[{"embeddable":true,"href":"https:\/\/dlcpo.com\/es\/wp-json\/wp\/v2\/media\/5662"}],"wp:attachment":[{"href":"https:\/\/dlcpo.com\/es\/wp-json\/wp\/v2\/media?parent=5665"}],"wp:term":[{"taxonomy":"product_brand","embeddable":true,"href":"https:\/\/dlcpo.com\/es\/wp-json\/wp\/v2\/product_brand?post=5665"},{"taxonomy":"product_cat","embeddable":true,"href":"https:\/\/dlcpo.com\/es\/wp-json\/wp\/v2\/product_cat?post=5665"},{"taxonomy":"product_tag","embeddable":true,"href":"https:\/\/dlcpo.com\/es\/wp-json\/wp\/v2\/product_tag?post=5665"}],"curies":[{"name":"wp","href":"https:\/\/api.w.org\/{rel}","templated":true}]}}