{"id":5663,"date":"2026-03-14T00:11:29","date_gmt":"2026-03-13T16:11:29","guid":{"rendered":"https:\/\/dlcpo.com\/higee-280ah-celula-de-bateria-lifepo4-71mm-tamano-estandar\/"},"modified":"2026-04-11T10:35:38","modified_gmt":"2026-04-11T02:35:38","slug":"higee-280ah-celula-de-bateria-lifepo4-71mm-tamano-estandar","status":"publish","type":"product","link":"https:\/\/dlcpo.com\/es\/higee-280ah-celula-de-bateria-lifepo4-71mm-tamano-estandar\/","title":{"rendered":"Higee (Haibase) 280Ah 3.2V Grade A LiFePO4 Prismatic Battery Cell \u2013 Standard Size \u2013 6,000+ Cycles &amp; Ultra-Low Impedance for High-Capacity Solar &amp; DIY ESS"},"content":{"rendered":"<div class=\"product-description-container\">\n<p>La <strong>c\u00e9lula de bater\u00eda Higee de 280 Ah LiFePO4 de tama\u00f1o est\u00e1ndar (71 mm)<\/strong> (modelo HJLFP48173205E) es una soluci\u00f3n de alta capacidad dise\u00f1ada para los entornos de almacenamiento de energ\u00eda m\u00e1s exigentes. Si bien es posible que algunos documentos disponibles en el mercado contengan n\u00fameros de modelo confusos, <strong>DLCPO<\/strong> ha verificado, a trav\u00e9s de los planos de ingenier\u00eda originales, que se trata de una celda aut\u00e9ntica de 280 Ah y tama\u00f1o est\u00e1ndar, lo que garantiza una integraci\u00f3n perfecta en los dise\u00f1os de sus sistemas existentes.<\/p>\n<h3>Rendimiento comprobado y fiabilidad l\u00edder en el sector<\/h3>\n<ul>\n<li>\u26a1 <strong>Espesor est\u00e1ndar del sector de 71,8 mm:<\/strong> La precisi\u00f3n es fundamental en el montaje de bater\u00edas. Con un <strong>grosor de 71,8 mm<\/strong> confirmado, puede utilizar con confianza la <strong>celda de bater\u00eda LiFePO4 Higee de 280 Ah y tama\u00f1o est\u00e1ndar de 71 mm<\/strong> en proyectos de bricolaje est\u00e1ndar y cajas de bater\u00edas para montaje en rack sin necesidad de espaciadores personalizados, barras colectoras no est\u00e1ndar ni modificaciones estructurales. <\/li>\n<li>\u26a1 <strong>Impedancia ultrabaja ($\\le 0,18 m\\Omega$):<\/strong> Reconocidas por su excepcional calidad de fabricaci\u00f3n, estas celdas presentan una resistencia interna de <strong>\u22640,18 m\u03a9<\/strong>. Esta impedancia ultrabaja reduce significativamente la generaci\u00f3n de calor durante la descarga de alta carga y la carga r\u00e1pida, mejorando la eficiencia global de ida y vuelta de su sistema solar. <\/li>\n<li>\u26a1 <strong>Gran durabilidad: m\u00e1s de 6.000 ciclos:<\/strong> Con una capacidad nominal de <strong>\u22656.000 ciclos profundos<\/strong>, estas celdas est\u00e1n dise\u00f1adas para un uso a largo plazo. Ofrecen una soluci\u00f3n rentable y de alta fiabilidad para el almacenamiento estacionario (ESS), donde la durabilidad y la seguridad son las principales preocupaciones de los propietarios de viviendas y los usuarios industriales. <\/li>\n<li>\u26a1 <strong>Integridad celular aut\u00e9ntica de grado A:<\/strong> Cada celda se somete a rigurosas pruebas internas en DLCPO para garantizar la consistencia de la capacidad y el voltaje. Esto minimiza los problemas de \u00abeslabones d\u00e9biles\u00bb en grandes configuraciones en serie y paralelo, lo que prolonga la vida \u00fatil de todo el banco de bater\u00edas. <\/li>\n<li>\u26a1 <strong>Densidad energ\u00e9tica vers\u00e1til:<\/strong> Con una potencia enorme en un dise\u00f1o prism\u00e1tico compacto, este modelo de 280 Ah es la opci\u00f3n ideal para hogares sin conexi\u00f3n a la red el\u00e9ctrica, sistemas de respaldo para centros de datos y almacenamiento de energ\u00eda para aplicaciones mar\u00edtimas de alta resistencia.<\/li>\n<\/ul>\n<\/div>\n","protected":false},"excerpt":{"rendered":"<p>La c\u00e9lula de bater\u00eda Higee LiFePO4 de 280 Ah y tama\u00f1o est\u00e1ndar de 71 mm ha sido certificada por DLCPO para garantizar un ajuste perfecto en carcasas de fabricaci\u00f3n propia. Ofrece m\u00e1s de 6.000 ciclos y una baja impedancia de <span class=\"math-inline\" data-math=\"\\le 0.18 m\\Omega\" data-index-in-node=\"162\">$\\le 0,18 m\\Omega$<\/span>. Fiabilidad de grado A.  <\/p>\n","protected":false},"featured_media":2615,"template":"","meta":{"_acf_changed":false,"_joinchat":[]},"product_brand":[],"product_cat":[1392],"product_tag":[1431,1430,1432,1399,1429],"class_list":{"0":"post-5663","1":"product","2":"type-product","3":"status-publish","4":"has-post-thumbnail","6":"product_cat-higee","7":"product_tag-6000-ciclos-lfp","8":"product_tag-718-mm-estandar-celula","9":"product_tag-baterias-solares-de-bricolaje","10":"product_tag-dlcpo","11":"product_tag-higee-280ah","12":"pa_capacity-280ah","14":"first","15":"instock","16":"shipping-taxable","17":"product-type-simple"},"acf":[],"_links":{"self":[{"href":"https:\/\/dlcpo.com\/es\/wp-json\/wp\/v2\/product\/5663","targetHints":{"allow":["GET"]}}],"collection":[{"href":"https:\/\/dlcpo.com\/es\/wp-json\/wp\/v2\/product"}],"about":[{"href":"https:\/\/dlcpo.com\/es\/wp-json\/wp\/v2\/types\/product"}],"version-history":[{"count":1,"href":"https:\/\/dlcpo.com\/es\/wp-json\/wp\/v2\/product\/5663\/revisions"}],"predecessor-version":[{"id":7263,"href":"https:\/\/dlcpo.com\/es\/wp-json\/wp\/v2\/product\/5663\/revisions\/7263"}],"wp:featuredmedia":[{"embeddable":true,"href":"https:\/\/dlcpo.com\/es\/wp-json\/wp\/v2\/media\/2615"}],"wp:attachment":[{"href":"https:\/\/dlcpo.com\/es\/wp-json\/wp\/v2\/media?parent=5663"}],"wp:term":[{"taxonomy":"product_brand","embeddable":true,"href":"https:\/\/dlcpo.com\/es\/wp-json\/wp\/v2\/product_brand?post=5663"},{"taxonomy":"product_cat","embeddable":true,"href":"https:\/\/dlcpo.com\/es\/wp-json\/wp\/v2\/product_cat?post=5663"},{"taxonomy":"product_tag","embeddable":true,"href":"https:\/\/dlcpo.com\/es\/wp-json\/wp\/v2\/product_tag?post=5663"}],"curies":[{"name":"wp","href":"https:\/\/api.w.org\/{rel}","templated":true}]}}