{"id":5657,"date":"2026-03-14T00:38:25","date_gmt":"2026-03-13T16:38:25","guid":{"rendered":"https:\/\/dlcpo.com\/higee-120ah-celula-de-bateria-lifepo4-7500-ciclos-170mm\/"},"modified":"2026-04-11T10:35:42","modified_gmt":"2026-04-11T02:35:42","slug":"higee-120ah-celula-de-bateria-lifepo4-7500-ciclos-170mm","status":"publish","type":"product","link":"https:\/\/dlcpo.com\/es\/higee-120ah-celula-de-bateria-lifepo4-7500-ciclos-170mm\/","title":{"rendered":"C\u00e9lula de bater\u00eda prism\u00e1tica Higee de 120 Ah y 3,2 V, LiFePO4 de grado A \u2013 7500 ciclos de vida \u00fatil ultralarga \u2013 Dise\u00f1o de perfil bajo de 170 mm para carritos de golf y sistemas de almacenamiento de energ\u00eda (ESS) para veh\u00edculos recreativos"},"content":{"rendered":"<div class=\"product-description-container\">\n<p>La c\u00e9lula LiFePO4 de 120 Ah de Higee destaca en el mercado mundial como la indiscutible \u00abcampeona de la larga vida \u00fatil\u00bb. Mientras que las celdas LiFePO4 est\u00e1ndar tienen una capacidad nominal de entre 3,000 y 6,000 ciclos, esta celda prism\u00e1tica de grado A est\u00e1 dise\u00f1ada para superar los l\u00edmites hasta alcanzar <strong>\u22657,500 ciclos<\/strong>. Esto garantiza que su inversi\u00f3n proporcione energ\u00eda confiable y sostenible durante m\u00e1s de 20 a\u00f1os de vida \u00fatil potencial en aplicaciones solares y de movilidad.  <\/p>\n<h3>Caracter\u00edsticas Rendimiento Ventajas<\/h3>\n<ul>\n<li>\u26a1 <strong>Incre\u00edble vida \u00fatil de m\u00e1s de 7500 ciclos:<\/strong> Dise\u00f1ada para quienes piensan a largo plazo. Al casi duplicar la vida \u00fatil de las celdas de litio est\u00e1ndar, la Higee 120Ah reduce significativamente el costo total por kWh. Para un sistema solar que realiza un ciclo al d\u00eda, esto se traduce en d\u00e9cadas de funcionamiento sin necesidad de mantenimiento.  <\/li>\n<li>\u26a1 <strong>La soluci\u00f3n perfecta para carritos de golf (170 mm de altura):<\/strong> Las dimensiones f\u00edsicas son fundamentales. Con exactamente <strong>170 mm de altura<\/strong>, esta celda es significativamente m\u00e1s corta que las celdas prism\u00e1ticas est\u00e1ndar de m\u00e1s de 200 mm. Se adapta f\u00e1cilmente a las bandejas de bater\u00eda de los carritos de golf, los veh\u00edculos guiados autom\u00e1ticamente (AGV) y los veh\u00edculos utilitarios sin necesidad de costosas modificaciones en los asientos ni kits de elevaci\u00f3n.  <\/li>\n<li>\u26a1 <strong>Compacto y ligero Eficiencia:<\/strong> Con un peso de solo <strong>2,86 kg<\/strong> y con unas dimensiones de tan solo <strong>48 mm de grosor<\/strong>, estas celdas te permiten a18&gt; a construir un paquete de alta capacidad con un peque\u00f1o espacio ocupado. Por ejemplo, una bater\u00eda de 48 V y 120 Ah fabricada con estas celdas pesa menos de 46 kg, lo que ofrece un enorme ahorro de peso respecto a las alternativas de plomo-\u00e1cido. <\/li>\n<li>\u26a1 <strong>Estabilidad prism\u00e1tica de grado A:<\/strong> Cada celda cuenta con una carcasa de aluminio resistente y terminales uniformes que garantizan un rendimiento equilibrado en configuraciones multicelulares. Su alta densidad energ\u00e9tica la hace ideal tanto para el almacenamiento de energ\u00eda estacionario (ESS) como para entornos m\u00f3viles con altas vibraciones. <\/li>\n<li>\u26a1 <strong>Fiabilidad extrema en descargas profundas:<\/strong> Optimizada para uso de ciclo profundo, la Higee 120Ah mantiene estable la tensi\u00f3n de salida incluso durante una descarga intensa, asegurando que su equipo o hogar fuera de la red funcione sin problemas desde el 100 % hasta un bajo nivel de carga (SoC).<\/li>\n<\/ul>\n<\/div>\n","protected":false},"excerpt":{"rendered":"<p>La c\u00e9lula LiFePO4 de 120 Ah de Higee ofrece una impresionante vida \u00fatil de m\u00e1s de 7.500 ciclos. Con solo 170 mm de altura, es ideal para carritos de golf y sistemas de almacenamiento solar. Energ\u00eda de alta densidad y grado A de DLCPO  <\/p>\n","protected":false},"featured_media":2623,"template":"","meta":{"_acf_changed":false,"_joinchat":[]},"product_brand":[],"product_cat":[1392],"product_tag":[1423,1422,1421,1424,1399],"class_list":{"0":"post-5657","1":"product","2":"type-product","3":"status-publish","4":"has-post-thumbnail","6":"product_cat-higee","7":"product_tag-170-mm-altura-bateria","8":"product_tag-7500-ciclos-lfp","9":"product_tag-capacidad-120-ah","10":"product_tag-prismatico-bateria-pila","11":"product_tag-dlcpo","12":"pa_capacity-120ah","14":"first","15":"instock","16":"shipping-taxable","17":"product-type-simple"},"acf":[],"_links":{"self":[{"href":"https:\/\/dlcpo.com\/es\/wp-json\/wp\/v2\/product\/5657","targetHints":{"allow":["GET"]}}],"collection":[{"href":"https:\/\/dlcpo.com\/es\/wp-json\/wp\/v2\/product"}],"about":[{"href":"https:\/\/dlcpo.com\/es\/wp-json\/wp\/v2\/types\/product"}],"version-history":[{"count":1,"href":"https:\/\/dlcpo.com\/es\/wp-json\/wp\/v2\/product\/5657\/revisions"}],"predecessor-version":[{"id":7269,"href":"https:\/\/dlcpo.com\/es\/wp-json\/wp\/v2\/product\/5657\/revisions\/7269"}],"wp:featuredmedia":[{"embeddable":true,"href":"https:\/\/dlcpo.com\/es\/wp-json\/wp\/v2\/media\/2623"}],"wp:attachment":[{"href":"https:\/\/dlcpo.com\/es\/wp-json\/wp\/v2\/media?parent=5657"}],"wp:term":[{"taxonomy":"product_brand","embeddable":true,"href":"https:\/\/dlcpo.com\/es\/wp-json\/wp\/v2\/product_brand?post=5657"},{"taxonomy":"product_cat","embeddable":true,"href":"https:\/\/dlcpo.com\/es\/wp-json\/wp\/v2\/product_cat?post=5657"},{"taxonomy":"product_tag","embeddable":true,"href":"https:\/\/dlcpo.com\/es\/wp-json\/wp\/v2\/product_tag?post=5657"}],"curies":[{"name":"wp","href":"https:\/\/api.w.org\/{rel}","templated":true}]}}