{"id":5648,"date":"2026-03-14T01:32:58","date_gmt":"2026-03-13T17:32:58","guid":{"rendered":"https:\/\/dlcpo.com\/bateria-prismatica-gree-yinlong-lto-51130205-de-110-ah\/"},"modified":"2026-04-11T10:35:38","modified_gmt":"2026-04-11T02:35:38","slug":"bateria-prismatica-gree-yinlong-lto-51130205-de-110-ah","status":"publish","type":"product","link":"https:\/\/dlcpo.com\/es\/bateria-prismatica-gree-yinlong-lto-51130205-de-110-ah\/","title":{"rendered":"GREE Yinlong LTO 51130205 110 Ah prism\u00e1tica bater\u00eda | 25 000 ciclos y 10C Carga r\u00e1pida Carga"},"content":{"rendered":"<div class=\"product-description-container\">\n<p>La <strong>bater\u00eda prism\u00e1tica GREE Yinlong LTO 51130205 de 110 Ah<\/strong> es ampliamente reconocida como el referente definitivo del sector en soluciones de energ\u00eda de alto rendimiento y gran resistencia. Dise\u00f1ada para los exigentes entornos industriales de 2026 que operan las 24 horas del d\u00eda, los 7 d\u00edas de la semana, la <strong>Bater\u00eda prism\u00e1tica GREE Yinlong LTO 51130205 de 110 Ah<\/strong> utiliza una avanzada qu\u00edmica de titanato de litio (LTO). Esta celda prism\u00e1tica resuelve eficazmente las limitaciones cr\u00edticas de las bater\u00edas de litio est\u00e1ndar al ofrecer una longevidad extrema, carga r\u00e1pida y una estructura intr\u00ednsecamente estable que elimina el riesgo de sobrecalentamiento.  <\/p>\n<h2 style=\"font-size: 1.5em; color: #2c3e50;\">Por qu\u00e9 la bater\u00eda prism\u00e1tica GREE Yinlong LTO 51130205 de 110 Ah es la mejor opci\u00f3n:<\/h2>\n<ul class=\"product-features-list\" style=\"list-style: none; padding-left: 0;\">\n<li style=\"margin-bottom: 15px;\">\u23f3 <strong> Vida \u00fatil ultralarga (m\u00e1s de 25 000 ciclos): <\/strong> Mientras que las bater\u00edas LFP est\u00e1ndar tienen una vida \u00fatil nominal de 3,000 a 6,000 ciclos, la <strong>bater\u00eda prism\u00e1tica GREE Yinlong LTO 51130205 de 110 Ah<\/strong> supera los l\u00edmites hasta alcanzar <strong>m\u00e1s de 25,000 ciclos<\/strong>. Esto se traduce en una vida \u00fatil de 20 a 30 a\u00f1os, lo que reduce dr\u00e1sticamente el costo total de propiedad (TCO) para flotas a gran escala e infraestructura de misi\u00f3n cr\u00edtica. <\/li>\n<li style=\"margin-bottom: 15px;\">\ud83d\ude80 <strong> Carga r\u00e1pida de 10 minutos (tasa de 10C):<\/strong> Dise\u00f1ada para un tiempo de actividad m\u00e1ximo, la <strong>bater\u00eda prism\u00e1tica GREE Yinlong LTO 51130205 de 110 Ah<\/strong> admite <strong>carga r\u00e1pida de alta tasa de 10C<\/strong>. Alcanza su capacidad total en solo 6-10 minutos, lo que la convierte en la soluci\u00f3n \u00f3ptima para veh\u00edculos guiados autom\u00e1ticamente (AGV), autobuses el\u00e9ctricos y maquinaria pesada que operan en entornos de alta intensidad las 24 horas del d\u00eda, los 7 d\u00edas de la semana. <\/li>\n<li style=\"margin-bottom: 15px;\">\ud83d\udee1\ufe0f <strong> M\u00e1xima seguridad y estabilidad estructural:<\/strong> La composici\u00f3n qu\u00edmica LTO de la <strong>bater\u00eda prism\u00e1tica GREE Yinlong LTO 51130205 de 110 Ah<\/strong> hace que sea fundamentalmente imposible que se incendie o explote. Incluso en condiciones extremas de destrucci\u00f3n, como <strong>la perforaci\u00f3n con un clavo o un fuerte aplastamiento<\/strong>, la celda prism\u00e1tica 51130205 se mantiene estable, lo que brinda una seguridad sin concesiones para zonas industriales de alto riesgo. <\/li>\n<li style=\"margin-bottom: 15px;\">\u2744 \ufe0f <strong>Resistencia a temperaturas extremas:<\/strong> Dise\u00f1ada para funcionar donde otras fallan, la <strong>bater\u00eda prism\u00e1tica GREE Yinlong LTO 51130205 de 110 Ah<\/strong> mantiene un funcionamiento eficiente en temperaturas que van desde <strong>-50 \u00b0C a +60 \u00b0C<\/strong>. Es la opci\u00f3n perfecta para entornos de investigaci\u00f3n \u00e1rticos o aplicaciones industriales de alta temperatura. <\/li>\n<li style=\"margin-bottom: 15px;\">\u2705 <strong> Calidad de grado A y trazabilidad: <\/strong> Suministradas a trav\u00e9s de la cadena de suministro verificada de <strong>DLCPO<\/strong>, todas las <strong>bater\u00edas prism\u00e1ticas GREE Yinlong LTO 51130205 de 110 Ah<\/strong> son unidades de grado A reci\u00e9n salidas de f\u00e1brica con un c\u00f3digo QR intacto, lo que garantiza una resistencia interna constante y una fiabilidad total para sus proyectos profesionales.<\/li>\n<\/ul>\n<h3 style=\"font-size: 1.2em; color: #34495e;\">Aplicaciones estrat\u00e9gicas del LTO 110Ah:<\/h3>\n<p>La <strong>bater\u00eda prism\u00e1tica GREE Yinlong LTO 51130205 de 110 Ah<\/strong> est\u00e1 espec\u00edficamente optimizada para <strong>veh\u00edculos guiados autom\u00e1ticamente (AGV) <\/strong>, <strong>propulsi\u00f3n el\u00e9ctrica de alta resistencia<\/strong> y <strong>sistemas de almacenamiento de energ\u00eda (ESS) para estabilizaci\u00f3n de la red el\u00e9ctrica<\/strong>. Su combinaci\u00f3n \u00fanica de 110 Ah de capacidad y dise\u00f1o prism\u00e1tico la convierte en la inversi\u00f3n a largo plazo m\u00e1s rentable para cl\u00fasteres de energ\u00eda de alta utilizaci\u00f3n en 2026. <\/p>\n<\/div>\n","protected":false},"excerpt":{"rendered":"<p>Compra la bater\u00eda prism\u00e1tica original <b data-path-to-node=\"4,2,0\" data-index-in-node=\"44\">GREE Yinlong LTO 51130205 de 110 Ah<\/b> en DLCPO. Ofrece m\u00e1s de 25 000 ciclos de carga, carga r\u00e1pida de 10 minutos (10C) y un funcionamiento estable entre -50 \u00b0C y +60 \u00b0C. <\/p>\n","protected":false},"featured_media":2635,"template":"","meta":{"_acf_changed":false,"_joinchat":[]},"product_brand":[],"product_cat":[1383],"product_tag":[1411,1410,1399,1412,1405],"class_list":{"0":"post-5648","1":"product","2":"type-product","3":"status-publish","4":"has-post-thumbnail","6":"product_cat-gree","7":"product_tag-110ah-lto","8":"product_tag-51130205-lto","9":"product_tag-dlcpo","10":"product_tag-lto-prismatico","11":"product_tag-yinlong-lto","12":"pa_capacity-110ah","14":"first","15":"instock","16":"shipping-taxable","17":"product-type-simple"},"acf":[],"_links":{"self":[{"href":"https:\/\/dlcpo.com\/es\/wp-json\/wp\/v2\/product\/5648","targetHints":{"allow":["GET"]}}],"collection":[{"href":"https:\/\/dlcpo.com\/es\/wp-json\/wp\/v2\/product"}],"about":[{"href":"https:\/\/dlcpo.com\/es\/wp-json\/wp\/v2\/types\/product"}],"version-history":[{"count":1,"href":"https:\/\/dlcpo.com\/es\/wp-json\/wp\/v2\/product\/5648\/revisions"}],"predecessor-version":[{"id":7264,"href":"https:\/\/dlcpo.com\/es\/wp-json\/wp\/v2\/product\/5648\/revisions\/7264"}],"wp:featuredmedia":[{"embeddable":true,"href":"https:\/\/dlcpo.com\/es\/wp-json\/wp\/v2\/media\/2635"}],"wp:attachment":[{"href":"https:\/\/dlcpo.com\/es\/wp-json\/wp\/v2\/media?parent=5648"}],"wp:term":[{"taxonomy":"product_brand","embeddable":true,"href":"https:\/\/dlcpo.com\/es\/wp-json\/wp\/v2\/product_brand?post=5648"},{"taxonomy":"product_cat","embeddable":true,"href":"https:\/\/dlcpo.com\/es\/wp-json\/wp\/v2\/product_cat?post=5648"},{"taxonomy":"product_tag","embeddable":true,"href":"https:\/\/dlcpo.com\/es\/wp-json\/wp\/v2\/product_tag?post=5648"}],"curies":[{"name":"wp","href":"https:\/\/api.w.org\/{rel}","templated":true}]}}