{"id":5645,"date":"2026-03-14T01:54:03","date_gmt":"2026-03-13T17:54:03","guid":{"rendered":"https:\/\/dlcpo.com\/bateria-cilindrica-gree-yinlong-lto-32140-9ah\/"},"modified":"2026-04-11T10:29:28","modified_gmt":"2026-04-11T02:29:28","slug":"bateria-cilindrica-gree-yinlong-lto-32140-9ah","status":"publish","type":"product","link":"https:\/\/dlcpo.com\/es\/bateria-cilindrica-gree-yinlong-lto-32140-9ah\/","title":{"rendered":"Bater\u00eda GREE Yinlong LTO 32140 9 Ah cil\u00edndrica: \u00abLittle Beast\u00bb de alta potencia"},"content":{"rendered":"<div class=\"product-description-lto\">\n<h3>GREE 32140: La \u00abpeque\u00f1a bestia\u00bb de las unidades LTO de alto rendimiento<\/h3>\n<p>La <strong>bater\u00eda cil\u00edndrica GREE Yinlong LTO 32140 de 9 Ah<\/strong> es una c\u00e9lula legendaria en la comunidad del bricolaje y del almacenamiento de energ\u00eda industrial. A pesar de su compacto formato 32140, ofrece una extraordinaria relaci\u00f3n potencia-tama\u00f1o, lo que la convierte en una opci\u00f3n superior a las c\u00e9lulas tradicionales de iones de litio 18650 o 21700 para entornos de alta carga. <\/p>\n<div class=\"product-benefits\">\n<h4>Ventajas t\u00e9cnicas clave<\/h4>\n<ul style=\"list-style: none; padding-left: 0;\">\n<li style=\"margin-bottom: 15px;\"><strong>\u26a1 Descarga de alta intensidad 10C (90 A):<\/strong> Dise\u00f1ada para aplicaciones de potencia con cargas elevadas, esta c\u00e9lula admite una <strong>descarga continua de 90 A<\/strong>, lo que proporciona el par y la corriente inmediatos necesarios para arranques de alta resistencia y accionamientos de motor de alto rendimiento.<\/li>\n<li style=\"margin-bottom: 15px;\"><strong>\u23f3 Longevidad extrema (m\u00e1s de 18 000 ciclos):<\/strong> Con una vida \u00fatil nominal de m\u00e1s de <strong>18 000 ciclos<\/strong>, el GREE 32140 es, en esencia, una soluci\u00f3n del tipo \u00abinstala y olv\u00eddate\u00bb. En aplicaciones t\u00edpicas de energ\u00eda solar o audio, ofrece una vida \u00fatil fiable de m\u00e1s de 20 a\u00f1os. <\/li>\n<li style=\"margin-bottom: 15px;\"><strong>\ud83d\udee1\ufe0f Seguridad mec\u00e1nica superior:<\/strong> La r\u00edgida carcasa cil\u00edndrica de acero a9&gt; ofrece una excepcional protecci\u00f3n f\u00edsica y una disipaci\u00f3n t\u00e9rmica superior en comparaci\u00f3n a17&gt; con las fundas o los dise\u00f1os prism\u00e1ticos de aluminio. Est\u00e1 fabricado para resistir las vibraciones y el calor de <strong>los entornos y marinos <\/strong>. <\/li>\n<li style=\"margin-bottom: 15px;\"><strong>\ud83e\ude78 Flexibilidad de dise\u00f1o sin igual:<\/strong> Su dise\u00f1o cil\u00edndrico compacto permite a los ingenieros instalar bancos de bater\u00edas de alta potencia en espacios reducidos y creativos, como debajo de los asientos de los autom\u00f3viles, dentro de bases de maquinaria delgadas o en bancos de bater\u00edas para sistemas de audio para autom\u00f3viles con formas personalizadas <strong>Car Audio<\/strong>.<\/li>\n<\/ul>\n<\/div>\n<\/div>\n","protected":false},"excerpt":{"rendered":"<p>Celdas GREE Yinlong LTO 32140 de 9 Ah de grado A. Ofrecen una descarga de 10C (90 A), m\u00e1s de 18 000 ciclos de vida \u00fatil y una seguridad extrema. Ideales para sistemas de audio para autom\u00f3vil de alto consumo y proyectos solares de bricolaje.  <\/p>\n","protected":false},"featured_media":2639,"template":"","meta":{"_acf_changed":false,"_joinchat":[]},"product_brand":[],"product_cat":[1383],"product_tag":[1408,1409,1400,1399,1405],"class_list":{"0":"post-5645","1":"product","2":"type-product","3":"status-publish","4":"has-post-thumbnail","6":"product_cat-gree","7":"product_tag-32140-lto","8":"product_tag-9ah-lto","9":"product_tag-cilindrico-lto","10":"product_tag-dlcpo","11":"product_tag-yinlong-lto","12":"pa_capacity-9ah","14":"first","15":"instock","16":"shipping-taxable","17":"product-type-simple"},"acf":[],"_links":{"self":[{"href":"https:\/\/dlcpo.com\/es\/wp-json\/wp\/v2\/product\/5645","targetHints":{"allow":["GET"]}}],"collection":[{"href":"https:\/\/dlcpo.com\/es\/wp-json\/wp\/v2\/product"}],"about":[{"href":"https:\/\/dlcpo.com\/es\/wp-json\/wp\/v2\/types\/product"}],"version-history":[{"count":1,"href":"https:\/\/dlcpo.com\/es\/wp-json\/wp\/v2\/product\/5645\/revisions"}],"predecessor-version":[{"id":7261,"href":"https:\/\/dlcpo.com\/es\/wp-json\/wp\/v2\/product\/5645\/revisions\/7261"}],"wp:featuredmedia":[{"embeddable":true,"href":"https:\/\/dlcpo.com\/es\/wp-json\/wp\/v2\/media\/2639"}],"wp:attachment":[{"href":"https:\/\/dlcpo.com\/es\/wp-json\/wp\/v2\/media?parent=5645"}],"wp:term":[{"taxonomy":"product_brand","embeddable":true,"href":"https:\/\/dlcpo.com\/es\/wp-json\/wp\/v2\/product_brand?post=5645"},{"taxonomy":"product_cat","embeddable":true,"href":"https:\/\/dlcpo.com\/es\/wp-json\/wp\/v2\/product_cat?post=5645"},{"taxonomy":"product_tag","embeddable":true,"href":"https:\/\/dlcpo.com\/es\/wp-json\/wp\/v2\/product_tag?post=5645"}],"curies":[{"name":"wp","href":"https:\/\/api.w.org\/{rel}","templated":true}]}}