{"id":9716,"date":"2026-04-21T18:20:33","date_gmt":"2026-04-21T10:20:33","guid":{"rendered":"https:\/\/dlcpo.com\/bateria-de-iones-de-sodio\/"},"modified":"2026-04-21T22:04:46","modified_gmt":"2026-04-21T14:04:46","slug":"bateria-de-iones-de-sodio","status":"publish","type":"page","link":"https:\/\/dlcpo.com\/es\/bateria-de-iones-de-sodio\/","title":{"rendered":"Bater\u00eda de iones de sodio"},"content":{"rendered":"\t\t<div data-elementor-type=\"wp-page\" data-elementor-id=\"9716\" class=\"elementor elementor-9716 elementor-9189\" data-elementor-post-type=\"page\">\n\t\t\t\t<div class=\"elementor-element elementor-element-72006f7 e-con-full dlcpo-hero-box e-flex e-con e-parent\" data-id=\"72006f7\" data-element_type=\"container\" data-e-type=\"container\" data-settings=\"{&quot;background_background&quot;:&quot;classic&quot;}\">\n\t\t\t\t<div class=\"elementor-element elementor-element-8d7cae4 dlcpo-hero-box elementor-widget elementor-widget-image\" data-id=\"8d7cae4\" data-element_type=\"widget\" data-e-type=\"widget\" data-widget_type=\"image.default\">\n\t\t\t\t\t\t\t\t\t\t\t\t\t\t\t<img fetchpriority=\"high\" decoding=\"async\" width=\"2560\" height=\"1428\" src=\"https:\/\/dlcpo.com\/wp-content\/uploads\/2026\/04\/Sodium-Ion-Battery-Technology-Extreme-Cold-Resistance-Safety-DLCPO-scaled.webp\" class=\"attachment-full size-full wp-image-9714\" alt=\"Visualizaci\u00f3n de las bater\u00edas de iones de sodio DLCPO NFPP, destacando su resistencia al fr\u00edo extremo de -40 \u00b0C y la ausencia total de riesgo de fuga t\u00e9rmica para aplicaciones en sistemas de almacenamiento de energ\u00eda (ESS) y veh\u00edculos el\u00e9ctricos (EV) en el \u00c1rtico.\" srcset=\"https:\/\/dlcpo.com\/wp-content\/uploads\/2026\/04\/Sodium-Ion-Battery-Technology-Extreme-Cold-Resistance-Safety-DLCPO-scaled.webp 2560w, https:\/\/dlcpo.com\/wp-content\/uploads\/2026\/04\/Sodium-Ion-Battery-Technology-Extreme-Cold-Resistance-Safety-DLCPO-300x167.webp 300w, https:\/\/dlcpo.com\/wp-content\/uploads\/2026\/04\/Sodium-Ion-Battery-Technology-Extreme-Cold-Resistance-Safety-DLCPO-1024x571.webp 1024w, https:\/\/dlcpo.com\/wp-content\/uploads\/2026\/04\/Sodium-Ion-Battery-Technology-Extreme-Cold-Resistance-Safety-DLCPO-768x428.webp 768w, https:\/\/dlcpo.com\/wp-content\/uploads\/2026\/04\/Sodium-Ion-Battery-Technology-Extreme-Cold-Resistance-Safety-DLCPO-1536x857.webp 1536w, https:\/\/dlcpo.com\/wp-content\/uploads\/2026\/04\/Sodium-Ion-Battery-Technology-Extreme-Cold-Resistance-Safety-DLCPO-2048x1142.webp 2048w, https:\/\/dlcpo.com\/wp-content\/uploads\/2026\/04\/Sodium-Ion-Battery-Technology-Extreme-Cold-Resistance-Safety-DLCPO-600x335.webp 600w, https:\/\/dlcpo.com\/wp-content\/uploads\/2026\/04\/Sodium-Ion-Battery-Technology-Extreme-Cold-Resistance-Safety-DLCPO-64x36.webp 64w\" sizes=\"(max-width: 2560px) 100vw, 2560px\" \/>\t\t\t\t\t\t\t\t\t\t\t\t\t\t\t<\/div>\n\t\t\t\t<div class=\"elementor-element elementor-element-788f44fd elementor-widget elementor-widget-heading\" data-id=\"788f44fd\" data-element_type=\"widget\" data-e-type=\"widget\" data-widget_type=\"heading.default\">\n\t\t\t\t\t<h2 class=\"elementor-heading-title elementor-size-default\">Bater\u00eda de iones de sodio<\/h2>\t\t\t\t<\/div>\n\t\t\t\t<\/div>\n\t\t<div class=\"elementor-element elementor-element-78d486be e-flex e-con-boxed e-con e-parent\" data-id=\"78d486be\" data-element_type=\"container\" data-e-type=\"container\">\n\t\t\t\t\t<div class=\"e-con-inner\">\n\t\t\t\t<div class=\"elementor-element elementor-element-31e08eea elementor-widget elementor-widget-html\" data-id=\"31e08eea\" data-element_type=\"widget\" data-e-type=\"widget\" data-widget_type=\"html.default\">\n\t\t\t\t\t<div class=\"sib-landing-page\" style=\"font-family: 'Segoe UI', Arial, sans-serif; line-height: 1.6; color: #333; max-width: 1000px; margin: auto; padding: 20px; background-color: #fcfcfc;\">\r\n\r\n    <div style=\"text-align: center; margin-bottom: 40px;\">\r\n        <h1 style=\"color: #004a99; font-size: 28px; font-weight: 800; margin-bottom: 15px;\">\r\n Sodium-Ion Battery Series: The Elite DLCPO NFPP Energy Solution\r\n        <\/h1>\r\n        <p style=\"font-size: 16px; color: #555; max-width: 800px; margin: auto;\">\r\n \u00bfBuscas una <strong>serie de bater\u00edas de iones de sodio<\/strong> que destaque por su resistencia extrema? DLCPO Power Technology es tu socio exclusivo para soluciones de <strong>bater\u00edas de iones de sodio originales DLCPO<\/strong>. No vendemos bater\u00edas en stock bajo ning\u00fan concepto; cada pedido es un <strong>lote nuevo de bater\u00edas de iones de sodio<\/strong> producido directamente a partir de nuestros \u00faltimos ciclos de fabricaci\u00f3n de grado A.  \r\n        <\/p>\r\n    <\/div>\r\n\r\n    <div style=\"display: flex; justify-content: space-between; gap: 20px; margin-bottom: 40px;\">\r\n        <div style=\"flex: 1; background: #fff; padding: 25px; border-radius: 8px; box-shadow: 0 4px 15px rgba(0,0,0,0.05); text-align: center; border-top: 4px solid #cc0000;\">\r\n            <div style=\"font-size: 30px; margin-bottom: 15px;\">\ud83c\udfed<\/div>\r\n            <h3 style=\"color: #004a99; font-size: 18px; margin-bottom: 10px;\">Poliani\u00f3n NFPP Tech<\/h3>\r\n            <p style=\"font-size: 13px; color: #666;\">\r\n Solo vendemos <strong>celdas originales de bater\u00eda de iones de sodio DLCPO<\/strong>, el referente mundial en <strong>venta al por mayor de celdas de pirofosfato de hierro y sodio<\/strong>.\r\n            <\/p>\r\n        <\/div>\r\n        <div style=\"flex: 1; background: #fff; padding: 25px; border-radius: 8px; box-shadow: 0 4px 15px rgba(0,0,0,0.05); text-align: center; border-top: 4px solid #ffaa00;\">\r\n            <div style=\"font-size: 30px; margin-bottom: 15px;\">\u23f3<\/div>\r\n            <h3 style=\"color: #004a99; font-size: 18px; margin-bottom: 10px;\">M\u00e1s de 8 000 ciclos<\/h3>\r\n            <p style=\"font-size: 13px; color: #666;\">\r\n Disfrute de una <strong>bater\u00eda de alta duraci\u00f3n con 8.000 ciclos<\/strong>, que garantiza d\u00e9cadas de funcionamiento estable para sus sistemas de almacenamiento de energ\u00eda de misi\u00f3n cr\u00edtica.\r\n            <\/p>\r\n        <\/div>\r\n        <div style=\"flex: 1; background: #fff; padding: 25px; border-radius: 8px; box-shadow: 0 4px 15px rgba(0,0,0,0.05); text-align: center; border-top: 4px solid #0099cc;\">\r\n            <div style=\"font-size: 30px; margin-bottom: 15px;\">\ud83c\udd95<\/div>\r\n            <h3 style=\"color: #004a99; font-size: 18px; margin-bottom: 10px;\">Lote estrictamente fresco<\/h3>\r\n            <p style=\"font-size: 13px; color: #666;\">\r\n Como <strong>proveedor especializado en bater\u00edas de iones de sodio de lotes nuevos<\/strong>, garantizamos que no se produzca ninguna p\u00e9rdida de rendimiento, ya que solo suministramos celdas de grado A fabricadas bajo pedido.\r\n            <\/p>\r\n        <\/div>\r\n    <\/div>\r\n\r\n    <div style=\"background: #fff; padding: 40px; border-radius: 12px; box-shadow: 0 4px 20px rgba(0,0,0,0.03); margin-bottom: 40px;\">\r\n        <h2 style=\"color: #004a99; font-size: 24px; margin-bottom: 20px; font-weight: 700;\">\r\n \u00bfPor qu\u00e9 la tecnolog\u00eda de iones de sodio de DLCPO domina el mercado?\r\n        <\/h2>\r\n        <p style=\"font-size: 14px; color: #444; margin-bottom: 15px;\">\r\n En el sector del almacenamiento de energ\u00eda de alta gama, la <strong>serie de bater\u00edas de iones de sodio<\/strong> no tiene rival gracias a su seguridad y resistencia a bajas temperaturas. A diferencia de las bater\u00edas LFP, nuestras <strong>c\u00e9lulas de pirofosfato de hierro y sodio al por mayor<\/strong> son intr\u00ednsecamente estables y no inflamables. Al elegir una <strong>bater\u00eda de iones de sodio DLCPO original<\/strong>, est\u00e1 invirtiendo en una <strong>bater\u00eda de alta vida \u00fatil de 8,000 ciclos<\/strong> que sigue funcionando en entornos extremos. Esto la convierte en la <strong>bater\u00eda de iones de sodio ideal para fr\u00edo extremo de -40 \u00b0C<\/strong>, donde otras composiciones qu\u00edmicas simplemente no funcionan.   \r\n        <\/p>\r\n        <p style=\"font-size: 14px; color: #444; margin-bottom: 15px;\">\r\n En DLCPO, hacemos hincapi\u00e9 en la \u00abfrescura\u00bb de nuestra cadena de suministro. Muchos competidores ofrecen existencias antiguas o celdas recuperadas, pero nosotros somos un <strong>proveedor de bater\u00edas de iones de sodio de lotes frescos<\/strong>. Cuando realiza un pedido de nuestra <strong>serie de bater\u00edas de iones de sodio<\/strong>, recibe celdas con las \u00faltimas mejoras qu\u00edmicas de NFPP, lo que garantiza una coincidencia perfecta de la capacidad. Esta calidad de la <strong>bater\u00eda de iones de sodio original de DLCPO<\/strong> permite una vida \u00fatil de 20 a\u00f1os en todo tipo de aplicaciones, desde sistemas de almacenamiento de energ\u00eda (ESS) industriales hasta redes de energ\u00eda renovable.   \r\n        <\/p>\r\n        <p style=\"font-size: 14px; color: #444;\">\r\n Adem\u00e1s, nuestros servicios de <strong>venta al por mayor de celdas de pirofosfato de sodio y hierro<\/strong> incluyen trazabilidad completa e informes de pruebas certificados por la f\u00e1brica. Para proyectos que requieren una <strong>bater\u00eda de iones de sodio para fr\u00edo extremo de -40 \u00b0C<\/strong>, la confiabilidad de una <strong>bater\u00eda de iones de sodio de lote nuevo<\/strong> es imprescindible. Nuestra garant\u00eda de <strong>bater\u00eda de alta vida \u00fatil de 8000 ciclos<\/strong> significa que su costo total de propiedad (TCO) es el m\u00e1s bajo de la industria. Elija a DLCPO como su <strong>proveedor de bater\u00edas de iones de sodio de lote nuevo<\/strong> para asegurarse la tecnolog\u00eda de almacenamiento de energ\u00eda m\u00e1s segura del mundo.   \r\n        <\/p>\r\n    <\/div>\r\n\r\n    <div style=\"margin-bottom: 40px;\">\r\n        <h2 style=\"color: #004a99; font-size: 20px; margin-bottom: 20px; display: flex; align-items: center;\">\r\n \ud83d\ude80 Escenarios optimizados para la serie de bater\u00edas de iones de sodio\r\n        <\/h2>\r\n        <div style=\"display: flex; flex-wrap: wrap; gap: 15px;\">\r\n            <div style=\"background: #eef6ff; padding: 10px 20px; border-radius: 50px; font-size: 13px; color: #004a99; font-weight: 600;\">\ud83d\ude90 Veh\u00edculos el\u00e9ctricos de alta seguridad EV<\/div>\r\n            <div style=\"background: #eef6ff; padding: 10px 20px; border-radius: 50px; font-size: 13px; color: #004a99; font-weight: 600;\">\u2744\ufe0f Almacenamiento de energ\u00eda en el \u00c1rtico (-40 \u00b0C)<\/div>\r\n            <div style=\"background: #eef6ff; padding: 10px 20px; border-radius: 50px; font-size: 13px; color: #004a99; font-weight: 600;\">\ud83c\udfd7\ufe0f Veh\u00edculos guiados autom\u00e1ticos (AGV) industriales 24\/7<\/div>\r\n            <div style=\"background: #eef6ff; padding: 10px 20px; border-radius: 50px; font-size: 13px; color: #004a99; font-weight: 600;\">\u26a1 Sistema de alimentaci\u00f3n de emergencia para telecomunicaciones<\/div>\r\n        <\/div>\r\n    <\/div>\r\n\r\n    <div style=\"background: #f0f4f8; padding: 30px; border-radius: 12px; border-left: 5px solid #004a99;\">\r\n        <h3 style=\"color: #004a99; font-size: 20px; margin-bottom: 10px;\">Aseg\u00farate tu bater\u00eda original DLCPO de iones de sodio hoy mismo<\/h3>\r\n        <p style=\"font-size: 14px; color: #555;\">\r\n \u00bfBusca un <strong>proveedor confiable de bater\u00edas de iones de sodio de nueva producci\u00f3n<\/strong>? P\u00f3ngase en contacto con <strong>DLCPO<\/strong> hoy mismo para conocer los precios m\u00e1s recientes de nuestra <strong>serie de bater\u00edas de iones de sodio<\/strong>. Ofrecemos <strong>celdas de pirofosfato de hierro y sodio al por mayor<\/strong> de la m\u00e1s alta calidad y soluciones especializadas de <strong>bater\u00edas de iones de sodio para temperaturas extremadamente bajas de -40 \u00b0C<\/strong>, respaldadas por una garant\u00eda de <strong>bater\u00edas de alta vida \u00fatil de 8,000 ciclos<\/strong>. \ud83d\ude4c  \r\n        <\/p>\r\n    <\/div>\r\n\r\n<\/div>\t\t\t\t<\/div>\n\t\t\t\t\t<\/div>\n\t\t\t\t<\/div>\n\t\t<div class=\"elementor-element elementor-element-7cfe819 e-flex e-con-boxed e-con e-parent\" data-id=\"7cfe819\" data-element_type=\"container\" data-e-type=\"container\">\n\t\t\t\t\t<div class=\"e-con-inner\">\n\t\t\t\t<div class=\"woocommerce elementor-element elementor-element-e49c2c4 elementor-grid-4 elementor-grid-tablet-2 elementor-grid-mobile-1 elementor-widget elementor-widget-loop-grid\" data-id=\"e49c2c4\" data-element_type=\"widget\" data-e-type=\"widget\" data-settings=\"{&quot;_skin&quot;:&quot;product&quot;,&quot;template_id&quot;:5589,&quot;pagination_type&quot;:&quot;numbers&quot;,&quot;columns&quot;:4,&quot;columns_tablet&quot;:&quot;2&quot;,&quot;columns_mobile&quot;:&quot;1&quot;,&quot;edit_handle_selector&quot;:&quot;[data-elementor-type=\\&quot;loop-item\\&quot;]&quot;,&quot;pagination_load_type&quot;:&quot;page_reload&quot;,&quot;row_gap&quot;:{&quot;unit&quot;:&quot;px&quot;,&quot;size&quot;:&quot;&quot;,&quot;sizes&quot;:[]},&quot;row_gap_tablet_extra&quot;:{&quot;unit&quot;:&quot;px&quot;,&quot;size&quot;:&quot;&quot;,&quot;sizes&quot;:[]},&quot;row_gap_tablet&quot;:{&quot;unit&quot;:&quot;px&quot;,&quot;size&quot;:&quot;&quot;,&quot;sizes&quot;:[]},&quot;row_gap_mobile&quot;:{&quot;unit&quot;:&quot;px&quot;,&quot;size&quot;:&quot;&quot;,&quot;sizes&quot;:[]}}\" data-widget_type=\"loop-grid.product\">\n\t\t\t\t<div class=\"elementor-widget-container\">\n\t\t\t\t\t\t\t<div class=\"elementor-loop-container elementor-grid\" role=\"list\">\n\t\t<style id=\"loop-5589\">.elementor-5589 .elementor-element.elementor-element-bf98f95{--display:flex;--min-height:280px;--background-transition:0.3s;box-shadow:0px 0px 10px 0px rgba(122.01748962402344, 115.38610431837, 115.38610431837, 0.2);}.elementor-5589 .elementor-element.elementor-element-bf98f95.e-con:hover{--e-con-transform-scale:1.05;}.elementor-widget-theme-post-featured-image .widget-image-caption{color:var( --e-global-color-text );font-family:var( --e-global-typography-text-font-family ), Sans-serif;font-size:var( --e-global-typography-text-font-size );font-weight:var( --e-global-typography-text-font-weight );line-height:var( --e-global-typography-text-line-height );}.elementor-5589 .elementor-element.elementor-element-5129677 img{height:180px;object-fit:contain;object-position:center center;}.elementor-widget-theme-post-title .elementor-heading-title{font-family:var( --e-global-typography-primary-font-family ), Sans-serif;font-size:var( --e-global-typography-primary-font-size );font-weight:var( --e-global-typography-primary-font-weight );line-height:var( --e-global-typography-primary-line-height );color:var( --e-global-color-primary );}.elementor-5589 .elementor-element.elementor-element-ed9175d{text-align:center;}.elementor-5589 .elementor-element.elementor-element-ed9175d .elementor-heading-title{font-family:\"Montserrat\", Sans-serif;font-size:14px;line-height:1.6;color:#171819;}.elementor-widget-woocommerce-product-add-to-cart .added_to_cart{font-family:var( --e-global-typography-accent-font-family ), Sans-serif;font-size:var( --e-global-typography-accent-font-size );font-weight:var( --e-global-typography-accent-font-weight );line-height:var( --e-global-typography-accent-line-height );}.elementor-5589 .elementor-element.elementor-element-0fd10e1 .cart button, .elementor-5589 .elementor-element.elementor-element-0fd10e1 .cart .button{border-style:solid;border-width:1px 1px 1px 1px;border-radius:4px 4px 4px 4px;padding:6px 6px 6px 6px;color:#F39C12;background-color:#FFFFFF;border-color:#F39C12;transition:all 0.2s;}.elementor-5589 .elementor-element.elementor-element-0fd10e1 .cart button:hover, .elementor-5589 .elementor-element.elementor-element-0fd10e1 .cart .button:hover{color:#FFFFFF;background-color:#F39C12;}@media(max-width:768px){.elementor-widget-theme-post-featured-image .widget-image-caption{font-size:var( --e-global-typography-text-font-size );line-height:var( --e-global-typography-text-line-height );}.elementor-widget-theme-post-title .elementor-heading-title{font-size:var( --e-global-typography-primary-font-size );line-height:var( --e-global-typography-primary-line-height );}.elementor-widget-woocommerce-product-add-to-cart .added_to_cart{font-size:var( --e-global-typography-accent-font-size );line-height:var( --e-global-typography-accent-line-height );}}@media(max-width:767px){.elementor-widget-theme-post-featured-image .widget-image-caption{font-size:var( --e-global-typography-text-font-size );line-height:var( --e-global-typography-text-line-height );}.elementor-widget-theme-post-title .elementor-heading-title{font-size:var( --e-global-typography-primary-font-size );line-height:var( --e-global-typography-primary-line-height );}.elementor-widget-woocommerce-product-add-to-cart .added_to_cart{font-size:var( --e-global-typography-accent-font-size );line-height:var( --e-global-typography-accent-line-height );}}\/* Start custom CSS for theme-post-title, class: .elementor-element-ed9175d *\/.elementor-5589 .elementor-element.elementor-element-ed9175d {\r\n    display: -webkit-box;\r\n    -webkit-line-clamp: 2; \/* \u5f3a\u5236\u53ea\u663e\u793a2\u884c\uff0c\u4f60\u53ef\u4ee5\u6539\u62103 *\/\r\n    -webkit-box-orient: vertical;  \r\n    overflow: hidden;\r\n    min-height: 3em; \/* \u8bbe\u7f6e\u4e00\u4e2a\u6700\u5c0f\u9ad8\u5ea6\uff0c\u4fdd\u8bc1\u54ea\u6015\u6807\u9898\u53ea\u67091\u884c\uff0c\u5360\u4f4d\u4e5f\u548c2\u884c\u4e00\u6837\u9ad8 *\/\r\n}\/* End custom CSS *\/<\/style>\t\t<div data-elementor-type=\"loop-item\" data-elementor-id=\"5589\" class=\"elementor elementor-5589 elementor-549 elementor-549 e-loop-item e-loop-item-9718 post-9718 product type-product status-publish has-post-thumbnail product_cat-bateria-de-iones-de-sodio-cat product_tag-170ah product_tag-baja-temperatura-descarga product_tag-bateria-de-iones-de-sodio product_tag-nfpp product_tag-sistemas-de-almacenamiento-de-energia-ess-industriales pa_capacity-170ah first instock shipping-taxable product-type-simple\" data-elementor-post-type=\"elementor_library\" data-custom-edit-handle=\"1\">\n\t\t\t<div class=\"elementor-element elementor-element-bf98f95 e-transform e-flex e-con-boxed e-con e-parent\" data-id=\"bf98f95\" data-element_type=\"container\" data-e-type=\"container\" data-settings=\"{&quot;animation&quot;:&quot;none&quot;,&quot;_transform_scale_effect_hover&quot;:{&quot;unit&quot;:&quot;px&quot;,&quot;size&quot;:1.05,&quot;sizes&quot;:[]},&quot;_transform_scale_effect_hover_tablet_extra&quot;:{&quot;unit&quot;:&quot;px&quot;,&quot;size&quot;:&quot;&quot;,&quot;sizes&quot;:[]},&quot;_transform_scale_effect_hover_tablet&quot;:{&quot;unit&quot;:&quot;px&quot;,&quot;size&quot;:&quot;&quot;,&quot;sizes&quot;:[]},&quot;_transform_scale_effect_hover_mobile&quot;:{&quot;unit&quot;:&quot;px&quot;,&quot;size&quot;:&quot;&quot;,&quot;sizes&quot;:[]}}\">\n\t\t\t\t\t<div class=\"e-con-inner\">\n\t\t\t\t<div class=\"elementor-element elementor-element-5129677 elementor-widget elementor-widget-theme-post-featured-image elementor-widget-image\" data-id=\"5129677\" data-element_type=\"widget\" data-e-type=\"widget\" data-widget_type=\"theme-post-featured-image.default\">\n\t\t\t\t\t\t\t\t\t\t\t\t\t\t\t<img decoding=\"async\" width=\"800\" height=\"732\" src=\"https:\/\/dlcpo.com\/wp-content\/uploads\/2026\/04\/dlcpo-nfpp-72173207-170ah-sodium-ion-battery-cell-1024x937.webp\" class=\"attachment-large size-large wp-image-9183\" alt=\"High-performance DLCPO NFPP 170Ah 2.85V prismatic sodium-ion battery cell with laser-welded terminals and QR code for energy storage\" srcset=\"https:\/\/dlcpo.com\/wp-content\/uploads\/2026\/04\/dlcpo-nfpp-72173207-170ah-sodium-ion-battery-cell-1024x937.webp 1024w, https:\/\/dlcpo.com\/wp-content\/uploads\/2026\/04\/dlcpo-nfpp-72173207-170ah-sodium-ion-battery-cell-300x275.webp 300w, https:\/\/dlcpo.com\/wp-content\/uploads\/2026\/04\/dlcpo-nfpp-72173207-170ah-sodium-ion-battery-cell-768x703.webp 768w, https:\/\/dlcpo.com\/wp-content\/uploads\/2026\/04\/dlcpo-nfpp-72173207-170ah-sodium-ion-battery-cell-1536x1406.webp 1536w, https:\/\/dlcpo.com\/wp-content\/uploads\/2026\/04\/dlcpo-nfpp-72173207-170ah-sodium-ion-battery-cell-2048x1874.webp 2048w, https:\/\/dlcpo.com\/wp-content\/uploads\/2026\/04\/dlcpo-nfpp-72173207-170ah-sodium-ion-battery-cell-600x549.webp 600w, https:\/\/dlcpo.com\/wp-content\/uploads\/2026\/04\/dlcpo-nfpp-72173207-170ah-sodium-ion-battery-cell-64x59.webp 64w\" sizes=\"(max-width: 800px) 100vw, 800px\" \/>\t\t\t\t\t\t\t\t\t\t\t\t\t\t\t<\/div>\n\t\t\t\t<div class=\"elementor-element elementor-element-ed9175d elementor-widget elementor-widget-theme-post-title elementor-page-title elementor-widget-heading\" data-id=\"ed9175d\" data-element_type=\"widget\" data-e-type=\"widget\" data-widget_type=\"theme-post-title.default\">\n\t\t\t\t\t<h1 class=\"elementor-heading-title elementor-size-default\">C\u00e9lula de bater\u00eda de iones de sodio (SIB) de ciclo profundo DLCPO NFPP 72173207 de 170 Ah &#8211; 2,85 V, 484 Wh &#8211; Alta seguridad y rendimiento a temperaturas ultrabajas<\/h1>\t\t\t\t<\/div>\n\t\t\t\t<div class=\"elementor-element elementor-element-0fd10e1 elementor-add-to-cart--align-center elementor-widget elementor-widget-woocommerce-product-add-to-cart\" data-id=\"0fd10e1\" data-element_type=\"widget\" data-e-type=\"widget\" data-widget_type=\"woocommerce-product-add-to-cart.default\">\n\t\t\t\t\t\n\t\t<div class=\"elementor-add-to-cart elementor-product-simple\">\n\t\t\t\t\t<div class=\"e-loop-add-to-cart-form-container\">\n\t\t\t<form class=\"cart e-loop-add-to-cart-form\">\n\t\t\t\t<a href=\"https:\/\/dlcpo.com\/es\/dlcpo-nfpp-72173207-170ah-celula-de-bateria-de-iones-de-sodio\/\" aria-describedby=\"woocommerce_loop_add_to_cart_link_describedby_9718\" data-quantity=\"1\" class=\"button product_type_simple\" data-product_id=\"9718\" data-product_sku=\"\" aria-label=\"Lee m\u00e1s sobre &ldquo;C\u00e9lula de bater\u00eda de iones de sodio (SIB) de ciclo profundo DLCPO NFPP 72173207 de 170 Ah - 2,85 V, 484 Wh - Alta seguridad y rendimiento a temperaturas ultrabajas&rdquo;\" rel=\"nofollow\" data-success_message=\"\">Leer m\u00e1s<\/a>\t<span id=\"woocommerce_loop_add_to_cart_link_describedby_9718\" class=\"screen-reader-text\">\n\t\t\t<\/span>\n\t\t\t<\/form>\n\t\t<\/div>\n\t\t\t\t<\/div>\n\n\t\t\t\t\t\t<\/div>\n\t\t\t\t\t<\/div>\n\t\t\t\t<\/div>\n\t\t\t\t<\/div>\n\t\t\t\t<\/div>\n\t\t\n\t\t\t\t\t\t<\/div>\n\t\t\t\t<\/div>\n\t\t\t\t\t<\/div>\n\t\t\t\t<\/div>\n\t\t\t\t<\/div>\n\t\t","protected":false},"excerpt":{"rendered":"<p>Bater\u00eda de iones de sodio Sodium-Ion Battery Series: The Elite DLCPO NFPP Energy Solution \u00bfBuscas una serie de bater\u00edas de iones de sodio que destaque por su resistencia extrema? DLCPO Power Technology es tu socio exclusivo para soluciones de bater\u00edas de iones de sodio originales DLCPO. No vendemos bater\u00edas en stock bajo ning\u00fan concepto; cada [&hellip;]<\/p>\n","protected":false},"author":1,"featured_media":0,"parent":0,"menu_order":0,"comment_status":"closed","ping_status":"closed","template":"","meta":{"_acf_changed":false,"_joinchat":[],"footnotes":""},"class_list":["post-9716","page","type-page","status-publish","hentry"],"acf":[],"_links":{"self":[{"href":"https:\/\/dlcpo.com\/es\/wp-json\/wp\/v2\/pages\/9716","targetHints":{"allow":["GET"]}}],"collection":[{"href":"https:\/\/dlcpo.com\/es\/wp-json\/wp\/v2\/pages"}],"about":[{"href":"https:\/\/dlcpo.com\/es\/wp-json\/wp\/v2\/types\/page"}],"author":[{"embeddable":true,"href":"https:\/\/dlcpo.com\/es\/wp-json\/wp\/v2\/users\/1"}],"replies":[{"embeddable":true,"href":"https:\/\/dlcpo.com\/es\/wp-json\/wp\/v2\/comments?post=9716"}],"version-history":[{"count":1,"href":"https:\/\/dlcpo.com\/es\/wp-json\/wp\/v2\/pages\/9716\/revisions"}],"predecessor-version":[{"id":9717,"href":"https:\/\/dlcpo.com\/es\/wp-json\/wp\/v2\/pages\/9716\/revisions\/9717"}],"wp:attachment":[{"href":"https:\/\/dlcpo.com\/es\/wp-json\/wp\/v2\/media?parent=9716"}],"curies":[{"name":"wp","href":"https:\/\/api.w.org\/{rel}","templated":true}]}}