{"id":7861,"date":"2026-04-11T19:53:10","date_gmt":"2026-04-11T11:53:10","guid":{"rendered":"https:\/\/dlcpo.com\/%e2%9a%a1lifepo4-cells\/"},"modified":"2026-04-11T20:00:40","modified_gmt":"2026-04-11T12:00:40","slug":"%e2%9a%a1celdas-de-lifepo4","status":"publish","type":"page","link":"https:\/\/dlcpo.com\/es\/%e2%9a%a1celdas-de-lifepo4\/","title":{"rendered":"\u26a1Celdas de LiFePO4"},"content":{"rendered":"\t\t<div data-elementor-type=\"wp-page\" data-elementor-id=\"7861\" class=\"elementor elementor-7861 elementor-7856\" data-elementor-post-type=\"page\">\n\t\t\t\t<div class=\"elementor-element elementor-element-27ac7c5d e-con-full dlcpo-hero-box e-flex e-con e-parent\" data-id=\"27ac7c5d\" data-element_type=\"container\" data-e-type=\"container\" data-settings=\"{&quot;background_background&quot;:&quot;classic&quot;}\">\n\t\t\t\t<div class=\"elementor-element elementor-element-2ba41801 dlcpo-hero-box elementor-widget elementor-widget-image\" data-id=\"2ba41801\" data-element_type=\"widget\" data-e-type=\"widget\" data-widget_type=\"image.default\">\n\t\t\t\t\t\t\t\t\t\t\t\t\t\t\t<img fetchpriority=\"high\" decoding=\"async\" width=\"1920\" height=\"1047\" src=\"https:\/\/dlcpo.com\/wp-content\/uploads\/2026\/03\/dlcpo_-power_tech_precision_lifepo4_cells.webp\" class=\"attachment-full size-full wp-image-5586\" alt=\"Montaje profesional de celdas de bater\u00eda prism\u00e1ticas de LiFePO4 de grado A con barras colectoras de cobre en una estaci\u00f3n de trabajo t\u00e9cnica en el almac\u00e9n de DLCPO.\" srcset=\"https:\/\/dlcpo.com\/wp-content\/uploads\/2026\/03\/dlcpo_-power_tech_precision_lifepo4_cells.webp 1920w, https:\/\/dlcpo.com\/wp-content\/uploads\/2026\/03\/dlcpo_-power_tech_precision_lifepo4_cells-300x164.webp 300w, https:\/\/dlcpo.com\/wp-content\/uploads\/2026\/03\/dlcpo_-power_tech_precision_lifepo4_cells-1024x558.webp 1024w, https:\/\/dlcpo.com\/wp-content\/uploads\/2026\/03\/dlcpo_-power_tech_precision_lifepo4_cells-768x419.webp 768w, https:\/\/dlcpo.com\/wp-content\/uploads\/2026\/03\/dlcpo_-power_tech_precision_lifepo4_cells-1536x838.webp 1536w, https:\/\/dlcpo.com\/wp-content\/uploads\/2026\/03\/dlcpo_-power_tech_precision_lifepo4_cells-600x327.webp 600w, https:\/\/dlcpo.com\/wp-content\/uploads\/2026\/03\/dlcpo_-power_tech_precision_lifepo4_cells-64x35.webp 64w\" sizes=\"(max-width: 1920px) 100vw, 1920px\" \/>\t\t\t\t\t\t\t\t\t\t\t\t\t\t\t<\/div>\n\t\t\t\t<div class=\"elementor-element elementor-element-3ed76478 elementor-widget elementor-widget-heading\" data-id=\"3ed76478\" data-element_type=\"widget\" data-e-type=\"widget\" data-widget_type=\"heading.default\">\n\t\t\t\t\t<h2 class=\"elementor-heading-title elementor-size-default\">C\u00c9LULAS LiFePO4<\/h2>\t\t\t\t<\/div>\n\t\t\t\t<\/div>\n\t\t<div class=\"elementor-element elementor-element-27aaedc1 e-flex e-con-boxed e-con e-parent\" data-id=\"27aaedc1\" data-element_type=\"container\" data-e-type=\"container\">\n\t\t\t\t\t<div class=\"e-con-inner\">\n\t\t\t\t<div class=\"elementor-element elementor-element-57fc183e elementor-widget elementor-widget-html\" data-id=\"57fc183e\" data-element_type=\"widget\" data-e-type=\"widget\" data-widget_type=\"html.default\">\n\t\t\t\t\t<div style=\"font-family: 'Montserrat', sans-serif; line-height: 1.8; color: #333; padding: 25px; background: #f4f7fa; border-radius: 12px; border-left: 5px solid #0056b3;\">\r\n    \r\n    <h2 style=\"color: #0056b3; font-size: 28px; margin-bottom: 15px; font-weight: 800;\">\r\n  Serie de bater\u00edas LiFePO4: Tu puerta de acceso a las C\u00e9lulas Prism\u00e1ticas de Nivel 1 \ud83e\udd42\r\n    <\/h2>\r\n    <p style=\"font-size: 16px; margin-bottom: 25px;\">\r\n        <strong>DLCPO Power Technology<\/strong> es tu principal puerta de entrada a la \u00e9lite mundial de fabricantes de bater\u00edas de litio. Desde <strong>Powerwalls para bricolaje<\/strong> hasta <strong>ESS en contenedores<\/strong> a gran escala, garantizamos la seguridad de la cadena de suministro con soluciones LiFePO4 de alto rendimiento. \r\n    <\/p>\r\n\r\n    <div style=\"display: grid; grid-template-columns: repeat(auto-fit, minmax(240px, 1fr)); gap: 20px; margin-bottom: 30px;\">\r\n        <div style=\"background: #fff; padding: 20px; border-radius: 8px; box-shadow: 0 4px 12px rgba(0,0,0,0.05);\">\r\n            <span style=\"font-size: 26px;\">\u26a1<\/span>\r\n            <h4 style=\"margin: 10px 0; color: #0056b3;\">Nivel-1 Directo Acceso<\/h4>\r\n            <p style=\"font-size: 14px; margin: 0;\">Acceso autorizado a <strong>CATL, EVE y CALB: el<\/strong>est\u00e1ndar de oro para la m\u00e1xima fiabilidad y bancabilidad.<\/p>\r\n        <\/div>\r\n        <div style=\"background: #fff; padding: 20px; border-radius: 8px; box-shadow: 0 4px 12px rgba(0,0,0,0.05);\">\r\n            <span style=\"font-size: 26px;\">\u2696\ufe0f<\/span>\r\n            <h4 style=\"margin: 10px 0; color: #0056b3;\">Precisi\u00f3n Coincidencia<\/h4>\r\n            <p style=\"font-size: 14px; margin: 0;\">Todas las celdas est\u00e1n estrictamente <strong>calibradas para el voltaje y IR<\/strong> (resistencia interna) para garantizar una bater\u00eda de larga duraci\u00f3n.<\/p>\r\n        <\/div>\r\n        <div style=\"background: #fff; padding: 20px; border-radius: 8px; box-shadow: 0 4px 12px rgba(0,0,0,0.05);\">\r\n            <span style=\"font-size: 26px;\">\ud83d\udee1\ufe0f<\/span>\r\n            <h4 style=\"margin: 10px 0; color: #0056b3;\">Completa Trazabilidad<\/h4>\r\n            <p style=\"font-size: 14px; margin: 0;\">Cada env\u00edo incluye un <strong>detallado informe de prueba<\/strong> y garantizados <strong>aut\u00e9nticos c\u00f3digos QR <\/strong> para transparencia.<\/p>\r\n        <\/div>\r\n        <div style=\"background: #fff; padding: 20px; border-radius: 8px; box-shadow: 0 4px 12px rgba(0,0,0,0.05);\">\r\n            <span style=\"font-size: 26px;\">\ud83d\udee0\ufe0f<\/span>\r\n            <h4 style=\"margin: 10px 0; color: #0056b3;\">Listo para armar<\/h4>\r\n            <p style=\"font-size: 14px; margin: 0;\">Se incluyen kits completos de accesorios: barras colectoras <strong>a juego, tuercas, y materiales de aislamiento<\/strong> para un montaje inmediato.<\/p>\r\n        <\/div>\r\n    <\/div>\r\n\r\n    <h3 style=\"color: #0056b3; font-size: 22px; border-bottom: 2px solid #e0e6ed; padding-bottom: 10px; margin-bottom: 15px;\">\r\n \ud83c\udc17 Vers\u00e1til Aplicaci\u00f3n Escenarios\r\n    <\/h3>\r\n    <div style=\"display: flex; flex-wrap: wrap; gap: 12px; margin-bottom: 25px;\">\r\n        <span style=\"background: #e1ecf7; padding: 8px 16px; border-radius: 30px; font-size: 13px; font-weight: 700; color: #0056b3;\">\ud83c\udfe0 Inicio Almacenamiento (280 Ah\/304 Ah)<\/span>\r\n<span style=\"background: #e1ecf7; padding: 8px 16px; border-radius: 30px; font-size: 13px; font-weight: 700; color: #0056b3;\">\ud83c\udfce\ufe0f Movilidad el\u00e9ctrica (veh\u00edculos el\u00e9ctricos\/carritos de golf)<\/span>\r\n<span style=\"background: #e1ecf7; padding: 8px 16px; border-radius: 30px; font-size: 13px; font-weight: 700; color: #0056b3;\">\ud83d\udcf6 Telecomunicaciones Copia de seguridad Energ\u00eda<\/span>\r\n<span style=\"background: #e1ecf7; padding: 8px 16px; border-radius: 30px; font-size: 13px; font-weight: 700; color: #0056b3;\">\ud83c\udfed A escala de servicios p\u00fablicos ESS<\/span>\r\n    <\/div>\r\n\r\n    <p style=\"margin-top: 25px; font-style: italic; color: #666; font-size: 14px; border-top: 1px dashed #ccc; padding-top: 15px;\">\r\n  \u00bfNo est\u00e1s seguro de qu\u00e9 marca se adapta a tu proyecto? <strong>Ponte en contacto con DLCPO<\/strong> hoy mismo para recibir asesoramiento profesional y conocer la disponibilidad actual de productos al por mayor. \ud83e\udd42\r\n    <\/p>\r\n<\/div>\t\t\t\t<\/div>\n\t\t\t\t\t<\/div>\n\t\t\t\t<\/div>\n\t\t<div class=\"elementor-element elementor-element-37f8f8c7 e-grid e-con-boxed e-con e-parent\" data-id=\"37f8f8c7\" data-element_type=\"container\" data-e-type=\"container\">\n\t\t\t\t\t<div class=\"e-con-inner\">\n\t\t\t\t<div class=\"elementor-element elementor-element-26f90d49 elementor-widget elementor-widget-image\" data-id=\"26f90d49\" data-element_type=\"widget\" data-e-type=\"widget\" data-widget_type=\"image.default\">\n\t\t\t\t\t\t\t\t\t\t\t\t\t\t\t\t<a href=\"https:\/\/es.dlcpo.com\/eve\/\">\n\t\t\t\t\t\t\t<img decoding=\"async\" width=\"800\" height=\"160\" src=\"https:\/\/dlcpo.com\/wp-content\/uploads\/2026\/02\/eve-battery-cell-authorized-supplier-dlcpo-1.webp\" class=\"elementor-animation-grow attachment-large size-large wp-image-5491\" alt=\"Logotipo de la bater\u00eda de energ\u00eda EVE - Suministrado por DLCPO\" srcset=\"https:\/\/dlcpo.com\/wp-content\/uploads\/2026\/02\/eve-battery-cell-authorized-supplier-dlcpo-1.webp 811w, https:\/\/dlcpo.com\/wp-content\/uploads\/2026\/02\/eve-battery-cell-authorized-supplier-dlcpo-1-300x60.webp 300w, https:\/\/dlcpo.com\/wp-content\/uploads\/2026\/02\/eve-battery-cell-authorized-supplier-dlcpo-1-600x120.webp 600w, https:\/\/dlcpo.com\/wp-content\/uploads\/2026\/02\/eve-battery-cell-authorized-supplier-dlcpo-1-64x13.webp 64w, https:\/\/dlcpo.com\/wp-content\/uploads\/2026\/02\/eve-battery-cell-authorized-supplier-dlcpo-1-768x153.webp 768w\" sizes=\"(max-width: 800px) 100vw, 800px\" \/>\t\t\t\t\t\t\t\t<\/a>\n\t\t\t\t\t\t\t\t\t\t\t\t\t\t\t<\/div>\n\t\t\t\t<div class=\"elementor-element elementor-element-431765df elementor-widget elementor-widget-image\" data-id=\"431765df\" data-element_type=\"widget\" data-e-type=\"widget\" data-widget_type=\"image.default\">\n\t\t\t\t\t\t\t\t\t\t\t\t\t\t\t\t<a href=\"https:\/\/dlcpo.com\/svolt\/\">\n\t\t\t\t\t\t\t<img decoding=\"async\" width=\"533\" height=\"230\" src=\"https:\/\/dlcpo.com\/wp-content\/uploads\/2026\/02\/svolt-battery-cell-authorized-supplier-dlcpo-1.webp\" class=\"elementor-animation-grow attachment-large size-large wp-image-5490\" alt=\"Logotipo de SVOLT Energy - Distribuidor de bater\u00edas DLCPO\" srcset=\"https:\/\/dlcpo.com\/wp-content\/uploads\/2026\/02\/svolt-battery-cell-authorized-supplier-dlcpo-1.webp 533w, https:\/\/dlcpo.com\/wp-content\/uploads\/2026\/02\/svolt-battery-cell-authorized-supplier-dlcpo-1-300x129.webp 300w, https:\/\/dlcpo.com\/wp-content\/uploads\/2026\/02\/svolt-battery-cell-authorized-supplier-dlcpo-1-64x28.webp 64w\" sizes=\"(max-width: 533px) 100vw, 533px\" \/>\t\t\t\t\t\t\t\t<\/a>\n\t\t\t\t\t\t\t\t\t\t\t\t\t\t\t<\/div>\n\t\t\t\t<div class=\"elementor-element elementor-element-25cecfb9 elementor-widget elementor-widget-image\" data-id=\"25cecfb9\" data-element_type=\"widget\" data-e-type=\"widget\" data-widget_type=\"image.default\">\n\t\t\t\t\t\t\t\t\t\t\t\t\t\t\t\t<a href=\"https:\/\/es.dlcpo.com\/calb\/\">\n\t\t\t\t\t\t\t<img loading=\"lazy\" decoding=\"async\" width=\"800\" height=\"166\" src=\"https:\/\/dlcpo.com\/wp-content\/uploads\/2026\/02\/calb-battery-cell-authorized-supplier-dlcpo-2.webp\" class=\"elementor-animation-grow attachment-large size-large wp-image-5492\" alt=\"Logotipo de la bater\u00eda CALB - DLCPO Global Supply\" srcset=\"https:\/\/dlcpo.com\/wp-content\/uploads\/2026\/02\/calb-battery-cell-authorized-supplier-dlcpo-2.webp 836w, https:\/\/dlcpo.com\/wp-content\/uploads\/2026\/02\/calb-battery-cell-authorized-supplier-dlcpo-2-300x62.webp 300w, https:\/\/dlcpo.com\/wp-content\/uploads\/2026\/02\/calb-battery-cell-authorized-supplier-dlcpo-2-600x124.webp 600w, https:\/\/dlcpo.com\/wp-content\/uploads\/2026\/02\/calb-battery-cell-authorized-supplier-dlcpo-2-64x13.webp 64w, https:\/\/dlcpo.com\/wp-content\/uploads\/2026\/02\/calb-battery-cell-authorized-supplier-dlcpo-2-768x159.webp 768w\" sizes=\"(max-width: 800px) 100vw, 800px\" \/>\t\t\t\t\t\t\t\t<\/a>\n\t\t\t\t\t\t\t\t\t\t\t\t\t\t\t<\/div>\n\t\t\t\t<div class=\"elementor-element elementor-element-2297501b elementor-widget elementor-widget-image\" data-id=\"2297501b\" data-element_type=\"widget\" data-e-type=\"widget\" data-widget_type=\"image.default\">\n\t\t\t\t\t\t\t\t\t\t\t\t\t\t\t\t<a href=\"https:\/\/dlcpo.com\/rept\/\">\n\t\t\t\t\t\t\t<img loading=\"lazy\" decoding=\"async\" width=\"800\" height=\"223\" src=\"https:\/\/dlcpo.com\/wp-content\/uploads\/2026\/02\/rept-battery-cell-authorized-supplier-dlcpo-1-1024x286.webp\" class=\"elementor-animation-grow attachment-large size-large wp-image-5493\" alt=\"REPT Battero Logo - DLCPO Wholesale Supplier\" srcset=\"https:\/\/dlcpo.com\/wp-content\/uploads\/2026\/02\/rept-battery-cell-authorized-supplier-dlcpo-1-1024x286.webp 1024w, https:\/\/dlcpo.com\/wp-content\/uploads\/2026\/02\/rept-battery-cell-authorized-supplier-dlcpo-1-300x84.webp 300w, https:\/\/dlcpo.com\/wp-content\/uploads\/2026\/02\/rept-battery-cell-authorized-supplier-dlcpo-1-600x168.webp 600w, https:\/\/dlcpo.com\/wp-content\/uploads\/2026\/02\/rept-battery-cell-authorized-supplier-dlcpo-1-64x18.webp 64w, https:\/\/dlcpo.com\/wp-content\/uploads\/2026\/02\/rept-battery-cell-authorized-supplier-dlcpo-1-768x215.webp 768w, https:\/\/dlcpo.com\/wp-content\/uploads\/2026\/02\/rept-battery-cell-authorized-supplier-dlcpo-1.webp 1344w\" sizes=\"(max-width: 800px) 100vw, 800px\" \/>\t\t\t\t\t\t\t\t<\/a>\n\t\t\t\t\t\t\t\t\t\t\t\t\t\t\t<\/div>\n\t\t\t\t<div class=\"elementor-element elementor-element-374aa9e7 elementor-widget elementor-widget-image\" data-id=\"374aa9e7\" data-element_type=\"widget\" data-e-type=\"widget\" data-widget_type=\"image.default\">\n\t\t\t\t\t\t\t\t\t\t\t\t\t\t\t\t<a href=\"https:\/\/es.dlcpo.com\/catl\/\">\n\t\t\t\t\t\t\t<img loading=\"lazy\" decoding=\"async\" width=\"800\" height=\"99\" src=\"https:\/\/dlcpo.com\/wp-content\/uploads\/2026\/02\/catl-battery-cell-authorized-supplier-dlcpo-1024x127.webp\" class=\"elementor-animation-grow attachment-large size-large wp-image-5495\" alt=\"Logotipo de Bater\u00eda CATL - Distribuidor Autorizado DLCPO\" srcset=\"https:\/\/dlcpo.com\/wp-content\/uploads\/2026\/02\/catl-battery-cell-authorized-supplier-dlcpo-1024x127.webp 1024w, https:\/\/dlcpo.com\/wp-content\/uploads\/2026\/02\/catl-battery-cell-authorized-supplier-dlcpo-300x37.webp 300w, https:\/\/dlcpo.com\/wp-content\/uploads\/2026\/02\/catl-battery-cell-authorized-supplier-dlcpo-600x75.webp 600w, https:\/\/dlcpo.com\/wp-content\/uploads\/2026\/02\/catl-battery-cell-authorized-supplier-dlcpo-64x8.webp 64w, https:\/\/dlcpo.com\/wp-content\/uploads\/2026\/02\/catl-battery-cell-authorized-supplier-dlcpo-768x95.webp 768w, https:\/\/dlcpo.com\/wp-content\/uploads\/2026\/02\/catl-battery-cell-authorized-supplier-dlcpo.webp 1070w\" sizes=\"(max-width: 800px) 100vw, 800px\" \/>\t\t\t\t\t\t\t\t<\/a>\n\t\t\t\t\t\t\t\t\t\t\t\t\t\t\t<\/div>\n\t\t\t\t<div class=\"elementor-element elementor-element-258b15e5 elementor-widget elementor-widget-image\" data-id=\"258b15e5\" data-element_type=\"widget\" data-e-type=\"widget\" data-widget_type=\"image.default\">\n\t\t\t\t\t\t\t\t\t\t\t\t\t\t\t\t<a href=\"https:\/\/dlcpo.com\/gotionl\/\">\n\t\t\t\t\t\t\t<img loading=\"lazy\" decoding=\"async\" width=\"800\" height=\"230\" src=\"https:\/\/dlcpo.com\/wp-content\/uploads\/2026\/02\/gotion-battery-cell-authorized-supplier-dlcpo-1.webp\" class=\"elementor-animation-grow attachment-large size-large wp-image-5497\" alt=\"Logotipo de Gotion High-Tech - Socio de DLCPO Battery\" srcset=\"https:\/\/dlcpo.com\/wp-content\/uploads\/2026\/02\/gotion-battery-cell-authorized-supplier-dlcpo-1.webp 871w, https:\/\/dlcpo.com\/wp-content\/uploads\/2026\/02\/gotion-battery-cell-authorized-supplier-dlcpo-1-300x86.webp 300w, https:\/\/dlcpo.com\/wp-content\/uploads\/2026\/02\/gotion-battery-cell-authorized-supplier-dlcpo-1-600x172.webp 600w, https:\/\/dlcpo.com\/wp-content\/uploads\/2026\/02\/gotion-battery-cell-authorized-supplier-dlcpo-1-64x18.webp 64w, https:\/\/dlcpo.com\/wp-content\/uploads\/2026\/02\/gotion-battery-cell-authorized-supplier-dlcpo-1-768x220.webp 768w\" sizes=\"(max-width: 800px) 100vw, 800px\" \/>\t\t\t\t\t\t\t\t<\/a>\n\t\t\t\t\t\t\t\t\t\t\t\t\t\t\t<\/div>\n\t\t\t\t<div class=\"elementor-element elementor-element-11f7cbf1 elementor-widget elementor-widget-image\" data-id=\"11f7cbf1\" data-element_type=\"widget\" data-e-type=\"widget\" data-widget_type=\"image.default\">\n\t\t\t\t\t\t\t\t\t\t\t\t\t\t\t\t<a href=\"https:\/\/dlcpo.com\/great-power\/\">\n\t\t\t\t\t\t\t<img loading=\"lazy\" decoding=\"async\" width=\"800\" height=\"175\" src=\"https:\/\/dlcpo.com\/wp-content\/uploads\/2026\/02\/great-power-battery-cell-authorized-supplier-dlcpo-1.webp\" class=\"elementor-animation-grow attachment-large size-large wp-image-5498\" alt=\"Logotipo de la Bater\u00eda Great Power - Distribuidor Autorizado DLCPO\" srcset=\"https:\/\/dlcpo.com\/wp-content\/uploads\/2026\/02\/great-power-battery-cell-authorized-supplier-dlcpo-1.webp 1009w, https:\/\/dlcpo.com\/wp-content\/uploads\/2026\/02\/great-power-battery-cell-authorized-supplier-dlcpo-1-300x66.webp 300w, https:\/\/dlcpo.com\/wp-content\/uploads\/2026\/02\/great-power-battery-cell-authorized-supplier-dlcpo-1-600x131.webp 600w, https:\/\/dlcpo.com\/wp-content\/uploads\/2026\/02\/great-power-battery-cell-authorized-supplier-dlcpo-1-64x14.webp 64w, https:\/\/dlcpo.com\/wp-content\/uploads\/2026\/02\/great-power-battery-cell-authorized-supplier-dlcpo-1-768x168.webp 768w\" sizes=\"(max-width: 800px) 100vw, 800px\" \/>\t\t\t\t\t\t\t\t<\/a>\n\t\t\t\t\t\t\t\t\t\t\t\t\t\t\t<\/div>\n\t\t\t\t<div class=\"elementor-element elementor-element-52c203e2 elementor-widget elementor-widget-image\" data-id=\"52c203e2\" data-element_type=\"widget\" data-e-type=\"widget\" data-widget_type=\"image.default\">\n\t\t\t\t\t\t\t\t\t\t\t\t\t\t\t\t<a href=\"https:\/\/dlcpo.com\/ganfeng\/\">\n\t\t\t\t\t\t\t<img loading=\"lazy\" decoding=\"async\" width=\"779\" height=\"172\" src=\"https:\/\/dlcpo.com\/wp-content\/uploads\/2026\/02\/ganfeng-battery-cell-authorized-supplier-dlcpo-1.webp\" class=\"elementor-animation-grow attachment-large size-large wp-image-5499\" alt=\"Logotipo del litio GanFeng - Suministro autorizado DLCPO\" srcset=\"https:\/\/dlcpo.com\/wp-content\/uploads\/2026\/02\/ganfeng-battery-cell-authorized-supplier-dlcpo-1.webp 779w, https:\/\/dlcpo.com\/wp-content\/uploads\/2026\/02\/ganfeng-battery-cell-authorized-supplier-dlcpo-1-300x66.webp 300w, https:\/\/dlcpo.com\/wp-content\/uploads\/2026\/02\/ganfeng-battery-cell-authorized-supplier-dlcpo-1-600x132.webp 600w, https:\/\/dlcpo.com\/wp-content\/uploads\/2026\/02\/ganfeng-battery-cell-authorized-supplier-dlcpo-1-64x14.webp 64w, https:\/\/dlcpo.com\/wp-content\/uploads\/2026\/02\/ganfeng-battery-cell-authorized-supplier-dlcpo-1-768x170.webp 768w\" sizes=\"(max-width: 779px) 100vw, 779px\" \/>\t\t\t\t\t\t\t\t<\/a>\n\t\t\t\t\t\t\t\t\t\t\t\t\t\t\t<\/div>\n\t\t\t\t<div class=\"elementor-element elementor-element-6c45259f elementor-widget elementor-widget-image\" data-id=\"6c45259f\" data-element_type=\"widget\" data-e-type=\"widget\" data-widget_type=\"image.default\">\n\t\t\t\t\t\t\t\t\t\t\t\t\t\t\t\t<a href=\"https:\/\/dlcpo.com\/lishen\/\">\n\t\t\t\t\t\t\t<img loading=\"lazy\" decoding=\"async\" width=\"800\" height=\"160\" src=\"https:\/\/dlcpo.com\/wp-content\/uploads\/2026\/02\/lishen-battery-cell-authorized-supplier-dlcpo-1.webp\" class=\"elementor-animation-grow attachment-large size-large wp-image-5496\" alt=\"Logotipo de la bater\u00eda de Lishen - Proveedor B2B de DLCPO\" srcset=\"https:\/\/dlcpo.com\/wp-content\/uploads\/2026\/02\/lishen-battery-cell-authorized-supplier-dlcpo-1.webp 824w, https:\/\/dlcpo.com\/wp-content\/uploads\/2026\/02\/lishen-battery-cell-authorized-supplier-dlcpo-1-300x60.webp 300w, https:\/\/dlcpo.com\/wp-content\/uploads\/2026\/02\/lishen-battery-cell-authorized-supplier-dlcpo-1-600x120.webp 600w, https:\/\/dlcpo.com\/wp-content\/uploads\/2026\/02\/lishen-battery-cell-authorized-supplier-dlcpo-1-64x13.webp 64w, https:\/\/dlcpo.com\/wp-content\/uploads\/2026\/02\/lishen-battery-cell-authorized-supplier-dlcpo-1-768x154.webp 768w\" sizes=\"(max-width: 800px) 100vw, 800px\" \/>\t\t\t\t\t\t\t\t<\/a>\n\t\t\t\t\t\t\t\t\t\t\t\t\t\t\t<\/div>\n\t\t\t\t<div class=\"elementor-element elementor-element-7327ea8d elementor-widget elementor-widget-image\" data-id=\"7327ea8d\" data-element_type=\"widget\" data-e-type=\"widget\" data-widget_type=\"image.default\">\n\t\t\t\t\t\t\t\t\t\t\t\t\t\t\t\t<a href=\"https:\/\/es.dlcpo.com\/etc\/\">\n\t\t\t\t\t\t\t<img loading=\"lazy\" decoding=\"async\" width=\"800\" height=\"196\" src=\"https:\/\/dlcpo.com\/wp-content\/uploads\/2026\/02\/etc-battery-cell-authorized-supplier-dlcpo-1.webp\" class=\"elementor-animation-grow attachment-large size-large wp-image-5500\" alt=\"Logotipo de ETC Battery - DLCPO Distribuidor Global\" srcset=\"https:\/\/dlcpo.com\/wp-content\/uploads\/2026\/02\/etc-battery-cell-authorized-supplier-dlcpo-1.webp 813w, https:\/\/dlcpo.com\/wp-content\/uploads\/2026\/02\/etc-battery-cell-authorized-supplier-dlcpo-1-300x73.webp 300w, https:\/\/dlcpo.com\/wp-content\/uploads\/2026\/02\/etc-battery-cell-authorized-supplier-dlcpo-1-600x147.webp 600w, https:\/\/dlcpo.com\/wp-content\/uploads\/2026\/02\/etc-battery-cell-authorized-supplier-dlcpo-1-64x16.webp 64w, https:\/\/dlcpo.com\/wp-content\/uploads\/2026\/02\/etc-battery-cell-authorized-supplier-dlcpo-1-768x188.webp 768w\" sizes=\"(max-width: 800px) 100vw, 800px\" \/>\t\t\t\t\t\t\t\t<\/a>\n\t\t\t\t\t\t\t\t\t\t\t\t\t\t\t<\/div>\n\t\t\t\t<div class=\"elementor-element elementor-element-6b0b815d elementor-widget elementor-widget-image\" data-id=\"6b0b815d\" data-element_type=\"widget\" data-e-type=\"widget\" data-widget_type=\"image.default\">\n\t\t\t\t\t\t\t\t\t\t\t\t\t\t\t\t<a href=\"https:\/\/es.dlcpo.com\/etpl\/\">\n\t\t\t\t\t\t\t<img loading=\"lazy\" decoding=\"async\" width=\"800\" height=\"92\" src=\"https:\/\/dlcpo.com\/wp-content\/uploads\/2026\/02\/etp-battery-cell-authorized-supplier-dlcpo-1-1024x118.webp\" class=\"elementor-animation-grow attachment-large size-large wp-image-5501\" alt=\"Logotipo de la bater\u00eda FTPI - Proveedor DLCPO Premium\" srcset=\"https:\/\/dlcpo.com\/wp-content\/uploads\/2026\/02\/etp-battery-cell-authorized-supplier-dlcpo-1-1024x118.webp 1024w, https:\/\/dlcpo.com\/wp-content\/uploads\/2026\/02\/etp-battery-cell-authorized-supplier-dlcpo-1-300x35.webp 300w, https:\/\/dlcpo.com\/wp-content\/uploads\/2026\/02\/etp-battery-cell-authorized-supplier-dlcpo-1-600x69.webp 600w, https:\/\/dlcpo.com\/wp-content\/uploads\/2026\/02\/etp-battery-cell-authorized-supplier-dlcpo-1-64x7.webp 64w, https:\/\/dlcpo.com\/wp-content\/uploads\/2026\/02\/etp-battery-cell-authorized-supplier-dlcpo-1-768x89.webp 768w, https:\/\/dlcpo.com\/wp-content\/uploads\/2026\/02\/etp-battery-cell-authorized-supplier-dlcpo-1.webp 1050w\" sizes=\"(max-width: 800px) 100vw, 800px\" \/>\t\t\t\t\t\t\t\t<\/a>\n\t\t\t\t\t\t\t\t\t\t\t\t\t\t\t<\/div>\n\t\t\t\t<div class=\"elementor-element elementor-element-5e81f7d0 elementor-widget elementor-widget-image\" data-id=\"5e81f7d0\" data-element_type=\"widget\" data-e-type=\"widget\" data-widget_type=\"image.default\">\n\t\t\t\t\t\t\t\t\t\t\t\t\t\t\t\t<a href=\"https:\/\/dlcpo.com\/higee\/\">\n\t\t\t\t\t\t\t<img loading=\"lazy\" decoding=\"async\" width=\"800\" height=\"191\" src=\"https:\/\/dlcpo.com\/wp-content\/uploads\/2026\/02\/higee-battery-cell-authorized-supplier-dlcpo-1-1024x245.webp\" class=\"elementor-animation-grow attachment-large size-large wp-image-5502\" alt=\"Logotipo de la bater\u00eda HIGEE - Socio mayorista de DLCPO\" srcset=\"https:\/\/dlcpo.com\/wp-content\/uploads\/2026\/02\/higee-battery-cell-authorized-supplier-dlcpo-1-1024x245.webp 1024w, https:\/\/dlcpo.com\/wp-content\/uploads\/2026\/02\/higee-battery-cell-authorized-supplier-dlcpo-1-300x72.webp 300w, https:\/\/dlcpo.com\/wp-content\/uploads\/2026\/02\/higee-battery-cell-authorized-supplier-dlcpo-1-600x143.webp 600w, https:\/\/dlcpo.com\/wp-content\/uploads\/2026\/02\/higee-battery-cell-authorized-supplier-dlcpo-1-64x15.webp 64w, https:\/\/dlcpo.com\/wp-content\/uploads\/2026\/02\/higee-battery-cell-authorized-supplier-dlcpo-1-768x184.webp 768w, https:\/\/dlcpo.com\/wp-content\/uploads\/2026\/02\/higee-battery-cell-authorized-supplier-dlcpo-1.webp 1372w\" sizes=\"(max-width: 800px) 100vw, 800px\" \/>\t\t\t\t\t\t\t\t<\/a>\n\t\t\t\t\t\t\t\t\t\t\t\t\t\t\t<\/div>\n\t\t\t\t\t<\/div>\n\t\t\t\t<\/div>\n\t\t\t\t<\/div>\n\t\t","protected":false},"excerpt":{"rendered":"<p>C\u00c9LULAS LiFePO4 Serie de bater\u00edas LiFePO4: Tu puerta de acceso a las C\u00e9lulas Prism\u00e1ticas de Nivel 1 \ud83e\udd42 DLCPO Power Technology es tu principal puerta de entrada a la \u00e9lite mundial de fabricantes de bater\u00edas de litio. Desde Powerwalls para bricolaje hasta ESS en contenedores a gran escala, garantizamos la seguridad de la cadena de [&hellip;]<\/p>\n","protected":false},"author":1,"featured_media":0,"parent":0,"menu_order":0,"comment_status":"closed","ping_status":"closed","template":"","meta":{"_acf_changed":false,"_joinchat":[],"footnotes":""},"class_list":["post-7861","page","type-page","status-publish","hentry"],"acf":[],"_links":{"self":[{"href":"https:\/\/dlcpo.com\/es\/wp-json\/wp\/v2\/pages\/7861","targetHints":{"allow":["GET"]}}],"collection":[{"href":"https:\/\/dlcpo.com\/es\/wp-json\/wp\/v2\/pages"}],"about":[{"href":"https:\/\/dlcpo.com\/es\/wp-json\/wp\/v2\/types\/page"}],"author":[{"embeddable":true,"href":"https:\/\/dlcpo.com\/es\/wp-json\/wp\/v2\/users\/1"}],"replies":[{"embeddable":true,"href":"https:\/\/dlcpo.com\/es\/wp-json\/wp\/v2\/comments?post=7861"}],"version-history":[{"count":3,"href":"https:\/\/dlcpo.com\/es\/wp-json\/wp\/v2\/pages\/7861\/revisions"}],"predecessor-version":[{"id":7876,"href":"https:\/\/dlcpo.com\/es\/wp-json\/wp\/v2\/pages\/7861\/revisions\/7876"}],"wp:attachment":[{"href":"https:\/\/dlcpo.com\/es\/wp-json\/wp\/v2\/media?parent=7861"}],"curies":[{"name":"wp","href":"https:\/\/api.w.org\/{rel}","templated":true}]}}