{"id":5941,"date":"2026-04-05T13:22:18","date_gmt":"2026-04-05T05:22:18","guid":{"rendered":"https:\/\/dlcpo.com\/serie-de-baterias-lto-2\/"},"modified":"2026-04-11T10:50:15","modified_gmt":"2026-04-11T02:50:15","slug":"serie-de-baterias-lto-2","status":"publish","type":"page","link":"https:\/\/dlcpo.com\/es\/serie-de-baterias-lto-2\/","title":{"rendered":"Serie de bater\u00edas LTO"},"content":{"rendered":"\t\t<div data-elementor-type=\"wp-page\" data-elementor-id=\"5941\" class=\"elementor elementor-5941 elementor-5926\" data-elementor-post-type=\"page\">\n\t\t\t\t<div class=\"elementor-element elementor-element-2c6b9e2a e-con-full dlcpo-hero-box e-flex e-con e-parent\" data-id=\"2c6b9e2a\" data-element_type=\"container\" data-e-type=\"container\" data-settings=\"{&quot;background_background&quot;:&quot;classic&quot;}\">\n\t\t\t\t<div class=\"elementor-element elementor-element-73e87844 dlcpo-hero-box elementor-widget elementor-widget-image\" data-id=\"73e87844\" data-element_type=\"widget\" data-e-type=\"widget\" data-widget_type=\"image.default\">\n\t\t\t\t\t\t\t\t\t\t\t\t\t\t\t<img fetchpriority=\"high\" decoding=\"async\" width=\"1920\" height=\"1047\" src=\"https:\/\/dlcpo.com\/wp-content\/uploads\/2026\/04\/dlcpo-lto-battery-rapid-charge-long-cycle-life-safety-wide-temperature-industrial-ev.webp\" class=\"attachment-full size-full wp-image-5940\" alt=\"Montaje y control de calidad de celdas de bater\u00eda LTO directamente desde la f\u00e1brica de DLCPO para bater\u00edas prism\u00e1ticas nuevas de titanato de litio\" srcset=\"https:\/\/dlcpo.com\/wp-content\/uploads\/2026\/04\/dlcpo-lto-battery-rapid-charge-long-cycle-life-safety-wide-temperature-industrial-ev.webp 1920w, https:\/\/dlcpo.com\/wp-content\/uploads\/2026\/04\/dlcpo-lto-battery-rapid-charge-long-cycle-life-safety-wide-temperature-industrial-ev-300x164.webp 300w, https:\/\/dlcpo.com\/wp-content\/uploads\/2026\/04\/dlcpo-lto-battery-rapid-charge-long-cycle-life-safety-wide-temperature-industrial-ev-1024x558.webp 1024w, https:\/\/dlcpo.com\/wp-content\/uploads\/2026\/04\/dlcpo-lto-battery-rapid-charge-long-cycle-life-safety-wide-temperature-industrial-ev-768x419.webp 768w, https:\/\/dlcpo.com\/wp-content\/uploads\/2026\/04\/dlcpo-lto-battery-rapid-charge-long-cycle-life-safety-wide-temperature-industrial-ev-1536x838.webp 1536w, https:\/\/dlcpo.com\/wp-content\/uploads\/2026\/04\/dlcpo-lto-battery-rapid-charge-long-cycle-life-safety-wide-temperature-industrial-ev-600x327.webp 600w, https:\/\/dlcpo.com\/wp-content\/uploads\/2026\/04\/dlcpo-lto-battery-rapid-charge-long-cycle-life-safety-wide-temperature-industrial-ev-64x35.webp 64w\" sizes=\"(max-width: 1920px) 100vw, 1920px\" \/>\t\t\t\t\t\t\t\t\t\t\t\t\t\t\t<\/div>\n\t\t\t\t<div class=\"elementor-element elementor-element-7a76a604 elementor-widget elementor-widget-heading\" data-id=\"7a76a604\" data-element_type=\"widget\" data-e-type=\"widget\" data-widget_type=\"heading.default\">\n\t\t\t\t\t<h2 class=\"elementor-heading-title elementor-size-default\">Serie de bater\u00edas LTO<\/h2>\t\t\t\t<\/div>\n\t\t\t\t<\/div>\n\t\t<div class=\"elementor-element elementor-element-1e824845 e-flex e-con-boxed e-con e-parent\" data-id=\"1e824845\" data-element_type=\"container\" data-e-type=\"container\">\n\t\t\t\t\t<div class=\"e-con-inner\">\n\t\t\t\t<div class=\"elementor-element elementor-element-7e8293e3 elementor-widget elementor-widget-html\" data-id=\"7e8293e3\" data-element_type=\"widget\" data-e-type=\"widget\" data-widget_type=\"html.default\">\n\t\t\t\t\t<div style=\"font-family: 'Montserrat', sans-serif; line-height: 1.8; color: #333; padding: 25px; background: #f4f7fa; border-radiu&lt;wpml_invalid_tag original=\" pgrpdibzdhlszt0izm9udc1myw1pbhk6icdnb250c2vycmf0jywgc2fucy1z=\"\" zxjpzjsgbgluzs1ozwlnahq6ideuodsgy29sb3i6icmzmzm7ihbhzgrpbmc6=\"\" idi1chg7igjhy2tncm91bmq6icnmowy5zjk7igjvcmrlci1yywrpdxm6idey=\"\" chg7igjvcmrlci1szwz0oia1chggc29sawqgizawntzimzsgdgv4dc1hbgln=\"\" bjogbgvmddsipg=\"=\"\"><\/div>\r\n    \r\n    <div style=\"margin-bottom: 35px;\">\r\n        <h1 style=\"color: #0056b3; font-size: 32px; margin-bottom: 15px; font-weight: 800;\">\r\n  Serie de Bater\u00edas LTO: La soluci\u00f3n de titanato de litio Elite GREE\r\n        <\/h1>\r\n        <p style=\"font-size: 18px; color: #444;\">\r\n  \u00bfBuscas una <strong>serie de bater\u00edas LTO<\/strong> que definan la longevidad? DLCPO Power Technology es tu socio exclusivo de <strong>Bater\u00edas LTO Originales GREE<\/strong>. <strong>No vendemos estrictamente bater\u00edas de stock<\/strong>; cada pedido es una <strong>Bater\u00eda LTO de Lote Fresco<\/strong> producida directamente a partir de los \u00faltimos ciclos de fabricaci\u00f3n de Grado A de GREE. \r\n        <\/p>\r\n    <\/div>\r\n\r\n    <div style=\"display: grid; grid-template-columns: repeat(auto-fit, minmax(260px, 1fr)); gap: 20px; margin-bottom: 40px;\">\r\n        <div style=\"background: #fff; padding: 25px; border-radius: 8px; box-shadow: 0 4px 10px rgba(0,0,0,0.05);\">\r\n            <span style=\"font-size: 26px;\">\ud83c\udfed<\/span>\r\n            <h4 style=\"margin: 10px 0; color: #0056b3;\">Suministro exclusivo GREE<\/h4>\r\n            <p style=\"font-size: 14px; margin: 0;\">S\u00f3lo vendemos C\u00e9lulas <strong>de bater\u00eda LTO GREE Originales<\/strong>, la referencia mundial de excelencia en la <strong>venta al por mayor de C\u00e9lulas de \u00f3xido de titanato de litio<\/strong>.<\/p>\r\n        <\/div>\r\n        <div style=\"background: #fff; padding: 25px; border-radius: 8px; box-shadow: 0 4px 10px rgba(0,0,0,0.05);\">\r\n            <span style=\"font-size: 26px;\">\u23f3<\/span>\r\n            <h4 style=\"margin: 10px 0; color: #0056b3;\">M\u00e1s de 16.000 ciclos<\/h4>\r\n            <p style=\"font-size: 14px; margin: 0;\">Experimenta una <strong>Bater\u00eda de Alta Vida \u00fatil del ciclo 16000 ciclos<\/strong>, que garantiza m\u00e1s de 30 a\u00f1os de servicio estable para tu ESS de misi\u00f3n cr\u00edtica.<\/p>\r\n        <\/div>\r\n        <div style=\"background: #fff; padding: 25px; border-radius: 8px; box-shadow: 0 4px 10px rgba(0,0,0,0.05);\">\r\n            <span style=\"font-size: 26px;\">\ud83c\udd95<\/span>\r\n            <h4 style=\"margin: 10px 0; color: #0056b3;\">Lote estrictamente fresco<\/h4>\r\n            <p style=\"font-size: 14px; margin: 0;\">Como <strong>proveedor<\/strong> especializado <strong>de bater\u00edas LTO de lote fresco<\/strong>, garantizamos una deriva de tensi\u00f3n cero suministrando s\u00f3lo c\u00e9lulas de Grado A hechas a medida.<\/p>\r\n        <\/div>\r\n    <\/div>\r\n\r\n    <div style=\"margin-bottom: 40px; background: #fff; padding: 30px; border-radius: 10px;\">\r\n        <h3 style=\"color: #0056b3; font-size: 24px; font-weight: 700;\">Por qu\u00e9 la tecnolog\u00eda LTO de GREE domina el mercado<\/h3>\r\n        <p>En el sector del almacenamiento de energ\u00eda de gama alta, la <strong>serie de bater\u00edas LTO<\/strong> no tiene rival por su seguridad y velocidad. A diferencia de las NCM o las LFP, <strong>las C\u00e9lulas de \u00d3xido de Titanato de Litio al por mayor<\/strong> son intr\u00ednsecamente no inflamables. Al elegir una <strong>Bater\u00eda LTO Original GREE<\/strong>, est\u00e1s invirtiendo en una <strong>Bater\u00eda de Alta Vida \u00fatil del ciclo 16000 Ciclos<\/strong> que puede cargarse completamente en tan s\u00f3lo 10 minutos. Esto la convierte en la <strong>Bater\u00eda LTO<\/strong> ideal <strong>para el fr\u00edo extremo de -50 \u00b0C<\/strong>, donde otras qu\u00edmicas simplemente no rinden.   <\/p>\r\n        \r\n        <p>En DLCPO, hacemos hincapi\u00e9 en la \"Frescura\" de nuestra cadena de suministro. Muchos competidores ofrecen existencias antiguas o pilas recuperadas, pero nosotros somos un <strong>proveedor de bater\u00edas LTO de lotes frescos<\/strong>. Cuando haces un pedido de nuestra <strong>serie de bater\u00edas LTO<\/strong>, recibes pilas con los \u00faltimos perfeccionamientos qu\u00edmicos de GREE, lo que garantiza una capacidad perfecta. Esta calidad de <strong>Bater\u00eda LTO Original GREE<\/strong> es lo que permite una vida operativa de 30 a\u00f1os en todo tipo de aplicaciones, desde autobuses el\u00e9ctricos hasta redes de energ\u00eda renovable.   <\/p>\r\n        \r\n        <p>Adem\u00e1s, nuestros servicios de <strong>Venta al por mayor de Pilas de \u00d3xido de Titanato de Litio<\/strong> incluyen trazabilidad completa e informes de pruebas certificados de f\u00e1brica. Para los proyectos que requieren una <strong>Bater\u00eda<\/strong> <strong>LTO<\/strong> <strong>para Fr\u00edo Extremo -50 \u00b0C<\/strong>, la fiabilidad de una <strong>Bater\u00eda LTO de Lote Fresco<\/strong> no es negociable. Nuestra garant\u00eda de <strong>Bater\u00eda de Alta Vida \u00fatil del ciclo 16000 ciclos<\/strong> significa que tu coste total de propiedad (TCO) es el m\u00e1s bajo del sector. Elige a DLCPO como <strong>proveedor de bater\u00edas LTO Fresh Batch<\/strong> para asegurarte la tecnolog\u00eda de almacenamiento de energ\u00eda m\u00e1s segura del mundo.   <\/p>\r\n    <\/div>\r\n\r\n    <h3 style=\"color: #0056b3; font-size: 22px; border-bottom: 2px solid #eee; padding-bottom: 10px; margin-bottom: 15px;\">\r\n  \ud83d\ude80 Escenarios optimizados para la serie de bater\u00edas LTO\r\n    <\/h3>\r\n    <ul style=\"list-style: none; padding: 0; display: flex; flex-wrap: wrap; gap: 15px; margin-bottom: 30px;\">\r\n        <li style=\"background: #eef4ff; padding: 10px 20px; border-radius: 20px; font-size: 14px; font-weight: 600; color: #003366;\">\ud83d\ude97 Veh\u00edculos el\u00e9ctricos de carga ultrarr\u00e1pida<\/li>\r\n        <li style=\"background: #eef4ff; padding: 10px 20px; border-radius: 20px; font-size: 14px; font-weight: 600; color: #003366;\">\u2744\ufe0f Almacenamiento de energ\u00eda en el \u00c1rtico (-50\u00b0C)<\/li>\r\n        <li style=\"background: #eef4ff; padding: 10px 20px; border-radius: 20px; font-size: 14px; font-weight: 600; color: #003366;\">\ud83c\udfed 24\/7 AGVs y Rob\u00f3tica<\/li>\r\n        <li style=\"background: #eef4ff; padding: 10px 20px; border-radius: 20px; font-size: 14px; font-weight: 600; color: #003366;\">\u26a1 SAI para Centros de Datos<\/li>\r\n    <\/ul>\r\n\r\n    <div style=\"padding: 25px; border-top: 1px dashed #ccc; background: #fafafa; border-radius: 8px;\">\r\n        <h4 style=\"color: #0056b3;\">Asegura hoy mismo tu Bater\u00eda LTO Original GREE<\/h4>\r\n        <p style=\"font-size: 14px; margin: 0;\">\r\n  \u00bfBuscas un <strong>proveedor<\/strong> fiable <strong>de bater\u00edas LTO de lote fresco<\/strong>? <strong>Ponte en contacto con DLCPO<\/strong> hoy mismo para conocer los \u00faltimos precios de nuestra <strong>serie de bater\u00edas LTO<\/strong>. Proporcionamos <strong>al por mayor celdas de \u00f3xido de titanato de litio<\/strong> de la m\u00e1xima calidad y <strong>bater\u00edas LTO<\/strong> especializadas <strong>para<\/strong> soluciones de <strong>fr\u00edo extremo a -50 \u00b0C<\/strong>, garantizadas por una garant\u00eda de <strong>16.000 ciclos de vida \u00fatil del ciclo de la bater\u00eda<\/strong>. \ud83e\udd42 \r\n        <\/p>\r\n    <\/div>\r\n\t\t\t\t<\/div>\n\t\t\t\t\t<\/div>\n\t\t\t\t<\/div>\n\t\t<div class=\"elementor-element elementor-element-6254e17f e-grid e-con-boxed e-con e-parent\" data-id=\"6254e17f\" data-element_type=\"container\" data-e-type=\"container\">\n\t\t\t\t\t<div class=\"e-con-inner\">\n\t\t\t\t<div class=\"elementor-element elementor-element-1930f09b elementor-widget elementor-widget-image\" data-id=\"1930f09b\" data-element_type=\"widget\" data-e-type=\"widget\" data-widget_type=\"image.default\">\n\t\t\t\t\t\t\t\t\t\t\t\t\t\t\t\t<a href=\"https:\/\/dlcpo.com\/gree\/\">\n\t\t\t\t\t\t\t<img decoding=\"async\" width=\"758\" height=\"224\" src=\"https:\/\/dlcpo.com\/wp-content\/uploads\/2026\/02\/gree-battery-cell-authorized-supplier-dlcpo.webp\" class=\"elementor-animation-grow attachment-large size-large wp-image-5494\" alt=\"Logotipo de GREE Yinlong New Energy con la marca azul de GREE y el nombre chino de la empresa, marca de tecnolog\u00eda de bater\u00edas de titanato de litio LTO\" srcset=\"https:\/\/dlcpo.com\/wp-content\/uploads\/2026\/02\/gree-battery-cell-authorized-supplier-dlcpo.webp 758w, https:\/\/dlcpo.com\/wp-content\/uploads\/2026\/02\/gree-battery-cell-authorized-supplier-dlcpo-300x89.webp 300w, https:\/\/dlcpo.com\/wp-content\/uploads\/2026\/02\/gree-battery-cell-authorized-supplier-dlcpo-600x177.webp 600w, https:\/\/dlcpo.com\/wp-content\/uploads\/2026\/02\/gree-battery-cell-authorized-supplier-dlcpo-64x19.webp 64w\" sizes=\"(max-width: 758px) 100vw, 758px\" \/>\t\t\t\t\t\t\t\t<\/a>\n\t\t\t\t\t\t\t\t\t\t\t\t\t\t\t<\/div>\n\t\t\t\t\t<\/div>\n\t\t\t\t<\/div>\n\t\t\t\t<\/div>\n\t\t","protected":false},"excerpt":{"rendered":"<p>Serie de bater\u00edas LTO Serie de Bater\u00edas LTO: La soluci\u00f3n de titanato de litio Elite GREE \u00bfBuscas una serie de bater\u00edas LTO que definan la longevidad? DLCPO Power Technology es tu socio exclusivo de Bater\u00edas LTO Originales GREE. No vendemos estrictamente bater\u00edas de stock; cada pedido es una Bater\u00eda LTO de Lote Fresco producida directamente [&hellip;]<\/p>\n","protected":false},"author":1,"featured_media":0,"parent":0,"menu_order":0,"comment_status":"closed","ping_status":"closed","template":"","meta":{"_acf_changed":false,"_joinchat":[],"footnotes":""},"class_list":["post-5941","page","type-page","status-publish","hentry"],"acf":[],"_links":{"self":[{"href":"https:\/\/dlcpo.com\/es\/wp-json\/wp\/v2\/pages\/5941","targetHints":{"allow":["GET"]}}],"collection":[{"href":"https:\/\/dlcpo.com\/es\/wp-json\/wp\/v2\/pages"}],"about":[{"href":"https:\/\/dlcpo.com\/es\/wp-json\/wp\/v2\/types\/page"}],"author":[{"embeddable":true,"href":"https:\/\/dlcpo.com\/es\/wp-json\/wp\/v2\/users\/1"}],"replies":[{"embeddable":true,"href":"https:\/\/dlcpo.com\/es\/wp-json\/wp\/v2\/comments?post=5941"}],"version-history":[{"count":5,"href":"https:\/\/dlcpo.com\/es\/wp-json\/wp\/v2\/pages\/5941\/revisions"}],"predecessor-version":[{"id":7347,"href":"https:\/\/dlcpo.com\/es\/wp-json\/wp\/v2\/pages\/5941\/revisions\/7347"}],"wp:attachment":[{"href":"https:\/\/dlcpo.com\/es\/wp-json\/wp\/v2\/media?parent=5941"}],"curies":[{"name":"wp","href":"https:\/\/api.w.org\/{rel}","templated":true}]}}