{"id":5550,"date":"2026-03-02T18:54:11","date_gmt":"2026-03-02T10:54:11","guid":{"rendered":"https:\/\/dlcpo.com\/proveedor-fiable-de-baterias-de-litio\/"},"modified":"2026-04-06T20:05:17","modified_gmt":"2026-04-06T12:05:17","slug":"proveedor-fiable-de-baterias-de-litio","status":"publish","type":"page","link":"https:\/\/dlcpo.com\/es\/proveedor-fiable-de-baterias-de-litio\/","title":{"rendered":"\ud83c\udfc6Por qu\u00e9 DLCPO"},"content":{"rendered":"\t\t<div data-elementor-type=\"wp-page\" data-elementor-id=\"5550\" class=\"elementor elementor-5550 elementor-1240\" data-elementor-post-type=\"page\">\n\t\t\t\t<div class=\"elementor-element elementor-element-6800901 e-flex e-con-boxed e-con e-parent\" data-id=\"6800901\" data-element_type=\"container\" data-e-type=\"container\" data-settings=\"{&quot;background_background&quot;:&quot;classic&quot;}\">\n\t\t\t\t\t<div class=\"e-con-inner\">\n\t\t\t\t<div class=\"elementor-element elementor-element-3cef200 elementor-widget elementor-widget-heading\" data-id=\"3cef200\" data-element_type=\"widget\" data-e-type=\"widget\" data-widget_type=\"heading.default\">\n\t\t\t\t\t<h1 class=\"elementor-heading-title elementor-size-default\">17 a\u00f1os de ingenier\u00eda de precisi\u00f3n: La fuerza detr\u00e1s de la excelencia de DLCPO<\/h1>\t\t\t\t<\/div>\n\t\t\t\t<div class=\"elementor-element elementor-element-e17775b elementor-widget elementor-widget-heading\" data-id=\"e17775b\" data-element_type=\"widget\" data-e-type=\"widget\" data-widget_type=\"heading.default\">\n\t\t\t\t\t<h2 class=\"elementor-heading-title elementor-size-default\">Desde nuestra producci\u00f3n diaria de m\u00e1s de 150.000 pol\u00edmeros en Dongguan hasta la distribuci\u00f3n de LFP de primer nivel en Shenzhen, ofrecemos soluciones energ\u00e9ticas integradas basadas en una calidad sin concesiones.<\/h2>\t\t\t\t<\/div>\n\t\t\t\t\t<\/div>\n\t\t\t\t<\/div>\n\t\t<div class=\"elementor-element elementor-element-4dbdaa6 e-flex e-con-boxed e-con e-parent\" data-id=\"4dbdaa6\" data-element_type=\"container\" data-e-type=\"container\">\n\t\t\t\t\t<div class=\"e-con-inner\">\n\t\t<div class=\"elementor-element elementor-element-dc92b8c e-con-full e-flex e-con e-child\" data-id=\"dc92b8c\" data-element_type=\"container\" data-e-type=\"container\" data-settings=\"{&quot;background_background&quot;:&quot;classic&quot;}\">\n\t\t\t\t<div class=\"elementor-element elementor-element-9b03f71 elementor-widget elementor-widget-counter\" data-id=\"9b03f71\" data-element_type=\"widget\" data-e-type=\"widget\" data-widget_type=\"counter.default\">\n\t\t\t\t\t\t\t<div class=\"elementor-counter\">\n\t\t\t<div class=\"elementor-counter-title\">Experiencia en el sector<\/div>\t\t\t<div class=\"elementor-counter-number-wrapper\">\n\t\t\t\t<span class=\"elementor-counter-number-prefix\"><\/span>\n\t\t\t\t<span class=\"elementor-counter-number\" data-duration=\"2000\" data-to-value=\"17\" data-from-value=\"0\" data-delimiter=\",\">0<\/span>\n\t\t\t\t<span class=\"elementor-counter-number-suffix\">+ A\u00f1os<\/span>\n\t\t\t<\/div>\n\t\t<\/div>\n\t\t\t\t\t\t<\/div>\n\t\t\t\t<\/div>\n\t\t<div class=\"elementor-element elementor-element-360e1f2 e-con-full e-flex e-con e-child\" data-id=\"360e1f2\" data-element_type=\"container\" data-e-type=\"container\" data-settings=\"{&quot;background_background&quot;:&quot;classic&quot;}\">\n\t\t\t\t<div class=\"elementor-element elementor-element-270ee89 elementor-widget elementor-widget-counter\" data-id=\"270ee89\" data-element_type=\"widget\" data-e-type=\"widget\" data-widget_type=\"counter.default\">\n\t\t\t\t\t\t\t<div class=\"elementor-counter\">\n\t\t\t<div class=\"elementor-counter-title\">Producci\u00f3n de Dongguan<\/div>\t\t\t<div class=\"elementor-counter-number-wrapper\">\n\t\t\t\t<span class=\"elementor-counter-number-prefix\"><\/span>\n\t\t\t\t<span class=\"elementor-counter-number\" data-duration=\"2000\" data-to-value=\"150000\" data-from-value=\"0\" data-delimiter=\",\">0<\/span>\n\t\t\t\t<span class=\"elementor-counter-number-suffix\">C\u00e9lulas\/D\u00eda<\/span>\n\t\t\t<\/div>\n\t\t<\/div>\n\t\t\t\t\t\t<\/div>\n\t\t\t\t<\/div>\n\t\t<div class=\"elementor-element elementor-element-903106a e-con-full e-flex e-con e-child\" data-id=\"903106a\" data-element_type=\"container\" data-e-type=\"container\" data-settings=\"{&quot;background_background&quot;:&quot;classic&quot;}\">\n\t\t\t\t<div class=\"elementor-element elementor-element-3d17d71 elementor-widget elementor-widget-counter\" data-id=\"3d17d71\" data-element_type=\"widget\" data-e-type=\"widget\" data-widget_type=\"counter.default\">\n\t\t\t\t\t\t\t<div class=\"elementor-counter\">\n\t\t\t<div class=\"elementor-counter-title\">Marcas l\u00edderes mundiales<\/div>\t\t\t<div class=\"elementor-counter-number-wrapper\">\n\t\t\t\t<span class=\"elementor-counter-number-prefix\"><\/span>\n\t\t\t\t<span class=\"elementor-counter-number\" data-duration=\"2000\" data-to-value=\"13\" data-from-value=\"0\" data-delimiter=\",\">0<\/span>\n\t\t\t\t<span class=\"elementor-counter-number-suffix\">+ Marcas<\/span>\n\t\t\t<\/div>\n\t\t<\/div>\n\t\t\t\t\t\t<\/div>\n\t\t\t\t<\/div>\n\t\t<div class=\"elementor-element elementor-element-34a4124 e-con-full e-flex e-con e-child\" data-id=\"34a4124\" data-element_type=\"container\" data-e-type=\"container\" data-settings=\"{&quot;background_background&quot;:&quot;classic&quot;}\">\n\t\t\t\t<div class=\"elementor-element elementor-element-03fc54d elementor-widget elementor-widget-counter\" data-id=\"03fc54d\" data-element_type=\"widget\" data-e-type=\"widget\" data-widget_type=\"counter.default\">\n\t\t\t\t\t\t\t<div class=\"elementor-counter\">\n\t\t\t<div class=\"elementor-counter-title\">Pol\u00edtica de inspecci\u00f3n de calidad<\/div>\t\t\t<div class=\"elementor-counter-number-wrapper\">\n\t\t\t\t<span class=\"elementor-counter-number-prefix\"><\/span>\n\t\t\t\t<span class=\"elementor-counter-number\" data-duration=\"2000\" data-to-value=\"100\" data-from-value=\"0\" data-delimiter=\",\">0<\/span>\n\t\t\t\t<span class=\"elementor-counter-number-suffix\">% Probado<\/span>\n\t\t\t<\/div>\n\t\t<\/div>\n\t\t\t\t\t\t<\/div>\n\t\t\t\t<\/div>\n\t\t\t\t\t<\/div>\n\t\t\t\t<\/div>\n\t\t<div class=\"elementor-element elementor-element-b3a6054 e-flex e-con-boxed e-con e-parent\" data-id=\"b3a6054\" data-element_type=\"container\" data-e-type=\"container\">\n\t\t\t\t\t<div class=\"e-con-inner\">\n\t\t\t\t<div class=\"elementor-element elementor-element-45e7ddb elementor-widget elementor-widget-html\" data-id=\"45e7ddb\" data-element_type=\"widget\" data-e-type=\"widget\" data-widget_type=\"html.default\">\n\t\t\t\t\t<div class=\"dlcpo-why-dlcpo-optimized\"><link href=\"https:\/\/unpkg.com\/ionicons@4.5.10-0\/dist\/css\/ionicons.min.css\" rel=\"stylesheet\"><style>.dlcpo-why-dlcpo-optimized {\r\n            font-family: 'Montserrat', 'Segoe UI', Roboto, Helvetica, Arial, sans-serif;\r\n            color: #333;\r\n            line-height: 1.6;\r\n            background-color: #ffffff;\r\n            max-width: 1200px;\r\n            margin: 0 auto;\r\n            padding: 40px 15px;\r\n            text-align: left;\r\n        }\r\n\r\n        .dlcpo-why-dlcpo-optimized h1.main-title {\r\n            color: #1a1a1a;\r\n            font-size: 36px;\r\n            font-weight: 800;\r\n            margin-bottom: 20px;\r\n            border-left: 6px solid #0056b3; \r\n            padding-left: 15px;\r\n            text-align: left;\r\n        }\r\n\r\n        .dlcpo-why-dlcpo-optimized .hero-desc {\r\n            font-size: 18px;\r\n            color: #555;\r\n            max-width: 900px;\r\n            margin-bottom: 50px;\r\n            text-align: left;\r\n        }\r\n\r\n        .dlcpo-why-dlcpo-optimized .why-grid-container {\r\n            display: grid;\r\n            grid-template-columns: repeat(auto-fit, minmax(350px, 1fr));\r\n            gap: 25px;\r\n            align-items: stretch; \r\n        }\r\n\r\n        .why-grid-box {\r\n            background: #fff;\r\n            padding: 30px;\r\n            border-radius: 8px;\r\n            box-shadow: 0 4px 15px rgba(0,0,0,0.04);\r\n            transition: transform 0.3s ease, box-shadow 0.3s ease;\r\n            display: flex;\r\n            flex-direction: column;\r\n            border: 1px solid #eee;\r\n        }\r\n\r\n        .why-grid-box:hover {\r\n            transform: translateY(-5px);\r\n            box-shadow: 0 10px 25px rgba(0,0,0,0.08);\r\n        }\r\n\r\n        .why-grid-box .grid-icon-wrapper {\r\n            display: flex;\r\n            align-items: center;\r\n            margin-bottom: 20px;\r\n        }\r\n\r\n        .why-grid-box .grid-icon {\r\n            font-size: 28px;\r\n            color: #0056b3; \r\n            background-color: #eef4ff; \r\n            width: 55px;\r\n            height: 55px;\r\n            border-radius: 50%;\r\n            display: flex;\r\n            justify-content: center;\r\n            align-items: center;\r\n            margin-right: 15px;\r\n            box-shadow: inset 0 2px 4px rgba(0,0,0,0.03);\r\n        }\r\n\r\n        .why-grid-box h3.grid-title {\r\n            color: #1a1a1a;\r\n            font-size: 20px;\r\n            font-weight: 700;\r\n            margin: 0;\r\n            line-height: 1.2;\r\n        }\r\n\r\n        .why-grid-box p.grid-desc {\r\n            font-size: 14px;\r\n            color: #555;\r\n            margin: 0;\r\n            line-height: 1.6;\r\n            flex-grow: 1; \r\n        }\r\n\r\n        @media (max-width: 767px) {\r\n            .why-grid-container {\r\n                grid-template-columns: 1fr;\r\n            }\r\n            .dlcpo-why-dlcpo-optimized h1.main-title {\r\n                font-size: 28px;\r\n            }\r\n        }\r\n    <\/style><h1 class=\"main-title\">\u00bfPor qu\u00e9 asociarse con DLCPO Power?<\/h1><p class=\"hero-desc\">Su proveedor confiable de bater\u00edas de litio desde 2007. DLCPO combina precisi\u00f3n t\u00e9cnica con transparencia absoluta para proyectos energ\u00e9ticos globales.<\/p><div class=\"why-grid-container\"><div class=\"why-grid-box\"><div class=\"grid-icon-wrapper\"><div class=\"grid-icon\"><i class=\"icon ion-md-ribbon\"><\/i><\/div><h3 class=\"grid-title\">M\u00e1s de 18 a\u00f1os de experiencia<\/h3><\/div><p class=\"grid-desc\">Como **proveedor confiable de bater\u00edas de litio** establecido en 2007, DLCPO une casi dos d\u00e9cadas de excelencia en fabricaci\u00f3n con innovaci\u00f3n constante para sus socios globales.<\/p><\/div><div class=\"why-grid-box\"><div class=\"grid-icon-wrapper\"><div class=\"grid-icon\"><i class=\"icon ion-ios-battery-full\"><\/i><\/div><h3 class=\"grid-title\">Solo celdas Grado A<\/h3><\/div><p class=\"grid-desc\">Nuestra planta como **fabricante de bater\u00edas LiFePO4 en China** utiliza exclusivamente celdas Grado A de marcas Tier-1 como **EVE, REPT y SVOLT**, con emparejamiento total de capacidad.<\/p><\/div><div class=\"why-grid-box\"><div class=\"grid-icon-wrapper\"><div class=\"grid-icon\"><i class=\"icon ion-ios-cube\"><\/i><\/div><h3 class=\"grid-title\">Pol\u00edtica de lotes frescos<\/h3><\/div><p class=\"grid-desc\">La calidad comienza con la frescura. Como **proveedor confiable de bater\u00edas de litio**, aplicamos una pol\u00edtica de producci\u00f3n bajo demanda, entregando solo **bater\u00edas LiFePO4 de lotes frescos**.<\/p><\/div><div class=\"why-grid-box\"><div class=\"grid-icon-wrapper\"><div class=\"grid-icon\"><i class=\"icon ion-md-git-network\"><\/i><\/div><h3 class=\"grid-title\">Integraci\u00f3n de BMS inteligente<\/h3><\/div><p class=\"grid-desc\">Lideramos la **integraci\u00f3n de protocolos BMS avanzados**, recomendando el **equilibrio activo de JK BMS** para una sincronizaci\u00f3n perfecta con inversores Victron, Deye y Growatt.<\/p><\/div><div class=\"why-grid-box\"><div class=\"grid-icon-wrapper\"><div class=\"grid-icon\"><i class=\"icon ion-ios-shield-checkmark\"><\/i><\/div><h3 class=\"grid-title\">Certificaciones globales<\/h3><\/div><p class=\"grid-desc\">La seguridad es nuestra norma innegociable. Cada **bater\u00eda de litio de calidad** cumple con los rigurosos requisitos UN38.3, CE y MSDS bajo est\u00e1ndares de nuestra **f\u00e1brica ISO9001**.<\/p><\/div><div class=\"why-grid-box\"><div class=\"grid-icon-wrapper\"><div class=\"grid-icon\"><i class=\"icon ion-md-construct\"><\/i><\/div><h3 class=\"grid-title\">Soporte personalizado OEM\/SKD<\/h3><\/div><p class=\"grid-desc\">DLCPO ofrece opciones flexibles de **suministro de bater\u00edas directo de f\u00e1brica**, incluyendo kits completos CKD\/SKD y soporte t\u00e9cnico dedicado para el ensamblaje local.<\/p><\/div><\/div><\/div>\t\t\t\t<\/div>\n\t\t\t\t\t<\/div>\n\t\t\t\t<\/div>\n\t\t<div class=\"elementor-element elementor-element-2d60acc e-flex e-con-boxed e-con e-parent\" data-id=\"2d60acc\" data-element_type=\"container\" data-e-type=\"container\">\n\t\t\t\t\t<div class=\"e-con-inner\">\n\t\t<div class=\"elementor-element elementor-element-3df6ab3 e-con-full e-flex e-con e-child\" data-id=\"3df6ab3\" data-element_type=\"container\" data-e-type=\"container\">\n\t\t\t\t<div class=\"elementor-element elementor-element-3f8bb83 elementor-widget elementor-widget-image\" data-id=\"3f8bb83\" data-element_type=\"widget\" data-e-type=\"widget\" data-widget_type=\"image.default\">\n\t\t\t\t\t\t\t\t\t\t\t\t\t\t\t<img fetchpriority=\"high\" decoding=\"async\" width=\"572\" height=\"1024\" src=\"https:\/\/dlcpo.com\/wp-content\/uploads\/2026\/03\/dlcpo-lithium-battery-pack-manufacturing-assembly-line-572x1024.webp\" class=\"attachment-large size-large wp-image-5477\" alt=\"Vista de la l\u00ednea de montaje de PACKs de bater\u00edas DLCPO, donde la direcci\u00f3n inspecciona las c\u00e9lulas de litio de alta capacidad para proyectos energ\u00e9ticos personalizados.\" srcset=\"https:\/\/dlcpo.com\/wp-content\/uploads\/2026\/03\/dlcpo-lithium-battery-pack-manufacturing-assembly-line-572x1024.webp 572w, https:\/\/dlcpo.com\/wp-content\/uploads\/2026\/03\/dlcpo-lithium-battery-pack-manufacturing-assembly-line-scaled-300x537.webp 300w, https:\/\/dlcpo.com\/wp-content\/uploads\/2026\/03\/dlcpo-lithium-battery-pack-manufacturing-assembly-line-scaled-600x1075.webp 600w, https:\/\/dlcpo.com\/wp-content\/uploads\/2026\/03\/dlcpo-lithium-battery-pack-manufacturing-assembly-line-scaled-64x115.webp 64w, https:\/\/dlcpo.com\/wp-content\/uploads\/2026\/03\/dlcpo-lithium-battery-pack-manufacturing-assembly-line-167x300.webp 167w, https:\/\/dlcpo.com\/wp-content\/uploads\/2026\/03\/dlcpo-lithium-battery-pack-manufacturing-assembly-line-768x1376.webp 768w, https:\/\/dlcpo.com\/wp-content\/uploads\/2026\/03\/dlcpo-lithium-battery-pack-manufacturing-assembly-line-857x1536.webp 857w, https:\/\/dlcpo.com\/wp-content\/uploads\/2026\/03\/dlcpo-lithium-battery-pack-manufacturing-assembly-line-1143x2048.webp 1143w, https:\/\/dlcpo.com\/wp-content\/uploads\/2026\/03\/dlcpo-lithium-battery-pack-manufacturing-assembly-line-scaled.webp 1429w\" sizes=\"(max-width: 572px) 100vw, 572px\" \/>\t\t\t\t\t\t\t\t\t\t\t\t\t\t\t<\/div>\n\t\t\t\t<\/div>\n\t\t<div class=\"elementor-element elementor-element-1cd629e e-con-full e-flex e-con e-child\" data-id=\"1cd629e\" data-element_type=\"container\" data-e-type=\"container\">\n\t\t\t\t<div class=\"elementor-element elementor-element-5e7c264 elementor-widget elementor-widget-heading\" data-id=\"5e7c264\" data-element_type=\"widget\" data-e-type=\"widget\" data-widget_type=\"heading.default\">\n\t\t\t\t\t<h2 class=\"elementor-heading-title elementor-size-default\">Un compromiso personal con tu innovaci\u00f3n energ\u00e9tica \ud83e\udd42<\/h2>\t\t\t\t<\/div>\n\t\t\t\t<div class=\"elementor-element elementor-element-9c8a2cb elementor-widget elementor-widget-text-editor\" data-id=\"9c8a2cb\" data-element_type=\"widget\" data-e-type=\"widget\" data-widget_type=\"text-editor.default\">\n\t\t\t\t\t\t\t\t\t<p>\u00abEn DLCPO, no s\u00f3lo fabricamos bater\u00edas; impulsamos el futuro de tu innovaci\u00f3n. Desde <strong>2007<\/strong>, mi misi\u00f3n ha sido tender puentes entre la compleja tecnolog\u00eda de las pilas y unas cadenas de suministro globales fiables. Ya sea nuestra <strong>producci\u00f3n diaria de m\u00e1s de 150.000 pol\u00edmeros<\/strong> en Dongguan o nuestra <strong>distribuci\u00f3n de LFP<\/strong> de primer nivel desde Shenzhen, cada c\u00e9lula se somete a la rigurosa <strong>inspecci\u00f3n al 100% de<\/strong> mi equipo. Tratamos las necesidades energ\u00e9ticas de tu proyecto con la misma precisi\u00f3n y respeto que damos a nuestro propio legado de ingenier\u00eda.\u00bb<\/p>\t\t\t\t\t\t\t\t<\/div>\n\t\t<div class=\"elementor-element elementor-element-bd419ae e-con-full e-flex e-con e-child\" data-id=\"bd419ae\" data-element_type=\"container\" data-e-type=\"container\">\n\t\t\t\t<div class=\"elementor-element elementor-element-00ce311 elementor-widget elementor-widget-image\" data-id=\"00ce311\" data-element_type=\"widget\" data-e-type=\"widget\" data-widget_type=\"image.default\">\n\t\t\t\t\t\t\t\t\t\t\t\t\t\t\t<img decoding=\"async\" width=\"409\" height=\"260\" src=\"https:\/\/dlcpo.com\/wp-content\/uploads\/2026\/03\/CB.webp\" class=\"attachment-large size-large wp-image-5543\" alt=\"\" srcset=\"https:\/\/dlcpo.com\/wp-content\/uploads\/2026\/03\/CB.webp 409w, https:\/\/dlcpo.com\/wp-content\/uploads\/2026\/03\/CB-300x191.webp 300w, https:\/\/dlcpo.com\/wp-content\/uploads\/2026\/03\/CB-64x41.webp 64w\" sizes=\"(max-width: 409px) 100vw, 409px\" \/>\t\t\t\t\t\t\t\t\t\t\t\t\t\t\t<\/div>\n\t\t\t\t<div class=\"elementor-element elementor-element-86967ad elementor-widget elementor-widget-image\" data-id=\"86967ad\" data-element_type=\"widget\" data-e-type=\"widget\" data-widget_type=\"image.default\">\n\t\t\t\t\t\t\t\t\t\t\t\t\t\t\t<img decoding=\"async\" width=\"414\" height=\"296\" src=\"https:\/\/dlcpo.com\/wp-content\/uploads\/2026\/03\/CE.webp\" class=\"attachment-large size-large wp-image-5544\" alt=\"\" srcset=\"https:\/\/dlcpo.com\/wp-content\/uploads\/2026\/03\/CE.webp 414w, https:\/\/dlcpo.com\/wp-content\/uploads\/2026\/03\/CE-300x214.webp 300w, https:\/\/dlcpo.com\/wp-content\/uploads\/2026\/03\/CE-64x46.webp 64w\" sizes=\"(max-width: 414px) 100vw, 414px\" \/>\t\t\t\t\t\t\t\t\t\t\t\t\t\t\t<\/div>\n\t\t\t\t<div class=\"elementor-element elementor-element-795056f elementor-widget elementor-widget-image\" data-id=\"795056f\" data-element_type=\"widget\" data-e-type=\"widget\" data-widget_type=\"image.default\">\n\t\t\t\t\t\t\t\t\t\t\t\t\t\t\t<img loading=\"lazy\" decoding=\"async\" width=\"360\" height=\"255\" src=\"https:\/\/dlcpo.com\/wp-content\/uploads\/2026\/03\/FCC.webp\" class=\"attachment-large size-large wp-image-5545\" alt=\"\" srcset=\"https:\/\/dlcpo.com\/wp-content\/uploads\/2026\/03\/FCC.webp 360w, https:\/\/dlcpo.com\/wp-content\/uploads\/2026\/03\/FCC-300x213.webp 300w, https:\/\/dlcpo.com\/wp-content\/uploads\/2026\/03\/FCC-64x45.webp 64w\" sizes=\"(max-width: 360px) 100vw, 360px\" \/>\t\t\t\t\t\t\t\t\t\t\t\t\t\t\t<\/div>\n\t\t\t\t<div class=\"elementor-element elementor-element-2e80e91 elementor-widget elementor-widget-image\" data-id=\"2e80e91\" data-element_type=\"widget\" data-e-type=\"widget\" data-widget_type=\"image.default\">\n\t\t\t\t\t\t\t\t\t\t\t\t\t\t\t<img loading=\"lazy\" decoding=\"async\" width=\"246\" height=\"250\" src=\"https:\/\/dlcpo.com\/wp-content\/uploads\/2026\/03\/IEC.webp\" class=\"attachment-large size-large wp-image-5546\" alt=\"\" srcset=\"https:\/\/dlcpo.com\/wp-content\/uploads\/2026\/03\/IEC.webp 246w, https:\/\/dlcpo.com\/wp-content\/uploads\/2026\/03\/IEC-64x65.webp 64w\" sizes=\"(max-width: 246px) 100vw, 246px\" \/>\t\t\t\t\t\t\t\t\t\t\t\t\t\t\t<\/div>\n\t\t\t\t<div class=\"elementor-element elementor-element-0ccecca elementor-widget elementor-widget-image\" data-id=\"0ccecca\" data-element_type=\"widget\" data-e-type=\"widget\" data-widget_type=\"image.default\">\n\t\t\t\t\t\t\t\t\t\t\t\t\t\t\t<img loading=\"lazy\" decoding=\"async\" width=\"500\" height=\"140\" src=\"https:\/\/dlcpo.com\/wp-content\/uploads\/2026\/03\/ROHS.webp\" class=\"attachment-large size-large wp-image-5547\" alt=\"\" srcset=\"https:\/\/dlcpo.com\/wp-content\/uploads\/2026\/03\/ROHS.webp 500w, https:\/\/dlcpo.com\/wp-content\/uploads\/2026\/03\/ROHS-300x84.webp 300w, https:\/\/dlcpo.com\/wp-content\/uploads\/2026\/03\/ROHS-64x18.webp 64w\" sizes=\"(max-width: 500px) 100vw, 500px\" \/>\t\t\t\t\t\t\t\t\t\t\t\t\t\t\t<\/div>\n\t\t\t\t<div class=\"elementor-element elementor-element-900fb00 elementor-widget elementor-widget-image\" data-id=\"900fb00\" data-element_type=\"widget\" data-e-type=\"widget\" data-widget_type=\"image.default\">\n\t\t\t\t\t\t\t\t\t\t\t\t\t\t\t<img loading=\"lazy\" decoding=\"async\" width=\"800\" height=\"755\" src=\"https:\/\/dlcpo.com\/wp-content\/uploads\/2026\/03\/UL-1024x966.webp\" class=\"attachment-large size-large wp-image-5548\" alt=\"\" srcset=\"https:\/\/dlcpo.com\/wp-content\/uploads\/2026\/03\/UL-1024x966.webp 1024w, https:\/\/dlcpo.com\/wp-content\/uploads\/2026\/03\/UL-300x283.webp 300w, https:\/\/dlcpo.com\/wp-content\/uploads\/2026\/03\/UL-600x566.webp 600w, https:\/\/dlcpo.com\/wp-content\/uploads\/2026\/03\/UL-64x60.webp 64w, https:\/\/dlcpo.com\/wp-content\/uploads\/2026\/03\/UL-768x724.webp 768w, https:\/\/dlcpo.com\/wp-content\/uploads\/2026\/03\/UL.webp 1054w\" sizes=\"(max-width: 800px) 100vw, 800px\" \/>\t\t\t\t\t\t\t\t\t\t\t\t\t\t\t<\/div>\n\t\t\t\t<div class=\"elementor-element elementor-element-177ae86 elementor-widget elementor-widget-image\" data-id=\"177ae86\" data-element_type=\"widget\" data-e-type=\"widget\" data-widget_type=\"image.default\">\n\t\t\t\t\t\t\t\t\t\t\t\t\t\t\t<img loading=\"lazy\" decoding=\"async\" width=\"358\" height=\"156\" src=\"https:\/\/dlcpo.com\/wp-content\/uploads\/2026\/03\/UN38.3.webp\" class=\"attachment-large size-large wp-image-5549\" alt=\"\" srcset=\"https:\/\/dlcpo.com\/wp-content\/uploads\/2026\/03\/UN38.3.webp 358w, https:\/\/dlcpo.com\/wp-content\/uploads\/2026\/03\/UN38.3-300x131.webp 300w, https:\/\/dlcpo.com\/wp-content\/uploads\/2026\/03\/UN38.3-64x28.webp 64w\" sizes=\"(max-width: 358px) 100vw, 358px\" \/>\t\t\t\t\t\t\t\t\t\t\t\t\t\t\t<\/div>\n\t\t\t\t<\/div>\n\t\t\t\t<div class=\"elementor-element elementor-element-c6c93ad elementor-align-right elementor-widget elementor-widget-button\" data-id=\"c6c93ad\" data-element_type=\"widget\" data-e-type=\"widget\" data-widget_type=\"button.default\">\n\t\t\t\t\t\t\t\t\t\t<a class=\"elementor-button elementor-size-sm elementor-animation-float\" role=\"button\">\n\t\t\t\t\t\t<span class=\"elementor-button-content-wrapper\">\n\t\t\t\t\t\t<span class=\"elementor-button-icon\">\n\t\t\t\t<svg aria-hidden=\"true\" class=\"e-font-icon-svg e-fas-paper-plane\" viewBox=\"0 0 512 512\" xmlns=\"http:\/\/www.w3.org\/2000\/svg\"><path d=\"M476 3.2L12.5 270.6c-18.1 10.4-15.8 35.6 2.2 43.2L121 358.4l287.3-253.2c5.5-4.9 13.3 2.6 8.6 8.3L176 407v80.5c0 23.6 28.5 32.9 42.5 15.8L282 426l124.6 52.2c14.2 6 30.4-2.9 33-18.2l72-432C515 7.8 493.3-6.8 476 3.2z\"><\/path><\/svg>\t\t\t<\/span>\n\t\t\t\t\t\t\t\t\t<span class=\"elementor-button-text\">Obt\u00e9n un presupuesto directo de f\u00e1brica y asistencia t\u00e9cnica \u2192<\/span>\n\t\t\t\t\t<\/span>\n\t\t\t\t\t<\/a>\n\t\t\t\t\t\t\t\t<\/div>\n\t\t\t\t<\/div>\n\t\t\t\t\t<\/div>\n\t\t\t\t<\/div>\n\t\t\t\t<\/div>\n\t\t","protected":false},"excerpt":{"rendered":"<p>17 a\u00f1os de ingenier\u00eda de precisi\u00f3n: La fuerza detr\u00e1s de la excelencia de DLCPO Desde nuestra producci\u00f3n diaria de m\u00e1s de 150.000 pol\u00edmeros en Dongguan hasta la distribuci\u00f3n de LFP de primer nivel en Shenzhen, ofrecemos soluciones energ\u00e9ticas integradas basadas en una calidad sin concesiones. Experiencia en el sector 0 + A\u00f1os Producci\u00f3n de Dongguan [&hellip;]<\/p>\n","protected":false},"author":1,"featured_media":0,"parent":0,"menu_order":0,"comment_status":"closed","ping_status":"closed","template":"","meta":{"_acf_changed":false,"_joinchat":[],"footnotes":""},"class_list":["post-5550","page","type-page","status-publish","hentry"],"acf":[],"_links":{"self":[{"href":"https:\/\/dlcpo.com\/es\/wp-json\/wp\/v2\/pages\/5550","targetHints":{"allow":["GET"]}}],"collection":[{"href":"https:\/\/dlcpo.com\/es\/wp-json\/wp\/v2\/pages"}],"about":[{"href":"https:\/\/dlcpo.com\/es\/wp-json\/wp\/v2\/types\/page"}],"author":[{"embeddable":true,"href":"https:\/\/dlcpo.com\/es\/wp-json\/wp\/v2\/users\/1"}],"replies":[{"embeddable":true,"href":"https:\/\/dlcpo.com\/es\/wp-json\/wp\/v2\/comments?post=5550"}],"version-history":[{"count":7,"href":"https:\/\/dlcpo.com\/es\/wp-json\/wp\/v2\/pages\/5550\/revisions"}],"predecessor-version":[{"id":6258,"href":"https:\/\/dlcpo.com\/es\/wp-json\/wp\/v2\/pages\/5550\/revisions\/6258"}],"wp:attachment":[{"href":"https:\/\/dlcpo.com\/es\/wp-json\/wp\/v2\/media?parent=5550"}],"curies":[{"name":"wp","href":"https:\/\/api.w.org\/{rel}","templated":true}]}}