{"id":5521,"date":"2026-02-28T21:25:55","date_gmt":"2026-02-28T13:25:55","guid":{"rendered":"https:\/\/dlcpo.com\/bateria-de-polimero-de-litio-personalizada\/"},"modified":"2026-04-06T16:39:40","modified_gmt":"2026-04-06T08:39:40","slug":"bateria-de-polimero-de-litio-personalizada","status":"publish","type":"page","link":"https:\/\/dlcpo.com\/es\/bateria-de-polimero-de-litio-personalizada\/","title":{"rendered":"Bater\u00eda de pol\u00edmero de litio (de petaca)"},"content":{"rendered":"\t\t<div data-elementor-type=\"wp-page\" data-elementor-id=\"5521\" class=\"elementor elementor-5521 elementor-911\" data-elementor-post-type=\"page\">\n\t\t\t\t<div class=\"elementor-element elementor-element-eaf4c08 e-flex e-con-boxed e-con e-parent\" data-id=\"eaf4c08\" data-element_type=\"container\" data-e-type=\"container\" data-settings=\"{&quot;background_background&quot;:&quot;classic&quot;}\">\n\t\t\t\t\t<div class=\"e-con-inner\">\n\t\t\t\t<div class=\"elementor-element elementor-element-628a285 elementor-widget elementor-widget-heading\" data-id=\"628a285\" data-element_type=\"widget\" data-e-type=\"widget\" data-widget_type=\"heading.default\">\n\t\t\t\t\t<h1 class=\"elementor-heading-title elementor-size-default\">Soluciones personalizadas de pilas de pol\u00edmero de litio<\/h1>\t\t\t\t<\/div>\n\t\t\t\t<div class=\"elementor-element elementor-element-953a688 elementor-widget elementor-widget-heading\" data-id=\"953a688\" data-element_type=\"widget\" data-e-type=\"widget\" data-widget_type=\"heading.default\">\n\t\t\t\t\t<h2 class=\"elementor-heading-title elementor-size-default\">Dimensiones 100% a medida | Especializados en m\u00e1s de 10 a\u00f1os de I+D e ingenier\u00eda de PACKs a medida.<\/h2>\t\t\t\t<\/div>\n\t\t\t\t\t<\/div>\n\t\t\t\t<\/div>\n\t\t<div class=\"elementor-element elementor-element-6f99ef8 e-flex e-con-boxed e-con e-parent\" data-id=\"6f99ef8\" data-element_type=\"container\" data-e-type=\"container\">\n\t\t\t\t\t<div class=\"e-con-inner\">\n\t\t\t\t<div class=\"elementor-element elementor-element-4b55b83 elementor-widget elementor-widget-html\" data-id=\"4b55b83\" data-element_type=\"widget\" data-e-type=\"widget\" data-widget_type=\"html.default\">\n\t\t\t\t\t<div class=\"dlcpo-pouch-page\" style=\"font-family: 'Segoe UI', Roboto, sans-serif; line-height: 1.8; color: #333; text-align: left;\"><style>.dlcpo-pouch-page { background-color: #ffffff; }\r\n        .pouch-hero {\r\n            background: linear-gradient(rgba(0, 26, 51, 0.75), rgba(0, 26, 51, 0.75)), \r\n                        url('https:\/\/dlcpo.com\/wp-content\/uploads\/dlcpo-polymer-battery-factory-strict-ipqc-standard1.jpg');\r\n            background-size: cover; background-position: center; height: 420px;\r\n            display: flex; flex-direction: column; justify-content: center; align-items: center;\r\n            text-align: center; color: #fff; padding: 0 5%;\r\n        }\r\n        .pouch-hero h1 { font-size: 38px; margin-bottom: 10px; text-transform: uppercase; }\r\n        .pouch-hero .experience-tag { background: #44aaff; color: #001a33; padding: 5px 15px; font-weight: bold; border-radius: 3px; margin-bottom: 15px; }\r\n        .pouch-hero p { font-size: 18px; max-width: 900px; color: #ffffff; }\r\n\r\n        .pouch-section { padding: 60px 10%; }\r\n        .features-grid { display: grid; grid-template-columns: repeat(2, 1fr); gap: 30px; }\r\n        .feature-card { background: #f8fbff; padding: 30px; border-radius: 6px; border-left: 5px solid #003366; transition: 0.3s; }\r\n        .feature-card h4 { color: #003366; font-size: 19px; margin-bottom: 12px; }\r\n\r\n        .app-section { background-color: #f4f7f9; padding: 60px 10%; }\r\n        .app-grid { display: grid; grid-template-columns: repeat(4, 1fr); gap: 12px; margin-top: 30px; }\r\n        .app-tag { background: #fff; padding: 12px; border-radius: 4px; font-size: 13px; color: #444; border: 1px solid #e0e0e0; text-align: center; font-weight: 500; }\r\n\r\n        .seo-rich-content { padding: 60px 10%; background: #fff; }\r\n        .seo-rich-content h3 { color: #003366; font-size: 26px; margin-bottom: 20px; }\r\n\r\n        @media (max-width: 992px) { .features-grid, .app-grid { grid-template-columns: 1fr; } .pouch-hero h1 { font-size: 28px; } }\r\n    <\/style><header class=\"pouch-hero\"><div class=\"experience-tag\">ESTABLECIDO DESDE 2007<\/div><h1>Bater\u00edas de Pol\u00edmero de Litio Personalizadas y Soluciones de Bater\u00edas tipo Pouch DLCPO<\/h1><p>M\u00e1s de 18 A\u00f1os de Excelencia como <strong>Fabricante de Bater\u00edas Li-Po<\/strong> | Dimensionamiento a Medida a Nivel Milim\u00e9trico<\/p><\/header><section class=\"pouch-section\"><div style=\"text-align: center; margin-bottom: 50px;\"><h2>Por Qu\u00e9 DLCPO es su Socio Preferido de Bater\u00edas de Pol\u00edmero de Litio Personalizadas<\/h2><p>Desde dise\u00f1os de <strong>Bater\u00edas de Pol\u00edmero de Litio Ultradelgadas<\/strong> hasta complejos paquetes m\u00e9dicos, garantizando suministro directo de f\u00e1brica y la m\u00e1xima frescura del producto.<\/p><\/div><div class=\"features-grid\"><div class=\"feature-card\"><h4>\ud83d\udd75\ufe0f Dimensionamiento a Medida a Nivel Milim\u00e9trico<\/h4><p>Nos especializamos en el <strong>Dise\u00f1o de Bater\u00edas de Pol\u00edmero a Medida<\/strong>, ofreciendo dimensiones 100% personalizadas para formas ultradelgadas o \u00fanicas (hasta 0.5 mm) para adaptarse a la tecnolog\u00eda IoT moderna.<\/p><\/div><div class=\"feature-card\"><h4>\ud83d\udd75\ufe0f Soluciones de Bater\u00edas tipo Pouch de Alta Densidad de Energ\u00eda<\/h4><p>Como <strong>Fabricante de Bater\u00edas Li-Po<\/strong> l\u00edder, aseguramos una mayor capacidad en un espacio reducido, proporcionando <strong>Soluciones de Bater\u00edas tipo Pouch de Alta Capacidad<\/strong> avanzadas.<\/p><\/div><div class=\"feature-card\"><h4>\ud83d\udd75\ufe0f M\u00e1s de 18 A\u00f1os de Dominio T\u00e9cnico<\/h4><p>Aprovechando 18 a\u00f1os de acumulaci\u00f3n t\u00e9cnica en la fabricaci\u00f3n de <strong>Bater\u00edas de Pol\u00edmero de Litio Personalizadas<\/strong> desde 2007 para soluciones estables y a largo plazo.<\/p><\/div><div class=\"feature-card\"><h4>\ud83d\udd75\ufe0f Del Prototipo a la Producci\u00f3n en Masa<\/h4><p>Nuestros servicios como <strong>Fabricante de Paquetes de Bater\u00edas LiPo Personalizadas<\/strong> cubren todo, desde el dise\u00f1o CAD inicial en Shenzhen hasta la producci\u00f3n en masa en nuestra f\u00e1brica ISO9001.<\/p><\/div><\/div><\/section><section class=\"seo-rich-content\"><h3>Liderando la Industria en Innovaci\u00f3n de Bater\u00edas de Pol\u00edmero de Litio Ultradelgadas DLCPO<\/h3><p>En el mundo en evoluci\u00f3n de la tecnolog\u00eda port\u00e1til y el IIoT, la demanda de una <strong>Bater\u00eda de Pol\u00edmero de Litio Personalizada<\/strong> que quepa en espacios cada vez m\u00e1s reducidos est\u00e1 aumentando. DLCPO ha estado a la vanguardia de esta tendencia, desarrollando celdas de <strong>Bater\u00edas de Pol\u00edmero de Litio Ultradelgadas<\/strong> de solo 0.5 mm de grosor. Nuestro <strong>Dise\u00f1o de Bater\u00edas de Pol\u00edmero a Medida<\/strong> permite a los ingenieros maximizar el espacio interno de sus dispositivos, brindando m\u00e1s tiempo de funcionamiento sin agregar volumen.<\/p><p>Como <strong>Fabricante experto de Paquetes de Bater\u00edas LiPo Personalizadas<\/strong>, entendemos que los dispositivos de alta precisi\u00f3n requieren m\u00e1s que solo energ\u00eda; requieren estabilidad. Cada unidad en nuestra l\u00ednea de <strong>Soluciones de Bater\u00edas tipo Pouch<\/strong> se somete a rigurosas pruebas de IPQC. Mantenemos una desviaci\u00f3n de voltaje de menos de 5 mV entre las celdas, asegurando que sus <strong>Soluciones de Bater\u00edas tipo Pouch de Alta Capacidad<\/strong> mantengan un rendimiento constante durante cientos de ciclos de carga. Este compromiso con la calidad es la raz\u00f3n por la cual los fabricantes de dispositivos m\u00e9dicos y las startups de IoT de seguimiento de activos conf\u00edan en nosotros como su <strong>Fabricante de Bater\u00edas Li-Po<\/strong> principal.<\/p><p>M\u00e1s all\u00e1 de las celdas rectangulares est\u00e1ndar, ofrecemos opciones de <strong>Bater\u00edas Li-Po Curvas y con Formas<\/strong>. Estos dise\u00f1os especializados de <strong>Bater\u00edas de Pol\u00edmero de Litio Personalizadas<\/strong> son perfectos para relojes inteligentes, auriculares de realidad virtual y dispositivos ergon\u00f3micos de im\u00e1genes digitales. Al utilizar nuestros servicios de <strong>Dise\u00f1o de Bater\u00edas de Pol\u00edmero a Medida<\/strong>, obtiene acceso a nuestra extensa biblioteca de m\u00e1s de 1,000 moldes existentes, reduciendo significativamente sus costos iniciales de I+D y su tiempo de comercializaci\u00f3n. Ya sea que necesite una microcelda de 10mAh o <strong>Soluciones de Bater\u00edas tipo Pouch de Alta Capacidad<\/strong> de 10,000mAh, DLCPO est\u00e1 equipado para cumplir desde el concepto hasta la finalizaci\u00f3n, ofreciendo siempre suministro directo de f\u00e1brica para asegurar la total frescura del producto en cada entrega.<\/p><\/section><section class=\"app-section\"><div style=\"text-align: center; margin-bottom: 30px;\"><h2>Aplicaciones de las Bater\u00edas de Pol\u00edmero de Litio Personalizadas DLCPO<\/h2><p>Impulsando dispositivos de alta precisi\u00f3n en todo el mundo con nuestra experiencia como <strong>Fabricante de Bater\u00edas Li-Po<\/strong>.<\/p><\/div><div class=\"app-grid\"><div class=\"app-tag\">\ud83d\udcf1 Dispositivos M\u00f3viles Ultradelgados<\/div><div class=\"app-tag\">\u231a Tecnolog\u00eda de Salud Port\u00e1til<\/div><div class=\"app-tag\">\ud83c\udfe5 Herramientas M\u00e9dicas de Precisi\u00f3n<\/div><div class=\"app-tag\">\ud83d\ude81 Drones de Topograf\u00eda y Cartograf\u00eda<\/div><div class=\"app-tag\">\ud83d\udce6 Seguimiento de Activos Globales<\/div><div class=\"app-tag\">\ud83c\udfa7 Audio Bluetooth Premium<\/div><div class=\"app-tag\">\ud83d\udcf8 Im\u00e1genes de Cine Digital<\/div><div class=\"app-tag\">\ud83d\udd8b\ufe0f L\u00e1piz Digital Inteligente<\/div><\/div><\/section><section style=\"padding: 80px 10%; text-align: center; background: #fff;\"><h2>Inicie su Dise\u00f1o de Bater\u00eda de Pol\u00edmero a Medida con DLCPO<\/h2><p>Solicite una evaluaci\u00f3n t\u00e9cnica profesional para su proyecto de <strong>Bater\u00eda de Pol\u00edmero de Litio Personalizada<\/strong>. Nuestros ingenieros brindan comentarios detallados y cotizaciones de <strong>Soluciones de Bater\u00edas tipo Pouch de Alta Capacidad<\/strong> en 24 horas, respaldados por nuestro modelo de suministro directo de f\u00e1brica y garant\u00eda de frescura del producto DLCPO.<\/p><\/section><\/div>\t\t\t\t<\/div>\n\t\t\t\t\t<\/div>\n\t\t\t\t<\/div>\n\t\t<div class=\"elementor-element elementor-element-8ced1a1 e-flex e-con-boxed e-con e-parent\" data-id=\"8ced1a1\" data-element_type=\"container\" data-e-type=\"container\">\n\t\t\t\t\t<div class=\"e-con-inner\">\n\t\t\t\t<div class=\"elementor-element elementor-element-aea1211 elementor-button-align-center elementor-widget elementor-widget-form\" data-id=\"aea1211\" data-element_type=\"widget\" data-e-type=\"widget\" data-settings=\"{&quot;step_next_label&quot;:&quot;Siguiente&quot;,&quot;step_previous_label&quot;:&quot;Anterior&quot;,&quot;button_width&quot;:&quot;100&quot;,&quot;step_type&quot;:&quot;number_text&quot;,&quot;step_icon_shape&quot;:&quot;circle&quot;}\" data-widget_type=\"form.default\">\n\t\t\t\t\t\t\t<form class=\"elementor-form\" method=\"post\" name=\"Nuevo formulario\" aria-label=\"Nuevo formulario\">\n\t\t\t<input type=\"hidden\" name=\"post_id\" value=\"5521\"\/>\n\t\t\t<input type=\"hidden\" name=\"form_id\" value=\"aea1211\"\/>\n\t\t\t<input type=\"hidden\" name=\"referer_title\" value=\"\" \/>\n\n\t\t\t\n\t\t\t<div class=\"elementor-form-fields-wrapper elementor-labels-above\">\n\t\t\t\t\t\t\t\t<div class=\"elementor-field-type-text elementor-field-group elementor-column elementor-field-group-name elementor-col-50 elementor-field-required\">\n\t\t\t\t\t\t\t\t\t\t\t\t<label for=\"form-field-name\" class=\"elementor-field-label\">\n\t\t\t\t\t\t\t\tNombre de la empresa\t\t\t\t\t\t\t<\/label>\n\t\t\t\t\t\t\t\t\t\t\t\t\t\t<input size=\"1\" type=\"text\" name=\"form_fields[name]\" id=\"form-field-name\" class=\"elementor-field elementor-size-sm  elementor-field-textual\" placeholder=\"Nombre de tu empresa\" required=\"required\">\n\t\t\t\t\t\t\t\t\t\t\t<\/div>\n\t\t\t\t\t\t\t\t<div class=\"elementor-field-type-text elementor-field-group elementor-column elementor-field-group-email elementor-col-50 elementor-field-required\">\n\t\t\t\t\t\t\t\t\t\t\t\t<label for=\"form-field-email\" class=\"elementor-field-label\">\n\t\t\t\t\t\t\t\tNombre de contacto\t\t\t\t\t\t\t<\/label>\n\t\t\t\t\t\t\t\t\t\t\t\t\t\t<input size=\"1\" type=\"text\" name=\"form_fields[email]\" id=\"form-field-email\" class=\"elementor-field elementor-size-sm  elementor-field-textual\" placeholder=\"Tu nombre completo\" required=\"required\">\n\t\t\t\t\t\t\t\t\t\t\t<\/div>\n\t\t\t\t\t\t\t\t<div class=\"elementor-field-type-tel elementor-field-group elementor-column elementor-field-group-message elementor-col-50 elementor-field-required\">\n\t\t\t\t\t\t\t\t\t\t\t\t<label for=\"form-field-message\" class=\"elementor-field-label\">\n\t\t\t\t\t\t\t\tTel\u00e9fono\/WhatsApp\t\t\t\t\t\t\t<\/label>\n\t\t\t\t\t\t\t\t<input size=\"1\" type=\"tel\" name=\"form_fields[message]\" id=\"form-field-message\" class=\"elementor-field elementor-size-sm  elementor-field-textual\" placeholder=\"por ejemplo, +86 138...\" required=\"required\" pattern=\"[0-9()#&amp;+*-=.]+\" title=\"Solo se aceptan n\u00fameros y caracteres de tel\u00e9fono (#,-,*,etc).\">\n\n\t\t\t\t\t\t<\/div>\n\t\t\t\t\t\t\t\t<div class=\"elementor-field-type-email elementor-field-group elementor-column elementor-field-group-field_2bd69fd elementor-col-50 elementor-field-required\">\n\t\t\t\t\t\t\t\t\t\t\t\t<label for=\"form-field-field_2bd69fd\" class=\"elementor-field-label\">\n\t\t\t\t\t\t\t\tDirecci\u00f3n de correo electr\u00f3nico\t\t\t\t\t\t\t<\/label>\n\t\t\t\t\t\t\t\t\t\t\t\t\t\t<input size=\"1\" type=\"email\" name=\"form_fields[field_2bd69fd]\" id=\"form-field-field_2bd69fd\" class=\"elementor-field elementor-size-sm  elementor-field-textual\" placeholder=\"sales@yourcompany.com\" required=\"required\">\n\t\t\t\t\t\t\t\t\t\t\t<\/div>\n\t\t\t\t\t\t\t\t<div class=\"elementor-field-type-text elementor-field-group elementor-column elementor-field-group-field_8aaa4b0 elementor-col-50 elementor-field-required\">\n\t\t\t\t\t\t\t\t\t\t\t\t<label for=\"form-field-field_8aaa4b0\" class=\"elementor-field-label\">\n\t\t\t\t\t\t\t\tDimensiones (cm)\t\t\t\t\t\t\t<\/label>\n\t\t\t\t\t\t\t\t\t\t\t\t\t\t<input size=\"1\" type=\"text\" name=\"form_fields[field_8aaa4b0]\" id=\"form-field-field_8aaa4b0\" class=\"elementor-field elementor-size-sm  elementor-field-textual\" placeholder=\"L * W * T (por ejemplo, 1050,5)\" required=\"required\">\n\t\t\t\t\t\t\t\t\t\t\t<\/div>\n\t\t\t\t\t\t\t\t<div class=\"elementor-field-type-number elementor-field-group elementor-column elementor-field-group-field_d7c2351 elementor-col-50 elementor-field-required\">\n\t\t\t\t\t\t\t\t\t\t\t\t<label for=\"form-field-field_d7c2351\" class=\"elementor-field-label\">\n\t\t\t\t\t\t\t\tCapacidad (mAh)\t\t\t\t\t\t\t<\/label>\n\t\t\t\t\t\t\t\t\t<input type=\"number\" name=\"form_fields[field_d7c2351]\" id=\"form-field-field_d7c2351\" class=\"elementor-field elementor-size-sm  elementor-field-textual\" placeholder=\"Por ejemplo, 5000\" required=\"required\" min=\"\" max=\"\" >\n\t\t\t\t\t\t<\/div>\n\t\t\t\t\t\t\t\t<div class=\"elementor-field-type-select elementor-field-group elementor-column elementor-field-group-field_ec44824 elementor-col-50 elementor-field-required\">\n\t\t\t\t\t\t\t\t\t\t\t\t<label for=\"form-field-field_ec44824\" class=\"elementor-field-label\">\n\t\t\t\t\t\t\t\tAplicaci\u00f3n\t\t\t\t\t\t\t<\/label>\n\t\t\t\t\t\t\t\t<div class=\"elementor-field elementor-select-wrapper remove-before \">\n\t\t\t<div class=\"select-caret-down-wrapper\">\n\t\t\t\t<svg aria-hidden=\"true\" class=\"e-font-icon-svg e-eicon-caret-down\" viewBox=\"0 0 571.4 571.4\" xmlns=\"http:\/\/www.w3.org\/2000\/svg\"><path d=\"M571 393Q571 407 561 418L311 668Q300 679 286 679T261 668L11 418Q0 407 0 393T11 368 36 357H536Q550 357 561 368T571 393Z\"><\/path><\/svg>\t\t\t<\/div>\n\t\t\t<select name=\"form_fields[field_ec44824]\" id=\"form-field-field_ec44824\" class=\"elementor-field-textual elementor-size-sm\" required=\"required\">\n\t\t\t\t\t\t\t\t\t<option value=\"M\u00f3viles\/port\u00e1tiles\/port\u00e1tiles\">M\u00f3viles\/port\u00e1tiles\/port\u00e1tiles<\/option>\n\t\t\t\t\t\t\t\t\t<option value=\"Dispositivos m\u00e9dicos\">Dispositivos m\u00e9dicos<\/option>\n\t\t\t\t\t\t\t\t\t<option value=\"UAV y drones\">UAV y drones<\/option>\n\t\t\t\t\t\t\t\t\t<option value=\"IoT y sensores industriales\">IoT y sensores industriales<\/option>\n\t\t\t\t\t\t\t\t\t<option value=\"Otros productos electr\u00f3nicos a medida\">Otros productos electr\u00f3nicos a medida<\/option>\n\t\t\t\t\t\t\t<\/select>\n\t\t<\/div>\n\t\t\t\t\t\t<\/div>\n\t\t\t\t\t\t\t\t<div class=\"elementor-field-type-select elementor-field-group elementor-column elementor-field-group-field_e4dd6fa elementor-col-50\">\n\t\t\t\t\t\t\t\t\t\t\t\t<label for=\"form-field-field_e4dd6fa\" class=\"elementor-field-label\">\n\t\t\t\t\t\t\t\tTasa de descarga\t\t\t\t\t\t\t<\/label>\n\t\t\t\t\t\t\t\t<div class=\"elementor-field elementor-select-wrapper remove-before \">\n\t\t\t<div class=\"select-caret-down-wrapper\">\n\t\t\t\t<svg aria-hidden=\"true\" class=\"e-font-icon-svg e-eicon-caret-down\" viewBox=\"0 0 571.4 571.4\" xmlns=\"http:\/\/www.w3.org\/2000\/svg\"><path d=\"M571 393Q571 407 561 418L311 668Q300 679 286 679T261 668L11 418Q0 407 0 393T11 368 36 357H536Q550 357 561 368T571 393Z\"><\/path><\/svg>\t\t\t<\/div>\n\t\t\t<select name=\"form_fields[field_e4dd6fa]\" id=\"form-field-field_e4dd6fa\" class=\"elementor-field-textual elementor-size-sm\">\n\t\t\t\t\t\t\t\t\t<option value=\"1C\">1C<\/option>\n\t\t\t\t\t\t\t\t\t<option value=\"3C\">3C<\/option>\n\t\t\t\t\t\t\t\t\t<option value=\"5C\">5C<\/option>\n\t\t\t\t\t\t\t\t\t<option value=\"10C+\">10C+<\/option>\n\t\t\t\t\t\t\t<\/select>\n\t\t<\/div>\n\t\t\t\t\t\t<\/div>\n\t\t\t\t\t\t\t\t<div class=\"elementor-field-type-text elementor-field-group elementor-column elementor-field-group-field_505974c elementor-col-50 elementor-field-required\">\n\t\t\t\t\t\t\t\t\t\t\t\t<label for=\"form-field-field_505974c\" class=\"elementor-field-label\">\n\t\t\t\t\t\t\t\tTemp (Baja \u2103)\t\t\t\t\t\t\t<\/label>\n\t\t\t\t\t\t\t\t\t\t\t\t\t\t<input size=\"1\" type=\"text\" name=\"form_fields[field_505974c]\" id=\"form-field-field_505974c\" class=\"elementor-field elementor-size-sm  elementor-field-textual\" placeholder=\"por ejemplo -20\" required=\"required\">\n\t\t\t\t\t\t\t\t\t\t\t<\/div>\n\t\t\t\t\t\t\t\t<div class=\"elementor-field-type-text elementor-field-group elementor-column elementor-field-group-field_b19b73b elementor-col-50 elementor-field-required\">\n\t\t\t\t\t\t\t\t\t\t\t\t<label for=\"form-field-field_b19b73b\" class=\"elementor-field-label\">\n\t\t\t\t\t\t\t\tTemp (Alta \u2103)\t\t\t\t\t\t\t<\/label>\n\t\t\t\t\t\t\t\t\t\t\t\t\t\t<input size=\"1\" type=\"text\" name=\"form_fields[field_b19b73b]\" id=\"form-field-field_b19b73b\" class=\"elementor-field elementor-size-sm  elementor-field-textual\" placeholder=\"Por ejemplo, 35\" required=\"required\">\n\t\t\t\t\t\t\t\t\t\t\t<\/div>\n\t\t\t\t\t\t\t\t<div class=\"elementor-field-type-select elementor-field-group elementor-column elementor-field-group-field_1d1339b elementor-col-100 elementor-field-required\">\n\t\t\t\t\t\t\t\t\t\t\t\t<label for=\"form-field-field_1d1339b\" class=\"elementor-field-label\">\n\t\t\t\t\t\t\t\tPACK Req.\t\t\t\t\t\t\t<\/label>\n\t\t\t\t\t\t\t\t<div class=\"elementor-field elementor-select-wrapper remove-before \">\n\t\t\t<div class=\"select-caret-down-wrapper\">\n\t\t\t\t<svg aria-hidden=\"true\" class=\"e-font-icon-svg e-eicon-caret-down\" viewBox=\"0 0 571.4 571.4\" xmlns=\"http:\/\/www.w3.org\/2000\/svg\"><path d=\"M571 393Q571 407 561 418L311 668Q300 679 286 679T261 668L11 418Q0 407 0 393T11 368 36 357H536Q550 357 561 368T571 393Z\"><\/path><\/svg>\t\t\t<\/div>\n\t\t\t<select name=\"form_fields[field_1d1339b]\" id=\"form-field-field_1d1339b\" class=\"elementor-field-textual elementor-size-sm\" required=\"required\">\n\t\t\t\t\t\t\t\t\t<option value=\"S\u00f3lo una c\u00e9lula\">S\u00f3lo una c\u00e9lula<\/option>\n\t\t\t\t\t\t\t\t\t<option value=\"PACK Serie\/Paralelo\">PACK Serie\/Paralelo<\/option>\n\t\t\t\t\t\t\t\t\t<option value=\"Con Integraci\u00f3n BMS\">Con Integraci\u00f3n BMS<\/option>\n\t\t\t\t\t\t\t<\/select>\n\t\t<\/div>\n\t\t\t\t\t\t<\/div>\n\t\t\t\t\t\t\t\t<div class=\"elementor-field-type-textarea elementor-field-group elementor-column elementor-field-group-field_4fbfd23 elementor-col-100 elementor-field-required\">\n\t\t\t\t\t\t\t\t\t\t\t\t<label for=\"form-field-field_4fbfd23\" class=\"elementor-field-label\">\n\t\t\t\t\t\t\t\tDetalles\t\t\t\t\t\t\t<\/label>\n\t\t\t\t\t\t<textarea class=\"elementor-field-textual elementor-field  elementor-size-sm\" name=\"form_fields[field_4fbfd23]\" id=\"form-field-field_4fbfd23\" rows=\"8\" placeholder=\"Describe tu proyecto...\" required=\"required\"><\/textarea>\t\t\t\t<\/div>\n\t\t\t\t\t\t\t\t<div class=\"elementor-field-type-text\">\n\t\t\t\t\t<input size=\"1\" type=\"text\" name=\"form_fields[field_9410d21]\" id=\"form-field-field_9410d21\" class=\"elementor-field elementor-size-sm \" style=\"display:none !important;\">\t\t\t\t<\/div>\n\t\t\t\t\t\t\t\t<div class=\"elementor-field-type-text\">\n\t\t\t\t\t<input size=\"1\" type=\"text\" name=\"form_fields[field_87d466a]\" id=\"form-field-field_87d466a\" class=\"elementor-field elementor-size-sm \" style=\"display:none !important;\">\t\t\t\t<\/div>\n\t\t\t\t\t\t\t\t<div class=\"elementor-field-type-recaptcha_v3 elementor-field-group elementor-column elementor-field-group-field_f998fb4 elementor-col-100 recaptcha_v3-bottomleft\">\n\t\t\t\t\t<div class=\"elementor-field\" id=\"form-field-field_f998fb4\"><div class=\"elementor-g-recaptcha\" data-sitekey=\"6Lci7JEsAAAAAED2ov0WDiRv18oXXlBUQA4wPQNc\" data-type=\"v3\" data-action=\"Form\" data-badge=\"bottomleft\" data-size=\"invisible\"><\/div><\/div>\t\t\t\t<\/div>\n\t\t\t\t\t\t\t\t<div class=\"elementor-field-group elementor-column elementor-field-type-submit elementor-col-100 e-form__buttons\">\n\t\t\t\t\t<button class=\"elementor-button elementor-size-md elementor-animation-grow\" type=\"submit\">\n\t\t\t\t\t\t<span class=\"elementor-button-content-wrapper\">\n\t\t\t\t\t\t\t\t\t\t\t\t\t\t\t<span class=\"elementor-button-icon\">\n\t\t\t\t\t\t\t\t\t<svg aria-hidden=\"true\" class=\"e-font-icon-svg e-fas-paper-plane\" viewBox=\"0 0 512 512\" xmlns=\"http:\/\/www.w3.org\/2000\/svg\"><path d=\"M476 3.2L12.5 270.6c-18.1 10.4-15.8 35.6 2.2 43.2L121 358.4l287.3-253.2c5.5-4.9 13.3 2.6 8.6 8.3L176 407v80.5c0 23.6 28.5 32.9 42.5 15.8L282 426l124.6 52.2c14.2 6 30.4-2.9 33-18.2l72-432C515 7.8 493.3-6.8 476 3.2z\"><\/path><\/svg>\t\t\t\t\t\t\t\t\t\t\t\t\t\t\t\t\t<\/span>\n\t\t\t\t\t\t\t\t\t\t\t\t\t\t\t\t\t\t\t\t\t\t<span class=\"elementor-button-text\">OBTENER PRESUPUESTO Y EVALUACI\u00d3N<\/span>\n\t\t\t\t\t\t\t\t\t\t\t\t\t<\/span>\n\t\t\t\t\t<\/button>\n\t\t\t\t<\/div>\n\t\t\t<\/div>\n\t\t<\/form>\n\t\t\t\t\t\t<\/div>\n\t\t\t\t\t<\/div>\n\t\t\t\t<\/div>\n\t\t\t\t<\/div>\n\t\t","protected":false},"excerpt":{"rendered":"<p>Soluciones personalizadas de pilas de pol\u00edmero de litio Dimensiones 100% a medida | Especializados en m\u00e1s de 10 a\u00f1os de I+D e ingenier\u00eda de PACKs a medida. ESTABLECIDO DESDE 2007 Bater\u00edas de Pol\u00edmero de Litio Personalizadas y Soluciones de Bater\u00edas tipo Pouch DLCPO M\u00e1s de 18 A\u00f1os de Excelencia como Fabricante de Bater\u00edas Li-Po | [&hellip;]<\/p>\n","protected":false},"author":1,"featured_media":0,"parent":0,"menu_order":0,"comment_status":"closed","ping_status":"closed","template":"","meta":{"_acf_changed":false,"_joinchat":[],"footnotes":""},"class_list":["post-5521","page","type-page","status-publish","hentry"],"acf":[],"_links":{"self":[{"href":"https:\/\/dlcpo.com\/es\/wp-json\/wp\/v2\/pages\/5521","targetHints":{"allow":["GET"]}}],"collection":[{"href":"https:\/\/dlcpo.com\/es\/wp-json\/wp\/v2\/pages"}],"about":[{"href":"https:\/\/dlcpo.com\/es\/wp-json\/wp\/v2\/types\/page"}],"author":[{"embeddable":true,"href":"https:\/\/dlcpo.com\/es\/wp-json\/wp\/v2\/users\/1"}],"replies":[{"embeddable":true,"href":"https:\/\/dlcpo.com\/es\/wp-json\/wp\/v2\/comments?post=5521"}],"version-history":[{"count":4,"href":"https:\/\/dlcpo.com\/es\/wp-json\/wp\/v2\/pages\/5521\/revisions"}],"predecessor-version":[{"id":6174,"href":"https:\/\/dlcpo.com\/es\/wp-json\/wp\/v2\/pages\/5521\/revisions\/6174"}],"wp:attachment":[{"href":"https:\/\/dlcpo.com\/es\/wp-json\/wp\/v2\/media?parent=5521"}],"curies":[{"name":"wp","href":"https:\/\/api.w.org\/{rel}","templated":true}]}}